{"id":43,"date":"2014-09-17T16:45:07","date_gmt":"2014-09-17T16:45:07","guid":{"rendered":"http:\/\/agora.xtec.cat\/iesjuliaminguell\/?page_id=43"},"modified":"2024-06-28T09:19:29","modified_gmt":"2024-06-28T07:19:29","slug":"consell-escolar","status":"publish","type":"page","link":"https:\/\/agora.xtec.cat\/iesjuliaminguell\/linstitut\/consell-escolar\/","title":{"rendered":"Consell escolar"},"content":{"rendered":"<p style=\"text-align: justify;\">El consell escolar del centre \u00e9s l&#8217;<strong>\u00f2rgan col\u00b7legiat de participaci\u00f3<\/strong> de la comunitat escolar en el govern del centre. En el consell escolar hi ha representats tots els col\u00b7lectius que intervenen en la comunitat educativa: director, professorat, alumnat, personal d&#8217;administraci\u00f3 i serveis, etc.<\/p>\n<p style=\"text-align: justify;\">En els centres p\u00fablics, la funci\u00f3 principal del consell escolar \u00e9s participar en la presa de decisions en relaci\u00f3 amb aquells temes importants per al funcionament i l&#8217;organitzaci\u00f3 del centre: el projecte educatiu, la programaci\u00f3 general, la gesti\u00f3 econ\u00f2mica, etc. En el cas dels centres privats concertats, el consell escolar debat, avalua, analitza i pren decisions sobre els temes proposats pel titular del centre.<\/p>\n<p style=\"text-align: justify;\">Els membres del consell escolar s\u00f3n elegits per un per\u00edode de quatre anys i es renoven per meitats cada dos anys.<\/p>\n<p style=\"text-align: justify;\"><a href=\"http:\/\/ensenyament.gencat.cat\/ca\/arees-actuacio\/centres-serveis-educatius\/centres\/consells-escolars-centres\/\" target=\"_blank\" rel=\"noopener noreferrer\">M\u00e9s informaci\u00f3 sobre els consells escolars.<\/a><\/p>\n<p style=\"text-align: justify;\">La composici\u00f3 actual (setembre 2019) del consell escolar del nostre centre \u00e9s:<\/p>\n<ul>\n<li style=\"text-align: justify;\">President: Joan Chac\u00f3n.<\/li>\n<li style=\"text-align: justify;\">Cap d&#8217;estudis: M.Elena Garc\u00eda.<\/li>\n<li style=\"text-align: justify;\">Representant de l&#8217;ajuntament de Badalona: Alfons Nadal.<\/li>\n<li style=\"text-align: justify;\">Secret\u00e0ria: Mar\u00eda Teresa Ortiz.<\/li>\n<li style=\"text-align: justify;\">Representants del professorat: Joan Alcolea, Llu\u00eds Dom\u00ednguez, Roger Rey, Santiago P\u00edquer, Francesca Planell i Miquel \u00c0ngel Tur.<\/li>\n<li style=\"text-align: justify;\">Representants de l&#8217;alumnat: Sergio Ortiz, Hoda Laakel i Paula Morales.<\/li>\n<li style=\"text-align: justify;\">Representants de les fam\u00edlies: Luis Carlos Pareja i Ana S\u00e0nchez.<\/li>\n<li style=\"text-align: justify;\">Representant del personal d&#8217;administraci\u00f3 i serveis: Albert Daura.<\/li>\n<li>Representant de l&#8217;AMPA: Eva G\u00f3mez.<\/li>\n<\/ul>\n<p><span style=\"color: #339966;\"><strong>ACORDS DE LES REUNIONS 2019-20:<\/strong><\/span><\/p>\n<ul>\n<li><strong><a href=\"https:\/\/drive.google.com\/file\/d\/1-629qZPBUgzeBe5sGrJM3w8_YLgJD5cE\/view?usp=sharing\">Acords 27 de Gener del 2020<\/a><\/strong><\/li>\n<li><strong><a href=\"https:\/\/drive.google.com\/file\/d\/1BChXoLm7XKSG_XqDpalq8dvXRLw-tdXq\/view?usp=sharing\">Acords 3 de Febrer del 2020<\/a><\/strong><\/li>\n<li><a href=\"https:\/\/drive.google.com\/file\/d\/16sfv47YWv0Qo_PPicHhQKkM3E0OW692u\/view?usp=sharing\"><strong>Acords 2 de Mar\u00e7 del 2020<\/strong><\/a><\/li>\n<li><strong><a href=\"https:\/\/drive.google.com\/file\/d\/1nE3iyOm7htnyZODG2-rf99HIncVgsaBd\/view?usp=drivesdk\">Acords 29 de Juny del 2020<\/a><\/strong><\/li>\n<\/ul>\n<p><span style=\"color: #339966;\"><strong>ACORDS DE LES REUNIONS 2020-21:<\/strong><\/span><\/p>\n<ul>\n<li><strong><a href=\"https:\/\/drive.google.com\/file\/d\/18mFHOLPzi6xgetZu80AwgM3zkqfKLKAa\/view?usp=sharing\">Acords 7 de Setembre del 2020<\/a><\/strong><\/li>\n<li><a href=\"https:\/\/drive.google.com\/file\/d\/1LCUS8cbCXs_bzLPDe8W7fWj_P-F1h2Y_\/view?usp=sharing\"><strong>Acords 5 d&#8217;Octubre del 2020<\/strong><\/a><\/li>\n<li><strong><a href=\"https:\/\/drive.google.com\/file\/d\/1sq1Z17DOL-G78fSHoI1lqxtwAi3esvuG\/view?usp=sharing\">Acords 25 de Gener del 2021<\/a><\/strong><\/li>\n<li><strong><a href=\"https:\/\/drive.google.com\/file\/d\/1N_eX79BJYwdVKQVjY-5WvUgdhYJAE7wi\/view?usp=sharing\">Acords 29 de Juny del 2021<\/a><\/strong><\/li>\n<\/ul>\n<p><span style=\"color: #339966;\"><strong>ACORDS DE LES REUNIONS 2021-22:<\/strong><\/span><\/p>\n<ul>\n<li><strong><a href=\"https:\/\/drive.google.com\/file\/d\/1vcpOwwXCp1t3z0Za2xxX1u7g5PT8cLfN\/view?usp=sharing\">Acords 4 d&#8217;Octubre del 2021<\/a><\/strong><\/li>\n<li><strong><a href=\"https:\/\/drive.google.com\/file\/d\/1lexqhetW1acc0_wKVGFKRdJg_ImP-5Ao\/view?usp=sharing\">Acords 20 de Desembre del 2021<\/a><\/strong><\/li>\n<li><strong><a href=\"https:\/\/drive.google.com\/file\/d\/1BnyFE4LufBsQ7dFXUDr1QgGE-9VfJb97\/view?usp=sharing\">Acords 24 de Gener del 2022<\/a><\/strong><\/li>\n<li><a href=\"https:\/\/drive.google.com\/file\/d\/1n01ldVduy49-UKTVC0Prvkw8mOtBzmw4\/view?usp=sharing\"><strong>Acords 9 de Mar\u00e7 del 2022<\/strong><\/a><\/li>\n<li><a href=\"https:\/\/drive.google.com\/file\/d\/1O5RWaaq-3hg9ukKgJsrLHpEtspNDuC_y\/view?usp=sharing\"><strong>Acords 9 de Maig del 2022<\/strong><\/a><\/li>\n<li><a href=\"https:\/\/drive.google.com\/file\/d\/10QC5Kl_JnVA6KWcTqPvIJVjnvy2tx0zw\/view?usp=sharing\"><strong>Acords 28 de Juny del 2022<\/strong><\/a><\/li>\n<\/ul>\n<p><span style=\"color: #339966;\"><strong>ACORDS DE LES REUNIONS 2022-23:<\/strong><\/span><\/p>\n<ul>\n<li><a href=\"https:\/\/drive.google.com\/file\/d\/1Z6F5474uxEZRexxfq8_NsFXFhtY-m4Vb\/view?usp=sharing\"><strong>Acords 28 de Setembre del 2022<\/strong><\/a><\/li>\n<li><a href=\"https:\/\/drive.google.com\/file\/d\/1dgNC5xRNxS8rAUa9cgLJar8DkqSI0Dqi\/view?usp=sharing\"><strong>Acords 23 de Gener del 2023<\/strong><\/a><\/li>\n<li><a href=\"https:\/\/drive.google.com\/file\/d\/1CJY7SHZeaCq7bLAXIo1m31HjVomRLjUY\/view?usp=sharing\"><strong>Acords 27 de Juny del 2023<\/strong><\/a><\/li>\n<\/ul>\n<p><span style=\"color: #339966;\"><strong>ACORDS DE LES REUNIONS 2023-24:<\/strong><\/span><\/p>\n<ul style=\"list-style-type: disc;\">\n<li><a href=\"https:\/\/drive.google.com\/file\/d\/1Fr7wSlueC2PdrhhEzPHflXzNypBx2IR7\/view?usp=sharing\"><strong>Acords 25 de Setembre del 2023<\/strong><\/a><\/li>\n<li><a href=\"https:\/\/drive.google.com\/file\/d\/1DpKgLHKzGXAwryuqoXnBGbzljY6kJCB7\/view?usp=sharing\"><strong>Acords 18 de Desembre del 2023<\/strong><\/a><\/li>\n<li><a href=\"https:\/\/drive.google.com\/file\/d\/1wrxhg5WVag8Gdk5Rc4EAVh_uQen2vpxh\/view?usp=sharing\"><strong>Acords 29 de Gener del 2024<\/strong><\/a><\/li>\n<li><a href=\"https:\/\/drive.google.com\/file\/d\/1TQ4hLFGPEcSlQYVfeQM7d7DLaZj_p-7Z\/view?usp=sharing\"><strong>Acords 3 d&#8217;Abril del 2024<\/strong><\/a><\/li>\n<li><strong><a href=\"https:\/\/drive.google.com\/file\/d\/12oJnJ3tNY6yDZu856GkKQPykD803AZju\/view?usp=sharing\">Acords 25 de Juny del 2024<\/a><\/strong><\/li>\n<\/ul>\n<p>&nbsp;<\/p>\n","protected":false},"excerpt":{"rendered":"<p>El consell escolar del centre \u00e9s l&#8217;\u00f2rgan col\u00b7legiat de participaci\u00f3 de la comunitat escolar en el govern del centre. En el consell escolar hi ha representats tots els col\u00b7lectius que intervenen en la comunitat educativa: director, professorat, alumnat, personal d&#8217;administraci\u00f3 i serveis, etc.<br \/>\nEn els centres&hellip;  <a href=\"https:\/\/agora.xtec.cat\/iesjuliaminguell\/linstitut\/consell-escolar\/\" title=\"Read Consell escolar\">Llegeix m\u00e9s\u00bb<\/a><\/p>\n","protected":false},"author":1,"featured_media":0,"parent":19,"menu_order":40,"comment_status":"closed","ping_status":"closed","template":"page-templates\/side-menu.php","meta":{"_bbp_topic_count":0,"_bbp_reply_count":0,"_bbp_total_topic_count":0,"_bbp_total_reply_count":0,"_bbp_voice_count":0,"_bbp_anonymous_reply_count":0,"_bbp_topic_count_hidden":0,"_bbp_reply_count_hidden":0,"_bbp_forum_subforum_count":0,"footnotes":""},"class_list":["post-43","page","type-page","status-publish","hentry"],"post_mailing_queue_ids":[],"_links":{"self":[{"href":"https:\/\/agora.xtec.cat\/iesjuliaminguell\/wp-json\/wp\/v2\/pages\/43","targetHints":{"allow":["GET"]}}],"collection":[{"href":"https:\/\/agora.xtec.cat\/iesjuliaminguell\/wp-json\/wp\/v2\/pages"}],"about":[{"href":"https:\/\/agora.xtec.cat\/iesjuliaminguell\/wp-json\/wp\/v2\/types\/page"}],"author":[{"embeddable":true,"href":"https:\/\/agora.xtec.cat\/iesjuliaminguell\/wp-json\/wp\/v2\/users\/1"}],"replies":[{"embeddable":true,"href":"https:\/\/agora.xtec.cat\/iesjuliaminguell\/wp-json\/wp\/v2\/comments?post=43"}],"version-history":[{"count":6,"href":"https:\/\/agora.xtec.cat\/iesjuliaminguell\/wp-json\/wp\/v2\/pages\/43\/revisions"}],"predecessor-version":[{"id":5817,"href":"https:\/\/agora.xtec.cat\/iesjuliaminguell\/wp-json\/wp\/v2\/pages\/43\/revisions\/5817"}],"up":[{"embeddable":true,"href":"https:\/\/agora.xtec.cat\/iesjuliaminguell\/wp-json\/wp\/v2\/pages\/19"}],"wp:attachment":[{"href":"https:\/\/agora.xtec.cat\/iesjuliaminguell\/wp-json\/wp\/v2\/media?parent=43"}],"curies":[{"name":"wp","href":"https:\/\/api.w.org\/{rel}","templated":true}]}}