{"id":27,"date":"2014-09-17T16:24:03","date_gmt":"2014-09-17T16:24:03","guid":{"rendered":"http:\/\/agora.xtec.cat\/iesjuliaminguell\/?page_id=27"},"modified":"2023-09-27T12:36:03","modified_gmt":"2023-09-27T10:36:03","slug":"historia","status":"publish","type":"page","link":"https:\/\/agora.xtec.cat\/iesjuliaminguell\/linstitut\/historia\/","title":{"rendered":"Hist\u00f2ria"},"content":{"rendered":"<p style=\"text-align: justify;\"><span style=\"font-family: Verdana,Arial,Helvetica,sans-serif; font-size: medium;\">L\u2019Institut J\u00falia Minguell \u00e9s un centre d\u2019Ensenyament Secundari de Badalona des del curs 1994\/95. Les seves instal\u00b7lacions es van situar en un principi a Can Ruti, per\u00f2 al 1998 es va estrenar un nou edifici situat al carrer Ni\u00e7a, dintre del barri de Llefi\u00e0.<\/span><\/p>\n<p><a href=\"https:\/\/agora.xtec.cat\/iesjuliaminguell\/wp-content\/uploads\/usu1213\/2023\/09\/baixa-2.jpeg\"><img loading=\"lazy\" decoding=\"async\" class=\"size-full wp-image-5137 alignleft\" src=\"https:\/\/agora.xtec.cat\/iesjuliaminguell\/wp-content\/uploads\/usu1213\/2023\/09\/baixa-2.jpeg\" alt=\"\" width=\"259\" height=\"194\" srcset=\"https:\/\/agora.xtec.cat\/iesjuliaminguell\/wp-content\/uploads\/usu1213\/2023\/09\/baixa-2.jpeg 259w, https:\/\/agora.xtec.cat\/iesjuliaminguell\/wp-content\/uploads\/usu1213\/2023\/09\/baixa-2-200x150.jpeg 200w\" sizes=\"auto, (max-width: 259px) 100vw, 259px\" \/><\/a><\/p>\n<p><a href=\"https:\/\/agora.xtec.cat\/iesjuliaminguell\/wp-content\/uploads\/usu1213\/2023\/09\/images-3.jpeg\"><img loading=\"lazy\" decoding=\"async\" class=\"size-full wp-image-5131 alignleft\" src=\"https:\/\/agora.xtec.cat\/iesjuliaminguell\/wp-content\/uploads\/usu1213\/2023\/09\/images-3.jpeg\" alt=\"\" width=\"259\" height=\"194\" srcset=\"https:\/\/agora.xtec.cat\/iesjuliaminguell\/wp-content\/uploads\/usu1213\/2023\/09\/images-3.jpeg 259w, https:\/\/agora.xtec.cat\/iesjuliaminguell\/wp-content\/uploads\/usu1213\/2023\/09\/images-3-200x150.jpeg 200w\" sizes=\"auto, (max-width: 259px) 100vw, 259px\" \/><\/a><a href=\"https:\/\/agora.xtec.cat\/iesjuliaminguell\/wp-content\/uploads\/usu1213\/2023\/09\/images-4.jpeg\"><img loading=\"lazy\" decoding=\"async\" class=\" wp-image-5132 alignnone\" src=\"https:\/\/agora.xtec.cat\/iesjuliaminguell\/wp-content\/uploads\/usu1213\/2023\/09\/images-4.jpeg\" alt=\"\" width=\"261\" height=\"196\" srcset=\"https:\/\/agora.xtec.cat\/iesjuliaminguell\/wp-content\/uploads\/usu1213\/2023\/09\/images-4.jpeg 259w, https:\/\/agora.xtec.cat\/iesjuliaminguell\/wp-content\/uploads\/usu1213\/2023\/09\/images-4-200x150.jpeg 200w\" sizes=\"auto, (max-width: 261px) 100vw, 261px\" \/><\/a><\/p>\n","protected":false},"excerpt":{"rendered":"<p>L\u2019Institut J\u00falia Minguell \u00e9s un centre d\u2019Ensenyament Secundari de Badalona des del curs 1994\/95. Les seves instal\u00b7lacions es van situar en un principi a Can Ruti, per\u00f2 al 1998 es va estrenar un nou edifici situat al carrer Ni\u00e7a, dintre del barri de Llefi\u00e0.<br \/>\n<a href=\"https:\/\/agora.xtec.cat\/iesjuliaminguell\/wp-content\/uploads\/usu1213\/2023\/09\/baixa-2.jpeg\"><\/a><br \/>\n<a&hellip;  <a href=\"https:\/\/agora.xtec.cat\/iesjuliaminguell\/linstitut\/historia\/\" title=\"Read Hist\u00f2ria\">Llegeix m\u00e9s\u00bb<\/a><\/p>\n","protected":false},"author":1,"featured_media":0,"parent":19,"menu_order":20,"comment_status":"closed","ping_status":"closed","template":"page-templates\/side-menu.php","meta":{"_bbp_topic_count":0,"_bbp_reply_count":0,"_bbp_total_topic_count":0,"_bbp_total_reply_count":0,"_bbp_voice_count":0,"_bbp_anonymous_reply_count":0,"_bbp_topic_count_hidden":0,"_bbp_reply_count_hidden":0,"_bbp_forum_subforum_count":0,"footnotes":""},"class_list":["post-27","page","type-page","status-publish","hentry"],"post_mailing_queue_ids":[],"_links":{"self":[{"href":"https:\/\/agora.xtec.cat\/iesjuliaminguell\/wp-json\/wp\/v2\/pages\/27","targetHints":{"allow":["GET"]}}],"collection":[{"href":"https:\/\/agora.xtec.cat\/iesjuliaminguell\/wp-json\/wp\/v2\/pages"}],"about":[{"href":"https:\/\/agora.xtec.cat\/iesjuliaminguell\/wp-json\/wp\/v2\/types\/page"}],"author":[{"embeddable":true,"href":"https:\/\/agora.xtec.cat\/iesjuliaminguell\/wp-json\/wp\/v2\/users\/1"}],"replies":[{"embeddable":true,"href":"https:\/\/agora.xtec.cat\/iesjuliaminguell\/wp-json\/wp\/v2\/comments?post=27"}],"version-history":[{"count":3,"href":"https:\/\/agora.xtec.cat\/iesjuliaminguell\/wp-json\/wp\/v2\/pages\/27\/revisions"}],"predecessor-version":[{"id":5142,"href":"https:\/\/agora.xtec.cat\/iesjuliaminguell\/wp-json\/wp\/v2\/pages\/27\/revisions\/5142"}],"up":[{"embeddable":true,"href":"https:\/\/agora.xtec.cat\/iesjuliaminguell\/wp-json\/wp\/v2\/pages\/19"}],"wp:attachment":[{"href":"https:\/\/agora.xtec.cat\/iesjuliaminguell\/wp-json\/wp\/v2\/media?parent=27"}],"curies":[{"name":"wp","href":"https:\/\/api.w.org\/{rel}","templated":true}]}}