{"id":1294,"date":"2022-11-30T13:21:26","date_gmt":"2022-11-30T12:21:26","guid":{"rendered":"http:\/\/agora.xtec.cat\/iesjuliaminguell\/?page_id=1294"},"modified":"2026-04-14T09:14:18","modified_gmt":"2026-04-14T07:14:18","slug":"certificat-reconeixement-equivalencia-estudis-de-catala","status":"publish","type":"page","link":"https:\/\/agora.xtec.cat\/iesjuliaminguell\/secretaria\/certificat-reconeixement-equivalencia-estudis-de-catala\/","title":{"rendered":"Certificat reconeixement equival\u00e8ncia estudis de Catal\u00e0"},"content":{"rendered":"<p><a href=\"https:\/\/drive.google.com\/file\/d\/1QXCgbwlv375b1wxn0uiKF-DxIJIg-Jcq\/view?usp=sharing\" target=\"_blank\" rel=\"noopener\"><span style=\"color: #008080;\">\u00a0<\/span><\/a><\/p>\n<p><span style=\"color: #993300;\"><strong>Documentaci\u00f3 per a recon\u00e8ixer l\u2019equival\u00e8ncia del nivell C1 de Catal\u00e0:<\/strong><\/span><\/p>\n<p>Per poder fer el certificat que homologa els estudis de catal\u00e0 a efectes laborals o per a oposicions, podeu fer el tr\u00e0mit de <span style=\"text-decoration: underline;\">2 maneres<\/span>:<\/p>\n<p>A) Cal que envieu un correu electr\u00f2nic a la secretaria del centre, a l&#8217;adre\u00e7a a8052888@xtec.cat, amb la seg\u00fcent documentaci\u00f3:<\/p>\n<ol>\n<li style=\"list-style-type: none;\">\n<ol>\n<li>Sol\u00b7licitud emplenada i signada (<a href=\"https:\/\/documents.espai.educacio.gencat.cat\/FormularisModels\/CentresGestioAdministrativa\/A816.pdf\" target=\"_blank\" rel=\"noopener\">que trobareu en aquest enlla\u00e7<\/a>).<\/li>\n<li>C\u00f2pia del llibre d\u2019escolaritat de prim\u00e0ria i secund\u00e0ria (de totes les p\u00e0gines) o de l&#8217;historial acad\u00e8mic \u00a0que acreditin qualificacions de prim\u00e0ria i secund\u00e0ria. Cal portar tamb\u00e9 l\u2019original quan vingueu a recollir el certificat. Si no es t\u00e9 el llibre s\u2019ha de demanar un certificat\u00a0 a l\u2019escola i\/o institut on consti que l\u2019alumne\/a no ha estat exempt\/a del catal\u00e0 en tota l\u2019escolaritzaci\u00f3 de prim\u00e0ria i\/o secund\u00e0ria (tamb\u00e9 serveix l&#8217;historial acad\u00e8mic).<\/li>\n<li>C\u00f2pia del DNI<\/li>\n<li>C\u00f2pia del t\u00edtol d&#8217;ESO<\/li>\n<\/ol>\n<\/li>\n<\/ol>\n<table style=\"width: 100%; border-collapse: collapse; height: 95px;\" border=\"1\">\n<tbody>\n<tr style=\"height: 63px;\">\n<td style=\"width: 100%; height: 63px; border-style: solid; text-align: center;\">L&#8217;alumnat que ha realitzat els estudis d&#8217;ESO en el nostre centre, procedent d&#8217;una escola adscrita (Rafael Casanova, Rafael Alberti, Pere de Tera o Antoni Botey), \u00e9s possible que tinguem en el nostre poder l&#8217;historial acad\u00e8mic de prim\u00e0ria, per la qual cosa i abans que el sol\u00b7liciteu a l&#8217;escola de prim\u00e0ria, pregunteu si el tenim en el vostre expedient de secretaria. Gr\u00e0cies<\/td>\n<\/tr>\n<\/tbody>\n<\/table>\n<p>Quan el certificat estigui fet us enviarem un correu electr\u00f2nic per avisar-vos quan podeu passar a recollir-lo i us especificarem quina documentaci\u00f3 haureu de lliurar-nos.<\/p>\n<p>B) Cal que vingueu al centre amb tota la documentaci\u00f3 esmentada en el punt A (sol\u00b7licitud inclosa) i presentar-la a Secretaria. Una vegada verificada i comprovada, us farem el certificat corresponent i el rebreu per correu electr\u00f2nic (el que ens haureu especificat en la sol\u00b7licitud), amb signatures digitals i en c\u00f2pia aut\u00e8ntica.<\/p>\n<ul>\n<li><span style=\"text-decoration: underline;\">Nom\u00e9s es pot fer el certificat a les persones nascudes a partir de l&#8217;any 1972<\/span><\/li>\n<li><u>Si l\u2019escolaritzaci\u00f3 ha estat a partir del curs 2007\/2008, la mat\u00e8ria de <\/u><u>catal\u00e0 ha de constar com a cursada i aprovada.<\/u><\/li>\n<li><a href=\"https:\/\/drive.google.com\/file\/d\/1qNXNdUI0yU2Nwb-8W3xZYOFyuem1epEm\/view?usp=sharing\" target=\"_blank\" rel=\"noopener\">Aqu\u00ed trobareu tota la informaci\u00f3<\/a><\/li>\n<li><a href=\"https:\/\/drive.google.com\/file\/d\/1dv7YdNb2iCteO4TUs1ESEaxmQJpH2Rcu\/view?usp=sharing\" target=\"_blank\" rel=\"noopener\">Equival\u00e8ncies d&#8217;estudis reglats (no universitaris) amb els certificats del nivell B2 i C1 de la Direcci\u00f3 General de Pol\u00edtica Ling\u00fc\u00edstica.<\/a><\/li>\n<\/ul>\n","protected":false},"excerpt":{"rendered":"<p><a href=\"https:\/\/drive.google.com\/file\/d\/1QXCgbwlv375b1wxn0uiKF-DxIJIg-Jcq\/view?usp=sharing\" target=\"_blank\" rel=\"noopener\">\u00a0<\/a><br \/>\nDocumentaci\u00f3 per a recon\u00e8ixer l\u2019equival\u00e8ncia del nivell C1 de Catal\u00e0:<br \/>\nPer poder fer el certificat que homologa els estudis de catal\u00e0 a efectes laborals o per a oposicions, podeu fer el tr\u00e0mit de 2 maneres:<br \/>\nA) Cal que envieu un correu electr\u00f2nic a la&hellip;  <a href=\"https:\/\/agora.xtec.cat\/iesjuliaminguell\/secretaria\/certificat-reconeixement-equivalencia-estudis-de-catala\/\" title=\"Read Certificat reconeixement equival\u00e8ncia estudis de Catal\u00e0\">Llegeix m\u00e9s\u00bb<\/a><\/p>\n","protected":false},"author":1,"featured_media":0,"parent":81,"menu_order":5,"comment_status":"closed","ping_status":"closed","template":"page-templates\/side-menu.php","meta":{"_bbp_topic_count":0,"_bbp_reply_count":0,"_bbp_total_topic_count":0,"_bbp_total_reply_count":0,"_bbp_voice_count":0,"_bbp_anonymous_reply_count":0,"_bbp_topic_count_hidden":0,"_bbp_reply_count_hidden":0,"_bbp_forum_subforum_count":0,"footnotes":""},"class_list":["post-1294","page","type-page","status-publish","hentry"],"post_mailing_queue_ids":[],"_links":{"self":[{"href":"https:\/\/agora.xtec.cat\/iesjuliaminguell\/wp-json\/wp\/v2\/pages\/1294","targetHints":{"allow":["GET"]}}],"collection":[{"href":"https:\/\/agora.xtec.cat\/iesjuliaminguell\/wp-json\/wp\/v2\/pages"}],"about":[{"href":"https:\/\/agora.xtec.cat\/iesjuliaminguell\/wp-json\/wp\/v2\/types\/page"}],"author":[{"embeddable":true,"href":"https:\/\/agora.xtec.cat\/iesjuliaminguell\/wp-json\/wp\/v2\/users\/1"}],"replies":[{"embeddable":true,"href":"https:\/\/agora.xtec.cat\/iesjuliaminguell\/wp-json\/wp\/v2\/comments?post=1294"}],"version-history":[{"count":6,"href":"https:\/\/agora.xtec.cat\/iesjuliaminguell\/wp-json\/wp\/v2\/pages\/1294\/revisions"}],"predecessor-version":[{"id":6639,"href":"https:\/\/agora.xtec.cat\/iesjuliaminguell\/wp-json\/wp\/v2\/pages\/1294\/revisions\/6639"}],"up":[{"embeddable":true,"href":"https:\/\/agora.xtec.cat\/iesjuliaminguell\/wp-json\/wp\/v2\/pages\/81"}],"wp:attachment":[{"href":"https:\/\/agora.xtec.cat\/iesjuliaminguell\/wp-json\/wp\/v2\/media?parent=1294"}],"curies":[{"name":"wp","href":"https:\/\/api.w.org\/{rel}","templated":true}]}}