{"id":8903,"date":"2022-09-19T23:58:22","date_gmt":"2022-09-19T21:58:22","guid":{"rendered":"https:\/\/agora.xtec.cat\/iesjtapiro\/?page_id=8903"},"modified":"2023-03-08T09:37:39","modified_gmt":"2023-03-08T08:37:39","slug":"proves-geso","status":"publish","type":"page","link":"https:\/\/agora.xtec.cat\/iesjtapiro\/proves-geso\/","title":{"rendered":"Proves GESO"},"content":{"rendered":"<h3><b>Informaci\u00f3 general:<\/b><\/h3>\n<p>El Departament d&#8217;Educaci\u00f3 convoca aquesta prova amb l&#8217;objectiu que l&#8217;aspirant demostri que ha assolit els objectius i les compet\u00e8ncies b\u00e0siques del curr\u00edculum dels ensenyaments d&#8217;educaci\u00f3 secund\u00e0ria per a les persones adultes.<\/p>\n<p>L&#8217;alumnat que no obt\u00e9 el t\u00edtol de graduat en Educaci\u00f3 Secund\u00e0ria Obligat\u00f2ria (ESO) en finalitzar l&#8217;etapa es poden presentar a les proves que el mes de mar\u00e7 de cada any organitzen els centres educatius; a cada centre es constitueix una junta d&#8217;avaluaci\u00f3 formada per professors de quart d&#8217;ESO i presidida pel cap d&#8217;estudis.<\/p>\n<div><\/div>\n<p><b>Es poden presentar a la prova les persones que compleixen els requisits seg\u00fcents:<br \/>\n<\/b><\/p>\n<ol>\n<li>Tenir 18 anys o complir-los dins l&#8217;any natural de la prova. Tamb\u00e9 s&#8217;hi poden presentar amb 17 anys o complir-los dins l&#8217;any natural de la prova si es troben en alguna d&#8217;aquestes situacions (cal presentar la documentaci\u00f3 que ho acrediti)\n<ul>\n<li>tenir un contracte laboral que els impedeixi d&#8217;assistir al centre educatiu en r\u00e8gim ordinari,<\/li>\n<li>trobar-se en proc\u00e9s d&#8217;obtenir un perm\u00eds de treball o<\/li>\n<li>ser esportista d&#8217;alt rendiment.<\/li>\n<\/ul>\n<\/li>\n<li>Haver finalitzat l&#8217;ESO sense obtenir el t\u00edtol i no tenir m\u00e9s de 5 mat\u00e8ries pendents de qualificaci\u00f3 positiva (compten com una sola mat\u00e8ria les cursades amb el mateix nom en diferents cursos).<\/li>\n<li>Haver finalitzat l&#8217;ESO durant un dels 2 cursos anteriors al qual es presentin a les proves.<\/li>\n<\/ol>\n<p>En aplicaci\u00f3 d&#8217;aquests requisits, queden exclosos de les proves els alumnes inscrits per repetir quart d&#8217;ESO en el present curs 2022-2023.<\/p>\n<h3><b>Inscripci\u00f3:<\/b><\/h3>\n<p><span style=\"font-family: inherit; font-size: 1em;\">La<\/span><b style=\"font-family: inherit; font-size: 1em;\">\u00a0sol\u00b7licitud\u00a0per fer les proves s&#8217;ha de presentar entre el\u00a030 de gener i el 13 de febrer\u00a0de 2023<\/b><span style=\"font-family: inherit; font-size: 1em;\">\u00a0a la secretaria del centre on la persona sol\u00b7licitant va estar matriculada de quart d&#8217;ESO per \u00faltima vegada.<\/span><\/p>\n<div>\n<p><b>El centre publica el calendari de les proves i les llistes de persones admeses i excloses<\/b>, que es poden consultar entre\u00a0el\u00a0<b>14 i el 20 de febrer\u00a0de 2023<\/b>.\u00a0Durant els tres dies h\u00e0bils posteriors a la publicaci\u00f3 d&#8217;aquestes llistes,\u00a0del 21 al 24 de febrer, els aspirants exclosos poden presentar una\u00a0reclamaci\u00f3\u00a0davant la direcci\u00f3 del centre.<\/p>\n<p><strong><a href=\"https:\/\/agora.xtec.cat\/iesjtapiro\/wp-content\/uploads\/usu514\/2023\/01\/Proves-GESO.pdf\" target=\"_blank\" rel=\"noopener\">Sol\u00b7licitud d&#8217;inscripci\u00f3 Proves GESO<\/a><\/strong><\/p>\n<h3><b> Realitzaci\u00f3 de la prova:<\/b><\/h3>\n<h4><a href=\"https:\/\/agora.xtec.cat\/iesjtapiro\/wp-content\/uploads\/usu514\/2023\/02\/HORARIS-GESO-def.pdf\" target=\"_blank\" rel=\"noopener\">HORARIS GESO<\/a><\/h4>\n<p>El termini per fer les\u00a0<strong>proves<\/strong>\u00a0\u00e9s de l&#8217;<strong>1 al 14 de mar\u00e7 de 2023<\/strong>.<\/p>\n<p>El\u00a0<strong>dia de la prova<\/strong>, els alumnes han de <strong>portar<\/strong> l&#8217;original del DNI, targeta de resid\u00e8ncia, passaport o qualsevol altre\u00a0<b>document identificatiu oficial en vigor<\/b>. El temps m\u00ednim per fer-la \u00e9s de 60 minuts per a cada mat\u00e8ria. Es poden portar diccionaris i\/o calculadora.<\/p>\n<p>La llista d&#8217;aspirants presentats i de les qualificacions obtingudes es publicar\u00e0 al tauler d&#8217;anuncis del centre\u00a0deu dies lectius despr\u00e9s de les proves. Els alumnes que aprovin totes les mat\u00e8ries pendents obtindran el t\u00edtol de graduat en ESO.<\/p>\n<\/div>\n<div>\n<p><strong>Podeu trobar m\u00e9s informaci\u00f3 al web:<\/strong><\/p>\n<p><a href=\"https:\/\/educacio.gencat.cat\/ca\/serveis-tramits\/proves\/proves-lliures-obtencio-titols\/obtencio-titol-eso\/\" target=\"_blank\" rel=\"noopener\" data-saferedirecturl=\"https:\/\/www.google.com\/url?q=https:\/\/educacio.gencat.cat\/ca\/serveis-tramits\/proves\/proves-lliures-obtencio-titols\/obtencio-titol-eso\/&amp;source=gmail&amp;ust=1674905905675000&amp;usg=AOvVaw0wLjIyHob8UZpCrKh66NJr\">https:\/\/educacio.gencat.cat\/<wbr \/>ca\/serveis-tramits\/proves\/<wbr \/>proves-lliures-obtencio-<wbr \/>titols\/obtencio-titol-eso\/<\/a><\/p>\n<\/div>\n","protected":false},"excerpt":{"rendered":"<p>Informaci\u00f3 general: El Departament d&#8217;Educaci\u00f3 convoca aquesta prova amb l&#8217;objectiu que l&#8217;aspirant demostri que ha assolit els objectius i les compet\u00e8ncies b\u00e0siques del curr\u00edculum dels ensenyaments d&#8217;educaci\u00f3 secund\u00e0ria per a les persones adultes. L&#8217;alumnat que no obt\u00e9 el t\u00edtol de graduat en Educaci\u00f3 Secund\u00e0ria Obligat\u00f2ria (ESO) en finalitzar l&#8217;etapa es poden presentar a les proves [&hellip;]<\/p>\n","protected":false},"author":1,"featured_media":0,"parent":0,"menu_order":0,"comment_status":"closed","ping_status":"closed","template":"","meta":{"_bbp_topic_count":0,"_bbp_reply_count":0,"_bbp_total_topic_count":0,"_bbp_total_reply_count":0,"_bbp_voice_count":0,"_bbp_anonymous_reply_count":0,"_bbp_topic_count_hidden":0,"_bbp_reply_count_hidden":0,"_bbp_forum_subforum_count":0,"site-sidebar-layout":"default","site-content-layout":"","ast-site-content-layout":"","site-content-style":"default","site-sidebar-style":"default","ast-global-header-display":"","ast-banner-title-visibility":"","ast-main-header-display":"","ast-hfb-above-header-display":"","ast-hfb-below-header-display":"","ast-hfb-mobile-header-display":"","site-post-title":"","ast-breadcrumbs-content":"","ast-featured-img":"","footer-sml-layout":"","theme-transparent-header-meta":"","adv-header-id-meta":"","stick-header-meta":"","header-above-stick-meta":"","header-main-stick-meta":"","header-below-stick-meta":"","astra-migrate-meta-layouts":"default","ast-page-background-enabled":"default","ast-page-background-meta":{"desktop":{"background-color":"var(--ast-global-color-4)","background-image":"","background-repeat":"repeat","background-position":"center center","background-size":"auto","background-attachment":"scroll","background-type":"","background-media":"","overlay-type":"","overlay-color":"","overlay-opacity":"","overlay-gradient":""},"tablet":{"background-color":"","background-image":"","background-repeat":"repeat","background-position":"center center","background-size":"auto","background-attachment":"scroll","background-type":"","background-media":"","overlay-type":"","overlay-color":"","overlay-opacity":"","overlay-gradient":""},"mobile":{"background-color":"","background-image":"","background-repeat":"repeat","background-position":"center center","background-size":"auto","background-attachment":"scroll","background-type":"","background-media":"","overlay-type":"","overlay-color":"","overlay-opacity":"","overlay-gradient":""}},"ast-content-background-meta":{"desktop":{"background-color":"var(--ast-global-color-5)","background-image":"","background-repeat":"repeat","background-position":"center center","background-size":"auto","background-attachment":"scroll","background-type":"","background-media":"","overlay-type":"","overlay-color":"","overlay-opacity":"","overlay-gradient":""},"tablet":{"background-color":"var(--ast-global-color-5)","background-image":"","background-repeat":"repeat","background-position":"center center","background-size":"auto","background-attachment":"scroll","background-type":"","background-media":"","overlay-type":"","overlay-color":"","overlay-opacity":"","overlay-gradient":""},"mobile":{"background-color":"var(--ast-global-color-5)","background-image":"","background-repeat":"repeat","background-position":"center center","background-size":"auto","background-attachment":"scroll","background-type":"","background-media":"","overlay-type":"","overlay-color":"","overlay-opacity":"","overlay-gradient":""}},"footnotes":""},"class_list":["post-8903","page","type-page","status-publish","hentry"],"post_mailing_queue_ids":[],"_links":{"self":[{"href":"https:\/\/agora.xtec.cat\/iesjtapiro\/wp-json\/wp\/v2\/pages\/8903","targetHints":{"allow":["GET"]}}],"collection":[{"href":"https:\/\/agora.xtec.cat\/iesjtapiro\/wp-json\/wp\/v2\/pages"}],"about":[{"href":"https:\/\/agora.xtec.cat\/iesjtapiro\/wp-json\/wp\/v2\/types\/page"}],"author":[{"embeddable":true,"href":"https:\/\/agora.xtec.cat\/iesjtapiro\/wp-json\/wp\/v2\/users\/1"}],"replies":[{"embeddable":true,"href":"https:\/\/agora.xtec.cat\/iesjtapiro\/wp-json\/wp\/v2\/comments?post=8903"}],"version-history":[{"count":4,"href":"https:\/\/agora.xtec.cat\/iesjtapiro\/wp-json\/wp\/v2\/pages\/8903\/revisions"}],"predecessor-version":[{"id":10077,"href":"https:\/\/agora.xtec.cat\/iesjtapiro\/wp-json\/wp\/v2\/pages\/8903\/revisions\/10077"}],"wp:attachment":[{"href":"https:\/\/agora.xtec.cat\/iesjtapiro\/wp-json\/wp\/v2\/media?parent=8903"}],"curies":[{"name":"wp","href":"https:\/\/api.w.org\/{rel}","templated":true}]}}