{"id":7291,"date":"2022-02-13T18:40:21","date_gmt":"2022-02-13T17:40:21","guid":{"rendered":"https:\/\/agora.xtec.cat\/iesjtapiro\/?page_id=7291"},"modified":"2022-03-07T20:00:04","modified_gmt":"2022-03-07T19:00:04","slug":"preinscripcio-eso-22-23","status":"publish","type":"page","link":"https:\/\/agora.xtec.cat\/iesjtapiro\/preinscripcio-eso-22-23\/","title":{"rendered":"Preinscripci\u00f3 ESO 22-23"},"content":{"rendered":"<h5 class=\"western\"><span style=\"color: #000000;\"><b>CALENDARI:<\/b><\/span><\/h5>\n<ul>\n<li style=\"list-style-type: none;\">\n<ul>\n<li><span lang=\"ca-ES\" style=\"color: #000000;\"><strong>Preinscripci\u00f3 online:<\/strong>\u00a0del 9 al 21 de mar\u00e7 de 2022.<\/span><\/li>\n<\/ul>\n<\/li>\n<\/ul>\n<p class=\"western\" style=\"padding-left: 80px;\"><span lang=\"ca-ES\"><a href=\"https:\/\/preinscripcio.gencat.cat\/ca\/estudis\/eso\/inici\/\" target=\"_blank\" rel=\"noopener\">Portal de preinscripci\u00f3 ESO<\/a><\/span><\/p>\n<ul>\n<li style=\"list-style-type: none;\">\n<ul>\n<li><span style=\"color: #000000;\">Preinscripci\u00f3 presencial, amb cita pr\u00e8via (<strong>nom\u00e9s casos excepcionals<\/strong>):<\/span>\n<ul>\n<li style=\"list-style-type: none;\">\n<ul>\n<li style=\"list-style-type: none;\">\n<ul>\n<li>\n<p class=\"western\"><span lang=\"ca-ES\"><span style=\"color: #000000;\">Escriure a<\/span>\u00a0<\/span><u><a href=\"mailto:secretaria@tapiro.cat\"><span lang=\"ca-ES\">secretaria@tapiro.cat<\/span><\/a><\/u><\/p>\n<\/li>\n<li>\n<p class=\"western\"><span lang=\"ca-ES\" style=\"color: #000000;\">Trucar al 977 773471 pels matins<\/span><\/p>\n<\/li>\n<\/ul>\n<\/li>\n<\/ul>\n<\/li>\n<\/ul>\n<\/li>\n<\/ul>\n<\/li>\n<\/ul>\n<h5 class=\"western\"><span style=\"color: #000000;\"><span style=\"font-family: Open Sans, sans-serif;\"><b>DOCUMENTACI\u00d3 NECESS\u00c0RIA:<\/b><\/span><\/span><\/h5>\n<ul>\n<li>\n<p class=\"western\"><span style=\"color: #000000;\"><span style=\"font-family: Open Sans, sans-serif;\">Llibre de fam\u00edlia o altres documents relatius a la filiaci\u00f3.<\/span><\/span><\/p>\n<\/li>\n<li>\n<p class=\"western\"><span style=\"color: #000000;\"><span style=\"font-family: Open Sans, sans-serif;\">DNI, NIE o passaport del sol\u00b7licitant (pare, mare o tutor legal).<\/span><\/span><\/p>\n<\/li>\n<li>\n<p class=\"western\"><span style=\"font-family: inherit; font-size: 1em;\"><span style=\"color: #000000;\">Identificador RALC de l&#8217;alumne (surt a les notes) o es pot<\/span> <a href=\"https:\/\/accesvalidat.ensenyament.gencat.cat\/wayf\/wayf-IDP-SM.html?entityID=https%3A%2F%2Faccesvalidat.ensenyament.gencat.cat&amp;return=https%3A%2F%2Faccesvalidat.ensenyament.gencat.cat%2FShibboleth.sso%2FLogin%3FSAMLDS%3D1%26target%3Dhttps%253A%252F%252Faccesvalidat.ensenyament.gencat.cat%252Fpls%252Fapex%252Ff%253Fp%253D20190029072543618\">consultar aqu\u00ed<\/a><\/span><\/p>\n<\/li>\n<li><span style=\"color: #000000;\">Documentaci\u00f3 acreditativa dels criteris de prioritat i\/o criteris complementaris.<\/span><\/li>\n<\/ul>\n<ul>\n<li>\n<p class=\"western\"><span style=\"color: #000000;\"><span style=\"font-family: Open Sans, sans-serif;\">DNI, NIE o passaport de l&#8217;alumne (si en t\u00e9).<\/span><\/span><\/p>\n<\/li>\n<\/ul>\n<h5 class=\"western\"><span style=\"color: #000000;\"><span style=\"font-family: Open Sans, sans-serif;\"><b>CRITERIS DE PRIORITAT:<\/b><\/span><\/span><\/h5>\n<table width=\"709\" cellspacing=\"0\" cellpadding=\"10\">\n<tbody>\n<tr>\n<td bgcolor=\"#ffffff\" width=\"299\">\n<p class=\"western\"><span style=\"color: #000000;\"><span style=\"font-family: Open Sans, sans-serif;\"><span style=\"font-size: small;\"><b>CRITERI<\/b><\/span><\/span><\/span><\/p>\n<\/td>\n<td bgcolor=\"#ffffff\" width=\"266\">\n<p class=\"western\"><span style=\"color: #000000;\"><span style=\"font-family: Open Sans, sans-serif;\"><span style=\"font-size: small;\"><b>Documentaci\u00f3 acreditativa<\/b><\/span><\/span><\/span><\/p>\n<\/td>\n<td bgcolor=\"#ffffff\" width=\"82\">\n<p class=\"western\"><span style=\"color: #000000;\"><span style=\"font-family: Open Sans, sans-serif;\"><span style=\"font-size: small;\"><b>Puntuaci\u00f3<\/b><\/span><\/span><\/span><\/p>\n<\/td>\n<\/tr>\n<tr>\n<td bgcolor=\"#f9f9f9\" width=\"299\">\n<p class=\"western\"><span style=\"color: #000000;\"><span style=\"font-family: Open Sans, sans-serif;\"><span style=\"font-size: small;\">Exist\u00e8ncia de germans matriculats al centre.<\/span><\/span><\/span><\/p>\n<\/td>\n<td bgcolor=\"#f9f9f9\" width=\"266\">\n<p class=\"western\"><span style=\"color: #000000;\"><span style=\"font-family: Open Sans, sans-serif;\"><span style=\"font-size: small;\">Indicar-ho a la sol\u00b7licitud. El centre ho verificar\u00e0.<\/span><\/span><\/span><\/p>\n<\/td>\n<td bgcolor=\"#f9f9f9\" width=\"82\">\n<p class=\"western\"><span style=\"color: #000000;\"><span style=\"font-family: Open Sans, sans-serif;\"><span style=\"font-size: small;\">50 punts<\/span><\/span><\/span><\/p>\n<\/td>\n<\/tr>\n<tr>\n<td bgcolor=\"#ffffff\" width=\"299\">\n<p class=\"western\"><span style=\"color: #000000;\"><span style=\"font-family: Open Sans, sans-serif;\"><span style=\"font-size: small;\">Domicili dins la zona educativa.<\/span><\/span><\/span><\/p>\n<\/td>\n<td bgcolor=\"#ffffff\" width=\"266\">\n<p class=\"western\"><span style=\"color: #000000;\"><span style=\"font-family: Open Sans, sans-serif;\"><span style=\"font-size: small;\">Adre\u00e7a del DNI o volant municipal de conviv\u00e8ncia.<\/span><\/span><\/span><\/p>\n<\/td>\n<td bgcolor=\"#ffffff\" width=\"82\">\n<p class=\"western\"><span style=\"color: #000000;\"><span style=\"font-family: Open Sans, sans-serif;\"><span style=\"font-size: small;\">30 punts<\/span><\/span><\/span><\/p>\n<\/td>\n<\/tr>\n<tr>\n<td bgcolor=\"#f9f9f9\" width=\"299\">\n<p class=\"western\"><span style=\"color: #000000;\"><span style=\"font-family: Open Sans, sans-serif;\"><span style=\"font-size: small;\">Domicili laboral d\u2019un progenitor dins la zona educativa.<\/span><\/span><\/span><\/p>\n<\/td>\n<td bgcolor=\"#f9f9f9\" width=\"266\">\n<p class=\"western\"><span style=\"color: #000000;\"><span style=\"font-family: Open Sans, sans-serif;\"><span style=\"font-size: small;\">Contracte laboral o certificat empresa.<\/span><\/span><\/span><\/p>\n<\/td>\n<td bgcolor=\"#f9f9f9\" width=\"82\">\n<p class=\"western\"><span style=\"color: #000000;\"><span style=\"font-family: Open Sans, sans-serif;\"><span style=\"font-size: small;\">20 punts<\/span><\/span><\/span><\/p>\n<\/td>\n<\/tr>\n<tr>\n<td bgcolor=\"#ffffff\" width=\"299\">\n<p class=\"western\"><span style=\"color: #000000;\"><span style=\"font-family: Open Sans, sans-serif;\"><span style=\"font-size: small;\">Domicili fora de l\u2019\u00e0rea d\u2019escolaritzaci\u00f3 per\u00f2 en el municipi.<\/span><\/span><\/span><\/p>\n<\/td>\n<td bgcolor=\"#ffffff\" width=\"266\">\n<p class=\"western\"><span style=\"color: #000000;\"><span style=\"font-family: Open Sans, sans-serif;\"><span style=\"font-size: small;\">Adre\u00e7a del DNI o volant municipal de conviv\u00e8ncia.<\/span><\/span><\/span><\/p>\n<\/td>\n<td bgcolor=\"#ffffff\" width=\"82\">\n<p class=\"western\"><span style=\"color: #000000;\"><span style=\"font-family: Open Sans, sans-serif;\"><span style=\"font-size: small;\">10 punts<\/span><\/span><\/span><\/p>\n<\/td>\n<\/tr>\n<tr>\n<td bgcolor=\"#f9f9f9\" width=\"299\">\n<p class=\"western\"><span style=\"color: #000000;\"><span style=\"font-family: Open Sans, sans-serif;\"><span style=\"font-size: small;\">Beneficiari d\u2019ajut de renda garantida.<\/span><\/span><\/span><\/p>\n<\/td>\n<td bgcolor=\"#f9f9f9\" width=\"266\">\n<p class=\"western\"><span style=\"color: #000000;\"><span style=\"font-family: Open Sans, sans-serif;\"><span style=\"font-size: small;\">Documentaci\u00f3 acreditativa.<\/span><\/span><\/span><\/p>\n<\/td>\n<td bgcolor=\"#f9f9f9\" width=\"82\">\n<p class=\"western\"><span style=\"color: #000000;\"><span style=\"font-family: Open Sans, sans-serif;\"><span style=\"font-size: small;\">15 punts<\/span><\/span><\/span><\/p>\n<\/td>\n<\/tr>\n<\/tbody>\n<\/table>\n<p class=\"western\"><span style=\"color: #000000;\"><span style=\"font-family: Open Sans, sans-serif;\"><b>CRITERIS COMPLEMENTARIS:<\/b><\/span><\/span><\/p>\n<table width=\"709\" cellspacing=\"0\" cellpadding=\"10\">\n<tbody>\n<tr>\n<td bgcolor=\"#ffffff\" width=\"315\">\n<p class=\"western\"><span style=\"color: #000000;\"><span style=\"font-family: Open Sans, sans-serif;\"><span style=\"font-size: small;\"><b>CRITERI<\/b><\/span><\/span><\/span><\/p>\n<\/td>\n<td bgcolor=\"#ffffff\" width=\"250\">\n<p class=\"western\"><span style=\"color: #000000;\"><span style=\"font-family: Open Sans, sans-serif;\"><span style=\"font-size: small;\"><b>Documentaci\u00f3 acreditativa<\/b><\/span><\/span><\/span><\/p>\n<\/td>\n<td bgcolor=\"#ffffff\" width=\"82\">\n<p class=\"western\"><span style=\"color: #000000;\"><span style=\"font-family: Open Sans, sans-serif;\"><span style=\"font-size: small;\"><b>Puntuaci\u00f3<\/b><\/span><\/span><\/span><\/p>\n<\/td>\n<\/tr>\n<tr>\n<td bgcolor=\"#f9f9f9\" width=\"315\" height=\"17\">\n<p class=\"western\"><span style=\"color: #000000;\"><span style=\"font-family: Open Sans, sans-serif;\"><span style=\"font-size: small;\">Pare o mare treballant al centre educatiu.<\/span><\/span><\/span><\/p>\n<\/td>\n<td bgcolor=\"#f9f9f9\" width=\"250\">\n<p class=\"western\"><span style=\"color: #000000;\"><span style=\"font-family: Open Sans, sans-serif;\"><span style=\"font-size: small;\">Certificat centre.<\/span><\/span><\/span><\/p>\n<\/td>\n<td bgcolor=\"#f9f9f9\" width=\"82\">\n<p class=\"western\"><span style=\"color: #000000;\"><span style=\"font-family: Open Sans, sans-serif;\"><span style=\"font-size: small;\">10 punts<\/span><\/span><\/span><\/p>\n<\/td>\n<\/tr>\n<tr>\n<td bgcolor=\"#ffffff\" width=\"315\" height=\"17\">\n<p class=\"western\"><span style=\"color: #000000;\"><span style=\"font-family: Open Sans, sans-serif;\"><span style=\"font-size: small;\">Fam\u00edlia nombrosa o monoparental, part m\u00faltiple, acolliment.<\/span><\/span><\/span><\/p>\n<\/td>\n<td bgcolor=\"#ffffff\" width=\"250\">\n<p class=\"western\"><span style=\"color: #000000;\"><span style=\"font-family: Open Sans, sans-serif;\"><span style=\"font-size: small;\">Carnet de fam\u00edlia nombrosa o monoparental.<\/span><\/span><\/span><\/p>\n<\/td>\n<td bgcolor=\"#ffffff\" width=\"82\">\n<p class=\"western\"><span style=\"color: #000000;\"><span style=\"font-family: Open Sans, sans-serif;\"><span style=\"font-size: small;\">10 punts<\/span><\/span><\/span><\/p>\n<\/td>\n<\/tr>\n<tr>\n<td bgcolor=\"#f9f9f9\" width=\"315\" height=\"17\">\n<p class=\"western\"><span style=\"color: #000000;\"><span style=\"font-family: Open Sans, sans-serif;\"><span style=\"font-size: small;\">Discapacitat alumne, pare, mare o germans.<\/span><\/span><\/span><\/p>\n<\/td>\n<td bgcolor=\"#f9f9f9\" width=\"250\">\n<p class=\"western\"><span style=\"color: #000000;\"><span style=\"font-family: Open Sans, sans-serif;\"><span style=\"font-size: small;\">Targeta acreditativa. (igual o superior al 33%).<\/span><\/span><\/span><\/p>\n<\/td>\n<td bgcolor=\"#f9f9f9\" width=\"82\">\n<p class=\"western\"><span style=\"color: #000000;\"><span style=\"font-family: Open Sans, sans-serif;\"><span style=\"font-size: small;\">15 punts<\/span><\/span><\/span><\/p>\n<\/td>\n<\/tr>\n<tr>\n<td bgcolor=\"#ffffff\" width=\"315\" height=\"17\">\n<p class=\"western\"><span style=\"color: #000000;\"><span style=\"font-family: Open Sans, sans-serif;\"><span style=\"font-size: small;\">V\u00edctima de viol\u00e8ncia de g\u00e8nere.<\/span><\/span><\/span><\/p>\n<\/td>\n<td bgcolor=\"#ffffff\" width=\"250\">\n<p class=\"western\"><span style=\"color: #000000;\"><span style=\"font-family: Open Sans, sans-serif;\"><span style=\"font-size: small;\">Acreditaci\u00f3.<\/span><\/span><\/span><\/p>\n<\/td>\n<td bgcolor=\"#ffffff\" width=\"82\">\n<p class=\"western\"><span style=\"color: #222222;\"><span style=\"font-family: Open Sans, sans-serif;\"><span style=\"font-size: small;\">10 punts<\/span><\/span><\/span><\/p>\n<\/td>\n<\/tr>\n<\/tbody>\n<\/table>\n<p class=\"western\"><a href=\"http:\/\/mapaescolar.gencat.cat\/\" target=\"_blank\" rel=\"noopener\"><span style=\"color: #087eb6;\"><span style=\"font-family: Open Sans, sans-serif;\"><span lang=\"ca-ES\">OFERTA DE PLACES (Mapa escolar de Catalunya)<\/span><\/span><\/span><\/a><\/p>\n<p class=\"western\"><span style=\"color: #444444;\"><span style=\"font-family: Open Sans, sans-serif;\">PUBLICACI\u00d3 LLISTAT DE SOL\u00b7LICITUDS BAREM PROVISIONAL<\/span><\/span><\/p>\n<p class=\"western\"><span style=\"color: #444444;\"><span style=\"font-family: Open Sans, sans-serif;\">PUBLICACI\u00d3 BAREM DEFINITIVA<\/span><\/span><\/p>\n","protected":false},"excerpt":{"rendered":"<p>CALENDARI: Preinscripci\u00f3 online:\u00a0del 9 al 21 de mar\u00e7 de 2022. Portal de preinscripci\u00f3 ESO Preinscripci\u00f3 presencial, amb cita pr\u00e8via (nom\u00e9s casos excepcionals): Escriure a\u00a0secretaria@tapiro.cat Trucar al 977 773471 pels matins DOCUMENTACI\u00d3 NECESS\u00c0RIA: Llibre de fam\u00edlia o altres documents relatius a la filiaci\u00f3. DNI, NIE o passaport del sol\u00b7licitant (pare, mare o tutor legal). Identificador RALC [&hellip;]<\/p>\n","protected":false},"author":1,"featured_media":0,"parent":0,"menu_order":0,"comment_status":"closed","ping_status":"closed","template":"","meta":{"_bbp_topic_count":0,"_bbp_reply_count":0,"_bbp_total_topic_count":0,"_bbp_total_reply_count":0,"_bbp_voice_count":0,"_bbp_anonymous_reply_count":0,"_bbp_topic_count_hidden":0,"_bbp_reply_count_hidden":0,"_bbp_forum_subforum_count":0,"site-sidebar-layout":"default","site-content-layout":"","ast-site-content-layout":"","site-content-style":"default","site-sidebar-style":"default","ast-global-header-display":"","ast-banner-title-visibility":"","ast-main-header-display":"","ast-hfb-above-header-display":"","ast-hfb-below-header-display":"","ast-hfb-mobile-header-display":"","site-post-title":"","ast-breadcrumbs-content":"","ast-featured-img":"","footer-sml-layout":"","theme-transparent-header-meta":"","adv-header-id-meta":"","stick-header-meta":"","header-above-stick-meta":"","header-main-stick-meta":"","header-below-stick-meta":"","astra-migrate-meta-layouts":"default","ast-page-background-enabled":"default","ast-page-background-meta":{"desktop":{"background-color":"var(--ast-global-color-4)","background-image":"","background-repeat":"repeat","background-position":"center center","background-size":"auto","background-attachment":"scroll","background-type":"","background-media":"","overlay-type":"","overlay-color":"","overlay-opacity":"","overlay-gradient":""},"tablet":{"background-color":"","background-image":"","background-repeat":"repeat","background-position":"center center","background-size":"auto","background-attachment":"scroll","background-type":"","background-media":"","overlay-type":"","overlay-color":"","overlay-opacity":"","overlay-gradient":""},"mobile":{"background-color":"","background-image":"","background-repeat":"repeat","background-position":"center center","background-size":"auto","background-attachment":"scroll","background-type":"","background-media":"","overlay-type":"","overlay-color":"","overlay-opacity":"","overlay-gradient":""}},"ast-content-background-meta":{"desktop":{"background-color":"var(--ast-global-color-5)","background-image":"","background-repeat":"repeat","background-position":"center center","background-size":"auto","background-attachment":"scroll","background-type":"","background-media":"","overlay-type":"","overlay-color":"","overlay-opacity":"","overlay-gradient":""},"tablet":{"background-color":"var(--ast-global-color-5)","background-image":"","background-repeat":"repeat","background-position":"center center","background-size":"auto","background-attachment":"scroll","background-type":"","background-media":"","overlay-type":"","overlay-color":"","overlay-opacity":"","overlay-gradient":""},"mobile":{"background-color":"var(--ast-global-color-5)","background-image":"","background-repeat":"repeat","background-position":"center center","background-size":"auto","background-attachment":"scroll","background-type":"","background-media":"","overlay-type":"","overlay-color":"","overlay-opacity":"","overlay-gradient":""}},"footnotes":""},"class_list":["post-7291","page","type-page","status-publish","hentry"],"post_mailing_queue_ids":[],"_links":{"self":[{"href":"https:\/\/agora.xtec.cat\/iesjtapiro\/wp-json\/wp\/v2\/pages\/7291","targetHints":{"allow":["GET"]}}],"collection":[{"href":"https:\/\/agora.xtec.cat\/iesjtapiro\/wp-json\/wp\/v2\/pages"}],"about":[{"href":"https:\/\/agora.xtec.cat\/iesjtapiro\/wp-json\/wp\/v2\/types\/page"}],"author":[{"embeddable":true,"href":"https:\/\/agora.xtec.cat\/iesjtapiro\/wp-json\/wp\/v2\/users\/1"}],"replies":[{"embeddable":true,"href":"https:\/\/agora.xtec.cat\/iesjtapiro\/wp-json\/wp\/v2\/comments?post=7291"}],"version-history":[{"count":3,"href":"https:\/\/agora.xtec.cat\/iesjtapiro\/wp-json\/wp\/v2\/pages\/7291\/revisions"}],"predecessor-version":[{"id":7603,"href":"https:\/\/agora.xtec.cat\/iesjtapiro\/wp-json\/wp\/v2\/pages\/7291\/revisions\/7603"}],"wp:attachment":[{"href":"https:\/\/agora.xtec.cat\/iesjtapiro\/wp-json\/wp\/v2\/media?parent=7291"}],"curies":[{"name":"wp","href":"https:\/\/api.w.org\/{rel}","templated":true}]}}