{"id":616,"date":"2016-05-19T11:56:43","date_gmt":"2016-05-19T10:56:43","guid":{"rendered":"http:\/\/agora.xtec.cat\/iesjtapiro\/?page_id=616"},"modified":"2023-05-01T22:59:09","modified_gmt":"2023-05-01T20:59:09","slug":"perruqueria-i-cosmetica","status":"publish","type":"page","link":"https:\/\/agora.xtec.cat\/iesjtapiro\/perruqueria-i-cosmetica\/","title":{"rendered":"Perruqueria i cosm\u00e8tica capil\u00b7lar 22"},"content":{"rendered":"<p><script src=\"\/\/maxcdn.bootstrapcdn.com\/bootstrap\/3.3.0\/js\/bootstrap.min.js\"><\/script><br \/>\n<script src=\"\/\/code.jquery.com\/jquery-1.11.1.min.js\"><\/script><br \/>\n<!------ Include the above in your HEAD tag ----------><\/p>\n<h3><iframe loading=\"lazy\" src=\"\/\/www.youtube.com\/embed\/-2-RF2zWdfo\" width=\"560\" height=\"315\" frameborder=\"0\"><\/iframe><\/h3>\n<h3>Informaci\u00f3 general<\/h3>\n<div class=\"container\">\n<div class=\"row\">\n<div class=\"col-md-9\">\n<div class=\"card\">\n<ul class=\"nav nav-tabs\">\n<li class=\"active\"><a href=\"#presentacio\" data-toggle=\"tab\">Presentaci\u00f3<\/a><\/li>\n<li><a href=\"#acces\" data-toggle=\"tab\">Acc\u00e9s<\/a><\/li>\n<li><a href=\"#estudiare\" data-toggle=\"tab\">Qu\u00e8 estudiar\u00e9?<\/a><\/li>\n<li><a href=\"#sortides\" data-toggle=\"tab\">Sortides<\/a><\/li>\n<li><a href=\"#convalidacions\" data-toggle=\"tab\">Convalidacions<\/a><\/li>\n<li><a href=\"#pagaments\" data-toggle=\"tab\">Pagaments i materials<\/a><\/li>\n<\/ul>\n<div class=\"tab-content\">\n<div id=\"presentacio\" class=\"tab-pane active\">\n<p><span style=\"color: #0073aa;\"><strong>T\u00edtol:<\/strong><\/span> T\u00e8cnic\/a en perruqueria i cosm\u00e8tica capil\u00b7lar<\/p>\n<p><span style=\"color: #0073aa;\"><strong>Nivell:<\/strong><\/span> Formaci\u00f3 professional de grau mitj\u00e0 (CFGM)<\/p>\n<p><span style=\"color: #0073aa;\"><strong>Durada:<\/strong><\/span> 2.000 hores: 1.650 al centre educatiu i 350 en un centre de treball, distribu\u00efdes en dos cursos acad\u00e8mics.<\/p>\n<p><span style=\"color: #0073aa;\"><strong>Fam\u00edlia professional:<\/strong><\/span> Imatge personal<\/p>\n<p><span style=\"color: #0073aa;\"><strong>Entorn:<\/strong><\/span> Art\u00edstic. Itinerari B per a l&#8217;acc\u00e9s als cicles de grau superior<\/p>\n<p><span style=\"color: #0073aa;\"><strong>Referent europeu:<\/strong><\/span> CINE-3 (Classificaci\u00f3 internacional normalitzada de l&#8217;educaci\u00f3)<\/p>\n<\/div>\n<div id=\"acces\" class=\"tab-pane\">\n<p>Per tenir acc\u00e9s directe al cicle, s&#8217;ha de <strong>complir algun dels requisits<\/strong> seg\u00fcents:<\/p>\n<ul>\n<li>Tenir el t\u00edtol de graduat en educaci\u00f3 secund\u00e0ria obligat\u00f2ria (ESO)<\/li>\n<li>Haver superat el <a href=\"http:\/\/queestudiar.gencat.cat\/ca\/estudis\/acces-cicles\/gm\">curs espec\u00edfic per a l&#8217;acc\u00e9s als cicles de grau mitj\u00e0<\/a><\/li>\n<li>Tenir el t\u00edtol de t\u00e8cnic o de t\u00e8cnic auxiliar<\/li>\n<li>Haver superat el segon curs del batxillerat unificat i polivalent (BUP)<\/li>\n<li>Tenir altres estudis equivalents a efectes acad\u00e8mics<\/li>\n<li>Haver superat la prova d&#8217;acc\u00e9s a la universitat per a m\u00e9s grans de 25 anys<\/li>\n<li>Haver superat els m\u00f2duls obligatoris d&#8217;un programa de qualificaci\u00f3 professional inicial (PQPI)<\/li>\n<li>Tenir un t\u00edtol per accedir a un cicle formatiu de grau superior<\/li>\n<\/ul>\n<p>Les persones que no compleixen cap dels requisits esmentats, han de superar una prova d&#8217;acc\u00e9s. Per presentar-s&#8217;hi cal tenir com a m\u00ednim 17 anys l&#8217;any en qu\u00e8 es fa la prova.<\/p>\n<\/div>\n<div id=\"estudiare\" class=\"tab-pane\">\n<p>Durant el <strong>1r curs<\/strong> es realitzen <strong>30 hores setmanals<\/strong> en el centre educatiu, distribu\u00efdes de <strong>dilluns a divendres de 8:30 a 15:00<\/strong>.<\/p>\n<table style=\"width: 100%;\">\n<tbody>\n<tr>\n<td style=\"width: 48%; text-align: center;\" colspan=\"2\"><strong>1r Curs<\/strong><\/td>\n<td style=\"width: 49%; text-align: center;\" colspan=\"2\"><strong>2n Curs<\/strong><\/td>\n<\/tr>\n<tr>\n<td style=\"width: 38%;\"><strong>M\u00f2duls<\/strong><\/td>\n<td style=\"width: 10%; text-align: center;\"><strong>Hores setmanals<\/strong><\/td>\n<td style=\"width: 39%;\"><strong>M\u00f2duls<\/strong><\/td>\n<td style=\"width: 10%; text-align: center;\"><strong>Hores setmanals<\/strong><\/td>\n<\/tr>\n<tr>\n<td style=\"width: 38%;\">MP01 Pentinats i recollits: UF1 i UF2<\/td>\n<td style=\"width: 10%; text-align: center;\">4h<\/td>\n<td style=\"width: 39%;\">MP01 Pentinats i recollits: UF3 i UF4<\/td>\n<td style=\"width: 10%; text-align: center;\">4h<\/td>\n<\/tr>\n<tr>\n<td style=\"width: 38%;\">MP02 Coloraci\u00f3 capil\u00b7lar<\/td>\n<td style=\"width: 10%; text-align: center;\">6h<\/td>\n<td style=\"width: 39%;\">MP04 T\u00e8cniques de tallada dels cabells: UF2<\/td>\n<td style=\"width: 10%; text-align: center;\">3h<\/td>\n<\/tr>\n<tr>\n<td style=\"width: 38%;\">MP03 Cosm\u00e8tica per a perruqueria<\/td>\n<td style=\"width: 10%; text-align: center;\">3h<\/td>\n<td style=\"width: 39%;\">MP5 Canvis de forma permanent dels cabells<\/td>\n<td style=\"width: 10%; text-align: center;\">3h<\/td>\n<\/tr>\n<tr>\n<td style=\"width: 38%;\">MP04 T\u00e8cniques de tallada dels cabells: UF1<\/td>\n<td style=\"width: 10%; text-align: center;\">2h<\/td>\n<td style=\"width: 39%;\">MP06 Perruqueria i estilisme mascul\u00ed<\/td>\n<td style=\"width: 10%; text-align: center;\">2h<\/td>\n<\/tr>\n<tr>\n<td style=\"width: 38%;\">MP07 An\u00e0lisi capil\u00b7lar<\/td>\n<td style=\"width: 10%; text-align: center;\">3h<\/td>\n<td style=\"width: 39%;\">MP08 Est\u00e8tica de mans i peus: UF3<\/td>\n<td style=\"width: 10%; text-align: center;\">1h<\/td>\n<\/tr>\n<tr>\n<td style=\"width: 38%;\">MP08 Est\u00e8tica de mans i peus: UF1, UF2 i UF4<\/td>\n<td style=\"width: 10%; text-align: center;\">2h<\/td>\n<td style=\"width: 39%;\">MP10 M\u00e0rqueting i venda en imatge personal<\/td>\n<td style=\"width: 10%; text-align: center;\">3h<\/td>\n<\/tr>\n<tr>\n<td style=\"width: 38%;\">MP09 Imatge corporal i h\u00e0bits saludables<\/td>\n<td style=\"width: 10%; text-align: center;\">3h<\/td>\n<td style=\"width: 39%;\">MP12 Empresa i iniciativa emprenedora<\/td>\n<td style=\"width: 10%; text-align: center;\">2h<\/td>\n<\/tr>\n<tr>\n<td style=\"width: 38%;\">MP11 Formaci\u00f3 i orientaci\u00f3 laboral<\/td>\n<td style=\"width: 10%; text-align: center;\">3h<\/td>\n<td style=\"width: 39%;\">MP14 S\u00edntesi<\/td>\n<td style=\"width: 10%; text-align: center;\">3h<\/td>\n<\/tr>\n<tr>\n<td style=\"width: 38%;\">MP13 Angl\u00e8s t\u00e8cnic<\/td>\n<td style=\"width: 10%; text-align: center;\">3h<\/td>\n<td style=\"width: 39%;\">Tutoria<\/td>\n<td style=\"width: 10%; text-align: center;\">1h<\/td>\n<\/tr>\n<tr>\n<td style=\"width: 38%;\">Tutoria<\/td>\n<td style=\"width: 10%; text-align: center;\">1h<\/td>\n<td style=\"width: 39%;\"><strong>Hores lectives<\/strong><\/td>\n<td style=\"width: 10%; text-align: center;\"><strong>22h<\/strong><\/td>\n<\/tr>\n<tr>\n<td style=\"width: 38%;\"><strong>Hores total a la setmana<\/strong><\/td>\n<td style=\"width: 10%; text-align: center;\"><strong>30h<\/strong><\/td>\n<td style=\"width: 39%;\">MP15 Formaci\u00f3 en centres de treball (FCT)<\/td>\n<td style=\"width: 10%; text-align: center;\">350<\/td>\n<\/tr>\n<\/tbody>\n<\/table>\n<p>Durant el <strong>2n curs<\/strong> es realitzen <strong>22 hores setmanals<\/strong> en el centre educatiu distribu\u00efdes de <strong>dilluns a dijous de 8:30 a 15:00<\/strong>. En aquest curs, tamb\u00e9 es realitzaran 350 hores de Formaci\u00f3 en Centres de Treball (FCT).<\/p>\n<\/div>\n<div id=\"sortides\" class=\"tab-pane\">\n<p>Amb aquests estudis s&#8217;obt\u00e9 el t\u00edtol de t\u00e8cnic o t\u00e8cnica en perruqueria i cosm\u00e8tica capil\u00b7lar, que permet <strong>accedir<\/strong>:<\/p>\n<ul>\n<li>Batxillerat<\/li>\n<li>Cicle de grau superior de formaci\u00f3 professional<\/li>\n<\/ul>\n<p>Les principals <strong>sortides professionals<\/strong> son:<\/p>\n<ul>\n<li>Perruquer\/a<\/li>\n<li>T\u00e8cnic en coloracions capil\u00b7lars<\/li>\n<li>T\u00e8cnic en canvis de forma del cabells<\/li>\n<li>T\u00e8cnic en tallada de cabells<\/li>\n<li>T\u00e8cnic en postisseria<\/li>\n<li>T\u00e8cnic en manicura<\/li>\n<li>T\u00e8cnic en pedicura<\/li>\n<li>T\u00e8cnic o agent comercial d&#8217;empreses del sector<\/li>\n<li>Recepcionista en empreses de perruqueria<\/li>\n<li>Demostrador d&#8217;equips, de cosm\u00e8tics i de t\u00e8cniques de perruqueria<\/li>\n<\/ul>\n<\/div>\n<div id=\"convalidacions\" class=\"tab-pane\">\n<p>L\u00b4alumnat que hagi cursat un altre cicle formatiu o estudis universitaris, podr\u00e0 convalidar alguns cr\u00e8dits\/m\u00f2duls\/UF.<\/p>\n<p>Pots trobar informaci\u00f3 sobre les convalidacions en aquest <a href=\"https:\/\/agora.xtec.cat\/iesjtapiro\/docs\/convalidacions-cicle-formatius\/?bp-attachment=Perruqueria-i-cosme%CC%80tica-capil%C2%B7lar-CFPM-IP10-06-09-2018.pdf\">document<\/a>.<\/p>\n<h4 style=\"padding: 4% 0% 2% 0%;\">On, quan i com s&#8217;ha de sol\u00b7licitar?<\/h4>\n<p>S\u00b4ha de p<strong>resentar a secretaria<\/strong> del centre en el moment de formalitzar la matr\u00edcula la documentaci\u00f3 seg\u00fcent:<\/p>\n<ul>\n<li><strong>Certificat de notes<\/strong> original o t\u00edtol o resguard del t\u00edtol (original i fotoc\u00f2pia) dels estudis que donen dret a la convalidaci\u00f3.<\/li>\n<li><strong>Impr\u00e8s de convalidacions<\/strong> que es pot descarregar en aquest <a href=\"https:\/\/agora.xtec.cat\/iesjtapiro\/docs\/convalidacions-cicle-formatius\/?bp-attachment=Sol.licitud-de-convalidacions-gestionada-per-el-centre.docx\">document<\/a>.<\/li>\n<\/ul>\n<\/div>\n<div id=\"pagaments\" class=\"tab-pane\">\n<h4 style=\"padding: 0% 0% 2% 0%;\">Pagament<\/h4>\n<ul>\n<li>Quota de material per curs: 110\u20ac aquest import\u00a0 inclou:\n<ul>\n<li>Quota AMPA<\/li>\n<li>Material did\u00e0ctic fungible que es lliurar\u00e0 durant el curs<\/li>\n<li>Material fungible per als tallers pr\u00e0ctics<\/li>\n<li>Transport d&#8217;una sortida escolar durant el curs<\/li>\n<\/ul>\n<\/li>\n<li>Quota per material per matr\u00edcula parcial\n<ul>\n<li>Per cada UF pr\u00e0ctiques: 15\u20ac<\/li>\n<li>Per cada UF te\u00f2riques: 10\u20ac<\/li>\n<\/ul>\n<\/li>\n<\/ul>\n<h4 style=\"padding: 3% 0% 2% 0%;\">Material a portar per part de l&#8217;alumne<\/h4>\n<ul>\n<li>El material requerit per cursar el cicle es desglossa en els seg\u00fcents documents per al\u00a0<a href=\"https:\/\/agora.xtec.cat\/iesjtapiro\/wp-content\/uploads\/usu514\/2022\/09\/Material-1r-22-23-.pdf\" target=\"_blank\" rel=\"noopener\">1r curs<\/a> \u00a0i al <a href=\"https:\/\/agora.xtec.cat\/iesjtapiro\/wp-content\/uploads\/usu514\/2022\/09\/Material-2n-22-23-.pdf\" target=\"_blank\" rel=\"noopener\">2n curs<\/a>.<\/li>\n<\/ul>\n<\/div>\n<\/div>\n<\/div>\n<\/div>\n<\/div>\n<\/div>\n<div>\n<h3><iframe loading=\"lazy\" src=\"\/\/www.youtube.com\/embed\/0rRI5vSslkQ\" width=\"560\" height=\"315\" frameborder=\"0\"><\/iframe><\/h3>\n<\/div>\n<div><\/div>\n<div style=\"width: 90%;\">\r\n\t<div class=\"slideshow_container slideshow_container_style-light\" style=\"height: 375px; \" data-slideshow-id=\"3041\" data-style-name=\"style-light\" data-style-version=\"2.3.1\" >\r\n\r\n\t\t\t\t\t<div class=\"slideshow_loading_icon\"><\/div>\r\n\t\t\r\n\t\t<div class=\"slideshow_content\" style=\"display: none;\">\r\n\r\n\t\t\t<div class=\"slideshow_view\">\r\n\t\t\t\t<div class=\"slideshow_slide slideshow_slide_image\">\r\n\t\t\t\t\t\t\t\t\t\t\t<img src=\"https:\/\/agora.xtec.cat\/iesjtapiro\/wp-content\/uploads\/usu514\/2018\/04\/IMG_9855.jpg\" alt=\"IMG_9855\" width=\"2592\" height=\"1456\" \/>\r\n\t\t\t\t\t\t\t\t\t\t<div class=\"slideshow_description_box slideshow_transparent\">\r\n\t\t\t\t\t\t<div class=\"slideshow_title\">IMG_9855<\/div>\t\t\t\t\t\t\t\t\t\t\t<\/div>\r\n\t\t\t\t<\/div>\r\n\r\n\t\t\t\t\t\t<div style=\"clear: both;\"><\/div><\/div><div class=\"slideshow_view\">\r\n\t\t\t\t<div class=\"slideshow_slide slideshow_slide_image\">\r\n\t\t\t\t\t\t\t\t\t\t\t<img src=\"https:\/\/agora.xtec.cat\/iesjtapiro\/wp-content\/uploads\/usu514\/2018\/04\/IMG_9878.jpg\" alt=\"IMG_9878\" width=\"2592\" height=\"1456\" \/>\r\n\t\t\t\t\t\t\t\t\t\t<div class=\"slideshow_description_box slideshow_transparent\">\r\n\t\t\t\t\t\t<div class=\"slideshow_title\">IMG_9878<\/div>\t\t\t\t\t\t\t\t\t\t\t<\/div>\r\n\t\t\t\t<\/div>\r\n\r\n\t\t\t\t\t\t<div style=\"clear: both;\"><\/div><\/div><div class=\"slideshow_view\">\r\n\t\t\t\t<div class=\"slideshow_slide slideshow_slide_image\">\r\n\t\t\t\t\t\t\t\t\t\t\t<img src=\"https:\/\/agora.xtec.cat\/iesjtapiro\/wp-content\/uploads\/usu514\/2018\/04\/IMG_9856.jpg\" alt=\"IMG_9856\" width=\"2592\" height=\"1456\" \/>\r\n\t\t\t\t\t\t\t\t\t\t<div class=\"slideshow_description_box slideshow_transparent\">\r\n\t\t\t\t\t\t<div class=\"slideshow_title\">IMG_9856<\/div>\t\t\t\t\t\t\t\t\t\t\t<\/div>\r\n\t\t\t\t<\/div>\r\n\r\n\t\t\t\t\t\t<div style=\"clear: both;\"><\/div><\/div><div class=\"slideshow_view\">\r\n\t\t\t\t<div class=\"slideshow_slide slideshow_slide_image\">\r\n\t\t\t\t\t\t\t\t\t\t\t<img src=\"https:\/\/agora.xtec.cat\/iesjtapiro\/wp-content\/uploads\/usu514\/2018\/04\/IMG_9880.jpg\" alt=\"IMG_9880\" width=\"2592\" height=\"1456\" \/>\r\n\t\t\t\t\t\t\t\t\t\t<div class=\"slideshow_description_box slideshow_transparent\">\r\n\t\t\t\t\t\t<div class=\"slideshow_title\">IMG_9880<\/div>\t\t\t\t\t\t\t\t\t\t\t<\/div>\r\n\t\t\t\t<\/div>\r\n\r\n\t\t\t\t\t\t<div style=\"clear: both;\"><\/div><\/div><div class=\"slideshow_view\">\r\n\t\t\t\t<div class=\"slideshow_slide slideshow_slide_image\">\r\n\t\t\t\t\t\t\t\t\t\t\t<img src=\"https:\/\/agora.xtec.cat\/iesjtapiro\/wp-content\/uploads\/usu514\/2018\/04\/IMG_9884.jpg\" alt=\"IMG_9884\" width=\"2592\" height=\"1456\" \/>\r\n\t\t\t\t\t\t\t\t\t\t<div class=\"slideshow_description_box slideshow_transparent\">\r\n\t\t\t\t\t\t<div class=\"slideshow_title\">IMG_9884<\/div>\t\t\t\t\t\t\t\t\t\t\t<\/div>\r\n\t\t\t\t<\/div>\r\n\r\n\t\t\t\t\t\t<div style=\"clear: both;\"><\/div><\/div><div class=\"slideshow_view\">\r\n\t\t\t\t<div class=\"slideshow_slide slideshow_slide_image\">\r\n\t\t\t\t\t\t\t\t\t\t\t<img src=\"https:\/\/agora.xtec.cat\/iesjtapiro\/wp-content\/uploads\/usu514\/2018\/04\/IMG_9887.jpg\" alt=\"IMG_9887\" width=\"2592\" height=\"1456\" \/>\r\n\t\t\t\t\t\t\t\t\t\t<div class=\"slideshow_description_box slideshow_transparent\">\r\n\t\t\t\t\t\t<div class=\"slideshow_title\">IMG_9887<\/div>\t\t\t\t\t\t\t\t\t\t\t<\/div>\r\n\t\t\t\t<\/div>\r\n\r\n\t\t\t\t\t\t<div style=\"clear: both;\"><\/div><\/div><div class=\"slideshow_view\">\r\n\t\t\t\t<div class=\"slideshow_slide slideshow_slide_image\">\r\n\t\t\t\t\t\t\t\t\t\t\t<img src=\"https:\/\/agora.xtec.cat\/iesjtapiro\/wp-content\/uploads\/usu514\/2018\/04\/IMG_9893.jpg\" alt=\"IMG_9893\" width=\"2592\" height=\"1456\" \/>\r\n\t\t\t\t\t\t\t\t\t\t<div class=\"slideshow_description_box slideshow_transparent\">\r\n\t\t\t\t\t\t<div class=\"slideshow_title\">IMG_9893<\/div>\t\t\t\t\t\t\t\t\t\t\t<\/div>\r\n\t\t\t\t<\/div>\r\n\r\n\t\t\t\t\t\t<div style=\"clear: both;\"><\/div><\/div><div class=\"slideshow_view\">\r\n\t\t\t\t<div class=\"slideshow_slide slideshow_slide_image\">\r\n\t\t\t\t\t\t\t\t\t\t\t<img src=\"https:\/\/agora.xtec.cat\/iesjtapiro\/wp-content\/uploads\/usu514\/2018\/04\/IMG_9889.jpg\" alt=\"IMG_9889\" width=\"2592\" height=\"1456\" \/>\r\n\t\t\t\t\t\t\t\t\t\t<div class=\"slideshow_description_box slideshow_transparent\">\r\n\t\t\t\t\t\t<div class=\"slideshow_title\">IMG_9889<\/div>\t\t\t\t\t\t\t\t\t\t\t<\/div>\r\n\t\t\t\t<\/div>\r\n\r\n\t\t\t\t\t\t<div style=\"clear: both;\"><\/div><\/div>\r\n\t\t<\/div>\r\n\r\n\t\t<div class=\"slideshow_controlPanel slideshow_transparent\" style=\"display: none;\"><ul><li class=\"slideshow_togglePlay\" data-play-text=\"Visualitza\" data-pause-text=\"Pausa\"><\/li><\/ul><\/div>\r\n\r\n\t\t<div class=\"slideshow_button slideshow_previous slideshow_transparent\" role=\"button\" data-previous-text=\"Anterior\" style=\"display: none;\"><\/div>\r\n\t\t<div class=\"slideshow_button slideshow_next slideshow_transparent\" role=\"button\" data-next-text=\"Seg\u00fcent\" style=\"display: none;\"><\/div>\r\n\r\n\t\t<div class=\"slideshow_pagination\" style=\"display: none;\" data-go-to-text=\"V\u00e9s a la diapositiva\"><div class=\"slideshow_pagination_center\"><\/div><\/div>\r\n\r\n\t\t<!-- WordPress Slideshow Version 2.3.1 -->\r\n\r\n\t\t\t<\/div>\r\n\r\n<\/div>\n<h3><\/h3>\n<h3><a href=\"https:\/\/sites.google.com\/tapiro.cat\/perruqueriacosmeticapitapiro\/informaci%C3%B3-del-cicle\" target=\"_blank\" rel=\"noopener noreferrer\">M\u00e9s informaci\u00f3<\/a><\/h3>\n<h3 style=\"padding-top: 7%; padding-bottom: 3%;\">On trobar-nos<\/h3>\n<p>&nbsp;<\/p>\n<p><center><iframe loading=\"lazy\" src=\"https:\/\/www.google.com\/maps\/embed?pb=!1m18!1m12!1m3!1d3004.881690071955!2d1.1145410515630563!3d41.137108619333404!2m3!1f0!2f0!3f0!3m2!1i1024!2i768!4f13.1!3m3!1m2!1s0x12a150c032874c97%3A0x51367d076dac7b49!2sCarrer+d'Astorga%2C+37%2C+43205+Reus%2C+Tarragona!5e0!3m2!1sca!2ses!4v1450382457887\" width=\"450\" height=\"350\" frameborder=\"0\"><\/iframe><\/center>&nbsp;<\/p>\n<p>&nbsp;<\/p>\n<table style=\"width: 95%; border: none;\">\n<tbody>\n<tr>\n<td style=\"width: 260px; text-align: center; border: none;\"><a href=\"https:\/\/www.instagram.com\/tapiroperruqueria\/\" target=\"_blank\" rel=\"noopener noreferrer\"><img loading=\"lazy\" decoding=\"async\" class=\"aligncenter size-full wp-image-3045\" src=\"http:\/\/agora.xtec.cat\/iesjtapiro\/wp-content\/uploads\/usu514\/2016\/05\/Captura-de-pantalla-2018-04-17-a-les-14.37.31.png\" alt=\"\" width=\"44\" height=\"48\" \/><\/a><\/td>\n<td style=\"width: 309px; text-align: center; border: none;\"><a href=\"https:\/\/twitter.com\/TapiroVirtual\" target=\"_blank\" rel=\"noopener noreferrer\"><img loading=\"lazy\" decoding=\"async\" class=\"aligncenter size-full wp-image-3046\" src=\"http:\/\/agora.xtec.cat\/iesjtapiro\/wp-content\/uploads\/usu514\/2016\/05\/Captura-de-pantalla-2018-04-17-a-les-14.37.39.png\" alt=\"\" width=\"44\" height=\"48\" \/><\/a><\/td>\n<td style=\"width: 257px; text-align: center; border: none;\"><a href=\"https:\/\/ca-es.facebook.com\/tapiroperruqueria\/\" target=\"_blank\" rel=\"noopener noreferrer\"><img loading=\"lazy\" decoding=\"async\" class=\"aligncenter size-full wp-image-3047\" src=\"http:\/\/agora.xtec.cat\/iesjtapiro\/wp-content\/uploads\/usu514\/2016\/05\/Captura-de-pantalla-2018-04-17-a-les-14.44.20.png\" alt=\"\" width=\"44\" height=\"48\" \/><\/a><\/td>\n<\/tr>\n<\/tbody>\n<\/table>\n<p>&nbsp;<\/p>\n","protected":false},"excerpt":{"rendered":"<p>Informaci\u00f3 general Presentaci\u00f3 Acc\u00e9s Qu\u00e8 estudiar\u00e9? Sortides Convalidacions Pagaments i materials T\u00edtol: T\u00e8cnic\/a en perruqueria i cosm\u00e8tica capil\u00b7lar Nivell: Formaci\u00f3 professional de grau mitj\u00e0 (CFGM) Durada: 2.000 hores: 1.650 al centre educatiu i 350 en un centre de treball, distribu\u00efdes en dos cursos acad\u00e8mics. Fam\u00edlia professional: Imatge personal Entorn: Art\u00edstic. Itinerari B per a l&#8217;acc\u00e9s [&hellip;]<\/p>\n","protected":false},"author":1,"featured_media":0,"parent":0,"menu_order":1,"comment_status":"closed","ping_status":"closed","template":"page-templates\/side-menu.php","meta":{"_bbp_topic_count":0,"_bbp_reply_count":0,"_bbp_total_topic_count":0,"_bbp_total_reply_count":0,"_bbp_voice_count":0,"_bbp_anonymous_reply_count":0,"_bbp_topic_count_hidden":0,"_bbp_reply_count_hidden":0,"_bbp_forum_subforum_count":0,"site-sidebar-layout":"default","site-content-layout":"","ast-site-content-layout":"","site-content-style":"default","site-sidebar-style":"default","ast-global-header-display":"","ast-banner-title-visibility":"","ast-main-header-display":"","ast-hfb-above-header-display":"","ast-hfb-below-header-display":"","ast-hfb-mobile-header-display":"","site-post-title":"","ast-breadcrumbs-content":"","ast-featured-img":"","footer-sml-layout":"","theme-transparent-header-meta":"","adv-header-id-meta":"","stick-header-meta":"","header-above-stick-meta":"","header-main-stick-meta":"","header-below-stick-meta":"","astra-migrate-meta-layouts":"default","ast-page-background-enabled":"default","ast-page-background-meta":{"desktop":{"background-color":"var(--ast-global-color-4)","background-image":"","background-repeat":"repeat","background-position":"center center","background-size":"auto","background-attachment":"scroll","background-type":"","background-media":"","overlay-type":"","overlay-color":"","overlay-opacity":"","overlay-gradient":""},"tablet":{"background-color":"","background-image":"","background-repeat":"repeat","background-position":"center center","background-size":"auto","background-attachment":"scroll","background-type":"","background-media":"","overlay-type":"","overlay-color":"","overlay-opacity":"","overlay-gradient":""},"mobile":{"background-color":"","background-image":"","background-repeat":"repeat","background-position":"center center","background-size":"auto","background-attachment":"scroll","background-type":"","background-media":"","overlay-type":"","overlay-color":"","overlay-opacity":"","overlay-gradient":""}},"ast-content-background-meta":{"desktop":{"background-color":"var(--ast-global-color-5)","background-image":"","background-repeat":"repeat","background-position":"center center","background-size":"auto","background-attachment":"scroll","background-type":"","background-media":"","overlay-type":"","overlay-color":"","overlay-opacity":"","overlay-gradient":""},"tablet":{"background-color":"var(--ast-global-color-5)","background-image":"","background-repeat":"repeat","background-position":"center center","background-size":"auto","background-attachment":"scroll","background-type":"","background-media":"","overlay-type":"","overlay-color":"","overlay-opacity":"","overlay-gradient":""},"mobile":{"background-color":"var(--ast-global-color-5)","background-image":"","background-repeat":"repeat","background-position":"center center","background-size":"auto","background-attachment":"scroll","background-type":"","background-media":"","overlay-type":"","overlay-color":"","overlay-opacity":"","overlay-gradient":""}},"footnotes":""},"class_list":["post-616","page","type-page","status-publish","hentry"],"post_mailing_queue_ids":[],"_links":{"self":[{"href":"https:\/\/agora.xtec.cat\/iesjtapiro\/wp-json\/wp\/v2\/pages\/616","targetHints":{"allow":["GET"]}}],"collection":[{"href":"https:\/\/agora.xtec.cat\/iesjtapiro\/wp-json\/wp\/v2\/pages"}],"about":[{"href":"https:\/\/agora.xtec.cat\/iesjtapiro\/wp-json\/wp\/v2\/types\/page"}],"author":[{"embeddable":true,"href":"https:\/\/agora.xtec.cat\/iesjtapiro\/wp-json\/wp\/v2\/users\/1"}],"replies":[{"embeddable":true,"href":"https:\/\/agora.xtec.cat\/iesjtapiro\/wp-json\/wp\/v2\/comments?post=616"}],"version-history":[{"count":3,"href":"https:\/\/agora.xtec.cat\/iesjtapiro\/wp-json\/wp\/v2\/pages\/616\/revisions"}],"predecessor-version":[{"id":10699,"href":"https:\/\/agora.xtec.cat\/iesjtapiro\/wp-json\/wp\/v2\/pages\/616\/revisions\/10699"}],"wp:attachment":[{"href":"https:\/\/agora.xtec.cat\/iesjtapiro\/wp-json\/wp\/v2\/media?parent=616"}],"curies":[{"name":"wp","href":"https:\/\/api.w.org\/{rel}","templated":true}]}}