{"id":55,"date":"2014-09-17T16:59:49","date_gmt":"2014-09-17T16:59:49","guid":{"rendered":"http:\/\/agora.xtec.cat\/iesjtapiro\/?page_id=55"},"modified":"2025-02-21T09:25:23","modified_gmt":"2025-02-21T08:25:23","slug":"horaris","status":"publish","type":"page","link":"https:\/\/agora.xtec.cat\/iesjtapiro\/linstitut\/horaris\/","title":{"rendered":"Horari escolar"},"content":{"rendered":"<p>L&#8217;horari del centre \u00e9s de 8:30 a 15:00 a tots els estudis que s&#8217;ofereixen: ESO, Batxillerat i Cicles Formatius.<\/p>\n<h3>Calendari general 2024-2025<\/h3>\n<ul>\n<li><b>09 de setembre<\/b><span style=\"font-weight: 400;\"><strong> de 2024:<\/strong> inici de les classes ESO.<\/span><\/li>\n<li><strong>Del 21 de desembre de 2024 al 7 de gener de 2025<\/strong><span style=\"font-weight: 400;\"><strong>:<\/strong> vacances de Nadal.<\/span><\/li>\n<li><strong>Del 12 d&#8217;abril al 21 d\u2019abril de 2025<\/strong><span style=\"font-weight: 400;\"><strong>:<\/strong> vacances de Setmana Santa.<\/span><\/li>\n<li><b style=\"font-family: inherit; font-size: 1em;\">20 de juny de 2025<\/b><span style=\"font-weight: 400;\">: acaben les classes a l&#8217;Educaci\u00f3 Secund\u00e0ria Obligat\u00f2ria.<\/span><\/li>\n<\/ul>\n<h5>Setembre<\/h5>\n<ul>\n<li style=\"font-weight: 400;\"><b>09 de setembre<\/b><span style=\"font-weight: 400;\"><strong>:<\/strong> presentaci\u00f3 de grups ESO.<\/span><\/li>\n<li><b>11 de setembre<\/b><span style=\"font-weight: 400;\"><strong>:<\/strong> Festa Diada Catalunya.<\/span><\/li>\n<li><b>12 de setembre<\/b><span style=\"font-weight: 400;\"><strong>:<\/strong> presentaci\u00f3 de grups Batxillerat i CF.<\/span><\/li>\n<li><strong>25 de setembre:<\/strong> Festa Local Miseric\u00f2rdia.<\/li>\n<\/ul>\n<h5>Octubre<\/h5>\n<ul>\n<li><strong>7 d&#8217;octubre:<\/strong> Reunions fam\u00edlies ESO.<\/li>\n<li><strong>12 d&#8217;octubre:<\/strong> Festa del Pilar.<\/li>\n<li><strong>14 d&#8217;octubre:<\/strong> Reunions fam\u00edlies ESO.<\/li>\n<li><strong>31 d&#8217;octubre:<\/strong> Dia lliure disposici\u00f3.<\/li>\n<\/ul>\n<h5>Novembre<\/h5>\n<ul>\n<li style=\"font-weight: 400;\"><b>1 de novembre<\/b><strong>:<\/strong><b><\/b><span style=\"font-weight: 400;\"> Festa de Tots Sants.<\/span><\/li>\n<li style=\"font-weight: 400;\"><b>Del 21 al 27 de novembre:<\/b><span style=\"font-weight: 400;\"> Setmana d\u2019ex\u00e0mens Batxillerat.<\/span><\/li>\n<\/ul>\n<h5>Desembre<\/h5>\n<ul>\n<li><b>4 de desembre<\/b><span style=\"font-weight: 400;\"><strong>:<\/strong> Final 1r trimestre.<\/span><\/li>\n<li><b>5 de desembre<\/b><span style=\"font-weight: 400;\"><strong>:<\/strong> Dia de lliure disposici\u00f3.<\/span><\/li>\n<li><strong>6 de desembre:<\/strong> Festa de la constituci\u00f3.<\/li>\n<li><b>8 de desembre<\/b><span style=\"font-weight: 400;\"><strong>:<\/strong> Festa de la Immaculada.<\/span><\/li>\n<li><strong>9 de desembre:<\/strong> Inici 2n trimestre.<\/li>\n<li><b>Del 16 al 18 de desembre<\/b><span style=\"font-weight: 400;\"><strong>:<\/strong> Lliurament notes a les fam\u00edlies.<\/span><\/li>\n<li><b style=\"font-family: inherit; font-size: 1em;\">20 de desembre<\/b><span style=\"font-weight: 400;\"><strong>:<\/strong> Fi de les classes.<\/span><\/li>\n<\/ul>\n<h5>Gener<\/h5>\n<ul>\n<li style=\"font-weight: 400;\"><b>8 de gener<\/b><strong>:<\/strong><b><\/b><span style=\"font-weight: 400;\"> Inici de les classes.<\/span><\/li>\n<li style=\"font-weight: 400;\"><b>14 de gener:<\/b><span style=\"font-weight: 400;\"> Exposici\u00f3 Treballs de Recerca.<\/span><\/li>\n<\/ul>\n<h5>Febrer<\/h5>\n<ul>\n<li><b>24 de febrer: <\/b>Portes obertes ESO.<\/li>\n<\/ul>\n<h5>Mar\u00e7<\/h5>\n<ul>\n<li><strong>Del 6 al 12 de mar\u00e7:<\/strong> Setmana d&#8217;ex\u00e0mens de Batxillerat.<\/li>\n<li><b>14 de mar\u00e7<\/b><span style=\"font-weight: 400;\"><strong>:<\/strong> Final segon trimestre.<\/span><\/li>\n<li><b>17 de mar\u00e7<\/b><span style=\"font-weight: 400;\"><strong>:<\/strong> Inici tercer trimestre.<\/span><\/li>\n<li><b style=\"font-family: inherit; font-size: 1em;\">Del 24 al 26 de mar\u00e7<\/b><span style=\"font-weight: 400;\"><strong>:<\/strong> Lliurament notes ESO, CF i Batxillerat.<\/span><\/li>\n<li><b>31 de mar\u00e7<\/b><span style=\"font-weight: 400;\"><strong>:\u00a0<\/strong><\/span><span style=\"font-weight: 400;\">Jornada de Portes Obertes: BAT i CFGM.<\/span><\/li>\n<\/ul>\n<h5>Abril<\/h5>\n<ul>\n<li><strong>Abril:<\/strong> Compet\u00e8ncies B\u00e0siques 4t ESO.<\/li>\n<li><strong>11 d&#8217;abril:<\/strong> <span style=\"font-weight: 400;\">Fi de les classes.<\/span><\/li>\n<li><strong>Del 12 al 21 d&#8217;abril:<\/strong> Vacances de Setmana Santa.<\/li>\n<li><b>28 d&#8217;abril<\/b><span style=\"font-weight: 400;\"><strong>:<\/strong>\u00a0<\/span><span style=\"font-weight: 400;\">Jornada de Portes Obertes CFGS.<\/span><\/li>\n<\/ul>\n<h5>Maig<\/h5>\n<ul>\n<li><strong>1 de maig:<\/strong> Festiu Dia del Treballador.<\/li>\n<li><strong>2 de maig:<\/strong> Dia de lliure disposici\u00f3.<\/li>\n<li><strong>7 de maig:<\/strong> Final de classes de 2n de BAT.<\/li>\n<li><b>Del 8 al 14 de maig<\/b><span style=\"font-weight: 400;\"><strong>:<\/strong> Setmana d\u2019ex\u00e0mens 2n de Batxillerat.<\/span><\/li>\n<li><b>9 de maig<\/b><span style=\"font-weight: 400;\"><strong>:<\/strong> \u00daltim dia de classes<\/span><span style=\"font-weight: 400;\"> de 2n CFGS.<\/span><\/li>\n<li><strong>22 de maig:<\/strong> Lliurament de notes 2n de BAT i 2n CFGS. Reinici de les classes de 2n de BAT (Preparaci\u00f3 PAU+Extraordin\u00e0ria).<\/li>\n<li><strong>28 de maig:<\/strong> Final de classes de 1r de BAT.<\/li>\n<li><strong>Del 29 de maig al 4 de juny:<\/strong> Ex\u00e0mens Convocat\u00f2ria Extraordin\u00e0ria 2n de Batxillerat.<\/li>\n<li><strong>30 de maig:<\/strong> <span style=\"font-weight: 400;\">\u00daltim dia <\/span>de CFGM i 1r CFGS.<\/li>\n<\/ul>\n<h5>Juny<\/h5>\n<ul>\n<li><strong>Del 2 al 6 de juny:<\/strong> Col\u00f2nies i viatge 4t ESO.<\/li>\n<li><b style=\"font-family: inherit; font-size: 1em;\">6 de juny<\/b><span style=\"font-weight: 400;\"><strong>:<\/strong> Lliurament de les notes de CFGM i 1r CFGS.<\/span><\/li>\n<li><b style=\"font-family: inherit; font-size: 1em;\">9 de juny<\/b><span style=\"font-weight: 400;\"><strong>:<\/strong> Acabament classes ESO a les 14:00 fins al 20 de juny.<\/span><\/li>\n<li><b style=\"font-family: inherit; font-size: 1em;\">10 de juny<\/b><span style=\"font-weight: 400;\"><strong>:<\/strong> Lliurament de les notes de 1r BAT.<\/span><\/li>\n<li><strong>De l&#8217;11 al 13 de<\/strong> <strong>juny:\u00a0<\/strong>Proves PAU.<\/li>\n<li><b style=\"font-family: inherit; font-size: 1em;\">Del 12 al 18 de juny<\/b><span style=\"font-weight: 400;\"><strong>:<\/strong> Ex\u00e0mens Convocat\u00f2ria Extraordin\u00e0ria 1r de BAT.<\/span><\/li>\n<li><strong>20 de juny:<\/strong> Final de classes de l&#8217;ESO.<\/li>\n<li><strong>23 de juny:<\/strong> Lliurament de notes a les fam\u00edlies. Graduaci\u00f3 ESO.<\/li>\n<\/ul>\n","protected":false},"excerpt":{"rendered":"<p>L&#8217;horari del centre \u00e9s de 8:30 a 15:00 a tots els estudis que s&#8217;ofereixen: ESO, Batxillerat i Cicles Formatius. Calendari general 2024-2025 09 de setembre de 2024: inici de les classes ESO. Del 21 de desembre de 2024 al 7 de gener de 2025: vacances de Nadal. Del 12 d&#8217;abril al 21 d\u2019abril de 2025: [&hellip;]<\/p>\n","protected":false},"author":1,"featured_media":0,"parent":19,"menu_order":2,"comment_status":"closed","ping_status":"closed","template":"page-templates\/side-menu.php","meta":{"_bbp_topic_count":0,"_bbp_reply_count":0,"_bbp_total_topic_count":0,"_bbp_total_reply_count":0,"_bbp_voice_count":0,"_bbp_anonymous_reply_count":0,"_bbp_topic_count_hidden":0,"_bbp_reply_count_hidden":0,"_bbp_forum_subforum_count":0,"site-sidebar-layout":"default","site-content-layout":"","ast-site-content-layout":"","site-content-style":"default","site-sidebar-style":"default","ast-global-header-display":"","ast-banner-title-visibility":"","ast-main-header-display":"","ast-hfb-above-header-display":"","ast-hfb-below-header-display":"","ast-hfb-mobile-header-display":"","site-post-title":"","ast-breadcrumbs-content":"","ast-featured-img":"","footer-sml-layout":"","theme-transparent-header-meta":"","adv-header-id-meta":"","stick-header-meta":"","header-above-stick-meta":"","header-main-stick-meta":"","header-below-stick-meta":"","astra-migrate-meta-layouts":"default","ast-page-background-enabled":"default","ast-page-background-meta":{"desktop":{"background-color":"var(--ast-global-color-4)","background-image":"","background-repeat":"repeat","background-position":"center center","background-size":"auto","background-attachment":"scroll","background-type":"","background-media":"","overlay-type":"","overlay-color":"","overlay-opacity":"","overlay-gradient":""},"tablet":{"background-color":"","background-image":"","background-repeat":"repeat","background-position":"center center","background-size":"auto","background-attachment":"scroll","background-type":"","background-media":"","overlay-type":"","overlay-color":"","overlay-opacity":"","overlay-gradient":""},"mobile":{"background-color":"","background-image":"","background-repeat":"repeat","background-position":"center center","background-size":"auto","background-attachment":"scroll","background-type":"","background-media":"","overlay-type":"","overlay-color":"","overlay-opacity":"","overlay-gradient":""}},"ast-content-background-meta":{"desktop":{"background-color":"var(--ast-global-color-5)","background-image":"","background-repeat":"repeat","background-position":"center center","background-size":"auto","background-attachment":"scroll","background-type":"","background-media":"","overlay-type":"","overlay-color":"","overlay-opacity":"","overlay-gradient":""},"tablet":{"background-color":"var(--ast-global-color-5)","background-image":"","background-repeat":"repeat","background-position":"center center","background-size":"auto","background-attachment":"scroll","background-type":"","background-media":"","overlay-type":"","overlay-color":"","overlay-opacity":"","overlay-gradient":""},"mobile":{"background-color":"var(--ast-global-color-5)","background-image":"","background-repeat":"repeat","background-position":"center center","background-size":"auto","background-attachment":"scroll","background-type":"","background-media":"","overlay-type":"","overlay-color":"","overlay-opacity":"","overlay-gradient":""}},"footnotes":""},"class_list":["post-55","page","type-page","status-publish","hentry"],"post_mailing_queue_ids":[],"_links":{"self":[{"href":"https:\/\/agora.xtec.cat\/iesjtapiro\/wp-json\/wp\/v2\/pages\/55","targetHints":{"allow":["GET"]}}],"collection":[{"href":"https:\/\/agora.xtec.cat\/iesjtapiro\/wp-json\/wp\/v2\/pages"}],"about":[{"href":"https:\/\/agora.xtec.cat\/iesjtapiro\/wp-json\/wp\/v2\/types\/page"}],"author":[{"embeddable":true,"href":"https:\/\/agora.xtec.cat\/iesjtapiro\/wp-json\/wp\/v2\/users\/1"}],"replies":[{"embeddable":true,"href":"https:\/\/agora.xtec.cat\/iesjtapiro\/wp-json\/wp\/v2\/comments?post=55"}],"version-history":[{"count":6,"href":"https:\/\/agora.xtec.cat\/iesjtapiro\/wp-json\/wp\/v2\/pages\/55\/revisions"}],"predecessor-version":[{"id":14311,"href":"https:\/\/agora.xtec.cat\/iesjtapiro\/wp-json\/wp\/v2\/pages\/55\/revisions\/14311"}],"up":[{"embeddable":true,"href":"https:\/\/agora.xtec.cat\/iesjtapiro\/wp-json\/wp\/v2\/pages\/19"}],"wp:attachment":[{"href":"https:\/\/agora.xtec.cat\/iesjtapiro\/wp-json\/wp\/v2\/media?parent=55"}],"curies":[{"name":"wp","href":"https:\/\/api.w.org\/{rel}","templated":true}]}}