{"id":46,"date":"2014-09-17T16:53:45","date_gmt":"2014-09-17T16:53:45","guid":{"rendered":"http:\/\/agora.xtec.cat\/iesjtapiro\/?page_id=46"},"modified":"2025-09-18T14:33:29","modified_gmt":"2025-09-18T12:33:29","slug":"organigrama","status":"publish","type":"page","link":"https:\/\/agora.xtec.cat\/iesjtapiro\/linstitut\/organigrama\/","title":{"rendered":"Organigrama"},"content":{"rendered":"<h4>Equip directiu<\/h4>\n<table style=\"border-collapse: collapse; width: 41.8419%;\">\n<tbody>\n<tr>\n<td style=\"width: 21.436%;\"><strong>Directora<\/strong><\/td>\n<td style=\"width: 20.406%;\">Isabel \u00c0vila<\/td>\n<\/tr>\n<tr>\n<td style=\"width: 21.436%;\"><strong>Cap d&#8217;estudis<\/strong><\/td>\n<td style=\"width: 20.406%;\">Javi Mart\u00ednez<\/td>\n<\/tr>\n<tr>\n<td style=\"width: 21.436%;\"><strong>Coordinadora pedag\u00f2gica<\/strong><\/td>\n<td style=\"width: 20.406%;\">Vict\u00f2ria Mart\u00edn<\/td>\n<\/tr>\n<tr>\n<td style=\"width: 21.436%;\"><strong>Secretari<\/strong><\/td>\n<td style=\"width: 20.406%;\">Aitor Villarreal<\/td>\n<\/tr>\n<tr>\n<td style=\"width: 21.436%;\"><strong>Cap d&#8217;estudis FP<\/strong><\/td>\n<td style=\"width: 20.406%;\">Salva Torrente<\/td>\n<\/tr>\n<\/tbody>\n<\/table>\n<div class=\"row\">\n<div class=\"small-12 large-4 columns\"><\/div>\n<\/div>\n<h4>Coordinacions<\/h4>\n<table style=\"border-collapse: collapse; width: 99.7089%; height: 202px;\">\n<tbody>\n<tr style=\"height: 32px;\">\n<td style=\"width: 25.3221%; height: 32px;\"><strong>Coordinador Activitats i serveis<\/strong><\/td>\n<td style=\"width: 24.7501%; height: 32px;\">David Taratiel<\/td>\n<td style=\"width: 25.0117%; height: 32px;\"><strong>Coordinadora 1r ESO<\/strong><\/td>\n<td style=\"width: 25.5771%; height: 32px;\">N\u00faria Mayoral<\/td>\n<\/tr>\n<tr style=\"height: 32px;\">\n<td style=\"width: 25.3221%; height: 32px;\"><strong>Coordinador digital<\/strong><\/td>\n<td style=\"width: 24.7501%; height: 32px;\">David Llambrich<\/td>\n<td style=\"width: 25.0117%; height: 32px;\"><strong>Coordinadora 2n ESO<\/strong><\/td>\n<td style=\"width: 25.5771%; height: 32px;\">Rosa Corrales<\/td>\n<\/tr>\n<tr style=\"height: 32px;\">\n<td style=\"width: 25.3221%; height: 32px;\"><strong>Coordinadora LIC<\/strong><\/td>\n<td style=\"width: 24.7501%; height: 32px;\">Irene Massana<\/td>\n<td style=\"width: 25.0117%; height: 32px;\"><strong>Coordinadora 3r ESO<\/strong><\/td>\n<td style=\"width: 25.5771%; height: 32px;\">Lled\u00f3 Dalmau<\/td>\n<\/tr>\n<tr style=\"height: 32px;\">\n<td style=\"width: 25.3221%; height: 32px;\"><strong>Coordinador Riscos Laborals<\/strong><\/td>\n<td style=\"width: 24.7501%; height: 32px;\">Daniel Alambiaga<\/td>\n<td style=\"width: 25.0117%; height: 32px;\"><strong>Coordinador 4t ESO<\/strong><\/td>\n<td style=\"width: 25.5771%; height: 32px;\">Andr\u00e9s Climent<\/td>\n<\/tr>\n<tr style=\"height: 32px;\">\n<td style=\"width: 25.3221%; height: 32px;\"><strong>Coordinadora COCOBE<\/strong><\/td>\n<td style=\"width: 24.7501%; height: 32px;\">Susana Garc\u00eda<\/td>\n<td style=\"width: 25.0117%; height: 32px;\"><b>Coordinadora Batxillerat<\/b><\/td>\n<td style=\"width: 25.5771%; height: 32px;\">Alexandra Escriv\u00e0<\/td>\n<\/tr>\n<tr style=\"height: 32px;\">\n<td style=\"width: 25.3221%; height: 32px;\"><strong>Coordinadora Dinamitzaci\u00f3<\/strong><\/td>\n<td style=\"width: 24.7501%; height: 32px;\">Laura Pag\u00e8s<\/td>\n<td style=\"width: 25.0117%; height: 32px;\"><strong>Coordinadora FP<\/strong><\/td>\n<td style=\"width: 25.5771%; height: 32px;\">S\u00edlvia D\u00edez<\/td>\n<\/tr>\n<\/tbody>\n<\/table>\n<div class=\"row\">\n<div class=\"small-12 large-4 columns\"><\/div>\n<\/div>\n<h4>Caps de departament<\/h4>\n<table style=\"border-collapse: collapse; width: 100%; height: 115px;\">\n<tbody>\n<tr style=\"height: 23px;\">\n<td style=\"width: 25.145%; height: 23px;\"><strong>Art\u00edstic i Tecnol\u00f2gic<\/strong><\/td>\n<td style=\"width: 24.855%; height: 23px;\">Imma Membrives<\/td>\n<td style=\"width: 25%; height: 23px;\"><strong>Matem\u00e0tiques<\/strong><\/td>\n<td style=\"width: 25%; height: 23px;\">Cristina Condal<\/td>\n<\/tr>\n<tr style=\"height: 23px;\">\n<td style=\"width: 25.145%; height: 23px;\"><strong>Ci\u00e8ncies Experimentals<\/strong><\/td>\n<td style=\"width: 24.855%; height: 23px;\">David Taratiel<\/td>\n<td style=\"width: 25%; height: 23px;\"><strong>Orientaci\u00f3 Pedag\u00f2gica<\/strong><\/td>\n<td style=\"width: 25%; height: 23px;\">Susana Garc\u00eda<\/td>\n<\/tr>\n<tr style=\"height: 23px;\">\n<td style=\"width: 25.145%; height: 23px;\"><strong>Ci\u00e8ncies Socials<\/strong><\/td>\n<td style=\"width: 24.855%; height: 23px;\">Gabriel S\u00e1enz<\/td>\n<td style=\"width: 25%; height: 23px;\"><strong>Perruqueria<\/strong><\/td>\n<td style=\"width: 25%; height: 23px;\">Dolors Mart\u00edn<\/td>\n<\/tr>\n<tr style=\"height: 23px;\">\n<td style=\"width: 25.145%; height: 23px;\"><strong>Lleng\u00fces<\/strong><\/td>\n<td style=\"width: 24.855%; height: 23px;\">Roger Estrada<\/td>\n<td style=\"width: 25%; height: 23px;\"><strong>Educaci\u00f3 F\u00edsica<\/strong><\/td>\n<td style=\"width: 25%; height: 23px;\">\u00d2scar Baella<\/td>\n<\/tr>\n<tr style=\"height: 23px;\">\n<td style=\"width: 25.145%; height: 23px;\"><strong>Lleng\u00fces Estrangeres i Cl\u00e0ssiques\u00a0<\/strong><\/td>\n<td style=\"width: 24.855%; height: 23px;\">Patr\u00edcia Pag\u00e8s<\/td>\n<td style=\"width: 25%; height: 23px;\"><strong>Seminari Educaci\u00f3 F\u00edsica<\/strong><\/td>\n<td style=\"width: 25%; height: 23px;\">Laura Pag\u00e8s<\/td>\n<\/tr>\n<\/tbody>\n<\/table>\n<h4><\/h4>\n<h4>Equips Docents<\/h4>\n<table style=\"border-collapse: collapse; width: 100%;\">\n<tbody>\n<tr>\n<td style=\"width: 18.5833%; text-align: left;\"><strong>\u00a0 \u00a0 \u00a0 \u00a0 \u00a0 \u00a0 \u00a01r ESO<\/strong><\/td>\n<td style=\"width: 19.6667%; text-align: left;\"><strong>\u00a0 \u00a0 \u00a0 \u00a0 \u00a0 \u00a0 \u00a0 2n ESO<\/strong><\/td>\n<td style=\"width: 19.5%; text-align: left;\"><strong>\u00a0 \u00a0 \u00a0 \u00a0 \u00a0 \u00a0 \u00a03r ESO<\/strong><\/td>\n<td style=\"width: 20.4167%; text-align: left;\"><strong>\u00a0 \u00a0 \u00a0 \u00a0 \u00a0 4t ESO<\/strong><\/td>\n<td style=\"width: 21.8333%; text-align: left;\"><strong>\u00a0 \u00a0 \u00a0 \u00a0 \u00a0 \u00a0 \u00a0 \u00a0 \u00a0FP<\/strong><\/td>\n<\/tr>\n<tr>\n<td style=\"width: 18.5833%;\">N\u00faria Mayoral<\/td>\n<td style=\"width: 19.6667%;\">Rosa Corrales<\/td>\n<td style=\"width: 19.5%;\">Lled\u00f3 Dalmau<\/td>\n<td style=\"width: 20.4167%;\">Andr\u00e9s Climent<\/td>\n<td style=\"width: 21.8333%;\">S\u00edlvia D\u00edez<\/td>\n<\/tr>\n<tr>\n<td style=\"width: 18.5833%;\">Irene Massana (T. 1r A)<\/td>\n<td style=\"width: 19.6667%;\">Cristina Salvador (T. 2n A)<\/td>\n<td style=\"width: 19.5%;\">S\u00edlvia Rodr\u00edguez (T. 3r A)<\/td>\n<td style=\"width: 20.4167%;\">Adri\u00e1n Monforte (T. 4t A)<\/td>\n<td style=\"width: 21.8333%;\">Salva Torrente<\/td>\n<\/tr>\n<tr>\n<td style=\"width: 18.5833%;\">Cristina Condal (T. 1r B)<\/td>\n<td style=\"width: 19.6667%;\">Gabriel S\u00e1enz (T. 2n B)<\/td>\n<td style=\"width: 19.5%;\">Ana Bel\u00e9n Moreno (T. 3r B)<\/td>\n<td style=\"width: 20.4167%;\">Carlos Alt\u00e9s (T. 4t B)<\/td>\n<td style=\"width: 21.8333%;\">Oriol Ros (T. GMN 1rA)<\/td>\n<\/tr>\n<tr>\n<td style=\"width: 18.5833%;\">Patr\u00edcia Pag\u00e8s (T. 1r C)<\/td>\n<td style=\"width: 19.6667%;\">Roger Estrada (T. 2n C)<\/td>\n<td style=\"width: 19.5%;\">Merche Trigo (T. 3r C)<\/td>\n<td style=\"width: 20.4167%;\">Juan Carlos Ramos (T. 4t C)<\/td>\n<td style=\"width: 21.8333%;\">Daniel Alambiaga (T. GMN 1rB)<\/td>\n<\/tr>\n<tr>\n<td style=\"width: 18.5833%;\">Alexandra Escriv\u00e0<\/td>\n<td style=\"width: 19.6667%;\">Luc\u00eda Luque (T. 2n D)<\/td>\n<td style=\"width: 19.5%;\">Miquel Fabra (T. 3r D)<\/td>\n<td style=\"width: 20.4167%;\">Marta Ramos (T. 4t D)<\/td>\n<td style=\"width: 21.8333%;\">Ainhoa Rodr\u00edguez (T. GMN 2nA)<\/td>\n<\/tr>\n<tr>\n<td style=\"width: 18.5833%;\">Claudia Fern\u00e1ndez<\/td>\n<td style=\"width: 19.6667%;\">David Llambrich<\/td>\n<td style=\"width: 19.5%;\">N\u00faria Cardona<\/td>\n<td style=\"width: 20.4167%;\">Imma Membrives (T. 4t E)<\/td>\n<td style=\"width: 21.8333%;\">\u00d2scar Baella (T. GMN 2nB)<\/td>\n<\/tr>\n<tr>\n<td style=\"width: 18.5833%;\">Arnau Capell<\/td>\n<td style=\"width: 19.6667%;\">S\u00edlvia Jim\u00e9nez (T. 1r BAT B)<\/td>\n<td style=\"width: 19.5%;\">Laura Pag\u00e8s<\/td>\n<td style=\"width: 20.4167%;\">Irene Vedre\u00f1o<\/td>\n<td style=\"width: 21.8333%;\">Elisa Muriel (T. EAS 1r)<\/td>\n<\/tr>\n<tr>\n<td style=\"width: 18.5833%;\">Xavi G\u00f3mez<\/td>\n<td style=\"width: 19.6667%;\">Ana Isabel Gorgojo<\/td>\n<td style=\"width: 19.5%;\">Yolanda Lizano<\/td>\n<td style=\"width: 20.4167%;\">Neus S\u00e0nchez<\/td>\n<td style=\"width: 21.8333%;\">Dami\u00e1n Fern\u00e1ndez (T. EAS 2n)<\/td>\n<\/tr>\n<tr>\n<td style=\"width: 18.5833%;\">Susana Garc\u00eda<\/td>\n<td style=\"width: 19.6667%;\">Montse Thomas<\/td>\n<td style=\"width: 19.5%;\">Maite Solanes<\/td>\n<td style=\"width: 20.4167%;\">Montse Vidal (T. 2n BAT A)<\/td>\n<td style=\"width: 21.8333%;\">Alberto Redondo<\/td>\n<\/tr>\n<tr>\n<td style=\"width: 18.5833%;\">Natxo Olivas<\/td>\n<td style=\"width: 19.6667%;\">Marina Closa<\/td>\n<td style=\"width: 19.5%;\">Elizabeth Oll\u00e9<\/td>\n<td style=\"width: 20.4167%;\">David Taratiel<\/td>\n<td style=\"width: 21.8333%;\">Marta Vallhonrat<\/td>\n<\/tr>\n<tr>\n<td style=\"width: 18.5833%;\">Carmen Fern\u00e1ndez<\/td>\n<td style=\"width: 19.6667%;\">V\u00edctor Gil<\/td>\n<td style=\"width: 19.5%;\">Merc\u00e8 Querol<\/td>\n<td style=\"width: 20.4167%;\">Joel Bonet<\/td>\n<td style=\"width: 21.8333%;\">Cristina Alonso<\/td>\n<\/tr>\n<tr>\n<td style=\"width: 18.5833%;\">Aitor Lama<\/td>\n<td style=\"width: 19.6667%;\">Xavier Alcover<\/td>\n<td style=\"width: 19.5%;\">Joan Carles Ivorra<\/td>\n<td style=\"width: 20.4167%;\">Joan Massana (T. 2n BAT B)<\/td>\n<td style=\"width: 21.8333%;\"><\/td>\n<\/tr>\n<tr>\n<td style=\"width: 18.5833%;\"><\/td>\n<td style=\"width: 19.6667%;\"><\/td>\n<td style=\"width: 19.5%;\"><\/td>\n<td style=\"width: 20.4167%;\">N\u00faria Aliana<\/td>\n<td style=\"width: 21.8333%;\">Dolors Mart\u00edn<\/td>\n<\/tr>\n<tr>\n<td style=\"width: 18.5833%;\"><\/td>\n<td style=\"width: 19.6667%;\"><\/td>\n<td style=\"width: 19.5%;\"><\/td>\n<td style=\"width: 20.4167%;\">M\u00edriam Fort<\/td>\n<td style=\"width: 21.8333%;\">Isabel Gonz\u00e1lez (T. PCC 1r)<\/td>\n<\/tr>\n<tr>\n<td style=\"width: 18.5833%;\"><\/td>\n<td style=\"width: 19.6667%;\"><\/td>\n<td style=\"width: 19.5%;\"><\/td>\n<td style=\"width: 20.4167%;\">Berta Castillejo<\/td>\n<td style=\"width: 21.8333%;\">Llu\u00efsa Batalla (T. PCC 2n)<\/td>\n<\/tr>\n<tr>\n<td style=\"width: 18.5833%;\"><\/td>\n<td style=\"width: 19.6667%;\"><\/td>\n<td style=\"width: 19.5%;\"><\/td>\n<td style=\"width: 20.4167%;\"><\/td>\n<td style=\"width: 21.8333%;\">Adela Sol\u00e9<\/td>\n<\/tr>\n<tr>\n<td style=\"width: 18.5833%;\"><\/td>\n<td style=\"width: 19.6667%;\"><\/td>\n<td style=\"width: 19.5%;\"><\/td>\n<td style=\"width: 20.4167%;\"><\/td>\n<td style=\"width: 21.8333%;\">Montserrat Argany<\/td>\n<\/tr>\n<tr>\n<td style=\"width: 18.5833%;\"><\/td>\n<td style=\"width: 19.6667%;\"><\/td>\n<td style=\"width: 19.5%;\"><\/td>\n<td style=\"width: 20.4167%;\"><\/td>\n<td style=\"width: 21.8333%;\">Andrea Gaspar (T. VDJS 1r)<\/td>\n<\/tr>\n<tr>\n<td style=\"width: 18.5833%;\"><\/td>\n<td style=\"width: 19.6667%;\"><\/td>\n<td style=\"width: 19.5%;\"><\/td>\n<td style=\"width: 20.4167%;\"><\/td>\n<td style=\"width: 21.8333%;\">Oriol Inglada<\/td>\n<\/tr>\n<tr>\n<td style=\"width: 18.5833%;\"><\/td>\n<td style=\"width: 19.6667%;\"><\/td>\n<td style=\"width: 19.5%;\"><\/td>\n<td style=\"width: 20.4167%;\"><\/td>\n<td style=\"width: 21.8333%;\">Lara Sim\u00f3 (T. 1r BAT A)<\/td>\n<\/tr>\n<\/tbody>\n<\/table>\n<div class=\"row\">\n<div class=\"small-12 large-4 columns\">\n<p><em>Curs 2025-2026<\/em><\/p>\n<\/div>\n<\/div>\n","protected":false},"excerpt":{"rendered":"<p>Equip directiu Directora Isabel \u00c0vila Cap d&#8217;estudis Javi Mart\u00ednez Coordinadora pedag\u00f2gica Vict\u00f2ria Mart\u00edn Secretari Aitor Villarreal Cap d&#8217;estudis FP Salva Torrente Coordinacions Coordinador Activitats i serveis David Taratiel Coordinadora 1r ESO N\u00faria Mayoral Coordinador digital David Llambrich Coordinadora 2n ESO Rosa Corrales Coordinadora LIC Irene Massana Coordinadora 3r ESO Lled\u00f3 Dalmau Coordinador Riscos Laborals Daniel [&hellip;]<\/p>\n","protected":false},"author":1,"featured_media":0,"parent":19,"menu_order":5,"comment_status":"closed","ping_status":"closed","template":"page-templates\/side-menu.php","meta":{"_bbp_topic_count":0,"_bbp_reply_count":0,"_bbp_total_topic_count":0,"_bbp_total_reply_count":0,"_bbp_voice_count":0,"_bbp_anonymous_reply_count":0,"_bbp_topic_count_hidden":0,"_bbp_reply_count_hidden":0,"_bbp_forum_subforum_count":0,"site-sidebar-layout":"default","site-content-layout":"","ast-site-content-layout":"default","site-content-style":"default","site-sidebar-style":"default","ast-global-header-display":"","ast-banner-title-visibility":"","ast-main-header-display":"","ast-hfb-above-header-display":"","ast-hfb-below-header-display":"","ast-hfb-mobile-header-display":"","site-post-title":"","ast-breadcrumbs-content":"","ast-featured-img":"","footer-sml-layout":"","theme-transparent-header-meta":"","adv-header-id-meta":"","stick-header-meta":"","header-above-stick-meta":"","header-main-stick-meta":"","header-below-stick-meta":"","astra-migrate-meta-layouts":"set","ast-page-background-enabled":"default","ast-page-background-meta":{"desktop":{"background-color":"var(--ast-global-color-4)","background-image":"","background-repeat":"repeat","background-position":"center center","background-size":"auto","background-attachment":"scroll","background-type":"","background-media":"","overlay-type":"","overlay-color":"","overlay-opacity":"","overlay-gradient":""},"tablet":{"background-color":"","background-image":"","background-repeat":"repeat","background-position":"center center","background-size":"auto","background-attachment":"scroll","background-type":"","background-media":"","overlay-type":"","overlay-color":"","overlay-opacity":"","overlay-gradient":""},"mobile":{"background-color":"","background-image":"","background-repeat":"repeat","background-position":"center center","background-size":"auto","background-attachment":"scroll","background-type":"","background-media":"","overlay-type":"","overlay-color":"","overlay-opacity":"","overlay-gradient":""}},"ast-content-background-meta":{"desktop":{"background-color":"var(--ast-global-color-5)","background-image":"","background-repeat":"repeat","background-position":"center center","background-size":"auto","background-attachment":"scroll","background-type":"","background-media":"","overlay-type":"","overlay-color":"","overlay-opacity":"","overlay-gradient":""},"tablet":{"background-color":"var(--ast-global-color-5)","background-image":"","background-repeat":"repeat","background-position":"center center","background-size":"auto","background-attachment":"scroll","background-type":"","background-media":"","overlay-type":"","overlay-color":"","overlay-opacity":"","overlay-gradient":""},"mobile":{"background-color":"var(--ast-global-color-5)","background-image":"","background-repeat":"repeat","background-position":"center center","background-size":"auto","background-attachment":"scroll","background-type":"","background-media":"","overlay-type":"","overlay-color":"","overlay-opacity":"","overlay-gradient":""}},"footnotes":""},"class_list":["post-46","page","type-page","status-publish","hentry"],"post_mailing_queue_ids":[],"_links":{"self":[{"href":"https:\/\/agora.xtec.cat\/iesjtapiro\/wp-json\/wp\/v2\/pages\/46","targetHints":{"allow":["GET"]}}],"collection":[{"href":"https:\/\/agora.xtec.cat\/iesjtapiro\/wp-json\/wp\/v2\/pages"}],"about":[{"href":"https:\/\/agora.xtec.cat\/iesjtapiro\/wp-json\/wp\/v2\/types\/page"}],"author":[{"embeddable":true,"href":"https:\/\/agora.xtec.cat\/iesjtapiro\/wp-json\/wp\/v2\/users\/1"}],"replies":[{"embeddable":true,"href":"https:\/\/agora.xtec.cat\/iesjtapiro\/wp-json\/wp\/v2\/comments?post=46"}],"version-history":[{"count":6,"href":"https:\/\/agora.xtec.cat\/iesjtapiro\/wp-json\/wp\/v2\/pages\/46\/revisions"}],"predecessor-version":[{"id":15769,"href":"https:\/\/agora.xtec.cat\/iesjtapiro\/wp-json\/wp\/v2\/pages\/46\/revisions\/15769"}],"up":[{"embeddable":true,"href":"https:\/\/agora.xtec.cat\/iesjtapiro\/wp-json\/wp\/v2\/pages\/19"}],"wp:attachment":[{"href":"https:\/\/agora.xtec.cat\/iesjtapiro\/wp-json\/wp\/v2\/media?parent=46"}],"curies":[{"name":"wp","href":"https:\/\/api.w.org\/{rel}","templated":true}]}}