{"id":2527,"date":"2017-12-13T15:05:13","date_gmt":"2017-12-13T14:05:13","guid":{"rendered":"http:\/\/agora.xtec.cat\/iesjtapiro\/?page_id=2527"},"modified":"2022-02-17T19:29:57","modified_gmt":"2022-02-17T18:29:57","slug":"cicles-de-formacio-professional-fp","status":"publish","type":"page","link":"https:\/\/agora.xtec.cat\/iesjtapiro\/preinscripcio-i-matricula\/cicles-de-formacio-professional-fp\/","title":{"rendered":"Cicles de formaci\u00f3 professional &#8211; FP"},"content":{"rendered":"<h3 style=\"text-align: left;\">Curs 2022-2023<\/h3>\n<h4>Formaci\u00f3 Professional Grau Mitj\u00e0<\/h4>\n<h5>CFGM Guia en el Medi Natural i Temps de Lleure<\/h5>\n<h5>CFGM Perruqueria i Cosm\u00e8tica Capil\u00b7lar<\/h5>\n<p>Informaci\u00f3 de la preinscripci\u00f3:\u00a0<a href=\"https:\/\/preinscripcio.gencat.cat\/ca\/estudis\/fp-grau-mitja\/inici\/\" target=\"_blank\" rel=\"noopener noreferrer\">cliqueu aqu\u00ed<\/a><\/p>\n<p>Informaci\u00f3 del calendari Calendari preinscripci\u00f3 i matr\u00edcula CFGM<\/p>\n<h5><\/h5>\n<h4>Formaci\u00f3 Professional Grau Superior<\/h4>\n<h5>CFGS Ensenyament i Animaci\u00f3 Socioesportives<\/h5>\n<p>Informaci\u00f3 de la preinscripci\u00f3:\u00a0<a href=\"https:\/\/preinscripcio.gencat.cat\/ca\/estudis\/fp-grau-superior\/inici\/\" target=\"_blank\" rel=\"noopener noreferrer\">cliqueu aqu\u00ed<\/a><\/p>\n<p>Informaci\u00f3 del calendari Calendari preinscripci\u00f3 CFGS<\/p>\n<p>&nbsp;<\/p>\n<p>&nbsp;<\/p>\n","protected":false},"excerpt":{"rendered":"<p>Curs 2022-2023 Formaci\u00f3 Professional Grau Mitj\u00e0 CFGM Guia en el Medi Natural i Temps de Lleure CFGM Perruqueria i Cosm\u00e8tica Capil\u00b7lar Informaci\u00f3 de la preinscripci\u00f3:\u00a0cliqueu aqu\u00ed Informaci\u00f3 del calendari Calendari preinscripci\u00f3 i matr\u00edcula CFGM Formaci\u00f3 Professional Grau Superior CFGS Ensenyament i Animaci\u00f3 Socioesportives Informaci\u00f3 de la preinscripci\u00f3:\u00a0cliqueu aqu\u00ed Informaci\u00f3 del calendari Calendari preinscripci\u00f3 CFGS &nbsp; [&hellip;]<\/p>\n","protected":false},"author":1,"featured_media":0,"parent":2137,"menu_order":2,"comment_status":"closed","ping_status":"closed","template":"page-templates\/side-menu.php","meta":{"_bbp_topic_count":0,"_bbp_reply_count":0,"_bbp_total_topic_count":0,"_bbp_total_reply_count":0,"_bbp_voice_count":0,"_bbp_anonymous_reply_count":0,"_bbp_topic_count_hidden":0,"_bbp_reply_count_hidden":0,"_bbp_forum_subforum_count":0,"site-sidebar-layout":"default","site-content-layout":"","ast-site-content-layout":"","site-content-style":"default","site-sidebar-style":"default","ast-global-header-display":"","ast-banner-title-visibility":"","ast-main-header-display":"","ast-hfb-above-header-display":"","ast-hfb-below-header-display":"","ast-hfb-mobile-header-display":"","site-post-title":"","ast-breadcrumbs-content":"","ast-featured-img":"","footer-sml-layout":"","theme-transparent-header-meta":"","adv-header-id-meta":"","stick-header-meta":"","header-above-stick-meta":"","header-main-stick-meta":"","header-below-stick-meta":"","astra-migrate-meta-layouts":"default","ast-page-background-enabled":"default","ast-page-background-meta":{"desktop":{"background-color":"var(--ast-global-color-4)","background-image":"","background-repeat":"repeat","background-position":"center center","background-size":"auto","background-attachment":"scroll","background-type":"","background-media":"","overlay-type":"","overlay-color":"","overlay-opacity":"","overlay-gradient":""},"tablet":{"background-color":"","background-image":"","background-repeat":"repeat","background-position":"center center","background-size":"auto","background-attachment":"scroll","background-type":"","background-media":"","overlay-type":"","overlay-color":"","overlay-opacity":"","overlay-gradient":""},"mobile":{"background-color":"","background-image":"","background-repeat":"repeat","background-position":"center center","background-size":"auto","background-attachment":"scroll","background-type":"","background-media":"","overlay-type":"","overlay-color":"","overlay-opacity":"","overlay-gradient":""}},"ast-content-background-meta":{"desktop":{"background-color":"var(--ast-global-color-5)","background-image":"","background-repeat":"repeat","background-position":"center center","background-size":"auto","background-attachment":"scroll","background-type":"","background-media":"","overlay-type":"","overlay-color":"","overlay-opacity":"","overlay-gradient":""},"tablet":{"background-color":"var(--ast-global-color-5)","background-image":"","background-repeat":"repeat","background-position":"center center","background-size":"auto","background-attachment":"scroll","background-type":"","background-media":"","overlay-type":"","overlay-color":"","overlay-opacity":"","overlay-gradient":""},"mobile":{"background-color":"var(--ast-global-color-5)","background-image":"","background-repeat":"repeat","background-position":"center center","background-size":"auto","background-attachment":"scroll","background-type":"","background-media":"","overlay-type":"","overlay-color":"","overlay-opacity":"","overlay-gradient":""}},"footnotes":""},"class_list":["post-2527","page","type-page","status-publish","hentry"],"post_mailing_queue_ids":[],"_links":{"self":[{"href":"https:\/\/agora.xtec.cat\/iesjtapiro\/wp-json\/wp\/v2\/pages\/2527","targetHints":{"allow":["GET"]}}],"collection":[{"href":"https:\/\/agora.xtec.cat\/iesjtapiro\/wp-json\/wp\/v2\/pages"}],"about":[{"href":"https:\/\/agora.xtec.cat\/iesjtapiro\/wp-json\/wp\/v2\/types\/page"}],"author":[{"embeddable":true,"href":"https:\/\/agora.xtec.cat\/iesjtapiro\/wp-json\/wp\/v2\/users\/1"}],"replies":[{"embeddable":true,"href":"https:\/\/agora.xtec.cat\/iesjtapiro\/wp-json\/wp\/v2\/comments?post=2527"}],"version-history":[{"count":3,"href":"https:\/\/agora.xtec.cat\/iesjtapiro\/wp-json\/wp\/v2\/pages\/2527\/revisions"}],"predecessor-version":[{"id":7420,"href":"https:\/\/agora.xtec.cat\/iesjtapiro\/wp-json\/wp\/v2\/pages\/2527\/revisions\/7420"}],"up":[{"embeddable":true,"href":"https:\/\/agora.xtec.cat\/iesjtapiro\/wp-json\/wp\/v2\/pages\/2137"}],"wp:attachment":[{"href":"https:\/\/agora.xtec.cat\/iesjtapiro\/wp-json\/wp\/v2\/media?parent=2527"}],"curies":[{"name":"wp","href":"https:\/\/api.w.org\/{rel}","templated":true}]}}