{"id":2291,"date":"2017-11-19T22:23:11","date_gmt":"2017-11-19T21:23:11","guid":{"rendered":"http:\/\/agora.xtec.cat\/iesjtapiro\/?page_id=2291"},"modified":"2024-05-09T23:49:18","modified_gmt":"2024-05-09T21:49:18","slug":"bat-ciencies-i-tecnologia","status":"publish","type":"page","link":"https:\/\/agora.xtec.cat\/iesjtapiro\/estudis\/batxillerat\/bat-ciencies-i-tecnologia\/","title":{"rendered":"Batxillerat de Ci\u00e8ncies i Tecnologia"},"content":{"rendered":"<p class=\"py-4\">La modalitat de ci\u00e8ncies i tecnologia s&#8217;adre\u00e7a a alumnes interessats per les ci\u00e8ncies experimentals, les matem\u00e0tiques, els estudis relacionats amb continguts cientificosanitaris i el m\u00f3n dels processos tecnol\u00f2gics i dels materials, instruments, aparells i m\u00e0quines que s&#8217;utilitzen en la producci\u00f3 de b\u00e9ns i serveis.<\/p>\n<nav>\n<div id=\"nav-tab\" class=\"nav nav-tabs\" role=\"tablist\"><a id=\"nav-acces-tab\" class=\"nav-item nav-link active\" role=\"tab\" href=\"#nav-acces\" data-toggle=\"tab\" aria-controls=\"nav-acces\" aria-selected=\"true\">Acc\u00e9s<\/a><br \/>\n<a id=\"nav-estudis-tab\" class=\"nav-item nav-link\" role=\"tab\" href=\"#nav-estudis\" data-toggle=\"tab\" aria-controls=\"nav-estudis\" aria-selected=\"false\">Pla d&#8217;Estudis<\/a><br \/>\n<a id=\"nav-continuitat-tab\" class=\"nav-item nav-link\" role=\"tab\" href=\"#nav-continuitat\" data-toggle=\"tab\" aria-controls=\"nav-continuitat\" aria-selected=\"false\">Continu\u00eftat<\/a><br \/>\n<a id=\"nav-material-tab\" class=\"nav-item nav-link\" role=\"tab\" href=\"#nav-material\" data-toggle=\"tab\" aria-controls=\"nav-material\" aria-selected=\"false\">Pagaments i material<\/a><\/div>\n<\/nav>\n<div id=\"nav-tabContent\" class=\"tab-content\">\n<div id=\"nav-acces\" class=\"tab-pane fade show active\" role=\"tabpanel\" aria-labelledby=\"nav-acces-tab\">\n<p>Per accedir al <strong>batxillerat<\/strong> cal tenir algun dels t\u00edtols seg\u00fcents:<\/p>\n<ul>\n<li>graduat en educaci\u00f3 secund\u00e0ria obligat\u00f2ria (<strong>ESO<\/strong>),<\/li>\n<li>t\u00e8cnic d\u2019un <strong>cicle formatiu<\/strong> de grau mitj\u00e0 o t\u00e8cnic superior d\u2019un cicle formatiu de grau superior (en aquests casos es pot demanar la convalidaci\u00f3 de mat\u00e8ries optatives i del treball de recerca),<\/li>\n<li>haver cursat estudis de sistemes educatius estrangers que hagin estat homologats al t\u00edtol d&#8217;ESO o al t\u00edtol de t\u00e8cnic. L&#8217;homologaci\u00f3 s&#8217;acredita mitjan\u00e7ant la credencial corresponent o b\u00e9, si aquesta encara est\u00e0 en tr\u00e0mit, presentant el<br \/>\n&#8220;Volant per a la inscripci\u00f3 condicional en centres educatius&#8221;.<\/li>\n<\/ul>\n<p>Per accedir per primera vegada cal formalitzar la <strong>preinscripci\u00f3<\/strong> en el termini fixat -veure <a href=\"https:\/\/agora.xtec.cat\/iesjtapiro\/preinscripcio-i-matricula-curs-2024-25\/preinscripcio-batxillerat-24-25\/\" target=\"_blank\" rel=\"noopener noreferrer\">Preincripci\u00f3 i matricula<\/a>-.<\/p>\n<\/div>\n<div id=\"nav-estudis\" class=\"tab-pane fade\" role=\"tabpanel\" aria-labelledby=\"nav-estudis-tab\">\n<h3>1r Curs<\/h3>\n<table style=\"width: 100.328%;\">\n<tbody>\n<tr style=\"height: 25px;\">\n<td style=\"width: 20%; height: 25px; text-align: center;\" colspan=\"2\"><span style=\"font-size: 12pt;\">Mat\u00e8ries Comunes<\/span><\/td>\n<td style=\"text-align: center; width: 50%; height: 25px;\" colspan=\"4\"><span style=\"font-size: 12pt;\">Mat\u00e8ries Optatives<\/span><\/td>\n<\/tr>\n<tr style=\"height: 44px;\">\n<td style=\"width: 10%; height: 44px;\"><strong>Llengua catalana i literatura<\/strong><\/td>\n<td style=\"width: 10%; height: 44px; text-align: center;\">2h<\/td>\n<td style=\"width: 15%; height: 44px;\"><strong>Mat\u00e8ria comuna d\u2019opci\u00f3<\/strong><\/td>\n<td style=\"width: 25%; height: 44px; text-align: center;\" colspan=\"2\">Matem\u00e0tiques I<\/td>\n<td style=\"width: 10%; height: 44px; text-align: center;\">4h<\/td>\n<\/tr>\n<tr style=\"height: 44px;\">\n<td style=\"width: 10%; height: 44px;\"><strong>Llengua castellana i literatura<\/strong><\/td>\n<td style=\"width: 10%; height: 44px; text-align: center;\">2h<\/td>\n<td style=\"width: 15%; height: 79px;\" rowspan=\"2\"><strong>Mat\u00e8ria de modalitat<\/strong><\/td>\n<td style=\"width: 11.4559%; height: 79px;\" rowspan=\"2\">escollir una de les dues<\/td>\n<td style=\"width: 13.5441%; height: 44px;\">Qu\u00edmica I<\/td>\n<td style=\"width: 10%; height: 44px; text-align: center;\">4h<\/td>\n<\/tr>\n<tr style=\"height: 35px;\">\n<td style=\"width: 10%; height: 35px;\"><strong>Llengua estrangera<\/strong><\/td>\n<td style=\"width: 10%; height: 35px; text-align: center;\">3h<\/td>\n<td style=\"width: 13.5441%; height: 35px;\">Dibuix t\u00e8cnic I<\/td>\n<td style=\"width: 10%; height: 35px; text-align: center;\">4h<\/td>\n<\/tr>\n<tr style=\"height: 29px;\">\n<td style=\"width: 10%; height: 29px;\"><strong>Educaci\u00f3 f\u00edsica<\/strong><\/td>\n<td style=\"width: 10%; height: 29px; text-align: center;\">2h<\/td>\n<td style=\"width: 15%; height: 63px;\" rowspan=\"2\"><strong>Mat\u00e8ria de modalitat<\/strong><\/td>\n<td style=\"width: 11.4559%; height: 63px;\" rowspan=\"2\">escollir una de les dues<\/td>\n<td style=\"width: 13.5441%; height: 29px;\">Biologia I<\/td>\n<td style=\"width: 10%; height: 29px; text-align: center;\">4h<\/td>\n<\/tr>\n<tr style=\"height: 34px;\">\n<td style=\"width: 10%; height: 34px;\"><strong>Filosofia<\/strong><\/td>\n<td style=\"width: 10%; height: 34px; text-align: center;\">2h<\/td>\n<td style=\"width: 13.5441%; height: 34px;\">Tecnologia industrial I<\/td>\n<td style=\"width: 10%; height: 34px; text-align: center;\">4h<\/td>\n<\/tr>\n<tr style=\"height: 33px;\">\n<td style=\"width: 10%; height: 39px;\" rowspan=\"2\"><strong>Ci\u00e8ncies per al m\u00f3n contemporani<\/strong><\/td>\n<td style=\"width: 10%; height: 39px; text-align: center;\" rowspan=\"2\">2h<\/td>\n<td style=\"width: 15%; height: 93px;\" rowspan=\"4\"><strong>Mat\u00e8ria de modalitat o espec\u00edfica<\/strong><\/td>\n<td style=\"width: 11.4559%; height: 93px;\" rowspan=\"4\">escollir una de les seg\u00fcents<\/td>\n<td style=\"width: 13.5441%; height: 33px;\">Ci\u00e8ncies de la Terra I<\/td>\n<td style=\"width: 10%; height: 33px; text-align: center;\">4h<\/td>\n<\/tr>\n<tr style=\"height: 6px;\">\n<td style=\"width: 13.5441%; height: 6px; text-align: left;\">F\u00edsica I<\/td>\n<td style=\"width: 10%; height: 6px; text-align: center;\">4h<\/td>\n<\/tr>\n<tr style=\"height: 33px;\">\n<td style=\"width: 10%; height: 54px; text-align: left;\" rowspan=\"2\"><strong>Tutoria <\/strong><\/td>\n<td style=\"width: 10%; height: 54px; text-align: center;\" rowspan=\"2\">1h<\/td>\n<td style=\"width: 13.5441%; height: 33px; text-align: left;\">Economia<\/td>\n<td style=\"width: 10%; height: 33px; text-align: center;\">4h<\/td>\n<\/tr>\n<tr style=\"height: 21px;\">\n<td style=\"width: 13.5441%; height: 21px; text-align: left;\">Revista \/ Inform\u00e0tica<\/td>\n<td style=\"width: 10%; height: 21px; text-align: center;\">2h + 2h<\/td>\n<\/tr>\n<tr style=\"height: 9px;\">\n<td style=\"width: 20%; height: 9px; text-align: center;\" colspan=\"2\"><strong>Total <\/strong><strong>14h<\/strong><\/td>\n<td style=\"width: 50%; height: 9px; text-align: center;\" colspan=\"4\"><strong>Total <\/strong><strong>16h<\/strong><\/td>\n<\/tr>\n<\/tbody>\n<\/table>\n<h3>2n Curs<\/h3>\n<table style=\"width: 100.655%;\">\n<tbody>\n<tr style=\"height: 25px;\">\n<td style=\"width: 27%; height: 25px; text-align: center;\" colspan=\"2\"><span style=\"font-size: 12pt;\">Mat\u00e8ries Comunes<\/span><\/td>\n<td style=\"text-align: center; width: 57%; height: 25px;\" colspan=\"4\"><span style=\"font-size: 12pt;\">Mat\u00e8ries Optatives<\/span><\/td>\n<\/tr>\n<tr style=\"height: 44px;\">\n<td style=\"width: 17%; height: 44px;\"><strong>Llengua catalana i literatura<\/strong><\/td>\n<td style=\"width: 10%; height: 44px; text-align: center;\">2h<\/td>\n<td style=\"width: 18.0858%; height: 44px;\"><strong>Mat\u00e8ria comuna d\u2019opci\u00f3<\/strong><\/td>\n<td style=\"width: 28.9142%; height: 44px; text-align: center;\" colspan=\"2\">Matem\u00e0tiques II<\/td>\n<td style=\"width: 10%; height: 44px; text-align: center;\">4h<\/td>\n<\/tr>\n<tr style=\"height: 50px;\">\n<td style=\"width: 17%; height: 50px;\"><strong>Llengua castellana i literatura<\/strong><\/td>\n<td style=\"width: 10%; height: 50px; text-align: center;\">2h<\/td>\n<td style=\"width: 18.0858%; height: 86px;\" rowspan=\"3\"><strong>Mat\u00e8ria de modalitat<\/strong><\/td>\n<td style=\"width: 12.9142%; height: 86px;\" rowspan=\"3\">escollir una de les tres<\/td>\n<td style=\"width: 16%; height: 50px;\">Qu\u00edmica II<\/td>\n<td style=\"width: 10%; height: 50px; text-align: center;\">4h<\/td>\n<\/tr>\n<tr style=\"height: 35px;\">\n<td style=\"width: 17%; height: 36px;\" rowspan=\"2\"><strong>Llengua estrangera<\/strong><\/td>\n<td style=\"width: 10%; height: 36px; text-align: center;\" rowspan=\"2\">3h<\/td>\n<td style=\"width: 16%; height: 35px;\">Dibuix t\u00e8cnic II<\/td>\n<td style=\"width: 10%; height: 35px; text-align: center;\">4h<\/td>\n<\/tr>\n<tr style=\"height: 1px;\">\n<td style=\"width: 16%; height: 1px;\">Electrot\u00e8cnia<\/td>\n<td style=\"width: 10%; height: 1px; text-align: center;\">4h<\/td>\n<\/tr>\n<tr style=\"height: 12px;\">\n<td style=\"width: 17%; height: 12px;\"><strong>Hist\u00f2ria<\/strong><\/td>\n<td style=\"width: 10%; height: 12px; text-align: center;\">3h<\/td>\n<td style=\"width: 18.0858%; height: 12px;\" rowspan=\"2\"><strong>Mat\u00e8ria de modalitat<\/strong><\/td>\n<td style=\"width: 12.9142%; height: 12px;\" rowspan=\"2\">escollir una de les dues<\/td>\n<td style=\"width: 16%; height: 12px;\">Biologia II<\/td>\n<td style=\"width: 10%; height: 12px; text-align: center;\">4h<\/td>\n<\/tr>\n<tr style=\"height: 36px;\">\n<td style=\"width: 17%; height: 36px;\"><strong>Hist\u00f2ria de la Filosofia<\/strong><\/td>\n<td style=\"width: 10%; height: 36px; text-align: center;\">3h<\/td>\n<td style=\"width: 16%; height: 36px;\">Tecnologia industrial II<\/td>\n<td style=\"width: 10%; height: 36px; text-align: center;\">4h<\/td>\n<\/tr>\n<tr style=\"height: 18px;\">\n<td style=\"width: 17%; height: 18px;\"><strong>Tutoria<\/strong><\/td>\n<td style=\"width: 10%; height: 18px; text-align: center;\">1h<\/td>\n<td style=\"width: 18.0858%; height: 67px;\" rowspan=\"3\"><strong>Mat\u00e8ria de modalitat o espec\u00edfica<\/strong><\/td>\n<td style=\"width: 12.9142%; height: 67px;\" rowspan=\"3\">escollir una de les seg\u00fcents<\/td>\n<td style=\"width: 16%; height: 18px;\">Ci\u00e8ncies de la Terra II<\/td>\n<td style=\"width: 10%; height: 18px; text-align: center;\">4h<\/td>\n<\/tr>\n<tr style=\"height: 28px;\">\n<td style=\"width: 17%; height: 49px; text-align: left;\" rowspan=\"2\"><strong>Treball de Recerca<br \/>\n<\/strong><\/td>\n<td style=\"width: 10%; height: 49px;\" rowspan=\"2\"><\/td>\n<td style=\"width: 16%; height: 28px;\">F\u00edsica II<\/td>\n<td style=\"width: 10%; height: 28px; text-align: center;\">4h<\/td>\n<\/tr>\n<tr style=\"height: 21px;\">\n<td style=\"width: 16%; height: 21px;\">Psicologia \/ Sociologia<\/td>\n<td style=\"width: 10%; height: 21px; text-align: center;\">2h +2h<\/td>\n<\/tr>\n<tr style=\"height: 9px;\">\n<td style=\"width: 27%; height: 9px; text-align: center;\" colspan=\"2\"><strong>Total <\/strong><strong>14h<\/strong><\/td>\n<td style=\"width: 57%; height: 9px; text-align: center;\" colspan=\"4\"><strong>Total <\/strong><strong>16h<\/strong><\/td>\n<\/tr>\n<\/tbody>\n<\/table>\n<\/div>\n<div id=\"nav-continuitat\" class=\"tab-pane fade\" role=\"tabpanel\" aria-labelledby=\"nav-continuitat-tab\">\n<p>Amb el t\u00edtol de batxiller o batxillera <strong>es pot accedir<\/strong>:<\/p>\n<ul>\n<li>a la <strong>universitat<\/strong> (un cop aprovades les proves d&#8217;acc\u00e9s),<\/li>\n<li>a un <strong>cicle formatiu de grau superior<\/strong> de formaci\u00f3 professional espec\u00edfica o d&#8217;arts pl\u00e0stiques i disseny (si hi ha m\u00e9s demanda que oferta, per accedir a determinats cicles t\u00e9 prioritat l&#8217;alumnat que ha cursat una modalitat<br \/>\nde batxillerat determinada),<\/li>\n<li>a un cicle formatiu de grau superior d\u2019ensenyaments esportius, si es tenen els requisits d\u2019acc\u00e9s (si hi ha m\u00e9s demanda que oferta, per accedir a determinats cicles t\u00e9 prioritat l&#8217;alumnat que ha cursat una modalitat de batxillerat determinada),<\/li>\n<li>als <strong>ensenyaments superiors art\u00edstics<\/strong> (un cop superada una prova espec\u00edfica d&#8217;acc\u00e9s) i<\/li>\n<li>al m\u00f3n laboral.<\/li>\n<\/ul>\n<\/div>\n<div id=\"nav-material\" class=\"tab-pane fade\" role=\"tabpanel\" aria-labelledby=\"nav-material-tab\">\n<h4>Pagament<\/h4>\n<ul>\n<li>Quota anunal \u00fanica de material i AMPA de 40\u20ac<\/li>\n<li>Aquelles assignatures que requerixen de llibres es poden sol\u00b7licitar a trav\u00e9s del servei de lloguer de llibre <a>Iddink<\/a>.<\/li>\n<\/ul>\n<\/div>\n<\/div>\n<p><script src=\"https:\/\/code.jquery.com\/jquery-3.3.1.slim.min.js\" integrity=\"sha384-q8i\/X+965DzO0rT7abK41JStQIAqVgRVzpbzo5smXKp4YfRvH+8abtTE1Pi6jizo\" crossorigin=\"anonymous\"><\/script><br \/>\n<script src=\"https:\/\/cdnjs.cloudflare.com\/ajax\/libs\/popper.js\/1.14.7\/umd\/popper.min.js\" integrity=\"sha384-UO2eT0CpHqdSJQ6hJty5KVphtPhzWj9WO1clHTMGa3JDZwrnQq4sF86dIHNDz0W1\" crossorigin=\"anonymous\"><\/script><br \/>\n<script src=\"https:\/\/stackpath.bootstrapcdn.com\/bootstrap\/4.3.1\/js\/bootstrap.min.js\" integrity=\"sha384-JjSmVgyd0p3pXB1rRibZUAYoIIy6OrQ6VrjIEaFf\/nJGzIxFDsf4x0xIM+B07jRM\" crossorigin=\"anonymous\"><\/script><\/p>\n<p>&nbsp;<\/p>\n","protected":false},"excerpt":{"rendered":"<p>La modalitat de ci\u00e8ncies i tecnologia s&#8217;adre\u00e7a a alumnes interessats per les ci\u00e8ncies experimentals, les matem\u00e0tiques, els estudis relacionats amb continguts cientificosanitaris i el m\u00f3n dels processos tecnol\u00f2gics i dels materials, instruments, aparells i m\u00e0quines que s&#8217;utilitzen en la producci\u00f3 de b\u00e9ns i serveis. Acc\u00e9s Pla d&#8217;Estudis Continu\u00eftat Pagaments i material Per accedir al batxillerat [&hellip;]<\/p>\n","protected":false},"author":1,"featured_media":0,"parent":2209,"menu_order":1,"comment_status":"closed","ping_status":"closed","template":"page-templates\/side-menu.php","meta":{"_bbp_topic_count":0,"_bbp_reply_count":0,"_bbp_total_topic_count":0,"_bbp_total_reply_count":0,"_bbp_voice_count":0,"_bbp_anonymous_reply_count":0,"_bbp_topic_count_hidden":0,"_bbp_reply_count_hidden":0,"_bbp_forum_subforum_count":0,"site-sidebar-layout":"default","site-content-layout":"","ast-site-content-layout":"","site-content-style":"default","site-sidebar-style":"default","ast-global-header-display":"","ast-banner-title-visibility":"","ast-main-header-display":"","ast-hfb-above-header-display":"","ast-hfb-below-header-display":"","ast-hfb-mobile-header-display":"","site-post-title":"","ast-breadcrumbs-content":"","ast-featured-img":"","footer-sml-layout":"","theme-transparent-header-meta":"","adv-header-id-meta":"","stick-header-meta":"","header-above-stick-meta":"","header-main-stick-meta":"","header-below-stick-meta":"","astra-migrate-meta-layouts":"default","ast-page-background-enabled":"default","ast-page-background-meta":{"desktop":{"background-color":"var(--ast-global-color-4)","background-image":"","background-repeat":"repeat","background-position":"center center","background-size":"auto","background-attachment":"scroll","background-type":"","background-media":"","overlay-type":"","overlay-color":"","overlay-opacity":"","overlay-gradient":""},"tablet":{"background-color":"","background-image":"","background-repeat":"repeat","background-position":"center center","background-size":"auto","background-attachment":"scroll","background-type":"","background-media":"","overlay-type":"","overlay-color":"","overlay-opacity":"","overlay-gradient":""},"mobile":{"background-color":"","background-image":"","background-repeat":"repeat","background-position":"center center","background-size":"auto","background-attachment":"scroll","background-type":"","background-media":"","overlay-type":"","overlay-color":"","overlay-opacity":"","overlay-gradient":""}},"ast-content-background-meta":{"desktop":{"background-color":"var(--ast-global-color-5)","background-image":"","background-repeat":"repeat","background-position":"center center","background-size":"auto","background-attachment":"scroll","background-type":"","background-media":"","overlay-type":"","overlay-color":"","overlay-opacity":"","overlay-gradient":""},"tablet":{"background-color":"var(--ast-global-color-5)","background-image":"","background-repeat":"repeat","background-position":"center center","background-size":"auto","background-attachment":"scroll","background-type":"","background-media":"","overlay-type":"","overlay-color":"","overlay-opacity":"","overlay-gradient":""},"mobile":{"background-color":"var(--ast-global-color-5)","background-image":"","background-repeat":"repeat","background-position":"center center","background-size":"auto","background-attachment":"scroll","background-type":"","background-media":"","overlay-type":"","overlay-color":"","overlay-opacity":"","overlay-gradient":""}},"footnotes":""},"class_list":["post-2291","page","type-page","status-publish","hentry"],"post_mailing_queue_ids":[],"_links":{"self":[{"href":"https:\/\/agora.xtec.cat\/iesjtapiro\/wp-json\/wp\/v2\/pages\/2291","targetHints":{"allow":["GET"]}}],"collection":[{"href":"https:\/\/agora.xtec.cat\/iesjtapiro\/wp-json\/wp\/v2\/pages"}],"about":[{"href":"https:\/\/agora.xtec.cat\/iesjtapiro\/wp-json\/wp\/v2\/types\/page"}],"author":[{"embeddable":true,"href":"https:\/\/agora.xtec.cat\/iesjtapiro\/wp-json\/wp\/v2\/users\/1"}],"replies":[{"embeddable":true,"href":"https:\/\/agora.xtec.cat\/iesjtapiro\/wp-json\/wp\/v2\/comments?post=2291"}],"version-history":[{"count":3,"href":"https:\/\/agora.xtec.cat\/iesjtapiro\/wp-json\/wp\/v2\/pages\/2291\/revisions"}],"predecessor-version":[{"id":13018,"href":"https:\/\/agora.xtec.cat\/iesjtapiro\/wp-json\/wp\/v2\/pages\/2291\/revisions\/13018"}],"up":[{"embeddable":true,"href":"https:\/\/agora.xtec.cat\/iesjtapiro\/wp-json\/wp\/v2\/pages\/2209"}],"wp:attachment":[{"href":"https:\/\/agora.xtec.cat\/iesjtapiro\/wp-json\/wp\/v2\/media?parent=2291"}],"curies":[{"name":"wp","href":"https:\/\/api.w.org\/{rel}","templated":true}]}}