{"id":2289,"date":"2017-11-19T22:22:10","date_gmt":"2017-11-19T21:22:10","guid":{"rendered":"http:\/\/agora.xtec.cat\/iesjtapiro\/?page_id=2289"},"modified":"2024-05-09T23:48:29","modified_gmt":"2024-05-09T21:48:29","slug":"bat-humanitats-i-c-socials","status":"publish","type":"page","link":"https:\/\/agora.xtec.cat\/iesjtapiro\/estudis\/batxillerat\/bat-humanitats-i-c-socials\/","title":{"rendered":"Batxillerat d&#8217;Humanitats i Ci\u00e8ncies Socials"},"content":{"rendered":"<p class=\"py-4\">La modalitat d&#8217;humanitats i ci\u00e8ncies socials s&#8217;adre\u00e7a a alumnes amb inquietuds relacionades amb els estudis ling\u00fc\u00edstics i literaris, la filosofia, les manifestacions culturals, les ci\u00e8ncies socials jur\u00eddiques, pol\u00edtiques i econ\u00f2miques, la gesti\u00f3 i administraci\u00f3 p\u00fablica la comunicaci\u00f3, les relacions p\u00fabliques, la publicitat, el turisme i altres serveis d&#8217;oci.<\/p>\n<nav>\n<div id=\"nav-tab\" class=\"nav nav-tabs\" role=\"tablist\"><a id=\"nav-acces-tab\" class=\"nav-item nav-link active\" role=\"tab\" href=\"#nav-acces\" data-toggle=\"tab\" aria-controls=\"nav-acces\" aria-selected=\"true\">Acc\u00e9s<\/a><br \/>\n<a id=\"nav-estudis-tab\" class=\"nav-item nav-link\" role=\"tab\" href=\"#nav-estudis\" data-toggle=\"tab\" aria-controls=\"nav-estudis\" aria-selected=\"false\">Pla d&#8217;Estudis<\/a><br \/>\n<a id=\"nav-continuitat-tab\" class=\"nav-item nav-link\" role=\"tab\" href=\"#nav-continuitat\" data-toggle=\"tab\" aria-controls=\"nav-continuitat\" aria-selected=\"false\">Continu\u00eftat<\/a><br \/>\n<a id=\"nav-material-tab\" class=\"nav-item nav-link\" role=\"tab\" href=\"#nav-material\" data-toggle=\"tab\" aria-controls=\"nav-material\" aria-selected=\"false\">Pagaments i material<\/a><\/div>\n<\/nav>\n<div id=\"nav-tabContent\" class=\"tab-content\">\n<div id=\"nav-acces\" class=\"tab-pane fade show active\" role=\"tabpanel\" aria-labelledby=\"nav-acces-tab\">\n<p>Per accedir al <strong>batxillerat<\/strong> cal tenir algun dels t\u00edtols seg\u00fcents:<\/p>\n<ul>\n<li>graduat en educaci\u00f3 secund\u00e0ria obligat\u00f2ria (<strong>ESO<\/strong>),<\/li>\n<li>t\u00e8cnic d\u2019un <strong>cicle formatiu<\/strong> de grau mitj\u00e0 o t\u00e8cnic superior d\u2019un cicle formatiu de grau superior (en aquests casos es pot demanar la convalidaci\u00f3 de mat\u00e8ries optatives i del treball de recerca),<\/li>\n<li>haver cursat estudis de sistemes educatius estrangers que hagin estat homologats al t\u00edtol d&#8217;ESO o al t\u00edtol de t\u00e8cnic. L&#8217;homologaci\u00f3 s&#8217;acredita mitjan\u00e7ant la credencial corresponent o b\u00e9, si aquesta encara est\u00e0 en tr\u00e0mit, presentant el<br \/>\n&#8220;Volant per a la inscripci\u00f3 condicional en centres educatius&#8221;.<\/li>\n<\/ul>\n<p>Per accedir per primera vegada cal formalitzar la <strong>preinscripci\u00f3<\/strong> en el termini fixat -veure <a href=\"https:\/\/agora.xtec.cat\/iesjtapiro\/preinscripcio-i-matricula-curs-2024-25\/preinscripcio-batxillerat-24-25\/\" target=\"_blank\" rel=\"noopener noreferrer\">Preincripci\u00f3 i matricula<\/a>-.<\/p>\n<\/div>\n<div id=\"nav-estudis\" class=\"tab-pane fade\" role=\"tabpanel\" aria-labelledby=\"nav-estudis-tab\">\n<h3>1r Curs<\/h3>\n<table style=\"width: 100.546%;\">\n<tbody>\n<tr style=\"height: 25px;\">\n<td style=\"width: 28%; height: 25px; text-align: center;\" colspan=\"2\"><span style=\"font-size: 12pt;\">Mat\u00e8ries Comunes<\/span><\/td>\n<td style=\"text-align: center; width: 78%; height: 25px;\" colspan=\"4\"><span style=\"font-size: 12pt;\">Mat\u00e8ries Optatives<\/span><\/td>\n<\/tr>\n<tr style=\"height: 33px;\">\n<td style=\"width: 18%; height: 68px;\" rowspan=\"2\"><strong>Llengua catalana i literatura<\/strong><\/td>\n<td style=\"width: 10%; height: 68px; text-align: center;\" rowspan=\"2\">2h<\/td>\n<td style=\"width: 21%; height: 68px;\" rowspan=\"2\"><strong>Mat\u00e8ria comuna d\u2019opci\u00f3<\/strong><\/td>\n<td style=\"width: 38%; height: 33px; text-align: center;\" colspan=\"2\">Bat. Human\u00edstic: Llat\u00ed I<\/td>\n<td style=\"width: 19%; height: 33px; text-align: center;\">4h<\/td>\n<\/tr>\n<tr style=\"height: 35px;\">\n<td style=\"width: 38%; height: 35px; text-align: center;\" colspan=\"2\">Bat. Social: Economia de l&#8217;empresa I<\/td>\n<td style=\"width: 19%; height: 35px; text-align: center;\">4h<\/td>\n<\/tr>\n<tr style=\"height: 26px;\">\n<td style=\"width: 18%; height: 26px;\"><strong>Llengua castellana i literatura<\/strong><\/td>\n<td style=\"width: 10%; height: 26px; text-align: center;\">2h<\/td>\n<td style=\"width: 21%; height: 63px;\" rowspan=\"2\"><strong>Mat\u00e8ria de modalitat<\/strong><\/td>\n<td style=\"width: 16.6113%; height: 63px;\" rowspan=\"2\">escollir una de les dues<\/td>\n<td style=\"width: 21.3887%; height: 26px;\">Grec I<\/td>\n<td style=\"width: 19%; height: 26px; text-align: center;\">4h<\/td>\n<\/tr>\n<tr style=\"height: 37px;\">\n<td style=\"width: 18%; height: 37px;\"><strong>Llengua estrangera<\/strong><\/td>\n<td style=\"width: 10%; height: 37px; text-align: center;\">3h<\/td>\n<td style=\"width: 21.3887%; height: 37px;\">Matem\u00e0tiques CCSS I*<\/td>\n<td style=\"width: 19%; height: 37px; text-align: center;\">4h<\/td>\n<\/tr>\n<tr style=\"height: 41px;\">\n<td style=\"width: 18%; height: 41px;\"><strong>Educaci\u00f3 f\u00edsica<\/strong><\/td>\n<td style=\"width: 10%; height: 41px; text-align: center;\">3h<\/td>\n<td style=\"width: 21%; height: 54px;\" rowspan=\"2\"><strong>Mat\u00e8ria de modalitat<\/strong><\/td>\n<td style=\"width: 16.6113%; height: 54px;\" rowspan=\"2\">escollir una de les dues<\/td>\n<td style=\"width: 21.3887%; height: 41px;\">Literatura Castellana<\/td>\n<td style=\"width: 19%; height: 41px; text-align: center;\">4h<\/td>\n<\/tr>\n<tr style=\"height: 13px;\">\n<td style=\"width: 18%; height: 13px; text-align: left;\"><strong>Filosofia<\/strong><\/td>\n<td style=\"width: 10%; height: 13px; text-align: center;\">2h<\/td>\n<td style=\"width: 21.3887%; height: 13px;\">Hist\u00f2ria del m\u00f3n contemporani<\/td>\n<td style=\"width: 19%; height: 13px; text-align: center;\">4h<\/td>\n<\/tr>\n<tr style=\"height: 20px;\">\n<td style=\"width: 18%; height: 20px;\"><strong>Ci\u00e8ncies per al m\u00f3n contemporani<\/strong><\/td>\n<td style=\"width: 10%; height: 20px; text-align: center;\">2h<\/td>\n<td style=\"width: 21%; height: 37px; text-align: left;\" rowspan=\"2\"><strong>Mat\u00e8ria modalitat o<br \/>\nespec\u00edfica<\/strong><\/td>\n<td style=\"width: 16.6113%; height: 37px; text-align: left;\" rowspan=\"2\">escollir una de les dues<\/td>\n<td style=\"width: 21.3887%; height: 20px; text-align: left;\">Economia<\/td>\n<td style=\"width: 19%; height: 20px; text-align: center;\">4h<\/td>\n<\/tr>\n<tr style=\"height: 17px;\">\n<td style=\"width: 18%; height: 17px;\"><strong>Tutoria<\/strong><\/td>\n<td style=\"width: 10%; height: 17px; text-align: center;\">1h<\/td>\n<td style=\"width: 21.3887%; height: 17px; text-align: left;\">Revista \/ Inform\u00e0tica<\/td>\n<td style=\"width: 19%; height: 17px; text-align: center;\">2h + 2h<\/td>\n<\/tr>\n<tr style=\"height: 9px;\">\n<td style=\"width: 28%; height: 9px; text-align: center;\" colspan=\"2\"><strong>Total<br \/>\n<\/strong><strong>14h<\/strong><\/td>\n<td style=\"width: 78%; height: 9px; text-align: center;\" colspan=\"4\"><strong>Total<br \/>\n<\/strong><strong>16h<\/strong><\/td>\n<\/tr>\n<\/tbody>\n<\/table>\n<p>*<em>mat\u00e8ria obligat\u00f2ria per als alumnes del batxillerat social<\/em><\/p>\n<h3>2n Curs<\/h3>\n<table style=\"width: 100.655%;\">\n<tbody>\n<tr style=\"height: 25px;\">\n<td style=\"width: 27%; height: 25px; text-align: center;\" colspan=\"2\"><span style=\"font-size: 12pt;\">Mat\u00e8ries Comunes<\/span><\/td>\n<td style=\"text-align: center; width: 63.8438%; height: 25px;\" colspan=\"4\"><span style=\"font-size: 12pt;\">Mat\u00e8ries Optatives<\/span><\/td>\n<\/tr>\n<tr style=\"height: 17px;\">\n<td style=\"width: 17%; height: 24px;\" rowspan=\"2\"><strong>Llengua catalana i literatura<\/strong><\/td>\n<td style=\"width: 10%; height: 24px; text-align: center;\" rowspan=\"2\">2h<\/td>\n<td style=\"width: 17%; height: 24px;\" rowspan=\"2\"><strong>Mat\u00e8ria comuna d\u2019opci\u00f3<\/strong><\/td>\n<td style=\"width: 36.8438%; height: 17px; text-align: center;\" colspan=\"2\">Bat. Human\u00edstic: Llat\u00ed II<\/td>\n<td style=\"width: 10%; height: 17px; text-align: center;\">4h<\/td>\n<\/tr>\n<tr style=\"height: 7px;\">\n<td style=\"width: 36.8438%; height: 7px; text-align: center;\" colspan=\"2\">Bat. Social: Economia de l&#8217;empresa II<\/td>\n<td style=\"width: 10%; height: 7px; text-align: center;\">4h<\/td>\n<\/tr>\n<tr style=\"height: 50px;\">\n<td style=\"width: 17%; height: 50px;\"><strong>Llengua castellana i literatura<\/strong><\/td>\n<td style=\"width: 10%; height: 50px; text-align: center;\">2h<\/td>\n<td style=\"width: 17%; height: 88px;\" rowspan=\"2\"><strong>Mat\u00e8ria de modalitat<\/strong><\/td>\n<td style=\"width: 15%; height: 88px;\" rowspan=\"2\">escollir una de les dues<\/td>\n<td style=\"width: 21.8438%; height: 50px;\">Grec II<\/td>\n<td style=\"width: 10%; height: 50px; text-align: center;\">4h<\/td>\n<\/tr>\n<tr style=\"height: 38px;\">\n<td style=\"width: 17%; height: 38px;\"><strong>Llengua estrangera<\/strong><\/td>\n<td style=\"width: 10%; height: 38px; text-align: center;\">3h<\/td>\n<td style=\"width: 21.8438%; height: 38px;\">Matem\u00e0tiques CCSS II*<\/td>\n<td style=\"width: 10%; height: 38px; text-align: center;\">4h<\/td>\n<\/tr>\n<tr style=\"height: 29px;\">\n<td style=\"width: 17%; height: 29px;\"><strong>Hist\u00f2ria<\/strong><\/td>\n<td style=\"width: 10%; height: 29px; text-align: center;\">3h<\/td>\n<td style=\"width: 17%; height: 68px;\" rowspan=\"2\"><strong>Mat\u00e8ria de modalitat<\/strong><\/td>\n<td style=\"width: 15%; height: 68px;\" rowspan=\"2\">escollir una de les dues<\/td>\n<td style=\"width: 21.8438%; height: 29px;\">Geografia<\/td>\n<td style=\"width: 10%; height: 29px; text-align: center;\">4h<\/td>\n<\/tr>\n<tr style=\"height: 39px;\">\n<td style=\"width: 17%; height: 39px;\"><strong>Hist\u00f2ria de la Filosofia<\/strong><\/td>\n<td style=\"width: 10%; height: 39px; text-align: center;\">3h<\/td>\n<td style=\"width: 21.8438%; height: 39px;\">Literatura Catalana<\/td>\n<td style=\"width: 10%; height: 39px; text-align: center;\">4h<\/td>\n<\/tr>\n<tr style=\"height: 23px;\">\n<td style=\"width: 17%; height: 23px;\"><strong>Tutoria<\/strong><\/td>\n<td style=\"width: 10%; height: 23px; text-align: center;\">1h<\/td>\n<td style=\"width: 10%; height: 43px;\" rowspan=\"2\"><strong>Mat\u00e8ria de modalitat o espec\u00edfica<\/strong><\/td>\n<td style=\"width: 10%; height: 43px;\" rowspan=\"2\">escollir una de les dues<\/td>\n<td style=\"width: 21.8438%; height: 23px;\">Hist\u00f2ria de l&#8217;Art<\/td>\n<td style=\"width: 10%; height: 23px; text-align: center;\">4h<\/td>\n<\/tr>\n<tr style=\"height: 20px;\">\n<td style=\"width: 17%; height: 20px;\"><strong>Treball de Recerca<br \/>\n<\/strong><\/td>\n<td style=\"width: 10%; height: 20px; text-align: center;\"><\/td>\n<td style=\"width: 10%; height: 20px;\">Psicologia \/ Sociologia<\/td>\n<td style=\"width: 10%; height: 20px; text-align: center;\">2h + 2h<\/td>\n<\/tr>\n<tr style=\"height: 3px;\">\n<td style=\"width: 17%; height: 3px; text-align: center;\" colspan=\"2\"><strong>Total<br \/>\n<\/strong><strong>14h<\/strong><\/td>\n<td style=\"width: 32%; height: 3px; text-align: center;\" colspan=\"4\"><strong>Total<br \/>\n<\/strong><strong>16h<\/strong><\/td>\n<\/tr>\n<\/tbody>\n<\/table>\n<p>*<em>mat\u00e8ria obligat\u00f2ria per als alumnes del batxillerat social<\/em><\/p>\n<\/div>\n<div id=\"nav-continuitat\" class=\"tab-pane fade\" role=\"tabpanel\" aria-labelledby=\"nav-continuitat-tab\">\n<p>Amb el t\u00edtol de batxiller o batxillera <strong>es pot accedir<\/strong>:<\/p>\n<ul>\n<li>a la <strong>universitat<\/strong> (un cop aprovades les proves d&#8217;acc\u00e9s),<\/li>\n<li>a un <strong>cicle formatiu de grau superior<\/strong> de formaci\u00f3 professional espec\u00edfica o d&#8217;arts pl\u00e0stiques i disseny (si hi ha m\u00e9s demanda que oferta, per accedir a determinats cicles t\u00e9 prioritat l&#8217;alumnat que ha cursat una modalitat<br \/>\nde batxillerat determinada),<\/li>\n<li>a un cicle formatiu de grau superior d\u2019ensenyaments esportius, si es tenen els requisits d\u2019acc\u00e9s (si hi ha m\u00e9s demanda que oferta, per accedir a determinats cicles t\u00e9 prioritat l&#8217;alumnat que ha cursat una modalitat de batxillerat determinada),<\/li>\n<li>als <strong>ensenyaments superiors art\u00edstics<\/strong> (un cop superada una prova espec\u00edfica d&#8217;acc\u00e9s) i<\/li>\n<li>al m\u00f3n laboral.<\/li>\n<\/ul>\n<\/div>\n<div id=\"nav-material\" class=\"tab-pane fade\" role=\"tabpanel\" aria-labelledby=\"nav-material-tab\">\n<h4>Pagament<\/h4>\n<ul>\n<li>Quota anunal \u00fanica de material i AMPA de 40\u20ac<\/li>\n<li>Aquelles assignatures que requerixen de llibres es poden sol\u00b7licitar a trav\u00e9s del servei de lloguer de llibre <a>Iddink<\/a>.<\/li>\n<\/ul>\n<\/div>\n<\/div>\n<p><script src=\"https:\/\/code.jquery.com\/jquery-3.3.1.slim.min.js\" integrity=\"sha384-q8i\/X+965DzO0rT7abK41JStQIAqVgRVzpbzo5smXKp4YfRvH+8abtTE1Pi6jizo\" crossorigin=\"anonymous\"><\/script><br \/>\n<script src=\"https:\/\/cdnjs.cloudflare.com\/ajax\/libs\/popper.js\/1.14.7\/umd\/popper.min.js\" integrity=\"sha384-UO2eT0CpHqdSJQ6hJty5KVphtPhzWj9WO1clHTMGa3JDZwrnQq4sF86dIHNDz0W1\" crossorigin=\"anonymous\"><\/script><br \/>\n<script src=\"https:\/\/stackpath.bootstrapcdn.com\/bootstrap\/4.3.1\/js\/bootstrap.min.js\" integrity=\"sha384-JjSmVgyd0p3pXB1rRibZUAYoIIy6OrQ6VrjIEaFf\/nJGzIxFDsf4x0xIM+B07jRM\" crossorigin=\"anonymous\"><\/script><\/p>\n<p>&nbsp;<\/p>\n","protected":false},"excerpt":{"rendered":"<p>La modalitat d&#8217;humanitats i ci\u00e8ncies socials s&#8217;adre\u00e7a a alumnes amb inquietuds relacionades amb els estudis ling\u00fc\u00edstics i literaris, la filosofia, les manifestacions culturals, les ci\u00e8ncies socials jur\u00eddiques, pol\u00edtiques i econ\u00f2miques, la gesti\u00f3 i administraci\u00f3 p\u00fablica la comunicaci\u00f3, les relacions p\u00fabliques, la publicitat, el turisme i altres serveis d&#8217;oci. Acc\u00e9s Pla d&#8217;Estudis Continu\u00eftat Pagaments i material [&hellip;]<\/p>\n","protected":false},"author":1,"featured_media":0,"parent":2209,"menu_order":0,"comment_status":"closed","ping_status":"closed","template":"page-templates\/side-menu.php","meta":{"_bbp_topic_count":0,"_bbp_reply_count":0,"_bbp_total_topic_count":0,"_bbp_total_reply_count":0,"_bbp_voice_count":0,"_bbp_anonymous_reply_count":0,"_bbp_topic_count_hidden":0,"_bbp_reply_count_hidden":0,"_bbp_forum_subforum_count":0,"site-sidebar-layout":"default","site-content-layout":"","ast-site-content-layout":"","site-content-style":"default","site-sidebar-style":"default","ast-global-header-display":"","ast-banner-title-visibility":"","ast-main-header-display":"","ast-hfb-above-header-display":"","ast-hfb-below-header-display":"","ast-hfb-mobile-header-display":"","site-post-title":"","ast-breadcrumbs-content":"","ast-featured-img":"","footer-sml-layout":"","theme-transparent-header-meta":"","adv-header-id-meta":"","stick-header-meta":"","header-above-stick-meta":"","header-main-stick-meta":"","header-below-stick-meta":"","astra-migrate-meta-layouts":"default","ast-page-background-enabled":"default","ast-page-background-meta":{"desktop":{"background-color":"var(--ast-global-color-4)","background-image":"","background-repeat":"repeat","background-position":"center center","background-size":"auto","background-attachment":"scroll","background-type":"","background-media":"","overlay-type":"","overlay-color":"","overlay-opacity":"","overlay-gradient":""},"tablet":{"background-color":"","background-image":"","background-repeat":"repeat","background-position":"center center","background-size":"auto","background-attachment":"scroll","background-type":"","background-media":"","overlay-type":"","overlay-color":"","overlay-opacity":"","overlay-gradient":""},"mobile":{"background-color":"","background-image":"","background-repeat":"repeat","background-position":"center center","background-size":"auto","background-attachment":"scroll","background-type":"","background-media":"","overlay-type":"","overlay-color":"","overlay-opacity":"","overlay-gradient":""}},"ast-content-background-meta":{"desktop":{"background-color":"var(--ast-global-color-5)","background-image":"","background-repeat":"repeat","background-position":"center center","background-size":"auto","background-attachment":"scroll","background-type":"","background-media":"","overlay-type":"","overlay-color":"","overlay-opacity":"","overlay-gradient":""},"tablet":{"background-color":"var(--ast-global-color-5)","background-image":"","background-repeat":"repeat","background-position":"center center","background-size":"auto","background-attachment":"scroll","background-type":"","background-media":"","overlay-type":"","overlay-color":"","overlay-opacity":"","overlay-gradient":""},"mobile":{"background-color":"var(--ast-global-color-5)","background-image":"","background-repeat":"repeat","background-position":"center center","background-size":"auto","background-attachment":"scroll","background-type":"","background-media":"","overlay-type":"","overlay-color":"","overlay-opacity":"","overlay-gradient":""}},"footnotes":""},"class_list":["post-2289","page","type-page","status-publish","hentry"],"post_mailing_queue_ids":[],"_links":{"self":[{"href":"https:\/\/agora.xtec.cat\/iesjtapiro\/wp-json\/wp\/v2\/pages\/2289","targetHints":{"allow":["GET"]}}],"collection":[{"href":"https:\/\/agora.xtec.cat\/iesjtapiro\/wp-json\/wp\/v2\/pages"}],"about":[{"href":"https:\/\/agora.xtec.cat\/iesjtapiro\/wp-json\/wp\/v2\/types\/page"}],"author":[{"embeddable":true,"href":"https:\/\/agora.xtec.cat\/iesjtapiro\/wp-json\/wp\/v2\/users\/1"}],"replies":[{"embeddable":true,"href":"https:\/\/agora.xtec.cat\/iesjtapiro\/wp-json\/wp\/v2\/comments?post=2289"}],"version-history":[{"count":5,"href":"https:\/\/agora.xtec.cat\/iesjtapiro\/wp-json\/wp\/v2\/pages\/2289\/revisions"}],"predecessor-version":[{"id":13017,"href":"https:\/\/agora.xtec.cat\/iesjtapiro\/wp-json\/wp\/v2\/pages\/2289\/revisions\/13017"}],"up":[{"embeddable":true,"href":"https:\/\/agora.xtec.cat\/iesjtapiro\/wp-json\/wp\/v2\/pages\/2209"}],"wp:attachment":[{"href":"https:\/\/agora.xtec.cat\/iesjtapiro\/wp-json\/wp\/v2\/media?parent=2289"}],"curies":[{"name":"wp","href":"https:\/\/api.w.org\/{rel}","templated":true}]}}