{"id":2244,"date":"2017-11-17T23:21:05","date_gmt":"2017-11-17T22:21:05","guid":{"rendered":"http:\/\/agora.xtec.cat\/iesjtapiro\/?page_id=2244"},"modified":"2019-08-11T16:30:29","modified_gmt":"2019-08-11T14:30:29","slug":"perfil-del-contractant","status":"publish","type":"page","link":"https:\/\/agora.xtec.cat\/iesjtapiro\/secretaria\/perfil-del-contractant\/","title":{"rendered":"Perfil del contractant"},"content":{"rendered":"<p><strong>Actualment no hi ha cap concurs d&#8217;adjudicaci\u00f3 obert al centre.<\/strong><\/p>\n<hr>\n<p><\/p>\n<table style=\"margin: 0px auto; width: 80%;\">\n<tbody>\n<tr>\n<td style=\"width: 151px; text-align: center;\"><span style=\"font-size: 12pt;\"><strong>Concurs<\/strong><\/span><\/td>\n<td style=\"width: 177px; text-align: center;\"><span style=\"font-size: 12pt;\"><strong>Terminis<\/strong><\/span><\/td>\n<td style=\"text-align: center; width: 111px;\"><span style=\"font-size: 12pt;\"><strong>Estat<\/strong><\/span><\/td>\n<td style=\"text-align: center; width: 284px;\"><span style=\"font-size: 12pt;\"><strong>Documents<\/strong><\/span><\/td>\n<td style=\"text-align: center; width: 197px;\"><span style=\"font-size: 12pt;\"><strong>Resoluci\u00f3<\/strong><\/span><\/td>\n<\/tr>\n<tr>\n<td style=\"width: 151px;\">Servei de neteja<\/td>\n<td style=\"width: 177px; text-align: left;\">fins el 11 de desembre<\/td>\n<td style=\"width: 111px; text-align: center;\"><span style=\"color: #ff0000;\">TANCAT<\/span><\/td>\n<td style=\"width: 284px;\"><a href=\"https:\/\/drive.google.com\/file\/d\/102q7aSrHd0iNNavPWOV43ShqEaAhIEET\/view?usp=sharing\" target=\"_blank\" rel=\"noopener noreferrer\">Anunci de licitaci\u00f3<\/a><\/p>\n<p><a href=\"https:\/\/drive.google.com\/open?id=1Y2YRmqxK_C-imV3g-xlaFCUqbp0KNHT-\" target=\"_blank\" rel=\"noopener noreferrer\">Plec de cl\u00e0usules administratives<\/a><\/p>\n<p><a href=\"https:\/\/drive.google.com\/open?id=1YIyKPu4gns6K3GtEef09nYogFKgO-KDm\" target=\"_blank\" rel=\"noopener noreferrer\">Prescripcions t\u00e8cniques<\/a><\/td>\n<td style=\"width: 197px; text-align: left;\"><a href=\"https:\/\/drive.google.com\/file\/d\/1fbWTWl9f3AfnVlHJHDnuh7S84c4YTkgc\/view?usp=sharing\" target=\"_blank\" rel=\"noopener noreferrer\">Informe t\u00e8cnic<\/a><\/p>\n<p><a href=\"https:\/\/drive.google.com\/open?id=1_OKSydqqx5twPAxM3xHaQYJOmTg1VzjF\" target=\"_blank\" rel=\"noopener noreferrer\">Resoluci\u00f3 adjudicaci\u00f3<\/a><\/td>\n<\/tr>\n<\/tbody>\n<\/table>\n<p>&nbsp;<\/p>\n<p><span style=\"font-size: 10pt;\"><em>\u00a0<\/em><\/span><\/p>\n","protected":false},"excerpt":{"rendered":"<p>Actualment no hi ha cap concurs d&#8217;adjudicaci\u00f3 obert al centre. Concurs Terminis Estat Documents Resoluci\u00f3 Servei de neteja fins el 11 de desembre TANCAT Anunci de licitaci\u00f3 Plec de cl\u00e0usules administratives Prescripcions t\u00e8cniques Informe t\u00e8cnic Resoluci\u00f3 adjudicaci\u00f3 &nbsp; \u00a0<\/p>\n","protected":false},"author":1,"featured_media":0,"parent":81,"menu_order":4,"comment_status":"closed","ping_status":"closed","template":"page-templates\/side-menu.php","meta":{"_bbp_topic_count":0,"_bbp_reply_count":0,"_bbp_total_topic_count":0,"_bbp_total_reply_count":0,"_bbp_voice_count":0,"_bbp_anonymous_reply_count":0,"_bbp_topic_count_hidden":0,"_bbp_reply_count_hidden":0,"_bbp_forum_subforum_count":0,"site-sidebar-layout":"default","site-content-layout":"","ast-site-content-layout":"","site-content-style":"default","site-sidebar-style":"default","ast-global-header-display":"","ast-banner-title-visibility":"","ast-main-header-display":"","ast-hfb-above-header-display":"","ast-hfb-below-header-display":"","ast-hfb-mobile-header-display":"","site-post-title":"","ast-breadcrumbs-content":"","ast-featured-img":"","footer-sml-layout":"","theme-transparent-header-meta":"","adv-header-id-meta":"","stick-header-meta":"","header-above-stick-meta":"","header-main-stick-meta":"","header-below-stick-meta":"","astra-migrate-meta-layouts":"default","ast-page-background-enabled":"default","ast-page-background-meta":{"desktop":{"background-color":"var(--ast-global-color-4)","background-image":"","background-repeat":"repeat","background-position":"center center","background-size":"auto","background-attachment":"scroll","background-type":"","background-media":"","overlay-type":"","overlay-color":"","overlay-opacity":"","overlay-gradient":""},"tablet":{"background-color":"","background-image":"","background-repeat":"repeat","background-position":"center center","background-size":"auto","background-attachment":"scroll","background-type":"","background-media":"","overlay-type":"","overlay-color":"","overlay-opacity":"","overlay-gradient":""},"mobile":{"background-color":"","background-image":"","background-repeat":"repeat","background-position":"center center","background-size":"auto","background-attachment":"scroll","background-type":"","background-media":"","overlay-type":"","overlay-color":"","overlay-opacity":"","overlay-gradient":""}},"ast-content-background-meta":{"desktop":{"background-color":"var(--ast-global-color-5)","background-image":"","background-repeat":"repeat","background-position":"center center","background-size":"auto","background-attachment":"scroll","background-type":"","background-media":"","overlay-type":"","overlay-color":"","overlay-opacity":"","overlay-gradient":""},"tablet":{"background-color":"var(--ast-global-color-5)","background-image":"","background-repeat":"repeat","background-position":"center center","background-size":"auto","background-attachment":"scroll","background-type":"","background-media":"","overlay-type":"","overlay-color":"","overlay-opacity":"","overlay-gradient":""},"mobile":{"background-color":"var(--ast-global-color-5)","background-image":"","background-repeat":"repeat","background-position":"center center","background-size":"auto","background-attachment":"scroll","background-type":"","background-media":"","overlay-type":"","overlay-color":"","overlay-opacity":"","overlay-gradient":""}},"footnotes":""},"class_list":["post-2244","page","type-page","status-publish","hentry"],"post_mailing_queue_ids":[],"_links":{"self":[{"href":"https:\/\/agora.xtec.cat\/iesjtapiro\/wp-json\/wp\/v2\/pages\/2244","targetHints":{"allow":["GET"]}}],"collection":[{"href":"https:\/\/agora.xtec.cat\/iesjtapiro\/wp-json\/wp\/v2\/pages"}],"about":[{"href":"https:\/\/agora.xtec.cat\/iesjtapiro\/wp-json\/wp\/v2\/types\/page"}],"author":[{"embeddable":true,"href":"https:\/\/agora.xtec.cat\/iesjtapiro\/wp-json\/wp\/v2\/users\/1"}],"replies":[{"embeddable":true,"href":"https:\/\/agora.xtec.cat\/iesjtapiro\/wp-json\/wp\/v2\/comments?post=2244"}],"version-history":[{"count":4,"href":"https:\/\/agora.xtec.cat\/iesjtapiro\/wp-json\/wp\/v2\/pages\/2244\/revisions"}],"predecessor-version":[{"id":4549,"href":"https:\/\/agora.xtec.cat\/iesjtapiro\/wp-json\/wp\/v2\/pages\/2244\/revisions\/4549"}],"up":[{"embeddable":true,"href":"https:\/\/agora.xtec.cat\/iesjtapiro\/wp-json\/wp\/v2\/pages\/81"}],"wp:attachment":[{"href":"https:\/\/agora.xtec.cat\/iesjtapiro\/wp-json\/wp\/v2\/media?parent=2244"}],"curies":[{"name":"wp","href":"https:\/\/api.w.org\/{rel}","templated":true}]}}