{"id":2212,"date":"2017-11-17T18:52:48","date_gmt":"2017-11-17T17:52:48","guid":{"rendered":"http:\/\/agora.xtec.cat\/iesjtapiro\/?page_id=2212"},"modified":"2025-07-10T19:24:00","modified_gmt":"2025-07-10T17:24:00","slug":"cicles-formatius","status":"publish","type":"page","link":"https:\/\/agora.xtec.cat\/iesjtapiro\/estudis\/cicles-formatius\/","title":{"rendered":"Cicles formatius"},"content":{"rendered":"\n<p>La formaci\u00f3 professional capacita per l&#8217;exercici de diverses professions i proporciona la formaci\u00f3 necess\u00e0ria per adquirir la compet\u00e8ncia professional\u00a0i coneixements propis de cada sector.<\/p>\n\n\n\n<p>Els cicles formatius s&#8217;organitzen per fam\u00edlies professionals i s&#8217;ordenen els ensenyaments en cicles de grau mitj\u00e0 i de grau superior.<\/p>\n\n\n\n<p>En aquesta l\u00ednia el nostre centre ofereix quatre cicles formatius de diverses Fam\u00edlies Professionals:<\/p>\n\n\n\n<ul class=\"wp-block-list\">\n<li><strong>Fam\u00edlia Imatge Personal:<\/strong>\n<ul class=\"wp-block-list\">\n<li><a href=\"https:\/\/sites.google.com\/tapiro.cat\/perruqueriacosmeticapitapiro\/informaci%C3%B3-del-cicle\" target=\"_blank\" rel=\"noreferrer noopener\">CFGM Perruqueria i cosm\u00e8tica capil\u00b7lar<\/a>, des del curs 2013-2014.<\/li>\n<\/ul>\n<\/li>\n\n\n\n<li><strong>Fam\u00edlia Activitats f\u00edsiques i esportives:<\/strong>\n<ul class=\"wp-block-list\">\n<li><a href=\"https:\/\/sites.google.com\/tapiro.cat\/ensenyamentianimacisocioesport\/informaci%C3%B3-del-cicle\" target=\"_blank\" rel=\"noreferrer noopener\">CFGS Ensenyament i animaci\u00f3 socioesportiva<\/a> modalitat DUAL, des del curs 2015-2016.<\/li>\n\n\n\n<li><a href=\"https:\/\/sites.google.com\/tapiro.cat\/cfgm-guia-en-el-medi-natural\/informaci%C3%B3-del-cicle\" target=\"_blank\" rel=\"noreferrer noopener\">CFGM Guia en el medi natural i de temps de lleure<\/a> a partir del curs 2021-2022.<\/li>\n<\/ul>\n<\/li>\n\n\n\n<li><strong>Fam\u00edlia Imatge i So:<\/strong>\n<ul class=\"wp-block-list\">\n<li><a href=\"https:\/\/sites.google.com\/tapiro.cat\/cfgmvideodiscjoqueiso\/informaci%C3%B3-del-cicle\" target=\"_blank\" rel=\"noreferrer noopener\">CFGM V\u00eddeo, Discj\u00f2quei i So<\/a> modalitat DUAL general, des del curs 2025-2026.<\/li>\n<\/ul>\n<\/li>\n<\/ul>\n\n\n\n<div class=\"wp-block-columns is-layout-flex wp-container-core-columns-is-layout-1 wp-block-columns-is-layout-flex\">\n<div class=\"wp-block-column is-layout-flow wp-block-column-is-layout-flow\">\n<figure class=\"wp-block-embed is-type-video is-provider-youtube wp-block-embed-youtube wp-embed-aspect-16-9 wp-has-aspect-ratio\"><div class=\"wp-block-embed__wrapper\">\n<div class=\"ast-oembed-container \" style=\"height: 100%;\"><iframe loading=\"lazy\" title=\"Perruqueria i Cosme\u0300tica Capil\u00b7lar\" width=\"500\" height=\"281\" src=\"https:\/\/www.youtube.com\/embed\/PabiPApCwVA?feature=oembed\" frameborder=\"0\" allow=\"accelerometer; autoplay; clipboard-write; encrypted-media; gyroscope; picture-in-picture; web-share\" referrerpolicy=\"strict-origin-when-cross-origin\" allowfullscreen><\/iframe><\/div>\n<\/div><\/figure>\n<\/div>\n\n\n\n<div class=\"wp-block-column is-layout-flow wp-block-column-is-layout-flow\">\n<figure class=\"wp-block-embed is-type-video is-provider-youtube wp-block-embed-youtube wp-embed-aspect-16-9 wp-has-aspect-ratio\"><div class=\"wp-block-embed__wrapper\">\n<div class=\"ast-oembed-container \" style=\"height: 100%;\"><iframe loading=\"lazy\" title=\"#FPCAT | Imatge i so\" width=\"500\" height=\"281\" src=\"https:\/\/www.youtube.com\/embed\/dvPl-bmw_kk?feature=oembed\" frameborder=\"0\" allow=\"accelerometer; autoplay; clipboard-write; encrypted-media; gyroscope; picture-in-picture; web-share\" referrerpolicy=\"strict-origin-when-cross-origin\" allowfullscreen><\/iframe><\/div>\n<\/div><\/figure>\n<\/div>\n<\/div>\n\n\n\n<div style=\"height:30px\" aria-hidden=\"true\" class=\"wp-block-spacer\"><\/div>\n\n\n\n<div class=\"wp-block-columns is-layout-flex wp-container-core-columns-is-layout-2 wp-block-columns-is-layout-flex\">\n<div class=\"wp-block-column is-layout-flow wp-block-column-is-layout-flow\">\n<figure class=\"wp-block-embed is-type-video is-provider-youtube wp-block-embed-youtube wp-embed-aspect-16-9 wp-has-aspect-ratio\"><div class=\"wp-block-embed__wrapper\">\n<div class=\"ast-oembed-container \" style=\"height: 100%;\"><iframe loading=\"lazy\" title=\"CFGM Guia en el medi natural i de temps de lleure\" width=\"500\" height=\"281\" src=\"https:\/\/www.youtube.com\/embed\/zR8e8fR6GAE?feature=oembed\" frameborder=\"0\" allow=\"accelerometer; autoplay; clipboard-write; encrypted-media; gyroscope; picture-in-picture; web-share\" referrerpolicy=\"strict-origin-when-cross-origin\" allowfullscreen><\/iframe><\/div>\n<\/div><\/figure>\n<\/div>\n\n\n\n<div class=\"wp-block-column is-layout-flow wp-block-column-is-layout-flow\">\n<figure class=\"wp-block-embed is-type-video is-provider-youtube wp-block-embed-youtube wp-embed-aspect-16-9 wp-has-aspect-ratio\"><div class=\"wp-block-embed__wrapper\">\n<div class=\"ast-oembed-container \" style=\"height: 100%;\"><iframe loading=\"lazy\" title=\"CFGS Ensenyament i Animacio\u0301 Socioesportiva\" width=\"500\" height=\"281\" src=\"https:\/\/www.youtube.com\/embed\/xDY_5bNUQ70?feature=oembed\" frameborder=\"0\" allow=\"accelerometer; autoplay; clipboard-write; encrypted-media; gyroscope; picture-in-picture; web-share\" referrerpolicy=\"strict-origin-when-cross-origin\" allowfullscreen><\/iframe><\/div>\n<\/div><\/figure>\n<\/div>\n<\/div>\n","protected":false},"excerpt":{"rendered":"<p>La formaci\u00f3 professional capacita per l&#8217;exercici de diverses professions i proporciona la formaci\u00f3 necess\u00e0ria per adquirir la compet\u00e8ncia professional\u00a0i coneixements propis de cada sector. Els cicles formatius s&#8217;organitzen per fam\u00edlies professionals i s&#8217;ordenen els ensenyaments en cicles de grau mitj\u00e0 i de grau superior. En aquesta l\u00ednia el nostre centre ofereix quatre cicles formatius de [&hellip;]<\/p>\n","protected":false},"author":1,"featured_media":0,"parent":195,"menu_order":3,"comment_status":"closed","ping_status":"closed","template":"page-templates\/side-menu.php","meta":{"_bbp_topic_count":0,"_bbp_reply_count":0,"_bbp_total_topic_count":0,"_bbp_total_reply_count":0,"_bbp_voice_count":0,"_bbp_anonymous_reply_count":0,"_bbp_topic_count_hidden":0,"_bbp_reply_count_hidden":0,"_bbp_forum_subforum_count":0,"site-sidebar-layout":"default","site-content-layout":"","ast-site-content-layout":"","site-content-style":"default","site-sidebar-style":"default","ast-global-header-display":"","ast-banner-title-visibility":"","ast-main-header-display":"","ast-hfb-above-header-display":"","ast-hfb-below-header-display":"","ast-hfb-mobile-header-display":"","site-post-title":"","ast-breadcrumbs-content":"","ast-featured-img":"","footer-sml-layout":"","theme-transparent-header-meta":"","adv-header-id-meta":"","stick-header-meta":"","header-above-stick-meta":"","header-main-stick-meta":"","header-below-stick-meta":"","astra-migrate-meta-layouts":"default","ast-page-background-enabled":"default","ast-page-background-meta":{"desktop":{"background-color":"var(--ast-global-color-4)","background-image":"","background-repeat":"repeat","background-position":"center center","background-size":"auto","background-attachment":"scroll","background-type":"","background-media":"","overlay-type":"","overlay-color":"","overlay-opacity":"","overlay-gradient":""},"tablet":{"background-color":"","background-image":"","background-repeat":"repeat","background-position":"center center","background-size":"auto","background-attachment":"scroll","background-type":"","background-media":"","overlay-type":"","overlay-color":"","overlay-opacity":"","overlay-gradient":""},"mobile":{"background-color":"","background-image":"","background-repeat":"repeat","background-position":"center center","background-size":"auto","background-attachment":"scroll","background-type":"","background-media":"","overlay-type":"","overlay-color":"","overlay-opacity":"","overlay-gradient":""}},"ast-content-background-meta":{"desktop":{"background-color":"var(--ast-global-color-5)","background-image":"","background-repeat":"repeat","background-position":"center center","background-size":"auto","background-attachment":"scroll","background-type":"","background-media":"","overlay-type":"","overlay-color":"","overlay-opacity":"","overlay-gradient":""},"tablet":{"background-color":"var(--ast-global-color-5)","background-image":"","background-repeat":"repeat","background-position":"center center","background-size":"auto","background-attachment":"scroll","background-type":"","background-media":"","overlay-type":"","overlay-color":"","overlay-opacity":"","overlay-gradient":""},"mobile":{"background-color":"var(--ast-global-color-5)","background-image":"","background-repeat":"repeat","background-position":"center center","background-size":"auto","background-attachment":"scroll","background-type":"","background-media":"","overlay-type":"","overlay-color":"","overlay-opacity":"","overlay-gradient":""}},"footnotes":""},"class_list":["post-2212","page","type-page","status-publish","hentry"],"post_mailing_queue_ids":[],"_links":{"self":[{"href":"https:\/\/agora.xtec.cat\/iesjtapiro\/wp-json\/wp\/v2\/pages\/2212","targetHints":{"allow":["GET"]}}],"collection":[{"href":"https:\/\/agora.xtec.cat\/iesjtapiro\/wp-json\/wp\/v2\/pages"}],"about":[{"href":"https:\/\/agora.xtec.cat\/iesjtapiro\/wp-json\/wp\/v2\/types\/page"}],"author":[{"embeddable":true,"href":"https:\/\/agora.xtec.cat\/iesjtapiro\/wp-json\/wp\/v2\/users\/1"}],"replies":[{"embeddable":true,"href":"https:\/\/agora.xtec.cat\/iesjtapiro\/wp-json\/wp\/v2\/comments?post=2212"}],"version-history":[{"count":4,"href":"https:\/\/agora.xtec.cat\/iesjtapiro\/wp-json\/wp\/v2\/pages\/2212\/revisions"}],"predecessor-version":[{"id":16240,"href":"https:\/\/agora.xtec.cat\/iesjtapiro\/wp-json\/wp\/v2\/pages\/2212\/revisions\/16240"}],"up":[{"embeddable":true,"href":"https:\/\/agora.xtec.cat\/iesjtapiro\/wp-json\/wp\/v2\/pages\/195"}],"wp:attachment":[{"href":"https:\/\/agora.xtec.cat\/iesjtapiro\/wp-json\/wp\/v2\/media?parent=2212"}],"curies":[{"name":"wp","href":"https:\/\/api.w.org\/{rel}","templated":true}]}}