{"id":2206,"date":"2017-11-17T18:45:00","date_gmt":"2017-11-17T17:45:00","guid":{"rendered":"http:\/\/agora.xtec.cat\/iesjtapiro\/?page_id=2206"},"modified":"2022-03-21T23:09:32","modified_gmt":"2022-03-21T22:09:32","slug":"eso","status":"publish","type":"page","link":"https:\/\/agora.xtec.cat\/iesjtapiro\/estudis\/eso\/","title":{"rendered":"ESO"},"content":{"rendered":"<h3>Informaci\u00f3 general<\/h3>\n<p>L&#8217;educaci\u00f3 secund\u00e0ria obligat\u00f2ria (ESO) compr\u00e8n quatre cursos acad\u00e8mics. Generalment s&#8217;inicia l&#8217;any natural en qu\u00e8 es compleixen 12 anys i s&#8217;acaba als 16, tot i que els alumnes tenen dret a romandre en el centre amb r\u00e8gim ordinari fins als 18.<\/p>\n<div class=\"container\">\n<div class=\"row\">\n<div class=\"col-md-9\">\n<nav>\n<div id=\"nav-tab\" class=\"nav nav-tabs\" role=\"tablist\"><a id=\"nav-acces-tab\" class=\"nav-item nav-link active\" role=\"tab\" href=\"#nav-acces\" data-toggle=\"tab\" aria-controls=\"nav-acces\" aria-selected=\"true\">Acc\u00e9s<\/a><br \/>\n<a id=\"nav-estudis-tab\" class=\"nav-item nav-link\" role=\"tab\" href=\"#nav-estudis\" data-toggle=\"tab\" aria-controls=\"nav-estudis\" aria-selected=\"false\">Pla d&#8217;Estudis<\/a><br \/>\n<a id=\"nav-continuitat-tab\" class=\"nav-item nav-link\" role=\"tab\" href=\"#nav-continuitat\" data-toggle=\"tab\" aria-controls=\"nav-continuitat\" aria-selected=\"false\">Continu\u00eftat<\/a><br \/>\n<a id=\"nav-material-tab\" class=\"nav-item nav-link\" role=\"tab\" href=\"#nav-material\" data-toggle=\"tab\" aria-controls=\"nav-material\" aria-selected=\"false\">Pagaments i material<\/a><\/div>\n<\/nav>\n<div id=\"nav-tabContent\" class=\"tab-content\">\n<div id=\"nav-acces\" class=\"tab-pane fade show active\" role=\"tabpanel\" aria-labelledby=\"nav-acces-tab\">\n<p>Es poden matricular al primer curs d&#8217;educaci\u00f3 secund\u00e0ria obligat\u00f2ria els alumnes que compleixin 12 anys durant l&#8217;any d&#8217;inici del curs i els d&#8217;edat diferent als quals correspongui acad\u00e8micament iniciar aquest ensenyament.<\/p>\n<p>Per accedir per primera vegada cal formalitzar la <strong>preinscripci\u00f3<\/strong> en el termini fixat -veure <a href=\"http:\/\/agora.xtec.cat\/iesjtapiro\/secretaria\/preinscripcio-i-matricula\/\" target=\"_blank\" rel=\"noopener noreferrer\">Preincripci\u00f3 i matricula<\/a>-.<\/p>\n<\/div>\n<div id=\"pla\" class=\"tab-pane\">\n<h3>Mat\u00e8ries dels tres primers cursos<\/h3>\n<h5>Mat\u00e8ries comunes<\/h5>\n<table style=\"width: 95%;\">\n<tbody>\n<tr>\n<td style=\"width: 425px;\">Ci\u00e8ncies de la Naturalesa: Biologia i Geologia; F\u00edsica i Qu\u00edmica<\/td>\n<td style=\"width: 405px;\">Llengua Estrangera<\/td>\n<\/tr>\n<tr>\n<td style=\"width: 425px;\">Ci\u00e8ncies Socials: Geografia i Hist\u00f2ria<\/td>\n<td style=\"width: 405px;\">Matem\u00e0tiques<\/td>\n<\/tr>\n<tr>\n<td style=\"width: 425px;\">Educaci\u00f3 F\u00edsica<\/td>\n<td style=\"width: 405px;\">M\u00fasica<\/td>\n<\/tr>\n<tr>\n<td style=\"width: 425px;\">Educaci\u00f3 Visual i Pl\u00e0stica<\/td>\n<td style=\"width: 405px;\">Tecnologia<\/td>\n<\/tr>\n<tr>\n<td style=\"width: 425px;\">Llengua Catalana i Literatura<\/td>\n<td style=\"width: 405px;\">Religi\u00f3 o Cultura i Valors \u00c8tics<\/td>\n<\/tr>\n<tr>\n<td style=\"width: 425px;\">Llengua Castellana i Literatura<\/td>\n<td style=\"width: 405px;\">Tutoria<\/td>\n<\/tr>\n<\/tbody>\n<\/table>\n<h5>Mat\u00e8ries optatives<\/h5>\n<p>El centre ofereix, en un dels tres primers cursos, les mat\u00e8ries optatives de Segona Llengua Estrangera, Cultura Cl\u00e0ssica i Emprenedoria.<\/p>\n<h5>Treball de S\u00edntesis<\/h5>\n<p>El Treball de S\u00edntesi, que t\u00e9 la consideraci\u00f3 de mat\u00e8ria optativa, est\u00e0 format per un conjunt d&#8217;activitats d&#8217;ensenyament i d&#8217;aprenentatge que s&#8217;han de fer en equip, concebudes per desenvolupar compet\u00e8ncies complexes i comprovar si s&#8217;ha aconseguit, i fins a quin punt, que l&#8217;alumnat sigui capa\u00e7 de relacionar les compet\u00e8ncies b\u00e0siques treballades en les diferents mat\u00e8ries per a l&#8217;aplicaci\u00f3 i la resoluci\u00f3 de q\u00fcestions i problemes relacionats amb la vida pr\u00e0ctica. Aquest treball ha d&#8217;integrar continguts de diverses mat\u00e8ries i admet diverses concrecions temporals.<\/p>\n<p>S&#8217;ha de fer un treball de s\u00edntesi en cadascun dels tres primers cursos de l&#8217;ESO.<\/p>\n<h5>Servei comunitari<\/h5>\n<p>El Servei Comunitari \u00e9s una acci\u00f3 educativa orientada a desenvolupar la compet\u00e8ncia social i ciutadana, en qu\u00e8 l&#8217;alumne, amb la finalitat de millorar el seu entorn, duu a terme un servei a la comunitat, aplicant els seus coneixements, capacitats i habilitats, alhora que apr\u00e8n l&#8217;exercici actiu de la ciutadania. El seu objectiu \u00e9s garantir que els estudiants, al llarg de la seva traject\u00f2ria escolar, experimentin i protagonitzin accions de comprom\u00eds c\u00edvic.<\/p>\n<p>El Servei Comunitari ha de formar part de la programaci\u00f3 curricular d&#8217;una o diverses mat\u00e8ries de tercer i\/o quart d&#8217;ESO, definides en el pla anual de centre.<\/p>\n<h3>Mat\u00e8ries de quart curs<\/h3>\n<h5>Mat\u00e8ries comunes<\/h5>\n<table style=\"width: 95%;\">\n<tbody>\n<tr>\n<td style=\"width: 425px;\">Ci\u00e8ncies Socials: Geografia i Hist\u00f2ria<\/td>\n<td style=\"width: 405px;\">Llengua Estrangera<\/td>\n<\/tr>\n<tr>\n<td style=\"width: 425px;\">Educaci\u00f3 F\u00edsica<\/td>\n<td style=\"width: 405px;\">Matem\u00e0tiques<\/td>\n<\/tr>\n<tr>\n<td style=\"width: 425px;\">Llengua Catalana i Literatura<\/td>\n<td style=\"width: 405px;\">Religi\u00f3 o Cultura i Valors \u00c8tics<\/td>\n<\/tr>\n<tr>\n<td style=\"width: 425px;\">Llengua Castellana i Literatura<\/td>\n<td style=\"width: 405px;\">Tutoria<\/td>\n<\/tr>\n<\/tbody>\n<\/table>\n<h5>Mat\u00e8ries optatives<\/h5>\n<p>A m\u00e9s, s\u2019han de cursar tres de les mat\u00e8ries optatives seg\u00fcents:<\/p>\n<table style=\"width: 95%;\">\n<tbody>\n<tr>\n<td style=\"width: 460px;\">Biologia<\/td>\n<td style=\"width: 436px;\">F\u00edsica i Qu\u00edmica<\/td>\n<\/tr>\n<tr>\n<td style=\"width: 460px;\">Llat\u00ed<\/td>\n<td style=\"width: 436px;\">Angl\u00e8s<\/td>\n<\/tr>\n<tr>\n<td style=\"width: 460px;\">Tecnologia<\/td>\n<td style=\"width: 436px;\">Filosofia<\/td>\n<\/tr>\n<tr>\n<td style=\"width: 460px;\">Franc\u00e8s<\/td>\n<td style=\"width: 436px;\">Inform\u00e0tica<\/td>\n<\/tr>\n<tr>\n<td style=\"width: 460px;\">M\u00fasica<\/td>\n<td style=\"width: 436px;\">Visual i pl\u00e0stica<\/td>\n<\/tr>\n<\/tbody>\n<\/table>\n<h5>Projecte de Recerca<\/h5>\n<p>En el quart curs els alumnes han de fer un projecte de recerca en grup. Consisteix en un conjunt d&#8217;activitats de descoberta i recerca sobre un tema espec\u00edfic triat per cada alumne, sota el guiatge del professor.<\/p>\n<\/div>\n<div id=\"sortides\" class=\"tab-pane\">\n<p>Els alumnes que obtenen el t\u00edtol de graduat o graduada en ESO poden accedir al <strong>batxillerat<\/strong> o b\u00e9 a un <strong>cicle formatiu de grau mitj\u00e0 de formaci\u00f3 professional<\/strong>, <strong>d&#8217;ensenyaments esportius<\/strong> (si se supera la prova espec\u00edfica d&#8217;acc\u00e9s) o d&#8217;<strong>arts pl\u00e0stiques i disseny<\/strong>.<\/p>\n<p>A partir dels 16 anys, <strong>si no es t\u00e9 el t\u00edtol<\/strong> de graduat o graduada en ESO, es pot accedir als estudis seg\u00fcents:<\/p>\n<ul>\n<li>els <strong>programes de formaci\u00f3 i inserci\u00f3<\/strong> (PFI);<\/li>\n<li>a <strong>formaci\u00f3 de persones adultes<\/strong>;<\/li>\n<\/ul>\n<p>Si no es t\u00e9 el t\u00edtol de graduat o graduada en ESO, <strong>a partir dels 17 anys es pot accedir als cicles formatius de grau mitj\u00e0 (si se supera la prova d&#8217;acc\u00e9s)<\/strong>.<\/p>\n<p><strong>A partir dels 18 anys<\/strong>, si s&#8217;ha cursat 4t d&#8217;ESO i es tenen com a m\u00e0xim cinc mat\u00e8ries suspeses, en el mateix centre i durant els dos anys seg\u00fcents, es pot accedir a la <strong>convocat\u00f2ria anual<\/strong> per superar-les i aix\u00ed obtenir el <strong>graduat en ESO<\/strong>. En determinats casos el requisit d&#8217;edat pot ser inferior als 18 anys.<\/p>\n<p>A m\u00e9s, a partir dels 18 anys es t\u00e9 <strong>acc\u00e9s a la prova lliure per obtenir el t\u00edtol d&#8217;ESO<\/strong>.<\/p>\n<p>Un cop acabada l&#8217;ESO tamb\u00e9 es pot accedir al m\u00f3n laboral.<\/p>\n<\/div>\n<div id=\"material\" class=\"tab-pane\">\n<h4>Pagament<\/h4>\n<ul>\n<li>Quota anunal \u00fanica de material i AMPA de 40\u20ac<\/li>\n<li>Aquelles assignatures que requerixen de llibres es poden sol\u00b7licitar a trav\u00e9s del servei de lloguer de llibre <a>Iddink<\/a>.<\/li>\n<\/ul>\n<\/div>\n<\/div>\n<\/div>\n<\/div>\n<\/div>\n<\/div>\n","protected":false},"excerpt":{"rendered":"<p>Informaci\u00f3 general L&#8217;educaci\u00f3 secund\u00e0ria obligat\u00f2ria (ESO) compr\u00e8n quatre cursos acad\u00e8mics. Generalment s&#8217;inicia l&#8217;any natural en qu\u00e8 es compleixen 12 anys i s&#8217;acaba als 16, tot i que els alumnes tenen dret a romandre en el centre amb r\u00e8gim ordinari fins als 18. Acc\u00e9s Pla d&#8217;Estudis Continu\u00eftat Pagaments i material Es poden matricular al primer curs [&hellip;]<\/p>\n","protected":false},"author":1,"featured_media":0,"parent":195,"menu_order":0,"comment_status":"closed","ping_status":"closed","template":"page-templates\/side-menu.php","meta":{"_bbp_topic_count":0,"_bbp_reply_count":0,"_bbp_total_topic_count":0,"_bbp_total_reply_count":0,"_bbp_voice_count":0,"_bbp_anonymous_reply_count":0,"_bbp_topic_count_hidden":0,"_bbp_reply_count_hidden":0,"_bbp_forum_subforum_count":0,"site-sidebar-layout":"default","site-content-layout":"","ast-site-content-layout":"","site-content-style":"default","site-sidebar-style":"default","ast-global-header-display":"","ast-banner-title-visibility":"","ast-main-header-display":"","ast-hfb-above-header-display":"","ast-hfb-below-header-display":"","ast-hfb-mobile-header-display":"","site-post-title":"","ast-breadcrumbs-content":"","ast-featured-img":"","footer-sml-layout":"","theme-transparent-header-meta":"","adv-header-id-meta":"","stick-header-meta":"","header-above-stick-meta":"","header-main-stick-meta":"","header-below-stick-meta":"","astra-migrate-meta-layouts":"default","ast-page-background-enabled":"default","ast-page-background-meta":{"desktop":{"background-color":"var(--ast-global-color-4)","background-image":"","background-repeat":"repeat","background-position":"center center","background-size":"auto","background-attachment":"scroll","background-type":"","background-media":"","overlay-type":"","overlay-color":"","overlay-opacity":"","overlay-gradient":""},"tablet":{"background-color":"","background-image":"","background-repeat":"repeat","background-position":"center center","background-size":"auto","background-attachment":"scroll","background-type":"","background-media":"","overlay-type":"","overlay-color":"","overlay-opacity":"","overlay-gradient":""},"mobile":{"background-color":"","background-image":"","background-repeat":"repeat","background-position":"center center","background-size":"auto","background-attachment":"scroll","background-type":"","background-media":"","overlay-type":"","overlay-color":"","overlay-opacity":"","overlay-gradient":""}},"ast-content-background-meta":{"desktop":{"background-color":"var(--ast-global-color-5)","background-image":"","background-repeat":"repeat","background-position":"center center","background-size":"auto","background-attachment":"scroll","background-type":"","background-media":"","overlay-type":"","overlay-color":"","overlay-opacity":"","overlay-gradient":""},"tablet":{"background-color":"var(--ast-global-color-5)","background-image":"","background-repeat":"repeat","background-position":"center center","background-size":"auto","background-attachment":"scroll","background-type":"","background-media":"","overlay-type":"","overlay-color":"","overlay-opacity":"","overlay-gradient":""},"mobile":{"background-color":"var(--ast-global-color-5)","background-image":"","background-repeat":"repeat","background-position":"center center","background-size":"auto","background-attachment":"scroll","background-type":"","background-media":"","overlay-type":"","overlay-color":"","overlay-opacity":"","overlay-gradient":""}},"footnotes":""},"class_list":["post-2206","page","type-page","status-publish","hentry"],"post_mailing_queue_ids":[],"_links":{"self":[{"href":"https:\/\/agora.xtec.cat\/iesjtapiro\/wp-json\/wp\/v2\/pages\/2206","targetHints":{"allow":["GET"]}}],"collection":[{"href":"https:\/\/agora.xtec.cat\/iesjtapiro\/wp-json\/wp\/v2\/pages"}],"about":[{"href":"https:\/\/agora.xtec.cat\/iesjtapiro\/wp-json\/wp\/v2\/types\/page"}],"author":[{"embeddable":true,"href":"https:\/\/agora.xtec.cat\/iesjtapiro\/wp-json\/wp\/v2\/users\/1"}],"replies":[{"embeddable":true,"href":"https:\/\/agora.xtec.cat\/iesjtapiro\/wp-json\/wp\/v2\/comments?post=2206"}],"version-history":[{"count":3,"href":"https:\/\/agora.xtec.cat\/iesjtapiro\/wp-json\/wp\/v2\/pages\/2206\/revisions"}],"predecessor-version":[{"id":7806,"href":"https:\/\/agora.xtec.cat\/iesjtapiro\/wp-json\/wp\/v2\/pages\/2206\/revisions\/7806"}],"up":[{"embeddable":true,"href":"https:\/\/agora.xtec.cat\/iesjtapiro\/wp-json\/wp\/v2\/pages\/195"}],"wp:attachment":[{"href":"https:\/\/agora.xtec.cat\/iesjtapiro\/wp-json\/wp\/v2\/media?parent=2206"}],"curies":[{"name":"wp","href":"https:\/\/api.w.org\/{rel}","templated":true}]}}