{"id":2180,"date":"2017-11-16T21:10:00","date_gmt":"2017-11-16T20:10:00","guid":{"rendered":"http:\/\/agora.xtec.cat\/iesjtapiro\/?page_id=2180"},"modified":"2018-04-11T13:07:07","modified_gmt":"2018-04-11T11:07:07","slug":"titols-i-certificats","status":"publish","type":"page","link":"https:\/\/agora.xtec.cat\/iesjtapiro\/secretaria\/titols-i-certificats\/","title":{"rendered":"T\u00edtols i certificats"},"content":{"rendered":"<header class=\"entry-header\">\n<h3 class=\"entry-title\">Certificats catal\u00e0<\/h3>\n<\/header>\n<div class=\"entry-content\">\n<p>Tant l\u2019alumnat que ha cursat estudis al nostre centre com l\u2019alumnat d\u2019un altre centre pot demanar els certificats de catal\u00e0 (nivell B i C) que s\u00f3n els equivalents amb els certificats de la Secretaria de Pol\u00edtica Ling\u00fc\u00edstica.<\/p>\n<p>Per demanar el certificat, heu de portar la seg\u00fcent <strong>documentaci\u00f3<\/strong>:<\/p>\n<ul>\n<li>Fotoc\u00f2pia del DNI del sol\u00b7licitant.<\/li>\n<li>Aquest model degudament omplert (feu clic aqu\u00ed per <a href=\"https:\/\/drive.google.com\/file\/d\/0B6H7xZhXeVe_OWx3ZWtJVmRUNnM\/view\" target=\"_blank\" rel=\"noopener noreferrer\">descarregar<\/a>)<\/li>\n<li>Pels alumnes que s&#8217;han graduat de l&#8217;ESO al nostre centre: Llibre d&#8217;escolaritat de l&#8217;ensenyament b\u00e0sic (EGB o prim\u00e0ria)<\/li>\n<li>Per altres interessats: Llibre d&#8217;escolaritat de l&#8217;ensenyament b\u00e0sic (EGB o prim\u00e0ria) i Llibre d&#8217;escolaritat o expedient de l&#8217;ESO.<\/li>\n<li>Si \u00e9s el cas: Certificats de mat\u00e8ries i notes dels estudis de: FP, BUP, etc<\/li>\n<\/ul>\n<\/div>\n<p><em>\u00a0<\/em><\/p>\n","protected":false},"excerpt":{"rendered":"<p>Certificats catal\u00e0 Tant l\u2019alumnat que ha cursat estudis al nostre centre com l\u2019alumnat d\u2019un altre centre pot demanar els certificats de catal\u00e0 (nivell B i C) que s\u00f3n els equivalents amb els certificats de la Secretaria de Pol\u00edtica Ling\u00fc\u00edstica. Per demanar el certificat, heu de portar la seg\u00fcent documentaci\u00f3: Fotoc\u00f2pia del DNI del sol\u00b7licitant. Aquest [&hellip;]<\/p>\n","protected":false},"author":1,"featured_media":0,"parent":81,"menu_order":2,"comment_status":"closed","ping_status":"closed","template":"page-templates\/side-menu.php","meta":{"_bbp_topic_count":0,"_bbp_reply_count":0,"_bbp_total_topic_count":0,"_bbp_total_reply_count":0,"_bbp_voice_count":0,"_bbp_anonymous_reply_count":0,"_bbp_topic_count_hidden":0,"_bbp_reply_count_hidden":0,"_bbp_forum_subforum_count":0,"site-sidebar-layout":"default","site-content-layout":"","ast-site-content-layout":"","site-content-style":"default","site-sidebar-style":"default","ast-global-header-display":"","ast-banner-title-visibility":"","ast-main-header-display":"","ast-hfb-above-header-display":"","ast-hfb-below-header-display":"","ast-hfb-mobile-header-display":"","site-post-title":"","ast-breadcrumbs-content":"","ast-featured-img":"","footer-sml-layout":"","theme-transparent-header-meta":"","adv-header-id-meta":"","stick-header-meta":"","header-above-stick-meta":"","header-main-stick-meta":"","header-below-stick-meta":"","astra-migrate-meta-layouts":"default","ast-page-background-enabled":"default","ast-page-background-meta":{"desktop":{"background-color":"var(--ast-global-color-4)","background-image":"","background-repeat":"repeat","background-position":"center center","background-size":"auto","background-attachment":"scroll","background-type":"","background-media":"","overlay-type":"","overlay-color":"","overlay-opacity":"","overlay-gradient":""},"tablet":{"background-color":"","background-image":"","background-repeat":"repeat","background-position":"center center","background-size":"auto","background-attachment":"scroll","background-type":"","background-media":"","overlay-type":"","overlay-color":"","overlay-opacity":"","overlay-gradient":""},"mobile":{"background-color":"","background-image":"","background-repeat":"repeat","background-position":"center center","background-size":"auto","background-attachment":"scroll","background-type":"","background-media":"","overlay-type":"","overlay-color":"","overlay-opacity":"","overlay-gradient":""}},"ast-content-background-meta":{"desktop":{"background-color":"var(--ast-global-color-5)","background-image":"","background-repeat":"repeat","background-position":"center center","background-size":"auto","background-attachment":"scroll","background-type":"","background-media":"","overlay-type":"","overlay-color":"","overlay-opacity":"","overlay-gradient":""},"tablet":{"background-color":"var(--ast-global-color-5)","background-image":"","background-repeat":"repeat","background-position":"center center","background-size":"auto","background-attachment":"scroll","background-type":"","background-media":"","overlay-type":"","overlay-color":"","overlay-opacity":"","overlay-gradient":""},"mobile":{"background-color":"var(--ast-global-color-5)","background-image":"","background-repeat":"repeat","background-position":"center center","background-size":"auto","background-attachment":"scroll","background-type":"","background-media":"","overlay-type":"","overlay-color":"","overlay-opacity":"","overlay-gradient":""}},"footnotes":""},"class_list":["post-2180","page","type-page","status-publish","hentry"],"post_mailing_queue_ids":[],"_links":{"self":[{"href":"https:\/\/agora.xtec.cat\/iesjtapiro\/wp-json\/wp\/v2\/pages\/2180","targetHints":{"allow":["GET"]}}],"collection":[{"href":"https:\/\/agora.xtec.cat\/iesjtapiro\/wp-json\/wp\/v2\/pages"}],"about":[{"href":"https:\/\/agora.xtec.cat\/iesjtapiro\/wp-json\/wp\/v2\/types\/page"}],"author":[{"embeddable":true,"href":"https:\/\/agora.xtec.cat\/iesjtapiro\/wp-json\/wp\/v2\/users\/1"}],"replies":[{"embeddable":true,"href":"https:\/\/agora.xtec.cat\/iesjtapiro\/wp-json\/wp\/v2\/comments?post=2180"}],"version-history":[{"count":4,"href":"https:\/\/agora.xtec.cat\/iesjtapiro\/wp-json\/wp\/v2\/pages\/2180\/revisions"}],"predecessor-version":[{"id":2859,"href":"https:\/\/agora.xtec.cat\/iesjtapiro\/wp-json\/wp\/v2\/pages\/2180\/revisions\/2859"}],"up":[{"embeddable":true,"href":"https:\/\/agora.xtec.cat\/iesjtapiro\/wp-json\/wp\/v2\/pages\/81"}],"wp:attachment":[{"href":"https:\/\/agora.xtec.cat\/iesjtapiro\/wp-json\/wp\/v2\/media?parent=2180"}],"curies":[{"name":"wp","href":"https:\/\/api.w.org\/{rel}","templated":true}]}}