{"id":21,"date":"2014-09-17T16:14:14","date_gmt":"2014-09-17T16:14:14","guid":{"rendered":"http:\/\/agora.xtec.cat\/iesjtapiro\/?page_id=21"},"modified":"2025-08-18T14:09:06","modified_gmt":"2025-08-18T12:09:06","slug":"on-som","status":"publish","type":"page","link":"https:\/\/agora.xtec.cat\/iesjtapiro\/linstitut\/on-som\/","title":{"rendered":"On som"},"content":{"rendered":"<p style=\"color: #666666;\"><strong>Institut Josep Tapir\u00f3<\/strong><br \/>\nCarrer Astorga, 37-39<br \/>\n43205 Reus<\/p>\n<p style=\"color: #666666;\"><strong>Tel\u00e8fon:<\/strong> 977 77 34 71 &#8211; 667 300 002<\/p>\n<p><center><iframe loading=\"lazy\" style=\"border: 0;\" src=\"https:\/\/www.google.com\/maps\/embed?pb=!1m18!1m12!1m3!1d3004.881690071955!2d1.1145410515630563!3d41.137108619333404!2m3!1f0!2f0!3f0!3m2!1i1024!2i768!4f13.1!3m3!1m2!1s0x12a150c032874c97%3A0x51367d076dac7b49!2sCarrer+d'Astorga%2C+37%2C+43205+Reus%2C+Tarragona!5e0!3m2!1sca!2ses!4v1450382457887\" width=\"600\" height=\"450\" frameborder=\"0\" allowfullscreen=\"allowfullscreen\"><\/iframe><\/center><strong>Com arribar-hi<\/strong><\/p>\n<ul>\n<li>Per bus: L\u00ednies L10 i L11 (Parada Parcel\u00b7les Casas 1)\u00a0 (M\u00e9s informaci\u00f3: <a href=\"http:\/\/www.reustransport.cat\/\">http:\/\/www.reustransport.cat\/<\/a>)<\/li>\n<\/ul>\n<p><strong>Escoles adscrites a l&#8217;institut<br \/>\n<\/strong><\/p>\n<ul>\n<li>Escola Mari\u00e0 Fortuny<\/li>\n<li>Escola Sant Bernat Calv\u00f3<\/li>\n<\/ul>\n<p><strong>Emails de contacte<\/strong><\/p>\n<ul>\n<li><span style=\"font-size: medium;\">Secretaria i Administraci\u00f3: <a href=\"mailto:direccio@ins-larany.cat\">secretaria@tapiro.cat<\/a><\/span><\/li>\n<li><span style=\"font-size: medium;\">AMPA: <a href=\"mailto:ampa@ins-larany.cat\">ampa@tapiro.cat<\/a><\/span><\/li>\n<\/ul>\n","protected":false},"excerpt":{"rendered":"<p>Institut Josep Tapir\u00f3 Carrer Astorga, 37-39 43205 Reus Tel\u00e8fon: 977 77 34 71 &#8211; 667 300 002 Com arribar-hi Per bus: L\u00ednies L10 i L11 (Parada Parcel\u00b7les Casas 1)\u00a0 (M\u00e9s informaci\u00f3: http:\/\/www.reustransport.cat\/) Escoles adscrites a l&#8217;institut Escola Mari\u00e0 Fortuny Escola Sant Bernat Calv\u00f3 Emails de contacte Secretaria i Administraci\u00f3: secretaria@tapiro.cat AMPA: ampa@tapiro.cat<\/p>\n","protected":false},"author":1,"featured_media":0,"parent":19,"menu_order":1,"comment_status":"closed","ping_status":"closed","template":"page-templates\/side-menu.php","meta":{"_bbp_topic_count":0,"_bbp_reply_count":0,"_bbp_total_topic_count":0,"_bbp_total_reply_count":0,"_bbp_voice_count":0,"_bbp_anonymous_reply_count":0,"_bbp_topic_count_hidden":0,"_bbp_reply_count_hidden":0,"_bbp_forum_subforum_count":0,"site-sidebar-layout":"default","site-content-layout":"","ast-site-content-layout":"default","site-content-style":"default","site-sidebar-style":"default","ast-global-header-display":"","ast-banner-title-visibility":"","ast-main-header-display":"","ast-hfb-above-header-display":"","ast-hfb-below-header-display":"","ast-hfb-mobile-header-display":"","site-post-title":"","ast-breadcrumbs-content":"","ast-featured-img":"","footer-sml-layout":"","theme-transparent-header-meta":"","adv-header-id-meta":"","stick-header-meta":"","header-above-stick-meta":"","header-main-stick-meta":"","header-below-stick-meta":"","astra-migrate-meta-layouts":"set","ast-page-background-enabled":"default","ast-page-background-meta":{"desktop":{"background-color":"var(--ast-global-color-4)","background-image":"","background-repeat":"repeat","background-position":"center center","background-size":"auto","background-attachment":"scroll","background-type":"","background-media":"","overlay-type":"","overlay-color":"","overlay-opacity":"","overlay-gradient":""},"tablet":{"background-color":"","background-image":"","background-repeat":"repeat","background-position":"center center","background-size":"auto","background-attachment":"scroll","background-type":"","background-media":"","overlay-type":"","overlay-color":"","overlay-opacity":"","overlay-gradient":""},"mobile":{"background-color":"","background-image":"","background-repeat":"repeat","background-position":"center center","background-size":"auto","background-attachment":"scroll","background-type":"","background-media":"","overlay-type":"","overlay-color":"","overlay-opacity":"","overlay-gradient":""}},"ast-content-background-meta":{"desktop":{"background-color":"var(--ast-global-color-5)","background-image":"","background-repeat":"repeat","background-position":"center center","background-size":"auto","background-attachment":"scroll","background-type":"","background-media":"","overlay-type":"","overlay-color":"","overlay-opacity":"","overlay-gradient":""},"tablet":{"background-color":"var(--ast-global-color-5)","background-image":"","background-repeat":"repeat","background-position":"center center","background-size":"auto","background-attachment":"scroll","background-type":"","background-media":"","overlay-type":"","overlay-color":"","overlay-opacity":"","overlay-gradient":""},"mobile":{"background-color":"var(--ast-global-color-5)","background-image":"","background-repeat":"repeat","background-position":"center center","background-size":"auto","background-attachment":"scroll","background-type":"","background-media":"","overlay-type":"","overlay-color":"","overlay-opacity":"","overlay-gradient":""}},"footnotes":""},"class_list":["post-21","page","type-page","status-publish","hentry"],"post_mailing_queue_ids":[],"_links":{"self":[{"href":"https:\/\/agora.xtec.cat\/iesjtapiro\/wp-json\/wp\/v2\/pages\/21","targetHints":{"allow":["GET"]}}],"collection":[{"href":"https:\/\/agora.xtec.cat\/iesjtapiro\/wp-json\/wp\/v2\/pages"}],"about":[{"href":"https:\/\/agora.xtec.cat\/iesjtapiro\/wp-json\/wp\/v2\/types\/page"}],"author":[{"embeddable":true,"href":"https:\/\/agora.xtec.cat\/iesjtapiro\/wp-json\/wp\/v2\/users\/1"}],"replies":[{"embeddable":true,"href":"https:\/\/agora.xtec.cat\/iesjtapiro\/wp-json\/wp\/v2\/comments?post=21"}],"version-history":[{"count":4,"href":"https:\/\/agora.xtec.cat\/iesjtapiro\/wp-json\/wp\/v2\/pages\/21\/revisions"}],"predecessor-version":[{"id":15736,"href":"https:\/\/agora.xtec.cat\/iesjtapiro\/wp-json\/wp\/v2\/pages\/21\/revisions\/15736"}],"up":[{"embeddable":true,"href":"https:\/\/agora.xtec.cat\/iesjtapiro\/wp-json\/wp\/v2\/pages\/19"}],"wp:attachment":[{"href":"https:\/\/agora.xtec.cat\/iesjtapiro\/wp-json\/wp\/v2\/media?parent=21"}],"curies":[{"name":"wp","href":"https:\/\/api.w.org\/{rel}","templated":true}]}}