{"id":16422,"date":"2026-03-02T14:59:24","date_gmt":"2026-03-02T13:59:24","guid":{"rendered":"https:\/\/agora.xtec.cat\/iesjtapiro\/?page_id=16422"},"modified":"2026-04-08T10:59:10","modified_gmt":"2026-04-08T08:59:10","slug":"preinscripcio-bat-26-27","status":"publish","type":"page","link":"https:\/\/agora.xtec.cat\/iesjtapiro\/preinscripcio-i-matricula-2\/preinscripcio-bat-26-27\/","title":{"rendered":"Preinscripci\u00f3 BAT 26-27"},"content":{"rendered":"\n<p>La preinscripci\u00f3 dels alumnes als estudis de batxillerat t\u00e9 dates i caracter\u00edstiques pr\u00f2pies. Si vols estar al cas de les diferents dates clau i dels terminis de la preinscripci\u00f3, caldr\u00e0 que tinguis en compte alguns aspectes:<\/p>\n\n\n\n<ul class=\"wp-block-list\">\n<li>El proc\u00e9s de preinscripci\u00f3&nbsp;<strong>s&#8217;inicia a principis d&#8217;abril i acaba a finals de juny amb la formalitzaci\u00f3 de la matr\u00edcula.<\/strong><\/li>\n\n\n\n<li><strong>Durant tot aquest temps hi ha dates i terminis associats a actuacions clau<\/strong>&nbsp;que has de tenir presents, ja que determinen l&#8217;assignaci\u00f3 final de places als centres educatius.<\/li>\n<\/ul>\n\n\n\n<p>Aix\u00ed, has d\u2019estar pendent de les dates i de les gestions espec\u00edfiques de cada moment del proc\u00e9s.<\/p>\n\n\n\n<p>La&nbsp;<a href=\"https:\/\/preinscripcio.gencat.cat\/ca\/estudis\/batxillerat\/inici\/\">preinscripci\u00f3 escolar al batxillerat<\/a> per al curs 2026-2027 s\u2019ha de fer de forma telem\u00e0tica i seguir\u00e0 el seg\u00fcent calendari:<\/p>\n\n\n\n<figure class=\"wp-block-image size-large\"><a href=\"https:\/\/agora.xtec.cat\/iesjtapiro\/wp-content\/uploads\/usu514\/2026\/03\/Captura-de-pantalla-2026-03-03-091727.png\"><img loading=\"lazy\" decoding=\"async\" width=\"1024\" height=\"514\" src=\"https:\/\/agora.xtec.cat\/iesjtapiro\/wp-content\/uploads\/usu514\/2026\/03\/Captura-de-pantalla-2026-03-03-091727-1024x514.png\" alt=\"\" class=\"wp-image-16443\" srcset=\"https:\/\/agora.xtec.cat\/iesjtapiro\/wp-content\/uploads\/usu514\/2026\/03\/Captura-de-pantalla-2026-03-03-091727-1024x514.png 1024w, https:\/\/agora.xtec.cat\/iesjtapiro\/wp-content\/uploads\/usu514\/2026\/03\/Captura-de-pantalla-2026-03-03-091727-300x150.png 300w, https:\/\/agora.xtec.cat\/iesjtapiro\/wp-content\/uploads\/usu514\/2026\/03\/Captura-de-pantalla-2026-03-03-091727-768x385.png 768w, https:\/\/agora.xtec.cat\/iesjtapiro\/wp-content\/uploads\/usu514\/2026\/03\/Captura-de-pantalla-2026-03-03-091727.png 1214w\" sizes=\"auto, (max-width: 1024px) 100vw, 1024px\" \/><\/a><\/figure>\n\n\n\n<h4 class=\"wp-block-heading\">Durant la preparaci\u00f3, presentaci\u00f3 i seguiment de la sol\u00b7licitud de preinscripci\u00f3<\/h4>\n\n\n\n<p><img decoding=\"async\" src=\"https:\/\/preinscripcio.gencat.cat\/web\/.content\/icones\/consulta-revisa1-off.png_2044584825.png\" alt=\"\">8 d&#8217;abril de 2026: oferta inicial de places<\/p>\n\n\n\n<p><a href=\"https:\/\/agora.xtec.cat\/iesjtapiro\/wp-content\/uploads\/usu514\/2026\/04\/BAT_INFORME_OFERTA_INICIAL.pdf\" data-type=\"link\" data-id=\"https:\/\/agora.xtec.cat\/iesjtapiro\/wp-content\/uploads\/usu514\/2026\/04\/BAT_INFORME_OFERTA_INICIAL.pdf\">OFERTA<\/a><\/p>\n\n\n\n<p><img decoding=\"async\" src=\"https:\/\/preinscripcio.gencat.cat\/web\/.content\/icones\/sollicitud-off.png_2044584825.png\" alt=\"\">Del 9 al 16 d&#8217;abril de 2026: presentaci\u00f3 de sol\u00b7licituds.<\/p>\n\n\n\n<p>\u00c9s molt important respectar les dates de presentaci\u00f3, perqu\u00e8 per a aquests ensenyaments no s&#8217;accepten sol\u00b7licituds fora de termini.La presentaci\u00f3 de sol\u00b7licituds de preinscripci\u00f3 als centres de&nbsp;<strong>doble titulaci\u00f3<\/strong>&nbsp;\u00e9s&nbsp;<strong>del 20 al 27 de mar\u00e7 de 2026.<\/strong>&nbsp;<strong>Av\u00eds: Les dates de presentaci\u00f3 de sol\u00b7licituds per compatibilitzar i cursar simult\u00e0niament els ensenyaments esportius i el batxillerat s\u00f3n del 23 al 29 d&#8217;abril de 2026.<\/strong><\/p>\n\n\n\n<p><img decoding=\"async\" src=\"https:\/\/preinscripcio.gencat.cat\/web\/.content\/icones\/presentar-doc-off.png_2044584825.png\" alt=\"\">Fins al 17 d&#8217;abril de 2026: presentaci\u00f3 de documentaci\u00f3.<\/p>\n\n\n\n<p>Fins aquest dia es pot presentar la documentaci\u00f3 acreditativa que no s&#8217;hagi pogut adjuntar durant el per\u00edode de presentaci\u00f3 de sol\u00b7licituds.<\/p>\n\n\n\n<p><img decoding=\"async\" src=\"https:\/\/preinscripcio.gencat.cat\/web\/.content\/icones\/consulta-revisa1-off.png_2044584825.png\" alt=\"\">14 de maig de 2026: llista de sol\u00b7licituds amb la puntuaci\u00f3 provisional.<\/p>\n\n\n\n<p>Un cop acabat el per\u00edode de presentaci\u00f3 de sol\u00b7licituds, els centres educatius estudien cadascuna de les peticions que han rebut: n&#8217;analitzen les dades, els criteris que es demana que es tinguin en compte i els documents justificatius, i publiquen la llista de sol\u00b7licituds amb la puntuaci\u00f3 provisional. En aquesta llista hi ha les sol\u00b7licituds ordenades alfab\u00e8ticament amb la puntuaci\u00f3 que ha rebut cada sol\u00b7licitud en aplicar-hi el barem.<\/p>\n\n\n\n<p><img decoding=\"async\" src=\"https:\/\/preinscripcio.gencat.cat\/web\/.content\/icones\/llapis-off.png_2044584825.png\" alt=\"\">Del 14 al 20 de maig de 2026: presentaci\u00f3 de reclamacions.<\/p>\n\n\n\n<p>Per\u00edode en qu\u00e8 es recullen les reclamacions que les fam\u00edlies puguin presentar, si \u00e9s que es detecta alguna errada o anomalia en la puntuaci\u00f3 assignada.<\/p>\n\n\n\n<p><img decoding=\"async\" src=\"https:\/\/preinscripcio.gencat.cat\/web\/.content\/icones\/consulta-revisa1-off.png_2044584825.png\" alt=\"\">26 de maig de 2026: llista de sol\u00b7licituds amb la puntuaci\u00f3 un cop resoltes les reclamacions.<\/p>\n\n\n\n<p>Un cop resoltes totes les reclamacions presentades, el centre publica la llista de sol\u00b7licituds amb la puntuaci\u00f3 corresponent i el n\u00famero de desempat.<\/p>\n\n\n\n<p><img decoding=\"async\" src=\"https:\/\/preinscripcio.gencat.cat\/web\/.content\/icones\/campaneta-off.png_2044584825.png\" alt=\"\">26 de maig de 2026: sorteig per resoldre les sol\u00b7licituds de preinscripci\u00f3 empatades en punts. <\/p>\n\n\n\n<p>El nombre de places de batxillerat a cada centre educatiu \u00e9s limitat. Si el nombre de peticions supera el d&#8217;alumnes que l&#8217;institut pot acollir, cal aplicar un sistema de desempat entre les sol\u00b7licituds amb la mateixa puntuaci\u00f3. Per fer-ho, s&#8217;obt\u00e9 un n\u00famero per sorteig a partir del qual s&#8217;ordenen totes les peticions empatades en punts, tenint en compte el n\u00famero de desempat que s&#8217;ha assignat a cada sol\u00b7licitud. El sorteig tindr\u00e0 lloc a les 11 hores, als serveis centrals del Departament d&#8217;Educaci\u00f3 i Formaci\u00f3 Professional (Via Augusta, 202-226, Barcelona).<\/p>\n\n\n\n<p><img decoding=\"async\" src=\"https:\/\/preinscripcio.gencat.cat\/web\/.content\/icones\/consulta-revisa2-off.png_2044584825.png\" alt=\"\">29 de maig de 2026: llista ordenada<\/p>\n\n\n\n<p>Despr\u00e9s del sorteig, s&#8217;elabora la llista ordenada de sol\u00b7licituds per a l&#8217;assignaci\u00f3 de places. En aquest cas, la llista ja no s&#8217;ordena alfab\u00e8ticament, sin\u00f3 tenint en compte la puntuaci\u00f3 de cada sol\u00b7licitud, de m\u00e9s a menys.<\/p>\n\n\n\n<p><img decoding=\"async\" src=\"https:\/\/preinscripcio.gencat.cat\/web\/.content\/icones\/persona-off.png_2044584825.png\" alt=\"\">17 de juny de 2026: oferta final de places escolars<\/p>\n\n\n\n<p>Publicaci\u00f3 del nombre de places educatives per centre i curs.<\/p>\n\n\n\n<p><img decoding=\"async\" src=\"https:\/\/preinscripcio.gencat.cat\/web\/.content\/icones\/persona-off.png_2044584825.png\" alt=\"\">17 de juny de 2026: llista d&#8217;alumnes admesos i llista d&#8217;espera<\/p>\n\n\n\n<p>Finalment, publicaci\u00f3 de la llista d&#8217;alumnes admesos al centre i de la llista d&#8217;espera. La llista d&#8217;espera d&#8217;un centre t\u00e9 una validesa temporal, normalment fins al mes de setembre.<\/p>\n\n\n\n<p><\/p>\n","protected":false},"excerpt":{"rendered":"<p>La preinscripci\u00f3 dels alumnes als estudis de batxillerat t\u00e9 dates i caracter\u00edstiques pr\u00f2pies. Si vols estar al cas de les diferents dates clau i dels terminis de la preinscripci\u00f3, caldr\u00e0 que tinguis en compte alguns aspectes: Aix\u00ed, has d\u2019estar pendent de les dates i de les gestions espec\u00edfiques de cada moment del proc\u00e9s. La&nbsp;preinscripci\u00f3 escolar [&hellip;]<\/p>\n","protected":false},"author":1,"featured_media":0,"parent":14278,"menu_order":0,"comment_status":"closed","ping_status":"close","template":"","meta":{"_bbp_topic_count":0,"_bbp_reply_count":0,"_bbp_total_topic_count":0,"_bbp_total_reply_count":0,"_bbp_voice_count":0,"_bbp_anonymous_reply_count":0,"_bbp_topic_count_hidden":0,"_bbp_reply_count_hidden":0,"_bbp_forum_subforum_count":0,"site-sidebar-layout":"default","site-content-layout":"","ast-site-content-layout":"default","site-content-style":"default","site-sidebar-style":"default","ast-global-header-display":"","ast-banner-title-visibility":"","ast-main-header-display":"","ast-hfb-above-header-display":"","ast-hfb-below-header-display":"","ast-hfb-mobile-header-display":"","site-post-title":"","ast-breadcrumbs-content":"","ast-featured-img":"","footer-sml-layout":"","theme-transparent-header-meta":"","adv-header-id-meta":"","stick-header-meta":"","header-above-stick-meta":"","header-main-stick-meta":"","header-below-stick-meta":"","astra-migrate-meta-layouts":"set","ast-page-background-enabled":"default","ast-page-background-meta":{"desktop":{"background-color":"var(--ast-global-color-4)","background-image":"","background-repeat":"repeat","background-position":"center center","background-size":"auto","background-attachment":"scroll","background-type":"","background-media":"","overlay-type":"","overlay-color":"","overlay-opacity":"","overlay-gradient":""},"tablet":{"background-color":"","background-image":"","background-repeat":"repeat","background-position":"center center","background-size":"auto","background-attachment":"scroll","background-type":"","background-media":"","overlay-type":"","overlay-color":"","overlay-opacity":"","overlay-gradient":""},"mobile":{"background-color":"","background-image":"","background-repeat":"repeat","background-position":"center center","background-size":"auto","background-attachment":"scroll","background-type":"","background-media":"","overlay-type":"","overlay-color":"","overlay-opacity":"","overlay-gradient":""}},"ast-content-background-meta":{"desktop":{"background-color":"var(--ast-global-color-5)","background-image":"","background-repeat":"repeat","background-position":"center center","background-size":"auto","background-attachment":"scroll","background-type":"","background-media":"","overlay-type":"","overlay-color":"","overlay-opacity":"","overlay-gradient":""},"tablet":{"background-color":"var(--ast-global-color-5)","background-image":"","background-repeat":"repeat","background-position":"center center","background-size":"auto","background-attachment":"scroll","background-type":"","background-media":"","overlay-type":"","overlay-color":"","overlay-opacity":"","overlay-gradient":""},"mobile":{"background-color":"var(--ast-global-color-5)","background-image":"","background-repeat":"repeat","background-position":"center center","background-size":"auto","background-attachment":"scroll","background-type":"","background-media":"","overlay-type":"","overlay-color":"","overlay-opacity":"","overlay-gradient":""}},"footnotes":""},"class_list":["post-16422","page","type-page","status-publish","hentry"],"post_mailing_queue_ids":[],"_links":{"self":[{"href":"https:\/\/agora.xtec.cat\/iesjtapiro\/wp-json\/wp\/v2\/pages\/16422","targetHints":{"allow":["GET"]}}],"collection":[{"href":"https:\/\/agora.xtec.cat\/iesjtapiro\/wp-json\/wp\/v2\/pages"}],"about":[{"href":"https:\/\/agora.xtec.cat\/iesjtapiro\/wp-json\/wp\/v2\/types\/page"}],"author":[{"embeddable":true,"href":"https:\/\/agora.xtec.cat\/iesjtapiro\/wp-json\/wp\/v2\/users\/1"}],"replies":[{"embeddable":true,"href":"https:\/\/agora.xtec.cat\/iesjtapiro\/wp-json\/wp\/v2\/comments?post=16422"}],"version-history":[{"count":6,"href":"https:\/\/agora.xtec.cat\/iesjtapiro\/wp-json\/wp\/v2\/pages\/16422\/revisions"}],"predecessor-version":[{"id":16558,"href":"https:\/\/agora.xtec.cat\/iesjtapiro\/wp-json\/wp\/v2\/pages\/16422\/revisions\/16558"}],"up":[{"embeddable":true,"href":"https:\/\/agora.xtec.cat\/iesjtapiro\/wp-json\/wp\/v2\/pages\/14278"}],"wp:attachment":[{"href":"https:\/\/agora.xtec.cat\/iesjtapiro\/wp-json\/wp\/v2\/media?parent=16422"}],"curies":[{"name":"wp","href":"https:\/\/api.w.org\/{rel}","templated":true}]}}