{"id":16416,"date":"2026-03-02T14:38:46","date_gmt":"2026-03-02T13:38:46","guid":{"rendered":"https:\/\/agora.xtec.cat\/iesjtapiro\/?page_id=16416"},"modified":"2026-04-29T12:06:53","modified_gmt":"2026-04-29T10:06:53","slug":"preinscripcio-eso-26-27","status":"publish","type":"page","link":"https:\/\/agora.xtec.cat\/iesjtapiro\/preinscripcio-i-matricula-2\/preinscripcio-eso-26-27\/","title":{"rendered":"Preinscripci\u00f3 ESO 26-27"},"content":{"rendered":"\n<p>La preinscripci\u00f3 dels alumnes als centres educatius d&#8217;ESO t\u00e9 dates i caracter\u00edstiques pr\u00f2pies. Si vols estar al cas de les diferents dates clau i dels terminis, has de tenir en compte alguns aspectes:<\/p>\n\n\n\n<ul class=\"wp-block-list\">\n<li>El proc\u00e9s de preinscripci\u00f3 escolar <strong>s&#8217;inicia al mar\u00e7 i acaba amb la formalitzaci\u00f3 de la matr\u00edcula, a finals de juny.<\/strong><\/li>\n\n\n\n<li><strong>Durant tot aquest temps, hi ha dates i terminis associats a actuacions clau<\/strong> que has de tenir presents, ja que determinen l&#8217;assignaci\u00f3 final de places als centres educatius.<\/li>\n<\/ul>\n\n\n\n<p>Aix\u00ed, has d&#8217;estar pendent de les dates i de les gestions espec\u00edfiques de cada moment del proc\u00e9s.<\/p>\n\n\n\n<p>La <a href=\"https:\/\/preinscripcio.gencat.cat\/ca\/estudis\/eso\/inici\/\">preinscripci\u00f3 d&#8217;Educaci\u00f3 Secund\u00e0ria Obligat\u00f2ria<\/a> per al curs 2026-2027 s&#8217;ha de fer de forma telem\u00e0tica i seguir\u00e0 el seg\u00fcent calendari:<\/p>\n\n\n\n<div class=\"wp-block-getwid-toggle has-icon-left\">\n<div class=\"wp-block-getwid-toggle__row\"><div class=\"wp-block-getwid-toggle__header-wrapper\"><span class=\"wp-block-getwid-toggle__header\"><a href=\"#\"><span class=\"wp-block-getwid-toggle__header-title\">23 de febrer de 2026: jornada de portes obertes<\/span><span class=\"wp-block-getwid-toggle__icon is-active\"><i class=\"fas fa-plus\"><\/i><\/span><span class=\"wp-block-getwid-toggle__icon is-passive\"><i class=\"fas fa-minus\"><\/i><\/span><\/a><\/span><\/div><div class=\"wp-block-getwid-toggle__content-wrapper\"><div class=\"wp-block-getwid-toggle__content\">\n<p><a href=\"https:\/\/sites.google.com\/tapiro.cat\/portes-obertes-eso\/informaci%C3%B3-portes-obertes\" target=\"_blank\" rel=\"noreferrer noopener\">Jornada Portes obertes dilluns 23 de febrer de 2026<\/a><\/p>\n<\/div><\/div><\/div>\n\n\n\n<div class=\"wp-block-getwid-toggle__row\"><div class=\"wp-block-getwid-toggle__header-wrapper\"><span class=\"wp-block-getwid-toggle__header\"><a href=\"#\"><span class=\"wp-block-getwid-toggle__header-title\">3 de mar\u00e7 de 2026: oferta inicial de places escolars<\/span><span class=\"wp-block-getwid-toggle__icon is-active\"><i class=\"fas fa-plus\"><\/i><\/span><span class=\"wp-block-getwid-toggle__icon is-passive\"><i class=\"fas fa-minus\"><\/i><\/span><\/a><\/span><\/div><div class=\"wp-block-getwid-toggle__content-wrapper\"><div class=\"wp-block-getwid-toggle__content\">\n<p><a href=\"https:\/\/agora.xtec.cat\/iesjtapiro\/wp-content\/uploads\/usu514\/2026\/03\/ESO_INFORME_OFERTA_INICIAL.pdf\">Oferta inicial de places<\/a><\/p>\n<\/div><\/div><\/div>\n\n\n\n<div class=\"wp-block-getwid-toggle__row\"><div class=\"wp-block-getwid-toggle__header-wrapper\"><span class=\"wp-block-getwid-toggle__header\"><a href=\"#\"><span class=\"wp-block-getwid-toggle__header-title\">Del 6 al 18 de mar\u00e7 de 2026 (a partir de les 9 hores): presentaci\u00f3 de sol\u00b7licituds<\/span><span class=\"wp-block-getwid-toggle__icon is-active\"><i class=\"fas fa-plus\"><\/i><\/span><span class=\"wp-block-getwid-toggle__icon is-passive\"><i class=\"fas fa-minus\"><\/i><\/span><\/a><\/span><\/div><div class=\"wp-block-getwid-toggle__content-wrapper\"><div class=\"wp-block-getwid-toggle__content\">\n<ul class=\"wp-block-list\">\n<li>de forma aut\u00f2noma. <strong><a href=\"https:\/\/educacio.gencat.cat\/ca\/tramits\/tramits-temes\/perinscripcio-obligatoris?category=&amp;moda=3\" target=\"_blank\" rel=\"noreferrer noopener\">Presentar sol\u00b7licitud de preinscripci\u00f3 d&#8217;educaci\u00f3 secund\u00e0ria obligat\u00f2ria<\/a><\/strong><\/li>\n<\/ul>\n\n\n\n<figure class=\"wp-block-embed is-type-video is-provider-youtube wp-block-embed-youtube wp-embed-aspect-16-9 wp-has-aspect-ratio\"><div class=\"wp-block-embed__wrapper\">\n<div class=\"ast-oembed-container \" style=\"height: 100%;\"><iframe loading=\"lazy\" title=\"Com has de presentar la sol\u00b7licitud de preinscripcio\u0301 escolar? Curs 2025 2026\" width=\"500\" height=\"281\" src=\"https:\/\/www.youtube.com\/embed\/Omp-kUD35O4?feature=oembed\" frameborder=\"0\" allow=\"accelerometer; autoplay; clipboard-write; encrypted-media; gyroscope; picture-in-picture; web-share\" referrerpolicy=\"strict-origin-when-cross-origin\" allowfullscreen><\/iframe><\/div>\n<\/div><\/figure>\n\n\n\n<ul class=\"wp-block-list\">\n<li>amb el suport de l&#8217;OME de Reus. Cal trucar al 977010046.<\/li>\n\n\n\n<li>amb el suport dels Centre C\u00edvics. Es recomana que les fam\u00edlies s&#8217;adrecin presencialment o per tel\u00e8fon al <a href=\"https:\/\/www.reus.cat\/ajuntament\/xarxa-de-centres-civics\">centre c\u00edvic m\u00e9s proper<\/a> al seu domicili per demanar cita. <a href=\"https:\/\/agora.xtec.cat\/iesjtapiro\/wp-content\/uploads\/usu514\/2026\/03\/noname.png\">Horari d&#8217;atenci\u00f3 dels centres c\u00edvics<\/a><\/li>\n\n\n\n<li>amb el suport de l&#8217;Institut Josep Tapir\u00f3 de 12:00 a 13:00. Cal demanar hora trucant al 977773471<\/li>\n<\/ul>\n\n\n\n<h3 class=\"wp-block-heading\"><strong>DOCUMENTACI\u00d3 NECESS\u00c0RIA:<\/strong><\/h3>\n\n\n\n<ul class=\"wp-block-list\">\n<li>Certificaci\u00f3 electr\u00f2nica de la inscripci\u00f3 de naixement, llibre de fam\u00edlia o altres documents relatius a la filiaci\u00f3<\/li>\n\n\n\n<li>DNI, NIE o passaport del sol\u00b7licitant (pare, mare o tutor legal)<\/li>\n\n\n\n<li>DNI, NIE o passaport de l&#8217;alumne (si en t\u00e9)<\/li>\n\n\n\n<li>Volant d&#8217;empadronament<\/li>\n\n\n\n<li>Identificador RALC de l&#8217;alumne (surt a les notes) o es pot <a href=\"https:\/\/accesvalidat.ensenyament.gencat.cat\/wayf\/wayf-IDP-SM.html?entityID=https%3A%2F%2Faccesvalidat.ensenyament.gencat.cat&amp;return=https%3A%2F%2Faccesvalidat.ensenyament.gencat.cat%2FShibboleth.sso%2FLogin%3FSAMLDS%3D1%26target%3Dhttps%253A%252F%252Faccesvalidat.ensenyament.gencat.cat%252Fpls%252Fapex%252Ff%253Fp%253D20190029072543618\">consultar aqu\u00ed<\/a><\/li>\n\n\n\n<li>Targeta Sanit\u00e0ria Individual<\/li>\n\n\n\n<li>Documentaci\u00f3 acreditativa dels criteris de prioritat i\/o criteris complementaris (Fam\u00edlia nombrosa o monoparental, discapacitat, renda m\u00ednima&#8230;)<\/li>\n\n\n\n<li><a href=\"https:\/\/web.gencat.cat\/ca\/tramits\/com-tramitar-en-linia\/identificacio-digital\/id-cat-mobil\/\">idCAT M\u00f2bil<\/a> o DNI o perm\u00eds de resid\u00e8ncia (TIE) + Targeta Sanit\u00e0ria Individual (TSI) o MUFACE + N\u00famero de tel\u00e8fon m\u00f2bil<\/li>\n<\/ul>\n\n\n\n<p>Els criteris prioritaris, aix\u00ed com la documentaci\u00f3 acreditativa els podeu trobar <a href=\"https:\/\/preinscripcio.gencat.cat\/ca\/estudis\/eso\/informat\/prepara-documentacio\">aqu\u00ed<\/a>.<\/p>\n<\/div><\/div><\/div>\n\n\n\n<div class=\"wp-block-getwid-toggle__row\"><div class=\"wp-block-getwid-toggle__header-wrapper\"><span class=\"wp-block-getwid-toggle__header\"><a href=\"#\"><span class=\"wp-block-getwid-toggle__header-title\">Fins al 19 de mar\u00e7 de 2026: presentaci\u00f3 de documentaci\u00f3<\/span><span class=\"wp-block-getwid-toggle__icon is-active\"><i class=\"fas fa-plus\"><\/i><\/span><span class=\"wp-block-getwid-toggle__icon is-passive\"><i class=\"fas fa-minus\"><\/i><\/span><\/a><\/span><\/div><div class=\"wp-block-getwid-toggle__content-wrapper\"><div class=\"wp-block-getwid-toggle__content\">\n<p>Aquests dies pots presentar documentaci\u00f3 acreditativa que no hagis pogut adjuntar durant el per\u00edode de presentaci\u00f3 de sol\u00b7licituds.<\/p>\n<\/div><\/div><\/div>\n\n\n\n<div class=\"wp-block-getwid-toggle__row\"><div class=\"wp-block-getwid-toggle__header-wrapper\"><span class=\"wp-block-getwid-toggle__header\"><a href=\"#\"><span class=\"wp-block-getwid-toggle__header-title\">15 d&#8217;abril de 2026: llista de sol\u00b7licituds amb puntuaci\u00f3 provisional<\/span><span class=\"wp-block-getwid-toggle__icon is-active\"><i class=\"fas fa-plus\"><\/i><\/span><span class=\"wp-block-getwid-toggle__icon is-passive\"><i class=\"fas fa-minus\"><\/i><\/span><\/a><\/span><\/div><div class=\"wp-block-getwid-toggle__content-wrapper\"><div class=\"wp-block-getwid-toggle__content\">\n<p>Un cop acabat el per\u00edode de presentaci\u00f3 de sol\u00b7licituds, els centres educatius estudien cadascuna de les peticions que han rebut: n&#8217;analitzen les dades, els criteris de prioritat que les fam\u00edlies demanen que es tinguin en compte, i tamb\u00e9 els documents justificatius. Tot seguit, publiquen la llista de sol\u00b7licituds amb la puntuaci\u00f3 provisional. En aquesta llista hi ha les sol\u00b7licituds ordenades alfab\u00e8ticament amb la puntuaci\u00f3 que ha rebut cada sol\u00b7licitud en aplicar-hi el barem.<\/p>\n\n\n\n<p><a href=\"https:\/\/agora.xtec.cat\/iesjtapiro\/wp-content\/uploads\/usu514\/2026\/04\/ESO_INFORME_BAREM_PROVISIONAL_BAREM.pdf\">LLISTA ESO<\/a><\/p>\n<\/div><\/div><\/div>\n\n\n\n<div class=\"wp-block-getwid-toggle__row\"><div class=\"wp-block-getwid-toggle__header-wrapper\"><span class=\"wp-block-getwid-toggle__header\"><a href=\"#\"><span class=\"wp-block-getwid-toggle__header-title\">Del 15 al 20 d&#8217;abril de 2026: presentaci\u00f3 de reclamacions<\/span><span class=\"wp-block-getwid-toggle__icon is-active\"><i class=\"fas fa-plus\"><\/i><\/span><span class=\"wp-block-getwid-toggle__icon is-passive\"><i class=\"fas fa-minus\"><\/i><\/span><\/a><\/span><\/div><div class=\"wp-block-getwid-toggle__content-wrapper\"><div class=\"wp-block-getwid-toggle__content\">\n<p>Durant aquest per\u00edode, si detectes alguna errada o anomalia en la puntuaci\u00f3 assignada, pots presentar una reclamaci\u00f3 (utilitzant l&#8217;eina electr\u00f2nica per adjuntar reclamacions).<\/p>\n<\/div><\/div><\/div>\n\n\n\n<div class=\"wp-block-getwid-toggle__row\"><div class=\"wp-block-getwid-toggle__header-wrapper\"><span class=\"wp-block-getwid-toggle__header\"><a href=\"#\"><span class=\"wp-block-getwid-toggle__header-title\">23 d&#8217;abril de 2026: llista de sol\u00b7licituds amb la puntuaci\u00f3 un cop resoltes les reclamacions<\/span><span class=\"wp-block-getwid-toggle__icon is-active\"><i class=\"fas fa-plus\"><\/i><\/span><span class=\"wp-block-getwid-toggle__icon is-passive\"><i class=\"fas fa-minus\"><\/i><\/span><\/a><\/span><\/div><div class=\"wp-block-getwid-toggle__content-wrapper\"><div class=\"wp-block-getwid-toggle__content\">\n<p>Un cop resoltes totes les reclamacions presentades, el centre publica la llista de sol\u00b7licituds amb la puntuaci\u00f3 definitiva i el n\u00famero de desempat corresponent.<\/p>\n\n\n\n<p><a href=\"https:\/\/agora.xtec.cat\/iesjtapiro\/wp-content\/uploads\/usu514\/2026\/04\/ESO_INFORME_BAREM_RESOLTES_RECLAMACIONS.pdf\">Llista<\/a><\/p>\n<\/div><\/div><\/div>\n\n\n\n<div class=\"wp-block-getwid-toggle__row\"><div class=\"wp-block-getwid-toggle__header-wrapper\"><span class=\"wp-block-getwid-toggle__header\"><a href=\"#\"><span class=\"wp-block-getwid-toggle__header-title\">28 d&#8217;abril de 2026 a les 11 hores: sorteig per resoldre les sol\u00b7licituds de preinscripci\u00f3 empatades en punts<\/span><span class=\"wp-block-getwid-toggle__icon is-active\"><i class=\"fas fa-plus\"><\/i><\/span><span class=\"wp-block-getwid-toggle__icon is-passive\"><i class=\"fas fa-minus\"><\/i><\/span><\/a><\/span><\/div><div class=\"wp-block-getwid-toggle__content-wrapper\"><div class=\"wp-block-getwid-toggle__content\">\n<p>El nombre de places a cada centre educatiu \u00e9s limitat. Si el nombre de peticions supera el d&#8217;alumnes que l&#8217;escola pot acollir, cal aplicar un sistema de desempat entre les sol\u00b7licituds que tenen la mateixa puntuaci\u00f3. Per fer-ho, s&#8217;obt\u00e9 un n\u00famero per sorteig a partir del qual s&#8217;ordenen totes les peticions empatades en punts, tenint en compte el n\u00famero de desempat que s&#8217;ha assignat a cada sol\u00b7licitud.<\/p>\n<\/div><\/div><\/div>\n\n\n\n<div class=\"wp-block-getwid-toggle__row\"><div class=\"wp-block-getwid-toggle__header-wrapper\"><span class=\"wp-block-getwid-toggle__header\"><a href=\"#\"><span class=\"wp-block-getwid-toggle__header-title\">29 d&#8217;abril de 2026: llista ordenada<\/span><span class=\"wp-block-getwid-toggle__icon is-active\"><i class=\"fas fa-plus\"><\/i><\/span><span class=\"wp-block-getwid-toggle__icon is-passive\"><i class=\"fas fa-minus\"><\/i><\/span><\/a><\/span><\/div><div class=\"wp-block-getwid-toggle__content-wrapper\"><div class=\"wp-block-getwid-toggle__content\">\n<p>Despr\u00e9s del sorteig, s&#8217;elabora la llista de sol\u00b7licituds per a l&#8217;assignaci\u00f3 de places. Per fer aquesta llista, en primer lloc es t\u00e9 en compte les adscripcions, despr\u00e8s la puntuaci\u00f3 de criteris prioritaris, de m\u00e9s a menys, i en cas d&#8217;empat primer la puntuaci\u00f3 pels criteris complementaris i despr\u00e9s el n\u00famero de desempat.<\/p>\n\n\n\n<p><a href=\"https:\/\/agora.xtec.cat\/iesjtapiro\/wp-content\/uploads\/usu514\/2026\/04\/ESO_INFORME_BAREM_DEFINITIU_BAREM.pdf\">Llista ordenada<\/a><\/p>\n<\/div><\/div><\/div>\n\n\n\n<div class=\"wp-block-getwid-toggle__row\"><div class=\"wp-block-getwid-toggle__header-wrapper\"><span class=\"wp-block-getwid-toggle__header\"><a href=\"#\"><span class=\"wp-block-getwid-toggle__header-title\">De l&#8217;1 al 3 de juny de 2026: ampliaci\u00f3 de peticions de preinscripci\u00f3 per a alumnes sense pla\u00e7a assignada a cap centre<\/span><span class=\"wp-block-getwid-toggle__icon is-active\"><i class=\"fas fa-plus\"><\/i><\/span><span class=\"wp-block-getwid-toggle__icon is-passive\"><i class=\"fas fa-minus\"><\/i><\/span><\/a><\/span><\/div><div class=\"wp-block-getwid-toggle__content-wrapper\"><div class=\"wp-block-getwid-toggle__content\">\n<p>Si no s&#8217;ha obtingut cap pla\u00e7a en els centres demanats i es tracta de sol\u00b7licituds per a I3 o 1r d&#8217;ESO, o en les quals s&#8217;ha marcat expressament que es vol una assignaci\u00f3 d&#8217;ofici, durant aquest per\u00edode es poden ampliar les peticions originals i demanar places en centres que en tinguin de disponibles, un cop feta la primera fase d&#8217;assignaci\u00f3 de places.<\/p>\n\n\n\n<p>Despr\u00e9s d&#8217;aquesta ampliaci\u00f3 de la sol\u00b7licitud, es fa el proc\u00e9s definitiu d&#8217;assignaci\u00f3 tenint en compte aquestes peticions ampliades.<\/p>\n<\/div><\/div><\/div>\n\n\n\n<div class=\"wp-block-getwid-toggle__row\"><div class=\"wp-block-getwid-toggle__header-wrapper\"><span class=\"wp-block-getwid-toggle__header\"><a href=\"#\"><span class=\"wp-block-getwid-toggle__header-title\">10 de juny de 2026: oferta final de places escolars<\/span><span class=\"wp-block-getwid-toggle__icon is-active\"><i class=\"fas fa-plus\"><\/i><\/span><span class=\"wp-block-getwid-toggle__icon is-passive\"><i class=\"fas fa-minus\"><\/i><\/span><\/a><\/span><\/div><div class=\"wp-block-getwid-toggle__content-wrapper\"><div class=\"wp-block-getwid-toggle__content\">\n<p>Publicaci\u00f3 del nombre definitiu de places escolars per centre i curs que \u00e9s el que s&#8217;utilitza per a l&#8217;assignaci\u00f3 de places.<\/p>\n\n\n\n<p>Oferta final<\/p>\n<\/div><\/div><\/div>\n\n\n\n<div class=\"wp-block-getwid-toggle__row\"><div class=\"wp-block-getwid-toggle__header-wrapper\"><span class=\"wp-block-getwid-toggle__header\"><a href=\"#\"><span class=\"wp-block-getwid-toggle__header-title\">10 de juny de 2026: llista d&#8217;alumnes admesos i llista d&#8217;espera<\/span><span class=\"wp-block-getwid-toggle__icon is-active\"><i class=\"fas fa-plus\"><\/i><\/span><span class=\"wp-block-getwid-toggle__icon is-passive\"><i class=\"fas fa-minus\"><\/i><\/span><\/a><\/span><\/div><div class=\"wp-block-getwid-toggle__content-wrapper\"><div class=\"wp-block-getwid-toggle__content\">\n<p>Finalment, es publica la llista d&#8217;alumnes admesos al centre i tamb\u00e9 la llista d&#8217;espera.<\/p>\n\n\n\n<p>ALUMNES ASSIGNATS<\/p>\n\n\n\n<p>ALUMNES PREINSCRITS<\/p>\n\n\n\n<p>LLISTA D&#8217;ESPERA<\/p>\n<\/div><\/div><\/div>\n\n\n\n<div class=\"wp-block-getwid-toggle__row\"><div class=\"wp-block-getwid-toggle__header-wrapper\"><span class=\"wp-block-getwid-toggle__header\"><a href=\"#\"><span class=\"wp-block-getwid-toggle__header-title\">Del 22 al 30 de juny de 2026: matriculaci\u00f3<\/span><span class=\"wp-block-getwid-toggle__icon is-active\"><i class=\"fas fa-plus\"><\/i><\/span><span class=\"wp-block-getwid-toggle__icon is-passive\"><i class=\"fas fa-minus\"><\/i><\/span><\/a><\/span><\/div><div class=\"wp-block-getwid-toggle__content-wrapper\"><div class=\"wp-block-getwid-toggle__content\">\n<p>Un cop s&#8217;ha publicat la llista final d&#8217;alumnes admesos en cada centre, comen\u00e7a el per\u00edode de matriculaci\u00f3 dels preinscrits amb pla\u00e7a assignada.<\/p>\n<\/div><\/div><\/div>\n<\/div>\n\n\n\n<hr class=\"wp-block-separator has-alpha-channel-opacity\"\/>\n\n\n\n<h4 class=\"wp-block-heading\"><\/h4>\n\n\n\n<p><\/p>\n","protected":false},"excerpt":{"rendered":"<p>La preinscripci\u00f3 dels alumnes als centres educatius d&#8217;ESO t\u00e9 dates i caracter\u00edstiques pr\u00f2pies. Si vols estar al cas de les diferents dates clau i dels terminis, has de tenir en compte alguns aspectes: Aix\u00ed, has d&#8217;estar pendent de les dates i de les gestions espec\u00edfiques de cada moment del proc\u00e9s. La preinscripci\u00f3 d&#8217;Educaci\u00f3 Secund\u00e0ria Obligat\u00f2ria [&hellip;]<\/p>\n","protected":false},"author":1,"featured_media":0,"parent":14278,"menu_order":0,"comment_status":"closed","ping_status":"close","template":"","meta":{"_bbp_topic_count":0,"_bbp_reply_count":0,"_bbp_total_topic_count":0,"_bbp_total_reply_count":0,"_bbp_voice_count":0,"_bbp_anonymous_reply_count":0,"_bbp_topic_count_hidden":0,"_bbp_reply_count_hidden":0,"_bbp_forum_subforum_count":0,"site-sidebar-layout":"default","site-content-layout":"","ast-site-content-layout":"default","site-content-style":"default","site-sidebar-style":"default","ast-global-header-display":"","ast-banner-title-visibility":"","ast-main-header-display":"","ast-hfb-above-header-display":"","ast-hfb-below-header-display":"","ast-hfb-mobile-header-display":"","site-post-title":"","ast-breadcrumbs-content":"","ast-featured-img":"","footer-sml-layout":"","theme-transparent-header-meta":"","adv-header-id-meta":"","stick-header-meta":"","header-above-stick-meta":"","header-main-stick-meta":"","header-below-stick-meta":"","astra-migrate-meta-layouts":"set","ast-page-background-enabled":"default","ast-page-background-meta":{"desktop":{"background-color":"var(--ast-global-color-4)","background-image":"","background-repeat":"repeat","background-position":"center center","background-size":"auto","background-attachment":"scroll","background-type":"","background-media":"","overlay-type":"","overlay-color":"","overlay-opacity":"","overlay-gradient":""},"tablet":{"background-color":"","background-image":"","background-repeat":"repeat","background-position":"center center","background-size":"auto","background-attachment":"scroll","background-type":"","background-media":"","overlay-type":"","overlay-color":"","overlay-opacity":"","overlay-gradient":""},"mobile":{"background-color":"","background-image":"","background-repeat":"repeat","background-position":"center center","background-size":"auto","background-attachment":"scroll","background-type":"","background-media":"","overlay-type":"","overlay-color":"","overlay-opacity":"","overlay-gradient":""}},"ast-content-background-meta":{"desktop":{"background-color":"var(--ast-global-color-5)","background-image":"","background-repeat":"repeat","background-position":"center center","background-size":"auto","background-attachment":"scroll","background-type":"","background-media":"","overlay-type":"","overlay-color":"","overlay-opacity":"","overlay-gradient":""},"tablet":{"background-color":"var(--ast-global-color-5)","background-image":"","background-repeat":"repeat","background-position":"center center","background-size":"auto","background-attachment":"scroll","background-type":"","background-media":"","overlay-type":"","overlay-color":"","overlay-opacity":"","overlay-gradient":""},"mobile":{"background-color":"var(--ast-global-color-5)","background-image":"","background-repeat":"repeat","background-position":"center center","background-size":"auto","background-attachment":"scroll","background-type":"","background-media":"","overlay-type":"","overlay-color":"","overlay-opacity":"","overlay-gradient":""}},"footnotes":""},"class_list":["post-16416","page","type-page","status-publish","hentry"],"post_mailing_queue_ids":[],"_links":{"self":[{"href":"https:\/\/agora.xtec.cat\/iesjtapiro\/wp-json\/wp\/v2\/pages\/16416","targetHints":{"allow":["GET"]}}],"collection":[{"href":"https:\/\/agora.xtec.cat\/iesjtapiro\/wp-json\/wp\/v2\/pages"}],"about":[{"href":"https:\/\/agora.xtec.cat\/iesjtapiro\/wp-json\/wp\/v2\/types\/page"}],"author":[{"embeddable":true,"href":"https:\/\/agora.xtec.cat\/iesjtapiro\/wp-json\/wp\/v2\/users\/1"}],"replies":[{"embeddable":true,"href":"https:\/\/agora.xtec.cat\/iesjtapiro\/wp-json\/wp\/v2\/comments?post=16416"}],"version-history":[{"count":6,"href":"https:\/\/agora.xtec.cat\/iesjtapiro\/wp-json\/wp\/v2\/pages\/16416\/revisions"}],"predecessor-version":[{"id":16644,"href":"https:\/\/agora.xtec.cat\/iesjtapiro\/wp-json\/wp\/v2\/pages\/16416\/revisions\/16644"}],"up":[{"embeddable":true,"href":"https:\/\/agora.xtec.cat\/iesjtapiro\/wp-json\/wp\/v2\/pages\/14278"}],"wp:attachment":[{"href":"https:\/\/agora.xtec.cat\/iesjtapiro\/wp-json\/wp\/v2\/media?parent=16416"}],"curies":[{"name":"wp","href":"https:\/\/api.w.org\/{rel}","templated":true}]}}