{"id":15473,"date":"2025-06-25T01:10:13","date_gmt":"2025-06-24T23:10:13","guid":{"rendered":"https:\/\/agora.xtec.cat\/iesjtapiro\/?page_id=15473"},"modified":"2025-09-27T11:45:13","modified_gmt":"2025-09-27T09:45:13","slug":"espai-docent","status":"publish","type":"page","link":"https:\/\/agora.xtec.cat\/iesjtapiro\/espai-docent\/","title":{"rendered":"Espai Docent"},"content":{"rendered":"\n<div class=\"wp-block-columns is-layout-flex wp-container-core-columns-is-layout-2 wp-block-columns-is-layout-flex\">\n<div class=\"wp-block-column is-layout-flow wp-block-column-is-layout-flow\">\n<div class=\"wp-block-columns is-layout-flex wp-container-core-columns-is-layout-1 wp-block-columns-is-layout-flex\">\n<div class=\"wp-block-column is-layout-flow wp-block-column-is-layout-flow\">\n<figure class=\"wp-block-image size-full\"><a href=\"https:\/\/docs.google.com\/forms\/d\/e\/1FAIpQLSeqgbnOeanlz9M32tzyCJehFJPaDYS7YoVZG0XHo6c9fISuaQ\/viewform\" target=\"_blank\" rel=\" noreferrer noopener\"><img loading=\"lazy\" decoding=\"async\" width=\"500\" height=\"500\" src=\"https:\/\/agora.xtec.cat\/iesjtapiro\/wp-content\/uploads\/usu514\/2025\/06\/INCIDENCIES-DIGITALS-500-\u00d7-500-px.png\" alt=\"\" class=\"wp-image-15475\" srcset=\"https:\/\/agora.xtec.cat\/iesjtapiro\/wp-content\/uploads\/usu514\/2025\/06\/INCIDENCIES-DIGITALS-500-\u00d7-500-px.png 500w, https:\/\/agora.xtec.cat\/iesjtapiro\/wp-content\/uploads\/usu514\/2025\/06\/INCIDENCIES-DIGITALS-500-\u00d7-500-px-300x300.png 300w, https:\/\/agora.xtec.cat\/iesjtapiro\/wp-content\/uploads\/usu514\/2025\/06\/INCIDENCIES-DIGITALS-500-\u00d7-500-px-150x150.png 150w\" sizes=\"auto, (max-width: 500px) 100vw, 500px\" \/><\/a><\/figure>\n\n\n\n<p class=\"has-text-align-center\"><strong>Formulari Incid\u00e8ncies Digitals<\/strong><\/p>\n<\/div>\n\n\n\n<div class=\"wp-block-column is-layout-flow wp-block-column-is-layout-flow\">\n<figure class=\"wp-block-image size-full\"><a href=\"https:\/\/forms.gle\/9Wp5XAUwYB24xUvTA\" target=\"_blank\" rel=\" noreferrer noopener\"><img loading=\"lazy\" decoding=\"async\" width=\"500\" height=\"500\" src=\"https:\/\/agora.xtec.cat\/iesjtapiro\/wp-content\/uploads\/usu514\/2023\/04\/INCIDE\u0300NCIES-ESPAIS-CENTRE-500-\u00d7-500-px.png\" alt=\"\" class=\"wp-image-10499\" srcset=\"https:\/\/agora.xtec.cat\/iesjtapiro\/wp-content\/uploads\/usu514\/2023\/04\/INCIDE\u0300NCIES-ESPAIS-CENTRE-500-\u00d7-500-px.png 500w, https:\/\/agora.xtec.cat\/iesjtapiro\/wp-content\/uploads\/usu514\/2023\/04\/INCIDE\u0300NCIES-ESPAIS-CENTRE-500-\u00d7-500-px-300x300.png 300w, https:\/\/agora.xtec.cat\/iesjtapiro\/wp-content\/uploads\/usu514\/2023\/04\/INCIDE\u0300NCIES-ESPAIS-CENTRE-500-\u00d7-500-px-150x150.png 150w\" sizes=\"auto, (max-width: 500px) 100vw, 500px\" \/><\/a><\/figure>\n\n\n\n<p class=\"has-text-align-center\"><strong>Formulari Incid\u00e8ncies Espais Centre<\/strong><\/p>\n<\/div>\n\n\n\n<div class=\"wp-block-column is-layout-flow wp-block-column-is-layout-flow\">\n<figure class=\"wp-block-image size-full wp-container-content-1\"><a href=\"https:\/\/sites.google.com\/tapiro.cat\/Butlleti-Setmanal\/\" target=\"_blank\" rel=\" noreferrer noopener\"><img loading=\"lazy\" decoding=\"async\" width=\"300\" height=\"300\" src=\"https:\/\/agora.xtec.cat\/iesjtapiro\/wp-content\/uploads\/usu514\/2025\/06\/Capcalera-Butlleti-1600-x-600-px-300-x-300-px.png\" alt=\"\" class=\"wp-image-15476\" srcset=\"https:\/\/agora.xtec.cat\/iesjtapiro\/wp-content\/uploads\/usu514\/2025\/06\/Capcalera-Butlleti-1600-x-600-px-300-x-300-px.png 300w, https:\/\/agora.xtec.cat\/iesjtapiro\/wp-content\/uploads\/usu514\/2025\/06\/Capcalera-Butlleti-1600-x-600-px-300-x-300-px-150x150.png 150w\" sizes=\"auto, (max-width: 300px) 100vw, 300px\" \/><\/a><\/figure>\n\n\n\n<p class=\"has-text-align-center\"><strong>Butllet\u00ed Setmanal<\/strong><\/p>\n<\/div>\n\n\n\n<div class=\"wp-block-column is-layout-flow wp-block-column-is-layout-flow\">\n<figure class=\"wp-block-image size-full\"><a href=\"https:\/\/docs.google.com\/forms\/d\/e\/1FAIpQLSc_cpXDZOIH3vRkp3IjL864HM6hQfJFOz3f4MnpHCDFuIopEA\/viewform\" target=\"_blank\" rel=\" noreferrer noopener\"><img loading=\"lazy\" decoding=\"async\" width=\"500\" height=\"500\" src=\"https:\/\/agora.xtec.cat\/iesjtapiro\/wp-content\/uploads\/usu514\/2025\/07\/LogoSortides-Activitats-1.png\" alt=\"\" class=\"wp-image-15545\" srcset=\"https:\/\/agora.xtec.cat\/iesjtapiro\/wp-content\/uploads\/usu514\/2025\/07\/LogoSortides-Activitats-1.png 500w, https:\/\/agora.xtec.cat\/iesjtapiro\/wp-content\/uploads\/usu514\/2025\/07\/LogoSortides-Activitats-1-300x300.png 300w, https:\/\/agora.xtec.cat\/iesjtapiro\/wp-content\/uploads\/usu514\/2025\/07\/LogoSortides-Activitats-1-150x150.png 150w\" sizes=\"auto, (max-width: 500px) 100vw, 500px\" \/><\/a><\/figure>\n\n\n\n<p class=\"has-text-align-center\"><strong>Formulari Sortides i Activitats<\/strong><\/p>\n<\/div>\n\n\n\n<div class=\"wp-block-column is-layout-flow wp-block-column-is-layout-flow\">\n<figure class=\"wp-block-image size-full\"><a href=\"https:\/\/docs.google.com\/forms\/d\/e\/1FAIpQLSeNkPTFAqXFGzr9RwowUQog3CCL0PeZS-V6bflT7zywnfF_CA\/viewform\" target=\"_blank\" rel=\" noreferrer noopener\"><img loading=\"lazy\" decoding=\"async\" width=\"500\" height=\"500\" src=\"https:\/\/agora.xtec.cat\/iesjtapiro\/wp-content\/uploads\/usu514\/2025\/07\/LOGOnoticies-500-\u00d7-500-px.png\" alt=\"\" class=\"wp-image-15543\" srcset=\"https:\/\/agora.xtec.cat\/iesjtapiro\/wp-content\/uploads\/usu514\/2025\/07\/LOGOnoticies-500-\u00d7-500-px.png 500w, https:\/\/agora.xtec.cat\/iesjtapiro\/wp-content\/uploads\/usu514\/2025\/07\/LOGOnoticies-500-\u00d7-500-px-300x300.png 300w, https:\/\/agora.xtec.cat\/iesjtapiro\/wp-content\/uploads\/usu514\/2025\/07\/LOGOnoticies-500-\u00d7-500-px-150x150.png 150w\" sizes=\"auto, (max-width: 500px) 100vw, 500px\" \/><\/a><\/figure>\n\n\n\n<p class=\"has-text-align-center\"><strong>Formulari Not\u00edcies<\/strong><\/p>\n<\/div>\n<\/div>\n<\/div>\n<\/div>\n\n\n\n<p><\/p>\n","protected":false},"excerpt":{"rendered":"<p>Formulari Incid\u00e8ncies Digitals Formulari Incid\u00e8ncies Espais Centre Butllet\u00ed Setmanal Formulari Sortides i Activitats Formulari Not\u00edcies<\/p>\n","protected":false},"author":1,"featured_media":0,"parent":0,"menu_order":0,"comment_status":"closed","ping_status":"close","template":"","meta":{"_bbp_topic_count":0,"_bbp_reply_count":0,"_bbp_total_topic_count":0,"_bbp_total_reply_count":0,"_bbp_voice_count":0,"_bbp_anonymous_reply_count":0,"_bbp_topic_count_hidden":0,"_bbp_reply_count_hidden":0,"_bbp_forum_subforum_count":0,"site-sidebar-layout":"default","site-content-layout":"","ast-site-content-layout":"default","site-content-style":"default","site-sidebar-style":"default","ast-global-header-display":"","ast-banner-title-visibility":"","ast-main-header-display":"","ast-hfb-above-header-display":"","ast-hfb-below-header-display":"","ast-hfb-mobile-header-display":"","site-post-title":"","ast-breadcrumbs-content":"","ast-featured-img":"","footer-sml-layout":"","theme-transparent-header-meta":"","adv-header-id-meta":"","stick-header-meta":"","header-above-stick-meta":"","header-main-stick-meta":"","header-below-stick-meta":"","astra-migrate-meta-layouts":"set","ast-page-background-enabled":"default","ast-page-background-meta":{"desktop":{"background-color":"var(--ast-global-color-4)","background-image":"","background-repeat":"repeat","background-position":"center center","background-size":"auto","background-attachment":"scroll","background-type":"","background-media":"","overlay-type":"","overlay-color":"","overlay-opacity":"","overlay-gradient":""},"tablet":{"background-color":"","background-image":"","background-repeat":"repeat","background-position":"center center","background-size":"auto","background-attachment":"scroll","background-type":"","background-media":"","overlay-type":"","overlay-color":"","overlay-opacity":"","overlay-gradient":""},"mobile":{"background-color":"","background-image":"","background-repeat":"repeat","background-position":"center center","background-size":"auto","background-attachment":"scroll","background-type":"","background-media":"","overlay-type":"","overlay-color":"","overlay-opacity":"","overlay-gradient":""}},"ast-content-background-meta":{"desktop":{"background-color":"var(--ast-global-color-5)","background-image":"","background-repeat":"repeat","background-position":"center center","background-size":"auto","background-attachment":"scroll","background-type":"","background-media":"","overlay-type":"","overlay-color":"","overlay-opacity":"","overlay-gradient":""},"tablet":{"background-color":"var(--ast-global-color-5)","background-image":"","background-repeat":"repeat","background-position":"center center","background-size":"auto","background-attachment":"scroll","background-type":"","background-media":"","overlay-type":"","overlay-color":"","overlay-opacity":"","overlay-gradient":""},"mobile":{"background-color":"var(--ast-global-color-5)","background-image":"","background-repeat":"repeat","background-position":"center center","background-size":"auto","background-attachment":"scroll","background-type":"","background-media":"","overlay-type":"","overlay-color":"","overlay-opacity":"","overlay-gradient":""}},"footnotes":""},"class_list":["post-15473","page","type-page","status-publish","hentry"],"post_mailing_queue_ids":[],"_links":{"self":[{"href":"https:\/\/agora.xtec.cat\/iesjtapiro\/wp-json\/wp\/v2\/pages\/15473","targetHints":{"allow":["GET"]}}],"collection":[{"href":"https:\/\/agora.xtec.cat\/iesjtapiro\/wp-json\/wp\/v2\/pages"}],"about":[{"href":"https:\/\/agora.xtec.cat\/iesjtapiro\/wp-json\/wp\/v2\/types\/page"}],"author":[{"embeddable":true,"href":"https:\/\/agora.xtec.cat\/iesjtapiro\/wp-json\/wp\/v2\/users\/1"}],"replies":[{"embeddable":true,"href":"https:\/\/agora.xtec.cat\/iesjtapiro\/wp-json\/wp\/v2\/comments?post=15473"}],"version-history":[{"count":6,"href":"https:\/\/agora.xtec.cat\/iesjtapiro\/wp-json\/wp\/v2\/pages\/15473\/revisions"}],"predecessor-version":[{"id":15816,"href":"https:\/\/agora.xtec.cat\/iesjtapiro\/wp-json\/wp\/v2\/pages\/15473\/revisions\/15816"}],"wp:attachment":[{"href":"https:\/\/agora.xtec.cat\/iesjtapiro\/wp-json\/wp\/v2\/media?parent=15473"}],"curies":[{"name":"wp","href":"https:\/\/api.w.org\/{rel}","templated":true}]}}