{"id":12528,"date":"2024-03-20T14:29:35","date_gmt":"2024-03-20T13:29:35","guid":{"rendered":"https:\/\/agora.xtec.cat\/iesjtapiro\/?page_id=12528"},"modified":"2024-06-21T09:51:50","modified_gmt":"2024-06-21T07:51:50","slug":"preinscripcio-batxillerat-24-25","status":"publish","type":"page","link":"https:\/\/agora.xtec.cat\/iesjtapiro\/preinscripcio-batxillerat-24-25\/","title":{"rendered":"Preinscripci\u00f3 Batxillerat 24-25"},"content":{"rendered":"<p style=\"text-align: justify;\"><span style=\"color: #444444; font-family: 'Open Sans', Arial, Helvetica, sans-serif; font-size: 16px; font-weight: 400;\">La\u00a0<\/span><a href=\"https:\/\/preinscripcio.gencat.cat\/ca\/estudis\/batxillerat\/inici\/\">preinscripci\u00f3 de Batxillerat<\/a><span style=\"color: #444444; font-family: 'Open Sans', Arial, Helvetica, sans-serif; font-size: 16px; font-weight: 400;\"> per al curs 2024-2025 s\u2019ha de fer de forma telem\u00e0tica i seguir\u00e0 el seg\u00fcent calendari:<\/span><\/p>\n<h2 style=\"text-align: justify;\">Abans de la preinscripci\u00f3<\/h2>\n<h5 style=\"text-align: justify;\"><a href=\"https:\/\/sites.google.com\/tapiro.cat\/portes-obertes-postobligatria\/p%C3%A0gina-dinici\" target=\"_blank\" rel=\"noopener\">BAT: Dilluns 8 d\u2019abril a les 18:00 h<\/a><\/h5>\n<p>Entre febrer i mar\u00e7 de 2024: jornades de portes obertes i xerrades informatives als centres Aquestes trobades, que poden ser presencials o virtuals, s\u00f3n molt interessants, perqu\u00e8 permeten con\u00e8ixer de prop les caracter\u00edstiques de cada centre i la seva oferta educativa. Tamb\u00e9 s\u00f3n una oportunitat per plantejar preguntes i resoldre dubtes. Aix\u00ed, pares i mares poden acabar de perfilar les seves prefer\u00e8ncies i recollir-les a la llista definitiva de centres.<\/p>\n<p>Heu de tenir molt en compte que hi ha centres educatius d&#8217;ESO adscrits a determinats centres de batxillerat per establir una continu\u00eftat pedag\u00f2gica en el seu alumnat. Les sol\u00b7licituds de centres adscrits s\u00f3n preferents a l&#8217;hora d&#8217;assignar les places i per tant un element fonamental per fer la tria de centres.<\/p>\n<h5 style=\"text-align: justify;\"><a href=\"https:\/\/agora.xtec.cat\/iesjtapiro\/wp-content\/uploads\/usu514\/2024\/04\/INFORME_OFERTA_OME_INFORME_OFERTA-40.pdf\">16 d&#8217;abril de 2026: oferta inicial de places escolars<\/a><\/h5>\n<h2 style=\"text-align: justify;\">Durant la preparaci\u00f3, presentaci\u00f3 i seguiment de la sol\u00b7licitud de preinscripci\u00f3<\/h2>\n<h5 style=\"text-align: justify;\"><a href=\"https:\/\/educacio.gencat.cat\/ca\/tramits\/tramits-temes\/9388-batxillerat?moda=1\">Del 18 al 25 d&#8217;abril de 2024: presentaci\u00f3 de sol\u00b7licituds<\/a><\/h5>\n<p>\u00c9s molt important respectar les dates de presentaci\u00f3, perqu\u00e8 per a aquests ensenyaments no s&#8217;accepten sol\u00b7licituds fora de termini.<\/p>\n<p>La presentaci\u00f3 de sol\u00b7licituds de preinscripci\u00f3 als centres de doble titulaci\u00f3 \u00e9s del 2 al 8 d&#8217;abril de 2024<\/p>\n<h5 style=\"text-align: justify;\">Fins al 26 d&#8217;abril de 2024: presentaci\u00f3 de documentaci\u00f3<\/h5>\n<p>Fins aquest dia es pot presentar la documentaci\u00f3 acreditativa que no s&#8217;hagi pogut adjuntar durant el per\u00edode de presentaci\u00f3 de sol\u00b7licituds.<\/p>\n<h5><a href=\"https:\/\/agora.xtec.cat\/iesjtapiro\/wp-content\/uploads\/usu514\/2024\/05\/BAT_INFORME_BAREM_PROVISIONAL_BAREM-21.pdf\">17 de maig de 2024: llista de sol\u00b7licituds amb la puntuaci\u00f3 provisional<\/a><\/h5>\n<p>Un cop acabat el per\u00edode de presentaci\u00f3 de sol\u00b7licituds, els centres educatius estudien cadascuna de les peticions que han rebut: n&#8217;analitzen les dades, els criteris que es demana que es tinguin en compte i els documents justificatius, i publiquen la <a href=\"https:\/\/agora.xtec.cat\/iesjtapiro\/wp-content\/uploads\/usu514\/2024\/05\/BAT_INFORME_BAREM_PROVISIONAL_BAREM-21.pdf\">llista de sol\u00b7licituds amb la puntuaci\u00f3 provisional<\/a>. En aquesta llista hi ha les sol\u00b7licituds ordenades alfab\u00e8ticament amb la puntuaci\u00f3 que ha rebut cada sol\u00b7licitud en aplicar-hi el barem.<\/p>\n<h5>Del 17 al 23 de maig de 2024: presentaci\u00f3 de reclamacions<\/h5>\n<p>Per\u00edode en qu\u00e8 es recullen les reclamacions que les fam\u00edlies puguin presentar, si \u00e9s que es detecta alguna errada o anomalia en la puntuaci\u00f3 assignada.<\/p>\n<h5><a href=\"https:\/\/agora.xtec.cat\/iesjtapiro\/wp-content\/uploads\/usu514\/2024\/05\/INFORME_BAREM_RESOLTES_BAREM.pdf\">29 de maig de 2024: llista de sol\u00b7licituds amb la puntuaci\u00f3 un cop resoltes les reclamacions<\/a><\/h5>\n<p>Un cop resoltes totes les reclamacions presentades, el centre publica la<a href=\"https:\/\/agora.xtec.cat\/iesjtapiro\/wp-content\/uploads\/usu514\/2024\/05\/INFORME_BAREM_RESOLTES_BAREM.pdf\"> llista de sol\u00b7licituds amb la puntuaci\u00f3 corresponent i el n\u00famero de desempat<\/a>.<\/p>\n<h5>29 de maig de 2024: sorteig per resoldre les sol\u00b7licituds de preinscripci\u00f3 empatades en punts<\/h5>\n<p>El nombre de places de batxillerat a cada centre educatiu \u00e9s limitat. Si el nombre de peticions supera el d&#8217;alumnes que l&#8217;institut pot acollir, cal aplicar un sistema de desempat entre les sol\u00b7licituds amb la mateixa puntuaci\u00f3. Per fer-ho, s&#8217;obt\u00e9 un n\u00famero per sorteig a partir del qual s&#8217;ordenen totes les peticions empatades en punts, tenint en compte el n\u00famero de desempat que s&#8217;ha assignat a cada sol\u00b7licitud. El sorteig tindr\u00e0 lloc a les 11 hores, als serveis centrals del Departament d&#8217;Educaci\u00f3 (Via Augusta, 202-226, Barcelona).<\/p>\n<h5>3 de juny de 2024: llista ordenada<\/h5>\n<p>Despr\u00e9s del sorteig, s&#8217;elabora la llista ordenada de sol\u00b7licituds per a l&#8217;assignaci\u00f3 de places. En aquest cas, la llista ja no s&#8217;ordena alfab\u00e8ticament, sin\u00f3 tenint en compte la puntuaci\u00f3 de cada sol\u00b7licitud, de m\u00e9s a menys.<\/p>\n<p><a href=\"https:\/\/agora.xtec.cat\/iesjtapiro\/wp-content\/uploads\/usu514\/2024\/06\/INFORME_BAREM_DEFINITIU_BAREM.pdf\">INFORME_BAREM_DEFINITIU_BAREM<\/a><\/p>\n<h5>20 de juny de 2024: oferta final de places escolars<\/h5>\n<p>Publicaci\u00f3 del nombre de places educatives per centre i curs.<\/p>\n<p><a href=\"https:\/\/agora.xtec.cat\/iesjtapiro\/wp-content\/uploads\/usu514\/2024\/06\/OFERTA-FINAL-BATXILLERAT-20-06-2024.pdf\">OFERTA FINAL BATXILLERAT 20-06-2024<\/a><\/p>\n<h5>20 de juny de 2024: llista d&#8217;alumnes admesos i llista d&#8217;espera<\/h5>\n<p>Finalment, publicaci\u00f3 de la llista d&#8217;alumnes admesos al centre i de la llista d&#8217;espera. La llista d&#8217;espera d&#8217;un centre t\u00e9 una validesa temporal, normalment fins al mes de setembre.<\/p>\n<p><a href=\"https:\/\/agora.xtec.cat\/iesjtapiro\/wp-content\/uploads\/usu514\/2024\/06\/INFORME_ASSIGNADES_INFORME_ASSIGNADES-20-06-2024.pdf\">INFORME_ASSIGNADES_INFORME_ASSIGNADES 20-06-2024<\/a> <a href=\"https:\/\/agora.xtec.cat\/iesjtapiro\/wp-content\/uploads\/usu514\/2024\/06\/INFORME_PREINSCRITES_OME_INFORME_PREINSCRITES_OME-20-06-2024.pdf\">INFORME_PREINSCRITES_OME_INFORME_PREINSCRITES_OME 20-06-2024<\/a><\/p>\n<h2 style=\"text-align: justify;\">Formalitza la matriculaci\u00f3<\/h2>\n<h5>Del 21 de juny a l&#8217;1 de juliol de 2024: matriculaci\u00f3 dels alumnes preinscrits a batxillerat amb pla\u00e7a assignada<\/h5>\n<p>Els alumnes admesos hauran de fer la matr\u00edcula del 21 de juny a l&#8217;1 de juliol a l\u2019institut.<\/p>\n<p>Documentaci\u00f3 necess\u00e0ria:<\/p>\n<ul>\n<li style=\"list-style-type: none;\">\n<ul>\n<li style=\"list-style-type: none;\">\n<ul>\n<li><strong>Impr\u00e8s de sol\u00b7licitud BAT <\/strong>(Es pot recollir a la consergeria del centre)<\/li>\n<li><strong>Fotoc\u00f2pia del llibre de fam\u00edlia<\/strong>\u00a0(si no s\u2019ha adjuntat en la preinscripci\u00f3)<\/li>\n<li><strong>Fotoc\u00f2pia de la targeta sanit\u00e0ria<\/strong>\u00a0(si no s\u2019ha adjuntat en la preinscripci\u00f3)<\/li>\n<li>Si no ho han portat abans, adjuntar fotoc\u00f2pia DNI alumnes (en cas que el tinguin)<\/li>\n<li>Si no ho han portat abans, DNI pare o mare.<\/li>\n<\/ul>\n<\/li>\n<\/ul>\n<\/li>\n<\/ul>\n<p><strong>Import: 40\u20ac<\/strong>\u00a0desglossats en 25\u20ac i 15\u20ac.<\/p>\n","protected":false},"excerpt":{"rendered":"<p>La\u00a0preinscripci\u00f3 de Batxillerat per al curs 2024-2025 s\u2019ha de fer de forma telem\u00e0tica i seguir\u00e0 el seg\u00fcent calendari: Abans de la preinscripci\u00f3 BAT: Dilluns 8 d\u2019abril a les 18:00 h Entre febrer i mar\u00e7 de 2024: jornades de portes obertes i xerrades informatives als centres Aquestes trobades, que poden ser presencials o virtuals, s\u00f3n molt [&hellip;]<\/p>\n","protected":false},"author":1,"featured_media":0,"parent":0,"menu_order":0,"comment_status":"closed","ping_status":"closed","template":"page-templates\/side-menu.php","meta":{"_bbp_topic_count":0,"_bbp_reply_count":0,"_bbp_total_topic_count":0,"_bbp_total_reply_count":0,"_bbp_voice_count":0,"_bbp_anonymous_reply_count":0,"_bbp_topic_count_hidden":0,"_bbp_reply_count_hidden":0,"_bbp_forum_subforum_count":0,"site-sidebar-layout":"default","site-content-layout":"","ast-site-content-layout":"","site-content-style":"default","site-sidebar-style":"default","ast-global-header-display":"","ast-banner-title-visibility":"","ast-main-header-display":"","ast-hfb-above-header-display":"","ast-hfb-below-header-display":"","ast-hfb-mobile-header-display":"","site-post-title":"","ast-breadcrumbs-content":"","ast-featured-img":"","footer-sml-layout":"","theme-transparent-header-meta":"","adv-header-id-meta":"","stick-header-meta":"","header-above-stick-meta":"","header-main-stick-meta":"","header-below-stick-meta":"","astra-migrate-meta-layouts":"default","ast-page-background-enabled":"default","ast-page-background-meta":{"desktop":{"background-color":"var(--ast-global-color-4)","background-image":"","background-repeat":"repeat","background-position":"center center","background-size":"auto","background-attachment":"scroll","background-type":"","background-media":"","overlay-type":"","overlay-color":"","overlay-opacity":"","overlay-gradient":""},"tablet":{"background-color":"","background-image":"","background-repeat":"repeat","background-position":"center center","background-size":"auto","background-attachment":"scroll","background-type":"","background-media":"","overlay-type":"","overlay-color":"","overlay-opacity":"","overlay-gradient":""},"mobile":{"background-color":"","background-image":"","background-repeat":"repeat","background-position":"center center","background-size":"auto","background-attachment":"scroll","background-type":"","background-media":"","overlay-type":"","overlay-color":"","overlay-opacity":"","overlay-gradient":""}},"ast-content-background-meta":{"desktop":{"background-color":"var(--ast-global-color-5)","background-image":"","background-repeat":"repeat","background-position":"center center","background-size":"auto","background-attachment":"scroll","background-type":"","background-media":"","overlay-type":"","overlay-color":"","overlay-opacity":"","overlay-gradient":""},"tablet":{"background-color":"var(--ast-global-color-5)","background-image":"","background-repeat":"repeat","background-position":"center center","background-size":"auto","background-attachment":"scroll","background-type":"","background-media":"","overlay-type":"","overlay-color":"","overlay-opacity":"","overlay-gradient":""},"mobile":{"background-color":"var(--ast-global-color-5)","background-image":"","background-repeat":"repeat","background-position":"center center","background-size":"auto","background-attachment":"scroll","background-type":"","background-media":"","overlay-type":"","overlay-color":"","overlay-opacity":"","overlay-gradient":""}},"footnotes":""},"class_list":["post-12528","page","type-page","status-publish","hentry"],"post_mailing_queue_ids":[],"_links":{"self":[{"href":"https:\/\/agora.xtec.cat\/iesjtapiro\/wp-json\/wp\/v2\/pages\/12528","targetHints":{"allow":["GET"]}}],"collection":[{"href":"https:\/\/agora.xtec.cat\/iesjtapiro\/wp-json\/wp\/v2\/pages"}],"about":[{"href":"https:\/\/agora.xtec.cat\/iesjtapiro\/wp-json\/wp\/v2\/types\/page"}],"author":[{"embeddable":true,"href":"https:\/\/agora.xtec.cat\/iesjtapiro\/wp-json\/wp\/v2\/users\/1"}],"replies":[{"embeddable":true,"href":"https:\/\/agora.xtec.cat\/iesjtapiro\/wp-json\/wp\/v2\/comments?post=12528"}],"version-history":[{"count":6,"href":"https:\/\/agora.xtec.cat\/iesjtapiro\/wp-json\/wp\/v2\/pages\/12528\/revisions"}],"predecessor-version":[{"id":13318,"href":"https:\/\/agora.xtec.cat\/iesjtapiro\/wp-json\/wp\/v2\/pages\/12528\/revisions\/13318"}],"wp:attachment":[{"href":"https:\/\/agora.xtec.cat\/iesjtapiro\/wp-json\/wp\/v2\/media?parent=12528"}],"curies":[{"name":"wp","href":"https:\/\/api.w.org\/{rel}","templated":true}]}}