{"id":10392,"date":"2023-04-11T14:53:30","date_gmt":"2023-04-11T12:53:30","guid":{"rendered":"https:\/\/agora.xtec.cat\/iesjtapiro\/?page_id=10392"},"modified":"2023-09-13T10:00:16","modified_gmt":"2023-09-13T08:00:16","slug":"preinscripcio-cfgs-23-24","status":"publish","type":"page","link":"https:\/\/agora.xtec.cat\/iesjtapiro\/preinscripcio-cfgs-23-24\/","title":{"rendered":"Preinscripci\u00f3 CFGS 23-24"},"content":{"rendered":"<p>La <a href=\"https:\/\/preinscripcio.gencat.cat\/ca\/estudis\/fp-grau-superior\/inici\/\">preinscripci\u00f3 dels cicles de formaci\u00f3 superior<\/a> per al curs 2023-2024 s\u2019ha de fer de forma telem\u00e0tica i seguir\u00e0 el seg\u00fcent calendari:<\/p>\n<h2>Abans de la preinscripci\u00f3<\/h2>\n<h5><a href=\"https:\/\/sites.google.com\/tapiro.cat\/portesobertescfgs?usp=sharing\">CFGS: Dilluns 22 de maig a les 18:00 h<\/a><\/h5>\n<p>Aquestes trobades, que poden ser presencials o virtuals, s\u00f3n molt interessants, perqu\u00e8 permeten con\u00e8ixer de prop les caracter\u00edstiques de cada centre i la seva oferta educativa. Tamb\u00e9 s\u00f3n una oportunitat per plantejar preguntes i resoldre dubtes. Aix\u00ed, pares i mares poden acabar de perfilar les seves prefer\u00e8ncies i recollir-les a la llista definitiva de centres.<\/p>\n<h5>25 de maig de 2023: oferta inicial de places escolars<\/h5>\n<p><a href=\"https:\/\/agora.xtec.cat\/iesjtapiro\/wp-content\/uploads\/usu514\/2023\/05\/CFGS-Difusio-oferta.pdf\">Publicaci\u00f3 del nombre de places escolars per centre i curs.<\/a><\/p>\n<h2>Presenta la sol\u00b7licitud de preinscripci\u00f3 i fes el seguiment<\/h2>\n<h5>Del 26 de maig a l&#8217;1 de juny de 2023: presentaci\u00f3 de sol\u00b7licituds<\/h5>\n<p>\u00c9s molt important respectar les dates, perqu\u00e8 per a aquests ensenyaments no s&#8217;accepten sol\u00b7licituds fora de termini. Els criteris de prioritat serveixen per donar una puntuaci\u00f3 a cada sol\u00b7licitud. D&#8217;aquesta manera s&#8217;estableix l&#8217;ordre d&#8217;acc\u00e9s a les places de cada centre.<\/p>\n<h5>Del 26 de maig al 2 de juny de 2023: presentaci\u00f3 de documentaci\u00f3<\/h5>\n<p>Aquests dies pots presentar la documentaci\u00f3 acreditativa que justifica les prioritats de cada alumne o alumna.<\/p>\n<h5>26 de juny de 2022: llista de sol\u00b7licituds amb la puntuaci\u00f3 provisional<\/h5>\n<p>Un cop acabat el per\u00edode de presentaci\u00f3 de sol\u00b7licituds, els centres educatius estudien cadascuna de les peticions que han rebut: n&#8217;analitzen les dades, els criteris de prioritat que les fam\u00edlies demanen que es tinguin en compte, i tamb\u00e9 els documents justificatius. Tot seguit, publiquen la <a href=\"https:\/\/agora.xtec.cat\/iesjtapiro\/wp-content\/uploads\/usu514\/2023\/06\/CFGS_INFORME_BAREM_PROVISIONAL_BAREM-18.pdf\">llista de sol\u00b7licituds amb els barems provisionals<\/a>. En aquesta llista hi ha les sol\u00b7licituds ordenades alfab\u00e8ticament amb la puntuaci\u00f3 que ha rebut cada sol\u00b7licitud en aplicar-hi el barem.<\/p>\n<h5>Del 26 de juny (a les 13 h) al 3 de juliol de 2023: presentaci\u00f3 de reclamacions<\/h5>\n<p>Durant aquest per\u00edode, si detectes alguna errada o anomalia en el barem assignat, pots presentar una reclamaci\u00f3, utilitzant l&#8217;eina electr\u00f2nica per a presentar reclamacions.<\/p>\n<h5>6 de juliol de 2023: llista de sol\u00b7licituds amb la puntuaci\u00f3 un cop resoltes les reclamacions<\/h5>\n<p>Un cop resoltes totes les reclamacions presentades, el centre publica la <a href=\"https:\/\/agora.xtec.cat\/iesjtapiro\/wp-content\/uploads\/usu514\/2023\/07\/CFGS-BAREM-UN-COP-RESOLTES-LES-RECLAMACIONS.pdf\">llista definitiva de sol\u00b7licituds amb la puntuaci\u00f3 i el n\u00famero de desempat corresponent<\/a>.<\/p>\n<h5>6 de juliol de 2023: sorteig per resoldre les sol\u00b7licituds de preinscripci\u00f3 empatades en punts<\/h5>\n<p>El nombre de places a cada centre educatiu \u00e9s limitat. Si el nombre de peticions supera el d&#8217;alumnes que l&#8217;escola pot acollir, cal aplicar un sistema de desempat entre les sol\u00b7licituds que tenen la mateixa puntuaci\u00f3. Per fer-ho, s&#8217;obt\u00e9 un n\u00famero per sorteig a partir del qual s&#8217;ordenen totes les peticions empatades en punts, tenint en compte el n\u00famero de desempat que s&#8217;ha assignat a cada sol\u00b7licitud. El sorteig tindr\u00e0 lloc a les 11 hores, als serveis centrals del Departament d&#8217;Educaci\u00f3 (Via Augusta, 202-226, Barcelona).<\/p>\n<h5>10 de juliol de 2023: llista ordenada<\/h5>\n<p>Despr\u00e9s del sorteig, s&#8217;elabora la <a href=\"https:\/\/agora.xtec.cat\/iesjtapiro\/wp-content\/uploads\/usu514\/2023\/07\/CFGS-LLISTA-ORDENADA.pdf\">llista ordenada de sol\u00b7licituds per a l&#8217;assignaci\u00f3 de places<\/a>. Per fer aquesta llista, en primer lloc es t\u00e9 en compte l&#8217;alumnat amb necessitats educatives espec\u00edfiques; despr\u00e9s, la resta d&#8217;alumnes, tenint en compte les puntuacions de cada sol\u00b7licitud, de m\u00e9s a menys.<\/p>\n<h5>18 de juliol de 2023: oferta final de places<\/h5>\n<p>Publicaci\u00f3 del <a href=\"https:\/\/agora.xtec.cat\/iesjtapiro\/wp-content\/uploads\/usu514\/2023\/07\/CFGS-OFERTA-DEFINITIVA.pdf\">nombre de places per centre i curs<\/a>.<\/p>\n<h5>18 de juliol de 2023: llista d&#8217;alumnes admesos i llista d&#8217;espera<\/h5>\n<p>Finalment, es publica la <a href=\"https:\/\/agora.xtec.cat\/iesjtapiro\/wp-content\/uploads\/usu514\/2023\/07\/CFGS-ALUMNES-ASSIGNATS-CENTRE-1a-PETICIO.pdf\">llista d&#8217;alumnes admesos al centre<\/a> i tamb\u00e9 la <a href=\"https:\/\/agora.xtec.cat\/iesjtapiro\/wp-content\/uploads\/usu514\/2023\/07\/CFGS-LLISTAESPERA-27.pdf\">llista d&#8217;espera<\/a>.<\/p>\n<p><a href=\"https:\/\/agora.xtec.cat\/iesjtapiro\/wp-content\/uploads\/usu514\/2023\/07\/CFGS-ALUMNES-PREINSCRITS-AL-CENTRE.pdf\">Alumnes preinscrits al centre (poden tenir o no tenir pla\u00e7a)<\/a><\/p>\n<h2>Formalitza la matriculaci\u00f3<\/h2>\n<h5>Del 19 al 21 de juliol de 2023: matriculaci\u00f3<\/h5>\n<div class=\"descripcio link-dotted\">\n<p>NOM\u00c9S ELS ALUMNES ADMESOS HAN DE FER LA MATR\u00cdCULA. <a href=\"https:\/\/agora.xtec.cat\/iesjtapiro\/wp-content\/uploads\/usu514\/2023\/07\/CFGS-ALUMNES-ASSIGNATS-CENTRE-1a-PETICIO.pdf\">Aquesta \u00e9s la llista d&#8217;alumnes admesos al centre<\/a>. Podeu fer-la:<\/p>\n<ul>\n<li>\n<h6>Telem\u00e0ticament<\/h6>\n<\/li>\n<\/ul>\n<p>Per fer la matr\u00edcula cal <span style=\"text-decoration: underline;\">enviar la documentaci\u00f3<\/span> <strong>degudament omplerta i\u00a0signada<\/strong>\u00a0al correu\u00a0<a href=\"mailto:secretaria@tapiro.cat\">secretaria@tapiro.cat<\/a>\u00a0amb el t\u00edtol\u00a0<em>1R_CFGS_EASE_NOM_COGNOMS<\/em>:<\/p>\n<ol>\n<li style=\"list-style-type: none;\">\n<ol>\n<li style=\"list-style-type: none;\">\n<ol>\n<li><a href=\"https:\/\/agora.xtec.cat\/iesjtapiro\/wp-content\/uploads\/usu514\/2023\/06\/FITXA-MEDICA-CURS-NOM-I-COGNOMS.pdf\">Fitxa m\u00e8dica<\/a><\/li>\n<li><a href=\"https:\/\/agora.xtec.cat\/iesjtapiro\/wp-content\/uploads\/usu514\/2023\/06\/DRETS-DIMATGE-CURS-NOM-I-COGNOMS.pdf\">Autoritzaci\u00f3 drets d\u2019imatge<\/a><\/li>\n<li><a href=\"https:\/\/agora.xtec.cat\/iesjtapiro\/wp-content\/uploads\/usu514\/2023\/06\/AUTORITZACIO-SORTIDA-REUS-CURS-NOM-I-COGNOMS.pdf\">Autoritzaci\u00f3 sortida per Reus<\/a><\/li>\n<li>Document acreditatiu d&#8217;acc\u00e9s al CFGS (Resguard del t\u00edtol, expedient acad\u00e8mic&#8230;)<\/li>\n<li>Qualsevol documentaci\u00f3 no aportada a la preinscripci\u00f3 (Llibre de Fam\u00edlia, Targeta Sanit\u00e0ria de l\u2019alumne, Document d\u2019identitat de l\u2019alumne i Document d\u2019identitat del pare\/pare o tutor legal)<\/li>\n<\/ol>\n<\/li>\n<\/ol>\n<\/li>\n<\/ol>\n<p>Per signar la documentaci\u00f3 ho podeu amb el programa Adobe Acrobat Reader des de el vostre ordinador o dispositiu m\u00f2bil.<\/p>\n<p><span style=\"text-decoration: underline;\">omplir el formulari de matr\u00edcula.<\/span> A mig mat\u00ed s&#8217;enviar\u00e0 el formulari de matr\u00edcula a l&#8217;adre\u00e7a de correu donada a la preinscripci\u00f3. Si teniu problemes per accedir al formulari, poseu-vos en contacte a <a href=\"mailto:secretaria@tapiro.cat\">secretaria@tapiro.cat<\/a> que us farem arribar l&#8217;enlla\u00e7.<\/p>\n<p><span style=\"text-decoration: underline;\"><span style=\"font-family: inherit; font-size: 1em;\">i fer el pagament de la matr\u00edcula el <\/span><strong style=\"font-family: inherit; font-size: 1em;\">21 de juliol a les 15h com a molt tard<\/strong><span style=\"text-decoration-line: underline; font-family: inherit; font-size: 1em;\">.<\/span><\/span><\/p>\n<p>La matr\u00edcula per cursar 1r de CFGS Ensenyament i Animaci\u00f3 Socioesportiva \u00e9s:<\/p>\n<div>\n<div>\n<ul>\n<li><strong>360\u20ac &#8211;\u00a0Matr\u00edcula ordin\u00e0ria.\u00a0<\/strong><strong>CODI:<\/strong>\u00a090999210029990729573<\/li>\n<li><strong>180\u20ac &#8211; Matr\u00edcula redu\u00efda.*<\/strong>\u00a0<strong>CODI:<\/strong>\u00a090999210029990746145<\/li>\n<li><strong>0\u20ac &#8211; Matr\u00edcula gratu\u00efta.**<\/strong><\/li>\n<\/ul>\n<div><strong>* Alumnes que satisfan l&#8217;apartat 4.2 de <a href=\"https:\/\/dogc.gencat.cat\/ca\/document-del-dogc\/?documentId=611512\">l&#8217;ORDRE ENS\/181\/2012 <\/a><\/strong>\u00a0(caldr\u00e0 portar el justificant a secretaria)<\/div>\n<p>**<strong>Alumnes que satisfan l&#8217;apartat 4.3 de <a href=\"https:\/\/dogc.gencat.cat\/ca\/document-del-dogc\/?documentId=611512\">l&#8217;ORDRE ENS\/181\/2012 <\/a><\/strong>\u00a0(caldr\u00e0 portar el justificant a secretaria)<\/p>\n<p><span style=\"font-family: inherit; font-size: 1em;\">La quota d&#8217;instal\u00b7lacions exteriors per cursar 1r de CFGS Ensenyament i Animaci\u00f3 Socioesportiva \u00e9s:<\/span><\/p>\n<\/div>\n<\/div>\n<\/div>\n<div class=\"descripcio link-dotted\">\n<div>\n<div>\n<ul>\n<li><strong>110\u20ac &#8211; \u00das d&#8217;instal\u00b7lacions exteriors.<\/strong><strong>\u00a0CODI:<\/strong>\u00a090999210029990779011<\/li>\n<\/ul>\n<\/div>\n<p>El pagament de matr\u00edcula es fa trav\u00e9s del seg\u00fcent enlla\u00e7:\u00a0<a href=\"https:\/\/www4.caixabank.es\/apl\/pagos\/codigoBarras_ca.html\">Pagament matr\u00edcula<\/a><\/p>\n<\/div>\n<p>La quota de l&#8217;AMPA (15\u20ac) no est\u00e0 inclosa al material i s&#8217;haur\u00e0 de satisfer per fer \u00fas dels armariets gestionats per l&#8217;AMPA al setembre.<\/p>\n<\/div>\n<div>\n<div class=\"descripcio link-dotted\">\n<p><span style=\"font-family: inherit; font-size: 1em;\">El material no incl\u00f2s dins de la matr\u00edcula \u00e9s:<\/span><\/p>\n<\/div>\n<div class=\"descripcio link-dotted\">\n<p><a href=\"https:\/\/agora.xtec.cat\/iesjtapiro\/wp-content\/uploads\/usu514\/2023\/07\/EASE-material-23-24-1.pdf\">1r CFGS Ensenyament i Animaci\u00f3 Socioesportiva<\/a><\/p>\n<\/div>\n<\/div>\n<div class=\"descripcio link-dotted\">\n<ul>\n<li>\n<h6>Presencialment<\/h6>\n<\/li>\n<\/ul>\n<p>Venir a la secretaria del centre del 19 al 21 de juliol.<\/p>\n<p>Documentaci\u00f3 necess\u00e0ria:<\/p>\n<ul>\n<li style=\"list-style-type: none;\">\n<ul>\n<li style=\"list-style-type: none;\">\n<ul>\n<li><strong>Impr\u00e8s de sol\u00b7licitud CFGS<\/strong>(Es pot recollir a la consergeria del centre)<\/li>\n<li><strong>Fotoc\u00f2pia del llibre de fam\u00edlia<\/strong>\u00a0(si no s\u2019ha adjuntat en la preinscripci\u00f3)<\/li>\n<li><strong>Fotoc\u00f2pia de la targeta sanit\u00e0ria<\/strong>\u00a0(si no s\u2019ha adjuntat en la preinscripci\u00f3)<\/li>\n<li>Document acreditatiu d&#8217;acc\u00e9s al CFGS (Resguard del t\u00edtol, expedient acad\u00e8mic&#8230;)<\/li>\n<li>Si no ho han portat abans, adjuntar fotoc\u00f2pia DNI alumnes (en cas que el tinguin)<\/li>\n<li>Si no ho han portat abans, DNI pare o mare.<\/li>\n<\/ul>\n<\/li>\n<\/ul>\n<\/li>\n<\/ul>\n<p><span style=\"text-decoration: underline;\"><span style=\"font-family: inherit; font-size: 1em;\">i fer el pagament de la matr\u00edcula el <\/span><strong style=\"font-family: inherit; font-size: 1em;\">21 de juliol a les 15h com a molt tard<\/strong><span style=\"text-decoration-line: underline; font-family: inherit; font-size: 1em;\">.<\/span><\/span><\/p>\n<div class=\"descripcio link-dotted\">\n<p>La matr\u00edcula per cursar 1r de CFGS Ensenyament i Animaci\u00f3 Socioesportiva \u00e9s:<\/p>\n<div>\n<div>\n<ul>\n<li><strong>360\u20ac &#8211;\u00a0Matr\u00edcula ordin\u00e0ria.\u00a0<\/strong><strong>CODI:<\/strong>\u00a090999210029990729573<\/li>\n<li><strong>180\u20ac &#8211; Matr\u00edcula redu\u00efda.*<\/strong>\u00a0<strong>CODI:<\/strong>\u00a090999210029990746145<\/li>\n<li><strong>0\u20ac &#8211; Matr\u00edcula gratu\u00efta.**<\/strong><\/li>\n<\/ul>\n<div><strong>* Alumnes que satisfan l&#8217;apartat 4.2 de <a href=\"https:\/\/dogc.gencat.cat\/ca\/document-del-dogc\/?documentId=611512\">l&#8217;ORDRE ENS\/181\/2012 <\/a><\/strong>\u00a0(caldr\u00e0 portar el justificant a secretaria)<\/div>\n<p>**<strong>Alumnes que satisfan l&#8217;apartat 4.3 de <a href=\"https:\/\/dogc.gencat.cat\/ca\/document-del-dogc\/?documentId=611512\">l&#8217;ORDRE ENS\/181\/2012 <\/a><\/strong>\u00a0(caldr\u00e0 portar el justificant a secretaria)<\/p>\n<p><span style=\"font-family: inherit; font-size: 1em;\">La quota d&#8217;instal\u00b7lacions exteriors per cursar 1r de CFGS Ensenyament i Animaci\u00f3 Socioesportiva \u00e9s:<\/span><\/p>\n<\/div>\n<\/div>\n<\/div>\n<div class=\"descripcio link-dotted\">\n<div>\n<div>\n<ul>\n<li><strong>110\u20ac &#8211; \u00das d&#8217;instal\u00b7lacions exteriors.<\/strong><strong>\u00a0CODI:<\/strong>\u00a090999210029990779011<\/li>\n<\/ul>\n<\/div>\n<p>El pagament de matr\u00edcula es fa trav\u00e9s del seg\u00fcent enlla\u00e7:\u00a0<a href=\"https:\/\/www4.caixabank.es\/apl\/pagos\/codigoBarras_ca.html\">Pagament matr\u00edcula<\/a><\/p>\n<\/div>\n<p>La quota de l&#8217;AMPA (15\u20ac) no est\u00e0 inclosa al material i s&#8217;haur\u00e0 de satisfer per fer \u00fas dels armariets gestionats per l&#8217;AMPA al setembre.<\/p>\n<\/div>\n<p><span style=\"font-family: inherit; font-size: 1em;\">El material no incl\u00f2s dins de la matr\u00edcula \u00e9s:<\/span><\/p>\n<\/div>\n<div class=\"descripcio link-dotted\">\n<p><a href=\"https:\/\/agora.xtec.cat\/iesjtapiro\/wp-content\/uploads\/usu514\/2023\/07\/EASE-material-23-24-1.pdf\">1r CFGS Ensenyament i Animaci\u00f3 Socioesportiva<\/a><\/p>\n<\/div>\n<h5>26 de juliol de 2023: actes p\u00fablics de gesti\u00f3 de la llista d&#8217;espera a cada centre<\/h5>\n<p>Les places que quedin lliures el divendres 21 de juliol a les 15:00 h s&#8217;assignaran mitjan\u00e7ant un <strong>acte p\u00fablic que es dur\u00e0 a terme el pr\u00f2xim 26 de juliol a les 10:00 a l&#8217;Institut Josep Tapir\u00f3<\/strong>. Llista amb les places vacants per a cada cicle, torn i via d&#8217;acc\u00e9s:<\/p>\n<p><strong>CFGS Ensenyament i Animaci\u00f3 socioesportiva<\/strong><\/p>\n<table style=\"border-collapse: collapse; width: 100%; height: 64px;\">\n<tbody>\n<tr>\n<td style=\"width: 99.9999%;\" colspan=\"3\" align=\"center\" valign=\"middle\" height=\"30\"><b>Places segons via d\u2019acc\u00e9s<\/b><\/td>\n<\/tr>\n<tr style=\"height: 32px;\">\n<td style=\"width: 33.3333%; height: 32px;\"><strong>Via 1<\/strong><\/td>\n<td style=\"width: 33.3333%; height: 32px;\"><strong>Via 2<\/strong><\/td>\n<td style=\"width: 33.3333%; height: 32px;\"><strong>Via 3<\/strong><\/td>\n<\/tr>\n<tr>\n<td style=\"width: 33.3333%;\">6<\/td>\n<td style=\"width: 33.3333%;\">0<\/td>\n<td style=\"width: 33.3333%;\">0<\/td>\n<\/tr>\n<\/tbody>\n<\/table>\n<p>Les places vacants de la via 1 que sobrin, si n&#8217;hi ha, s&#8217;assignaran a la via 2.<\/p>\n<p>A l&#8217;<strong>acte ha d&#8217;assistir la persona interessada<\/strong>. <strong>En cas de no ser possible<\/strong> podr\u00e0 fer-ho qualsevol altra en <strong>representaci\u00f3<\/strong> degudament <strong>autoritzada<\/strong>.<br \/>\nLa <strong>no assist\u00e8ncia<\/strong> a l\u2019acte d\u2019assignaci\u00f3 suposa la <strong>p\u00e8rdua del dret a l&#8217;assignaci\u00f3 de pla\u00e7a<\/strong>.<\/p>\n<h4>Gesti\u00f3 de la llista d&#8217;espera per l&#8217;assignaci\u00f3 de places vacants<\/h4>\n<ol>\n<li><strong>S\u2019anomenar\u00e0 per ordre a les persones de la llista d&#8217;espera:<\/strong><\/li>\n<li><b>La matr\u00edcula es podr\u00e0 dur a terme al mateix moment telem\u00e0ticament, caldr\u00e0 tenir <span style=\"text-decoration: underline;\">tota la documentaci\u00f3<\/span> detallada en l&#8217;apartat de Formalitza la matriculaci\u00f3 telem\u00e0ticament i omplir el formulari que s&#8217;enviar\u00e0.<\/b><\/li>\n<\/ol>\n<p>S&#8217;informa a l\u2019alumnat que no li ha estat assignada una pla\u00e7a del proc\u00e9s de la segona fase i d\u2019altres recursos de la formaci\u00f3 professional integrada.<\/p>\n<h2>Segona fase d&#8217;admissi\u00f3<\/h2>\n<h5>4 de setembre: Publicaci\u00f3 de vacants<\/h5>\n<p>No hi ha cap vacant.<\/p>\n<h5>El 6 i 7 de setembre de 2023: segona fase d&#8217;admissi\u00f3 per a alumnes sense pla\u00e7a assignada a cap centre<\/h5>\n<p>Aquest \u00e9s el termini de presentaci\u00f3 de sol\u00b7licituds per a la segona fase d&#8217;admissi\u00f3 de participants en el proc\u00e9s de preinscripci\u00f3.<\/p>\n<h5>El 8 de setembre de 2023: vacants<\/h5>\n<p>No hi ha cap alumne assignat.<\/p>\n","protected":false},"excerpt":{"rendered":"<p>La preinscripci\u00f3 dels cicles de formaci\u00f3 superior per al curs 2023-2024 s\u2019ha de fer de forma telem\u00e0tica i seguir\u00e0 el seg\u00fcent calendari: Abans de la preinscripci\u00f3 CFGS: Dilluns 22 de maig a les 18:00 h Aquestes trobades, que poden ser presencials o virtuals, s\u00f3n molt interessants, perqu\u00e8 permeten con\u00e8ixer de prop les caracter\u00edstiques de cada [&hellip;]<\/p>\n","protected":false},"author":1,"featured_media":0,"parent":0,"menu_order":0,"comment_status":"closed","ping_status":"closed","template":"","meta":{"_bbp_topic_count":0,"_bbp_reply_count":0,"_bbp_total_topic_count":0,"_bbp_total_reply_count":0,"_bbp_voice_count":0,"_bbp_anonymous_reply_count":0,"_bbp_topic_count_hidden":0,"_bbp_reply_count_hidden":0,"_bbp_forum_subforum_count":0,"site-sidebar-layout":"default","site-content-layout":"","ast-site-content-layout":"","site-content-style":"default","site-sidebar-style":"default","ast-global-header-display":"","ast-banner-title-visibility":"","ast-main-header-display":"","ast-hfb-above-header-display":"","ast-hfb-below-header-display":"","ast-hfb-mobile-header-display":"","site-post-title":"","ast-breadcrumbs-content":"","ast-featured-img":"","footer-sml-layout":"","theme-transparent-header-meta":"","adv-header-id-meta":"","stick-header-meta":"","header-above-stick-meta":"","header-main-stick-meta":"","header-below-stick-meta":"","astra-migrate-meta-layouts":"default","ast-page-background-enabled":"default","ast-page-background-meta":{"desktop":{"background-color":"var(--ast-global-color-4)","background-image":"","background-repeat":"repeat","background-position":"center center","background-size":"auto","background-attachment":"scroll","background-type":"","background-media":"","overlay-type":"","overlay-color":"","overlay-opacity":"","overlay-gradient":""},"tablet":{"background-color":"","background-image":"","background-repeat":"repeat","background-position":"center center","background-size":"auto","background-attachment":"scroll","background-type":"","background-media":"","overlay-type":"","overlay-color":"","overlay-opacity":"","overlay-gradient":""},"mobile":{"background-color":"","background-image":"","background-repeat":"repeat","background-position":"center center","background-size":"auto","background-attachment":"scroll","background-type":"","background-media":"","overlay-type":"","overlay-color":"","overlay-opacity":"","overlay-gradient":""}},"ast-content-background-meta":{"desktop":{"background-color":"var(--ast-global-color-5)","background-image":"","background-repeat":"repeat","background-position":"center center","background-size":"auto","background-attachment":"scroll","background-type":"","background-media":"","overlay-type":"","overlay-color":"","overlay-opacity":"","overlay-gradient":""},"tablet":{"background-color":"var(--ast-global-color-5)","background-image":"","background-repeat":"repeat","background-position":"center center","background-size":"auto","background-attachment":"scroll","background-type":"","background-media":"","overlay-type":"","overlay-color":"","overlay-opacity":"","overlay-gradient":""},"mobile":{"background-color":"var(--ast-global-color-5)","background-image":"","background-repeat":"repeat","background-position":"center center","background-size":"auto","background-attachment":"scroll","background-type":"","background-media":"","overlay-type":"","overlay-color":"","overlay-opacity":"","overlay-gradient":""}},"footnotes":""},"class_list":["post-10392","page","type-page","status-publish","hentry"],"post_mailing_queue_ids":[],"_links":{"self":[{"href":"https:\/\/agora.xtec.cat\/iesjtapiro\/wp-json\/wp\/v2\/pages\/10392","targetHints":{"allow":["GET"]}}],"collection":[{"href":"https:\/\/agora.xtec.cat\/iesjtapiro\/wp-json\/wp\/v2\/pages"}],"about":[{"href":"https:\/\/agora.xtec.cat\/iesjtapiro\/wp-json\/wp\/v2\/types\/page"}],"author":[{"embeddable":true,"href":"https:\/\/agora.xtec.cat\/iesjtapiro\/wp-json\/wp\/v2\/users\/1"}],"replies":[{"embeddable":true,"href":"https:\/\/agora.xtec.cat\/iesjtapiro\/wp-json\/wp\/v2\/comments?post=10392"}],"version-history":[{"count":3,"href":"https:\/\/agora.xtec.cat\/iesjtapiro\/wp-json\/wp\/v2\/pages\/10392\/revisions"}],"predecessor-version":[{"id":11374,"href":"https:\/\/agora.xtec.cat\/iesjtapiro\/wp-json\/wp\/v2\/pages\/10392\/revisions\/11374"}],"wp:attachment":[{"href":"https:\/\/agora.xtec.cat\/iesjtapiro\/wp-json\/wp\/v2\/media?parent=10392"}],"curies":[{"name":"wp","href":"https:\/\/api.w.org\/{rel}","templated":true}]}}