{"id":698,"date":"2024-12-19T10:46:04","date_gmt":"2024-12-19T09:46:04","guid":{"rendered":"https:\/\/agora.xtec.cat\/iesjplafarreras\/?page_id=698"},"modified":"2025-03-31T21:03:26","modified_gmt":"2025-03-31T19:03:26","slug":"batxillerat","status":"publish","type":"page","link":"https:\/\/agora.xtec.cat\/iesjplafarreras\/estudis\/batxillerat\/","title":{"rendered":"Batxillerat"},"content":{"rendered":"<p>L&#8217;oferta d&#8217;estudis de Batxillerat del centre \u00e9s la seg\u00fcent:<\/p>\n<table style=\"height: 329px; width: 91.8413%; border-style: none;\">\n<tbody>\n<tr style=\"height: 33px;\">\n<td style=\"border-style: none; height: 10px; width: 17.0616%;\"><\/td>\n<td style=\"border-style: none; height: 10px; width: 15.9558%;\"><strong>\u00a0<\/strong><\/td>\n<td style=\"width: 196.451%; text-align: center; height: 10px;\" colspan=\"2\"><strong>Mat\u00e8ries per Itinerari<\/strong><strong><br \/>\n<\/strong><\/td>\n<\/tr>\n<tr style=\"height: 33px;\">\n<td style=\"border-style: none; width: 17.0616%; height: 55px; background-color: #ffffff;\"><\/td>\n<td style=\"border-style: none; width: 15.9558%; height: 55px; background-color: #ffffff;\"><\/td>\n<td style=\"width: 29.9441%; height: 55px; text-align: center;\"><strong>1r BATX<\/strong><\/td>\n<td style=\"width: 166.507%; height: 55px; text-align: center;\"><strong>2n BATX<\/strong><\/td>\n<\/tr>\n<tr style=\"height: 33px;\">\n<td style=\"height: 132px; width: 17.0616%;\" rowspan=\"4\"><strong>Modalitat de Ci\u00e8ncies i Tecnologia\u00a0<\/strong><\/td>\n<td style=\"height: 33px; width: 15.9558%;\">1. Biosanitari<\/td>\n<td style=\"width: 29.9441%; height: 33px;\">Matem\u00e0tiques\/Biologia\/Geologia i Ci\u00e8ncies Ambientals\/Qu\u00edmica<\/td>\n<td style=\"width: 166.507%; height: 33px;\">Matem\u00e0tiques\/Biologia\/Geologia i Ci\u00e8ncies Ambientals\/Qu\u00edmica<\/td>\n<\/tr>\n<tr style=\"height: 33px;\">\n<td style=\"height: 33px; width: 15.9558%;\">2. Cient\u00edfic<\/td>\n<td style=\"width: 29.9441%; height: 33px;\">Matem\u00e0tiques\/Biologia\/F\u00edsica\/Qu\u00edmica<\/td>\n<td style=\"width: 166.507%; height: 33px;\">Matem\u00e0tiques\/Biologia\/F\u00edsica\/Qu\u00edmica<\/td>\n<\/tr>\n<tr style=\"height: 33px;\">\n<td style=\"height: 33px; width: 15.9558%;\"><span style=\"font-weight: 400;\">3- Cient\u00edfic-tecnol\u00f2gic<\/span><\/td>\n<td style=\"width: 29.9441%; height: 33px;\"><span style=\"font-weight: 400;\">Matem\u00e0tiques\/F\u00edsica\/Qu\u00edmica\/Tecnologia i Enginyeria<\/span><\/td>\n<td style=\"width: 166.507%; height: 33px;\"><span style=\"font-weight: 400;\">Matem\u00e0tiques\/F\u00edsica\/Qu\u00edmica\/Tecnologia i Enginyeria<\/span><\/td>\n<\/tr>\n<tr style=\"height: 33px;\">\n<td style=\"height: 33px; width: 15.9558%;\"><span style=\"font-weight: 400;\">4- Tecnol\u00f2gic<\/span><\/td>\n<td style=\"width: 29.9441%; height: 33px;\"><span style=\"font-weight: 400;\">Matem\u00e0tiques\/F\u00edsica\/Dibuix T\u00e8cnic\/Tecnologia i Enginyeria<\/span><\/td>\n<td style=\"width: 166.507%; height: 33px;\"><span style=\"font-weight: 400;\">Matem\u00e0tiques\/F\u00edsica\/Dibuix T\u00e8cnic\/Tecnologia i Enginyeria<\/span><\/td>\n<\/tr>\n<tr style=\"height: 33px;\">\n<td style=\"height: 132px; width: 17.0616%;\" rowspan=\"4\"><strong>Modalitat d\u2019Humanitats i Ci\u00e8ncies socials<\/strong><\/td>\n<td style=\"height: 33px; width: 15.9558%;\"><span style=\"font-weight: 400;\">5- Human\u00edstic<\/span><\/td>\n<td style=\"width: 29.9441%; height: 33px;\"><span style=\"font-weight: 400;\">Llengua i Cultura Llatines\/Hist\u00f2ria del M\u00f3n Contemporani\/Literatura Universal\/M\u00f3n Cl\u00e0ssic<\/span><\/td>\n<td style=\"width: 166.507%; height: 33px;\"><span style=\"font-weight: 400;\">Llengua i Cultura Llatines\/Hist\u00f2ria de l&#8217;Art\/Literatura Catalana\/Literatura Castellana<\/span><\/td>\n<\/tr>\n<tr style=\"height: 33px;\">\n<td style=\"height: 33px; width: 15.9558%;\"><span style=\"font-weight: 400;\">6- Human\u00edstic-Social<\/span><\/td>\n<td style=\"width: 29.9441%; height: 33px;\"><span style=\"font-weight: 400;\">Llengua i Cultura Llatines\/Hist\u00f2ria del M\u00f3n Contemporani\/Economia\/Matem\u00e0tiques CS<\/span><\/td>\n<td style=\"width: 166.507%; height: 33px;\"><span style=\"font-weight: 400;\">Llengua i Cultura Llatines\/Hist\u00f2ria de l&#8217;Art\/Funcionament de l\u2019Empresa i Disseny de Models de Negoci\/Matem\u00e0tiques CS<\/span><\/td>\n<\/tr>\n<tr style=\"height: 33px;\">\n<td style=\"height: 33px; width: 15.9558%;\"><span style=\"font-weight: 400;\">7- Social<\/span><\/td>\n<td style=\"width: 29.9441%; height: 33px;\"><span style=\"font-weight: 400;\">Matem\u00e0tiques CS\/Hist\u00f2ria del M\u00f3n Contemporani\/Economia\/Funcionament de l&#8217;Empresa<\/span><\/td>\n<td style=\"width: 166.507%; height: 33px;\"><span style=\"font-weight: 400;\">Matem\u00e0tiques Aplicades CS\/Hist\u00f2ria de l&#8217;Art\/Funcionament de l\u2019Empresa i Disseny de Models de Negoci\/Geografia<\/span><\/td>\n<\/tr>\n<tr style=\"height: 33px;\">\n<td style=\"height: 33px; width: 15.9558%;\"><span style=\"font-weight: 400;\">8- Batxillerat orientat a Cicles Formatius de Grau Superior <strong>(*)<\/strong><\/span><\/td>\n<td style=\"width: 29.9441%; height: 33px;\"><span style=\"font-weight: 400;\">Matem\u00e0tiques CS\/Hist\u00f2ria del M\u00f3n Contemporani\/Economia\/Reptes Cient\u00edfics Actuals\/Comunicaci\u00f3 audiovisual + Creaci\u00f3 Liter\u00e0ria<\/span><\/td>\n<td style=\"width: 166.507%; height: 33px;\"><span style=\"font-weight: 400;\">Matem\u00e0tiques Aplicades CS\/Funcionament de l\u2019Empresa i Disseny de Models de Negoci\/Geografia + Entorn Sostenible<\/span><\/td>\n<\/tr>\n<\/tbody>\n<\/table>\n<p><strong>(*)<\/strong> El Batxillerat orientat a Cicles Formatius de Grau Superior \u00e9s un programa singular del centre que permet flexibilitzar el curr\u00edculum, i no est\u00e0 destinat a la preparaci\u00f3 de les PAU.<\/p>\n<p><!--a=1--><!--a=1--><\/p>\n","protected":false},"excerpt":{"rendered":"<p>L&#8217;oferta d&#8217;estudis de Batxillerat del centre \u00e9s la seg\u00fcent:<\/p>\n<p>\u00a0<br \/>\nMat\u00e8ries per Itinerari<\/p>\n<p>1r BATX<br \/>\n2n BATX<\/p>\n<p>Modalitat de Ci\u00e8ncies i Tecnologia\u00a0<br \/>\n1. Biosanitari<br \/>\nMatem\u00e0tiques\/Biologia\/Geologia i Ci\u00e8ncies Ambientals\/Qu\u00edmica<br \/>\nMatem\u00e0tiques\/Biologia\/Geologia i Ci\u00e8ncies Ambientals\/Qu\u00edmica<\/p>\n<p>2. Cient\u00edfic<br \/>\nMatem\u00e0tiques\/Biologia\/F\u00edsica\/Qu\u00edmica<br \/>\nMatem\u00e0tiques\/Biologia\/F\u00edsica\/Qu\u00edmica<\/p>\n<p>3- Cient\u00edfic-tecnol\u00f2gic<br \/>\nMatem\u00e0tiques\/F\u00edsica\/Qu\u00edmica\/Tecnologia i Enginyeria<br \/>\nMatem\u00e0tiques\/F\u00edsica\/Qu\u00edmica\/Tecnologia i Enginyeria<\/p>\n<p>4- Tecnol\u00f2gic<br \/>\nMatem\u00e0tiques\/F\u00edsica\/Dibuix T\u00e8cnic\/Tecnologia i Enginyeria<br \/>\nMatem\u00e0tiques\/F\u00edsica\/Dibuix T\u00e8cnic\/Tecnologia i Enginyeria<\/p>\n<p>Modalitat d\u2019Humanitats i Ci\u00e8ncies socials<br \/>\n5- Human\u00edstic<br \/>\nLlengua i Cultura Llatines\/Hist\u00f2ria&hellip;  <a href=\"https:\/\/agora.xtec.cat\/iesjplafarreras\/estudis\/batxillerat\/\" title=\"Read Batxillerat\">Llegeix m\u00e9s\u00bb<\/a><\/p>\n","protected":false},"author":1,"featured_media":0,"parent":195,"menu_order":2,"comment_status":"closed","ping_status":"closed","template":"","meta":{"_bbp_topic_count":0,"_bbp_reply_count":0,"_bbp_total_topic_count":0,"_bbp_total_reply_count":0,"_bbp_voice_count":0,"_bbp_anonymous_reply_count":0,"_bbp_topic_count_hidden":0,"_bbp_reply_count_hidden":0,"_bbp_forum_subforum_count":0,"footnotes":""},"class_list":["post-698","page","type-page","status-publish","hentry"],"post_mailing_queue_ids":[],"_links":{"self":[{"href":"https:\/\/agora.xtec.cat\/iesjplafarreras\/wp-json\/wp\/v2\/pages\/698","targetHints":{"allow":["GET"]}}],"collection":[{"href":"https:\/\/agora.xtec.cat\/iesjplafarreras\/wp-json\/wp\/v2\/pages"}],"about":[{"href":"https:\/\/agora.xtec.cat\/iesjplafarreras\/wp-json\/wp\/v2\/types\/page"}],"author":[{"embeddable":true,"href":"https:\/\/agora.xtec.cat\/iesjplafarreras\/wp-json\/wp\/v2\/users\/1"}],"replies":[{"embeddable":true,"href":"https:\/\/agora.xtec.cat\/iesjplafarreras\/wp-json\/wp\/v2\/comments?post=698"}],"version-history":[{"count":6,"href":"https:\/\/agora.xtec.cat\/iesjplafarreras\/wp-json\/wp\/v2\/pages\/698\/revisions"}],"predecessor-version":[{"id":903,"href":"https:\/\/agora.xtec.cat\/iesjplafarreras\/wp-json\/wp\/v2\/pages\/698\/revisions\/903"}],"up":[{"embeddable":true,"href":"https:\/\/agora.xtec.cat\/iesjplafarreras\/wp-json\/wp\/v2\/pages\/195"}],"wp:attachment":[{"href":"https:\/\/agora.xtec.cat\/iesjplafarreras\/wp-json\/wp\/v2\/media?parent=698"}],"curies":[{"name":"wp","href":"https:\/\/api.w.org\/{rel}","templated":true}]}}