{"id":39,"date":"2014-09-17T16:36:44","date_gmt":"2014-09-17T16:36:44","guid":{"rendered":"http:\/\/agora.xtec.cat\/iesjplafarreras\/?page_id=39"},"modified":"2024-12-20T10:37:00","modified_gmt":"2024-12-20T09:37:00","slug":"instal%c2%b7lacions","status":"publish","type":"page","link":"https:\/\/agora.xtec.cat\/iesjplafarreras\/linstitut\/instal%c2%b7lacions\/","title":{"rendered":"Instal\u00b7lacions"},"content":{"rendered":"\r\n\t<div class=\"slideshow_container slideshow_container_style-light\" style=\"height: 200px; \" data-slideshow-id=\"31\" data-style-name=\"style-light\" data-style-version=\"2.3.1\" >\r\n\r\n\t\t\t\t\t<div class=\"slideshow_loading_icon\"><\/div>\r\n\t\t\r\n\t\t<div class=\"slideshow_content\" style=\"display: none;\">\r\n\r\n\t\t\t<div class=\"slideshow_view\">\r\n\t\t\t\t<div class=\"slideshow_slide slideshow_slide_image\">\r\n\t\t\t\t\t\t\t\t\t\t\t<img src=\"https:\/\/agora.xtec.cat\/iesjplafarreras\/wp-content\/uploads\/usu2960\/2024\/01\/capcalera-3.jpg\" alt=\"cap\u00e7alera 3\" width=\"1024\" height=\"577\" \/>\r\n\t\t\t\t\t\t\t\t\t\t<div class=\"slideshow_description_box slideshow_transparent\">\r\n\t\t\t\t\t\t<div class=\"slideshow_title\">cap\u00e7alera 3<\/div>\t\t\t\t\t\t\t\t\t\t\t<\/div>\r\n\t\t\t\t<\/div>\r\n\r\n\t\t\t\t\t\t<div style=\"clear: both;\"><\/div><\/div><div class=\"slideshow_view\">\r\n\t\t\t\t<div class=\"slideshow_slide slideshow_slide_image\">\r\n\t\t\t\t\t\t\t\t\t\t\t<img src=\"https:\/\/agora.xtec.cat\/iesjplafarreras\/wp-content\/uploads\/usu2960\/2024\/01\/capcalera-4.jpg\" alt=\"cap\u00e7alera 4\" width=\"1024\" height=\"577\" \/>\r\n\t\t\t\t\t\t\t\t\t\t<div class=\"slideshow_description_box slideshow_transparent\">\r\n\t\t\t\t\t\t<div class=\"slideshow_title\">cap\u00e7alera 4<\/div>\t\t\t\t\t\t\t\t\t\t\t<\/div>\r\n\t\t\t\t<\/div>\r\n\r\n\t\t\t\t\t\t<div style=\"clear: both;\"><\/div><\/div><div class=\"slideshow_view\">\r\n\t\t\t\t<div class=\"slideshow_slide slideshow_slide_image\">\r\n\t\t\t\t\t\t\t\t\t\t\t<img src=\"https:\/\/agora.xtec.cat\/iesjplafarreras\/wp-content\/uploads\/usu2960\/2024\/11\/IMG_20220930_124129-1024x577-1.jpg\" alt=\"IMG_20220930_124129-1024x577\" width=\"1024\" height=\"577\" \/>\r\n\t\t\t\t\t\t\t\t\t\t<div class=\"slideshow_description_box slideshow_transparent\">\r\n\t\t\t\t\t\t<div class=\"slideshow_title\">IMG_20220930_124129-1024x577<\/div>\t\t\t\t\t\t\t\t\t\t\t<\/div>\r\n\t\t\t\t<\/div>\r\n\r\n\t\t\t\t\t\t<div style=\"clear: both;\"><\/div><\/div><div class=\"slideshow_view\">\r\n\t\t\t\t<div class=\"slideshow_slide slideshow_slide_image\">\r\n\t\t\t\t\t\t\t\t\t\t\t<img src=\"https:\/\/agora.xtec.cat\/iesjplafarreras\/wp-content\/uploads\/usu2960\/2024\/11\/IMG_20220930_123737-1024x577-1.jpg\" alt=\"IMG_20220930_123737-1024x577\" width=\"1024\" height=\"577\" \/>\r\n\t\t\t\t\t\t\t\t\t\t<div class=\"slideshow_description_box slideshow_transparent\">\r\n\t\t\t\t\t\t<div class=\"slideshow_title\">IMG_20220930_123737-1024x577<\/div>\t\t\t\t\t\t\t\t\t\t\t<\/div>\r\n\t\t\t\t<\/div>\r\n\r\n\t\t\t\t\t\t<div style=\"clear: both;\"><\/div><\/div><div class=\"slideshow_view\">\r\n\t\t\t\t<div class=\"slideshow_slide slideshow_slide_image\">\r\n\t\t\t\t\t\t\t\t\t\t\t<img src=\"https:\/\/agora.xtec.cat\/iesjplafarreras\/wp-content\/uploads\/usu2960\/2024\/11\/IMG_20220930_124451-1024x577-1.jpg\" alt=\"IMG_20220930_124451-1024x577\" width=\"1024\" height=\"577\" \/>\r\n\t\t\t\t\t\t\t\t\t\t<div class=\"slideshow_description_box slideshow_transparent\">\r\n\t\t\t\t\t\t<div class=\"slideshow_title\">IMG_20220930_124451-1024x577<\/div>\t\t\t\t\t\t\t\t\t\t\t<\/div>\r\n\t\t\t\t<\/div>\r\n\r\n\t\t\t\t\t\t<div style=\"clear: both;\"><\/div><\/div><div class=\"slideshow_view\">\r\n\t\t\t\t<div class=\"slideshow_slide slideshow_slide_image\">\r\n\t\t\t\t\t\t\t\t\t\t\t<img src=\"https:\/\/agora.xtec.cat\/iesjplafarreras\/wp-content\/uploads\/usu2960\/2024\/11\/IMG_20220930_124549-1024x577-1.jpg\" alt=\"IMG_20220930_124549-1024x577\" width=\"1024\" height=\"577\" \/>\r\n\t\t\t\t\t\t\t\t\t\t<div class=\"slideshow_description_box slideshow_transparent\">\r\n\t\t\t\t\t\t<div class=\"slideshow_title\">IMG_20220930_124549-1024x577<\/div>\t\t\t\t\t\t\t\t\t\t\t<\/div>\r\n\t\t\t\t<\/div>\r\n\r\n\t\t\t\t\t\t<div style=\"clear: both;\"><\/div><\/div><div class=\"slideshow_view\">\r\n\t\t\t\t<div class=\"slideshow_slide slideshow_slide_image\">\r\n\t\t\t\t\t\t\t\t\t\t\t<img src=\"https:\/\/agora.xtec.cat\/iesjplafarreras\/wp-content\/uploads\/usu2960\/2024\/11\/IMG_20220930_124518-1024x577-1.jpg\" alt=\"IMG_20220930_124518-1024x577\" width=\"1024\" height=\"577\" \/>\r\n\t\t\t\t\t\t\t\t\t\t<div class=\"slideshow_description_box slideshow_transparent\">\r\n\t\t\t\t\t\t<div class=\"slideshow_title\">IMG_20220930_124518-1024x577<\/div>\t\t\t\t\t\t\t\t\t\t\t<\/div>\r\n\t\t\t\t<\/div>\r\n\r\n\t\t\t\t\t\t<div style=\"clear: both;\"><\/div><\/div><div class=\"slideshow_view\">\r\n\t\t\t\t<div class=\"slideshow_slide slideshow_slide_image\">\r\n\t\t\t\t\t\t\t\t\t\t\t<img src=\"https:\/\/agora.xtec.cat\/iesjplafarreras\/wp-content\/uploads\/usu2960\/2024\/11\/IMG_20220930_124846-1024x577-1.jpg\" alt=\"IMG_20220930_124846-1024x577\" width=\"1024\" height=\"577\" \/>\r\n\t\t\t\t\t\t\t\t\t\t<div class=\"slideshow_description_box slideshow_transparent\">\r\n\t\t\t\t\t\t<div class=\"slideshow_title\">IMG_20220930_124846-1024x577<\/div>\t\t\t\t\t\t\t\t\t\t\t<\/div>\r\n\t\t\t\t<\/div>\r\n\r\n\t\t\t\t\t\t<div style=\"clear: both;\"><\/div><\/div><div class=\"slideshow_view\">\r\n\t\t\t\t<div class=\"slideshow_slide slideshow_slide_image\">\r\n\t\t\t\t\t\t\t\t\t\t\t<img src=\"https:\/\/agora.xtec.cat\/iesjplafarreras\/wp-content\/uploads\/usu2960\/2024\/11\/IMG_20220930_124759-1024x577-1.jpg\" alt=\"IMG_20220930_124759-1024x577\" width=\"1024\" height=\"577\" \/>\r\n\t\t\t\t\t\t\t\t\t\t<div class=\"slideshow_description_box slideshow_transparent\">\r\n\t\t\t\t\t\t<div class=\"slideshow_title\">IMG_20220930_124759-1024x577<\/div>\t\t\t\t\t\t\t\t\t\t\t<\/div>\r\n\t\t\t\t<\/div>\r\n\r\n\t\t\t\t\t\t<div style=\"clear: both;\"><\/div><\/div><div class=\"slideshow_view\">\r\n\t\t\t\t<div class=\"slideshow_slide slideshow_slide_image\">\r\n\t\t\t\t\t\t\t\t\t\t\t<img src=\"https:\/\/agora.xtec.cat\/iesjplafarreras\/wp-content\/uploads\/usu2960\/2024\/11\/IMG_20220930_131826-1024x577-1.jpg\" alt=\"IMG_20220930_131826-1024x577\" width=\"1024\" height=\"577\" \/>\r\n\t\t\t\t\t\t\t\t\t\t<div class=\"slideshow_description_box slideshow_transparent\">\r\n\t\t\t\t\t\t<div class=\"slideshow_title\">IMG_20220930_131826-1024x577<\/div>\t\t\t\t\t\t\t\t\t\t\t<\/div>\r\n\t\t\t\t<\/div>\r\n\r\n\t\t\t\t\t\t<div style=\"clear: both;\"><\/div><\/div><div class=\"slideshow_view\">\r\n\t\t\t\t<div class=\"slideshow_slide slideshow_slide_image\">\r\n\t\t\t\t\t\t\t\t\t\t\t<img src=\"https:\/\/agora.xtec.cat\/iesjplafarreras\/wp-content\/uploads\/usu2960\/2024\/11\/IMG_20220930_125318-1024x577-1.jpg\" alt=\"IMG_20220930_125318-1024x577\" width=\"1024\" height=\"577\" \/>\r\n\t\t\t\t\t\t\t\t\t\t<div class=\"slideshow_description_box slideshow_transparent\">\r\n\t\t\t\t\t\t<div class=\"slideshow_title\">IMG_20220930_125318-1024x577<\/div>\t\t\t\t\t\t\t\t\t\t\t<\/div>\r\n\t\t\t\t<\/div>\r\n\r\n\t\t\t\t\t\t<div style=\"clear: both;\"><\/div><\/div><div class=\"slideshow_view\">\r\n\t\t\t\t<div class=\"slideshow_slide slideshow_slide_image\">\r\n\t\t\t\t\t\t\t\t\t\t\t<img src=\"https:\/\/agora.xtec.cat\/iesjplafarreras\/wp-content\/uploads\/usu2960\/2024\/11\/IMG_20220930_132002-1024x577-1.jpg\" alt=\"IMG_20220930_132002-1024x577\" width=\"1024\" height=\"577\" \/>\r\n\t\t\t\t\t\t\t\t\t\t<div class=\"slideshow_description_box slideshow_transparent\">\r\n\t\t\t\t\t\t<div class=\"slideshow_title\">IMG_20220930_132002-1024x577<\/div>\t\t\t\t\t\t\t\t\t\t\t<\/div>\r\n\t\t\t\t<\/div>\r\n\r\n\t\t\t\t\t\t<div style=\"clear: both;\"><\/div><\/div><div class=\"slideshow_view\">\r\n\t\t\t\t<div class=\"slideshow_slide slideshow_slide_image\">\r\n\t\t\t\t\t\t\t\t\t\t\t<img src=\"https:\/\/agora.xtec.cat\/iesjplafarreras\/wp-content\/uploads\/usu2960\/2024\/11\/IMG_20220930_132530-1024x577-1.jpg\" alt=\"IMG_20220930_132530-1024x577\" width=\"1024\" height=\"577\" \/>\r\n\t\t\t\t\t\t\t\t\t\t<div class=\"slideshow_description_box slideshow_transparent\">\r\n\t\t\t\t\t\t<div class=\"slideshow_title\">IMG_20220930_132530-1024x577<\/div>\t\t\t\t\t\t\t\t\t\t\t<\/div>\r\n\t\t\t\t<\/div>\r\n\r\n\t\t\t\t\t\t<div style=\"clear: both;\"><\/div><\/div><div class=\"slideshow_view\">\r\n\t\t\t\t<div class=\"slideshow_slide slideshow_slide_image\">\r\n\t\t\t\t\t\t\t\t\t\t\t<img src=\"https:\/\/agora.xtec.cat\/iesjplafarreras\/wp-content\/uploads\/usu2960\/2024\/11\/IMG_20220930_132045-1024x577-1.jpg\" alt=\"IMG_20220930_132045-1024x577\" width=\"1024\" height=\"577\" \/>\r\n\t\t\t\t\t\t\t\t\t\t<div class=\"slideshow_description_box slideshow_transparent\">\r\n\t\t\t\t\t\t<div class=\"slideshow_title\">IMG_20220930_132045-1024x577<\/div>\t\t\t\t\t\t\t\t\t\t\t<\/div>\r\n\t\t\t\t<\/div>\r\n\r\n\t\t\t\t\t\t<div style=\"clear: both;\"><\/div><\/div><div class=\"slideshow_view\">\r\n\t\t\t\t<div class=\"slideshow_slide slideshow_slide_image\">\r\n\t\t\t\t\t\t\t\t\t\t\t<img src=\"https:\/\/agora.xtec.cat\/iesjplafarreras\/wp-content\/uploads\/usu2960\/2024\/11\/IMG_20220930_132347-1024x577-1.jpg\" alt=\"IMG_20220930_132347-1024x577\" width=\"1024\" height=\"577\" \/>\r\n\t\t\t\t\t\t\t\t\t\t<div class=\"slideshow_description_box slideshow_transparent\">\r\n\t\t\t\t\t\t<div class=\"slideshow_title\">IMG_20220930_132347-1024x577<\/div>\t\t\t\t\t\t\t\t\t\t\t<\/div>\r\n\t\t\t\t<\/div>\r\n\r\n\t\t\t\t\t\t<div style=\"clear: both;\"><\/div><\/div><div class=\"slideshow_view\">\r\n\t\t\t\t<div class=\"slideshow_slide slideshow_slide_image\">\r\n\t\t\t\t\t\t\t\t\t\t\t<img src=\"https:\/\/agora.xtec.cat\/iesjplafarreras\/wp-content\/uploads\/usu2960\/2024\/11\/20191203_100031-1024x768-1.jpg\" alt=\"20191203_100031-1024x768 (1)\" width=\"1024\" height=\"768\" \/>\r\n\t\t\t\t\t\t\t\t\t\t<div class=\"slideshow_description_box slideshow_transparent\">\r\n\t\t\t\t\t\t<div class=\"slideshow_title\">20191203_100031-1024x768 (1)<\/div>\t\t\t\t\t\t\t\t\t\t\t<\/div>\r\n\t\t\t\t<\/div>\r\n\r\n\t\t\t\t\t\t<div style=\"clear: both;\"><\/div><\/div><div class=\"slideshow_view\">\r\n\t\t\t\t<div class=\"slideshow_slide slideshow_slide_image\">\r\n\t\t\t\t\t\t\t\t\t\t\t<img src=\"https:\/\/agora.xtec.cat\/iesjplafarreras\/wp-content\/uploads\/usu2960\/2024\/11\/IMG-20190608-WA0001-1024x768-1.jpg\" alt=\"IMG-20190608-WA0001-1024x768\" width=\"1024\" height=\"768\" \/>\r\n\t\t\t\t\t\t\t\t\t\t<div class=\"slideshow_description_box slideshow_transparent\">\r\n\t\t\t\t\t\t<div class=\"slideshow_title\">IMG-20190608-WA0001-1024x768<\/div>\t\t\t\t\t\t\t\t\t\t\t<\/div>\r\n\t\t\t\t<\/div>\r\n\r\n\t\t\t\t\t\t<div style=\"clear: both;\"><\/div><\/div><div class=\"slideshow_view\">\r\n\t\t\t\t<div class=\"slideshow_slide slideshow_slide_image\">\r\n\t\t\t\t\t\t\t\t\t\t\t<img src=\"https:\/\/agora.xtec.cat\/iesjplafarreras\/wp-content\/uploads\/usu2960\/2024\/11\/20191203_100031-1024x768-2.jpg\" alt=\"20191203_100031-1024x768\" width=\"1024\" height=\"768\" \/>\r\n\t\t\t\t\t\t\t\t\t\t<div class=\"slideshow_description_box slideshow_transparent\">\r\n\t\t\t\t\t\t<div class=\"slideshow_title\">20191203_100031-1024x768<\/div>\t\t\t\t\t\t\t\t\t\t\t<\/div>\r\n\t\t\t\t<\/div>\r\n\r\n\t\t\t\t\t\t<div style=\"clear: both;\"><\/div><\/div><div class=\"slideshow_view\">\r\n\t\t\t\t<div class=\"slideshow_slide slideshow_slide_image\">\r\n\t\t\t\t\t\t\t\t\t\t\t<img src=\"https:\/\/agora.xtec.cat\/iesjplafarreras\/wp-content\/uploads\/usu2960\/2024\/11\/20191203_095725-1024x768-1.jpg\" alt=\"20191203_095725-1024x768\" width=\"1024\" height=\"768\" \/>\r\n\t\t\t\t\t\t\t\t\t\t<div class=\"slideshow_description_box slideshow_transparent\">\r\n\t\t\t\t\t\t<div class=\"slideshow_title\">20191203_095725-1024x768<\/div>\t\t\t\t\t\t\t\t\t\t\t<\/div>\r\n\t\t\t\t<\/div>\r\n\r\n\t\t\t\t\t\t<div style=\"clear: both;\"><\/div><\/div><div class=\"slideshow_view\">\r\n\t\t\t\t<div class=\"slideshow_slide slideshow_slide_image\">\r\n\t\t\t\t\t\t\t\t\t\t\t<img src=\"https:\/\/agora.xtec.cat\/iesjplafarreras\/wp-content\/uploads\/usu2960\/2024\/11\/20191008_143425-1024x576-1.jpg\" alt=\"20191008_143425-1024x576\" width=\"1024\" height=\"576\" \/>\r\n\t\t\t\t\t\t\t\t\t\t<div class=\"slideshow_description_box slideshow_transparent\">\r\n\t\t\t\t\t\t<div class=\"slideshow_title\">20191008_143425-1024x576<\/div>\t\t\t\t\t\t\t\t\t\t\t<\/div>\r\n\t\t\t\t<\/div>\r\n\r\n\t\t\t\t\t\t<div style=\"clear: both;\"><\/div><\/div><div class=\"slideshow_view\">\r\n\t\t\t\t<div class=\"slideshow_slide slideshow_slide_image\">\r\n\t\t\t\t\t\t\t\t\t\t\t<img src=\"https:\/\/agora.xtec.cat\/iesjplafarreras\/wp-content\/uploads\/usu2960\/2024\/11\/20191008_143436-1024x576-1.jpg\" alt=\"20191008_143436-1024x576\" width=\"1024\" height=\"576\" \/>\r\n\t\t\t\t\t\t\t\t\t\t<div class=\"slideshow_description_box slideshow_transparent\">\r\n\t\t\t\t\t\t<div class=\"slideshow_title\">20191008_143436-1024x576<\/div>\t\t\t\t\t\t\t\t\t\t\t<\/div>\r\n\t\t\t\t<\/div>\r\n\r\n\t\t\t\t\t\t<div style=\"clear: both;\"><\/div><\/div><div class=\"slideshow_view\">\r\n\t\t\t\t<div class=\"slideshow_slide slideshow_slide_image\">\r\n\t\t\t\t\t\t\t\t\t\t\t<img src=\"https:\/\/agora.xtec.cat\/iesjplafarreras\/wp-content\/uploads\/usu2960\/2024\/11\/20191008_142217-1024x576-1.jpg\" alt=\"20191008_142217-1024x576\" width=\"1024\" height=\"576\" \/>\r\n\t\t\t\t\t\t\t\t\t\t<div class=\"slideshow_description_box slideshow_transparent\">\r\n\t\t\t\t\t\t<div class=\"slideshow_title\">20191008_142217-1024x576<\/div>\t\t\t\t\t\t\t\t\t\t\t<\/div>\r\n\t\t\t\t<\/div>\r\n\r\n\t\t\t\t\t\t<div style=\"clear: both;\"><\/div><\/div><div class=\"slideshow_view\">\r\n\t\t\t\t<div class=\"slideshow_slide slideshow_slide_image\">\r\n\t\t\t\t\t\t\t\t\t\t\t<img src=\"https:\/\/agora.xtec.cat\/iesjplafarreras\/wp-content\/uploads\/usu2960\/2024\/11\/20191008_143338-1024x576-1.jpg\" alt=\"20191008_143338-1024x576\" width=\"1024\" height=\"576\" \/>\r\n\t\t\t\t\t\t\t\t\t\t<div class=\"slideshow_description_box slideshow_transparent\">\r\n\t\t\t\t\t\t<div class=\"slideshow_title\">20191008_143338-1024x576<\/div>\t\t\t\t\t\t\t\t\t\t\t<\/div>\r\n\t\t\t\t<\/div>\r\n\r\n\t\t\t\t\t\t<div style=\"clear: both;\"><\/div><\/div><div class=\"slideshow_view\">\r\n\t\t\t\t<div class=\"slideshow_slide slideshow_slide_image\">\r\n\t\t\t\t\t\t\t\t\t\t\t<img src=\"https:\/\/agora.xtec.cat\/iesjplafarreras\/wp-content\/uploads\/usu2960\/2024\/11\/20191008_142214-1024x576-1.jpg\" alt=\"20191008_142214-1024x576\" width=\"1024\" height=\"576\" \/>\r\n\t\t\t\t\t\t\t\t\t\t<div class=\"slideshow_description_box slideshow_transparent\">\r\n\t\t\t\t\t\t<div class=\"slideshow_title\">20191008_142214-1024x576<\/div>\t\t\t\t\t\t\t\t\t\t\t<\/div>\r\n\t\t\t\t<\/div>\r\n\r\n\t\t\t\t\t\t<div style=\"clear: both;\"><\/div><\/div><div class=\"slideshow_view\">\r\n\t\t\t\t<div class=\"slideshow_slide slideshow_slide_image\">\r\n\t\t\t\t\t\t\t\t\t\t\t<img src=\"https:\/\/agora.xtec.cat\/iesjplafarreras\/wp-content\/uploads\/usu2960\/2024\/11\/20191203_100229-1024x768-1.jpg\" alt=\"20191203_100229-1024x768\" width=\"1024\" height=\"768\" \/>\r\n\t\t\t\t\t\t\t\t\t\t<div class=\"slideshow_description_box slideshow_transparent\">\r\n\t\t\t\t\t\t<div class=\"slideshow_title\">20191203_100229-1024x768<\/div>\t\t\t\t\t\t\t\t\t\t\t<\/div>\r\n\t\t\t\t<\/div>\r\n\r\n\t\t\t\t\t\t<div style=\"clear: both;\"><\/div><\/div><div class=\"slideshow_view\">\r\n\t\t\t\t<div class=\"slideshow_slide slideshow_slide_image\">\r\n\t\t\t\t\t\t\t\t\t\t\t<img src=\"https:\/\/agora.xtec.cat\/iesjplafarreras\/wp-content\/uploads\/usu2960\/2024\/11\/IMG_20220930_123737-1024x577-2.jpg\" alt=\"IMG_20220930_123737-1024x577\" width=\"1024\" height=\"577\" \/>\r\n\t\t\t\t\t\t\t\t\t\t<div class=\"slideshow_description_box slideshow_transparent\">\r\n\t\t\t\t\t\t<div class=\"slideshow_title\">IMG_20220930_123737-1024x577<\/div>\t\t\t\t\t\t\t\t\t\t\t<\/div>\r\n\t\t\t\t<\/div>\r\n\r\n\t\t\t\t\t\t<div style=\"clear: both;\"><\/div><\/div>\r\n\t\t<\/div>\r\n\r\n\t\t<div class=\"slideshow_controlPanel slideshow_transparent\" style=\"display: none;\"><ul><li class=\"slideshow_togglePlay\" data-play-text=\"Visualitza\" data-pause-text=\"Pausa\"><\/li><\/ul><\/div>\r\n\r\n\t\t<div class=\"slideshow_button slideshow_previous slideshow_transparent\" role=\"button\" data-previous-text=\"Anterior\" style=\"display: none;\"><\/div>\r\n\t\t<div class=\"slideshow_button slideshow_next slideshow_transparent\" role=\"button\" data-next-text=\"Seg\u00fcent\" style=\"display: none;\"><\/div>\r\n\r\n\t\t<div class=\"slideshow_pagination\" style=\"display: none;\" data-go-to-text=\"V\u00e9s a la diapositiva\"><div class=\"slideshow_pagination_center\"><\/div><\/div>\r\n\r\n\t\t<!-- WordPress Slideshow Version 2.3.1 -->\r\n\r\n\t\t\t<\/div>\r\n\r\n\n<p>&nbsp;<\/p>\n<p>El centre compta amb diverses topologies d&#8217;aula: aula normal de classe, aules polivalents, aula de m\u00fasica, aula de visual i pl\u00e0stica, laboratoris,&#8230;Tamb\u00e9 hi ha gimn\u00e0s\/sala d&#8217;actes, dos pistes poliesportives, una vinya (La vinya de la Quima), foodtrack i espais d&#8217;\u00fas lliure. En podeu veure imatges en el carroussel.<\/p>\n","protected":false},"excerpt":{"rendered":"<p>\t\t\t\t\t\tcap\u00e7alera 3\t\t\t\t\t\t\t\t\t\t\t<\/p>\n<p>\t\t\t\t\t\tcap\u00e7alera 4\t\t\t\t\t\t\t\t\t\t\t<\/p>\n<p>\t\t\t\t\t\tIMG_20220930_124129-1024&#215;577\t\t\t\t\t\t\t\t\t\t\t<\/p>\n<p>\t\t\t\t\t\tIMG_20220930_123737-1024&#215;577\t\t\t\t\t\t\t\t\t\t\t<\/p>\n<p>\t\t\t\t\t\tIMG_20220930_124451-1024&#215;577\t\t\t\t\t\t\t\t\t\t\t<\/p>\n<p>\t\t\t\t\t\tIMG_20220930_124549-1024&#215;577\t\t\t\t\t\t\t\t\t\t\t<\/p>\n<p>\t\t\t\t\t\tIMG_20220930_124518-1024&#215;577\t\t\t\t\t\t\t\t\t\t\t<\/p>\n<p>\t\t\t\t\t\tIMG_20220930_124846-1024&#215;577\t\t\t\t\t\t\t\t\t\t\t<\/p>\n<p>\t\t\t\t\t\tIMG_20220930_124759-1024&#215;577\t\t\t\t\t\t\t\t\t\t\t<\/p>\n<p>\t\t\t\t\t\tIMG_20220930_131826-1024&#215;577\t\t\t\t\t\t\t\t\t\t\t<\/p>\n<p>\t\t\t\t\t\tIMG_20220930_125318-1024&#215;577\t\t\t\t\t\t\t\t\t\t\t<\/p>\n<p>\t\t\t\t\t\tIMG_20220930_132002-1024&#215;577\t\t\t\t\t\t\t\t\t\t\t<\/p>\n<p>\t\t\t\t\t\tIMG_20220930_132530-1024&#215;577\t\t\t\t\t\t\t\t\t\t\t<\/p>\n<p>\t\t\t\t\t\tIMG_20220930_132045-1024&#215;577\t\t\t\t\t\t\t\t\t\t\t<\/p>\n<p>\t\t\t\t\t\tIMG_20220930_132347-1024&#215;577\t\t\t\t\t\t\t\t\t\t\t<\/p>\n<p>\t\t\t\t\t\t20191203_100031-1024&#215;768 (1)\t\t\t\t\t\t\t\t\t\t\t<\/p>\n<p>\t\t\t\t\t\tIMG-20190608-WA0001-1024&#215;768\t\t\t\t\t\t\t\t\t\t\t<\/p>\n<p>\t\t\t\t\t\t20191203_100031-1024&#215;768\t\t\t\t\t\t\t\t\t\t\t<\/p>\n<p>\t\t\t\t\t\t20191203_095725-1024&#215;768\t\t\t\t\t\t\t\t\t\t\t<\/p>\n<p>\t\t\t\t\t\t20191008_143425-1024&#215;576\t\t\t\t\t\t\t\t\t\t\t<\/p>\n<p>\t\t\t\t\t\t20191008_143436-1024&#215;576\t\t\t\t\t\t\t\t\t\t\t<\/p>\n<p>\t\t\t\t\t\t20191008_142217-1024&#215;576\t\t\t\t\t\t\t\t\t\t\t<\/p>\n<p>\t\t\t\t\t\t20191008_143338-1024&#215;576\t\t\t\t\t\t\t\t\t\t\t<\/p>\n<p>\t\t\t\t\t\t20191008_142214-1024&#215;576\t\t\t\t\t\t\t\t\t\t\t<\/p>\n<p>\t\t\t\t\t\t20191203_100229-1024&#215;768\t\t\t\t\t\t\t\t\t\t\t<\/p>\n<p>\t\t\t\t\t\tIMG_20220930_123737-1024&#215;577\t\t\t\t\t\t\t\t\t\t\t<\/p>\n<ul>\n<li class=\"slideshow_togglePlay\" data-play-text=\"Visualitza\" data-pause-text=\"Pausa\"><\/li>\n<\/ul>\n<p>&nbsp;<br \/>\nEl centre compta amb diverses topologies d&#8217;aula: aula normal de classe, aules polivalents, aula de m\u00fasica, aula de visual i pl\u00e0stica, laboratoris,&#8230;Tamb\u00e9 hi ha gimn\u00e0s\/sala d&#8217;actes, dos pistes poliesportives, una vinya (La vinya de la Quima), foodtrack i espais&hellip;  <a href=\"https:\/\/agora.xtec.cat\/iesjplafarreras\/linstitut\/instal%c2%b7lacions\/\" title=\"Read Instal\u00b7lacions\">Llegeix m\u00e9s\u00bb<\/a><\/p>\n","protected":false},"author":1,"featured_media":0,"parent":19,"menu_order":30,"comment_status":"closed","ping_status":"closed","template":"page-templates\/side-menu.php","meta":{"_bbp_topic_count":0,"_bbp_reply_count":0,"_bbp_total_topic_count":0,"_bbp_total_reply_count":0,"_bbp_voice_count":0,"_bbp_anonymous_reply_count":0,"_bbp_topic_count_hidden":0,"_bbp_reply_count_hidden":0,"_bbp_forum_subforum_count":0,"footnotes":""},"class_list":["post-39","page","type-page","status-publish","hentry"],"post_mailing_queue_ids":[],"_links":{"self":[{"href":"https:\/\/agora.xtec.cat\/iesjplafarreras\/wp-json\/wp\/v2\/pages\/39","targetHints":{"allow":["GET"]}}],"collection":[{"href":"https:\/\/agora.xtec.cat\/iesjplafarreras\/wp-json\/wp\/v2\/pages"}],"about":[{"href":"https:\/\/agora.xtec.cat\/iesjplafarreras\/wp-json\/wp\/v2\/types\/page"}],"author":[{"embeddable":true,"href":"https:\/\/agora.xtec.cat\/iesjplafarreras\/wp-json\/wp\/v2\/users\/1"}],"replies":[{"embeddable":true,"href":"https:\/\/agora.xtec.cat\/iesjplafarreras\/wp-json\/wp\/v2\/comments?post=39"}],"version-history":[{"count":2,"href":"https:\/\/agora.xtec.cat\/iesjplafarreras\/wp-json\/wp\/v2\/pages\/39\/revisions"}],"predecessor-version":[{"id":668,"href":"https:\/\/agora.xtec.cat\/iesjplafarreras\/wp-json\/wp\/v2\/pages\/39\/revisions\/668"}],"up":[{"embeddable":true,"href":"https:\/\/agora.xtec.cat\/iesjplafarreras\/wp-json\/wp\/v2\/pages\/19"}],"wp:attachment":[{"href":"https:\/\/agora.xtec.cat\/iesjplafarreras\/wp-json\/wp\/v2\/media?parent=39"}],"curies":[{"name":"wp","href":"https:\/\/api.w.org\/{rel}","templated":true}]}}