{"id":21,"date":"2014-09-17T16:14:14","date_gmt":"2014-09-17T16:14:14","guid":{"rendered":"http:\/\/agora.xtec.cat\/iesjplafarreras\/?page_id=21"},"modified":"2025-11-03T17:42:36","modified_gmt":"2025-11-03T16:42:36","slug":"on-som","status":"publish","type":"page","link":"https:\/\/agora.xtec.cat\/iesjplafarreras\/linstitut\/on-som\/","title":{"rendered":"El nostre centre"},"content":{"rendered":"<h3>PRESENTACI\u00d3<\/h3>\n<p><span style=\"font-family: inherit; font-size: 1em; font-weight: normal;\">L\u2019Institut Joaquima Pla i Farreras ofereix un servei educatiu p\u00fablic que respon a\u00a0 les necessitats i aspiracions de l\u2019alumnat i de les seves fam\u00edlies, impartint una formaci\u00f3 integrada de qualitat en coneixements i en valors.<\/span><\/p>\n<div class=\"siteorigin-widget-tinymce textwidget\">\n<div class=\"red-box-content\">\n<p class=\"text\">Aquesta formaci\u00f3 est\u00e0 oberta a les innovacions i requisits de la comunitat, t\u00e9 en compte les realitats diverses dels alumnes, per ajudar-los\u00a0 a desenvolupar-se en l&#8217;\u00e0mbit personal i\u00a0 assolir les compet\u00e8ncies necess\u00e0ries per progressar en el m\u00f3n acad\u00e8mic i facilitar la seva inserci\u00f3 sociolaboral i la formaci\u00f3 continuada.<\/p>\n<\/div>\n<\/div>\n<p>&nbsp;<\/p>\n<h3>CARACTER\u00cdSTIQUES DEL CENTRE<\/h3>\n<p>L\u2019Institut Joaquima Pla i Farreras \u00e9s un centre que aposta per la participaci\u00f3 de tota la comunitat educativa i es compromet amb l\u2019objectiu que els seus alumnes assoleixin aprenentatges competencials.<\/p>\n<p>La finalitat \u00faltima d\u2019aquests aprenentatges competencials seria que els nois i les noies, en acabar la seva escolaritzaci\u00f3, hagin adquirit les eines necess\u00e0ries per entendre el m\u00f3n per tal que esdevinguin persones capaces d\u2019intervenir de forma cr\u00edtica i activa en la societat plural, diversa i en canvi continu en qu\u00e8 ens trobem.<\/p>\n<p>&nbsp;<\/p>\n<h4>INSTAL\u00b7LACIONS<\/h4>\n<p>&nbsp;<\/p>\n\r\n\t<div class=\"slideshow_container slideshow_container_style-light\" style=\"height: 200px; \" data-slideshow-id=\"31\" data-style-name=\"style-light\" data-style-version=\"2.3.1\" >\r\n\r\n\t\t\t\t\t<div class=\"slideshow_loading_icon\"><\/div>\r\n\t\t\r\n\t\t<div class=\"slideshow_content\" style=\"display: none;\">\r\n\r\n\t\t\t<div class=\"slideshow_view\">\r\n\t\t\t\t<div class=\"slideshow_slide slideshow_slide_image\">\r\n\t\t\t\t\t\t\t\t\t\t\t<img src=\"https:\/\/agora.xtec.cat\/iesjplafarreras\/wp-content\/uploads\/usu2960\/2024\/01\/capcalera-3.jpg\" alt=\"cap\u00e7alera 3\" width=\"1024\" height=\"577\" \/>\r\n\t\t\t\t\t\t\t\t\t\t<div class=\"slideshow_description_box slideshow_transparent\">\r\n\t\t\t\t\t\t<div class=\"slideshow_title\">cap\u00e7alera 3<\/div>\t\t\t\t\t\t\t\t\t\t\t<\/div>\r\n\t\t\t\t<\/div>\r\n\r\n\t\t\t\t\t\t<div style=\"clear: both;\"><\/div><\/div><div class=\"slideshow_view\">\r\n\t\t\t\t<div class=\"slideshow_slide slideshow_slide_image\">\r\n\t\t\t\t\t\t\t\t\t\t\t<img src=\"https:\/\/agora.xtec.cat\/iesjplafarreras\/wp-content\/uploads\/usu2960\/2024\/01\/capcalera-4.jpg\" alt=\"cap\u00e7alera 4\" width=\"1024\" height=\"577\" \/>\r\n\t\t\t\t\t\t\t\t\t\t<div class=\"slideshow_description_box slideshow_transparent\">\r\n\t\t\t\t\t\t<div class=\"slideshow_title\">cap\u00e7alera 4<\/div>\t\t\t\t\t\t\t\t\t\t\t<\/div>\r\n\t\t\t\t<\/div>\r\n\r\n\t\t\t\t\t\t<div style=\"clear: both;\"><\/div><\/div><div class=\"slideshow_view\">\r\n\t\t\t\t<div class=\"slideshow_slide slideshow_slide_image\">\r\n\t\t\t\t\t\t\t\t\t\t\t<img src=\"https:\/\/agora.xtec.cat\/iesjplafarreras\/wp-content\/uploads\/usu2960\/2024\/11\/IMG_20220930_124129-1024x577-1.jpg\" alt=\"IMG_20220930_124129-1024x577\" width=\"1024\" height=\"577\" \/>\r\n\t\t\t\t\t\t\t\t\t\t<div class=\"slideshow_description_box slideshow_transparent\">\r\n\t\t\t\t\t\t<div class=\"slideshow_title\">IMG_20220930_124129-1024x577<\/div>\t\t\t\t\t\t\t\t\t\t\t<\/div>\r\n\t\t\t\t<\/div>\r\n\r\n\t\t\t\t\t\t<div style=\"clear: both;\"><\/div><\/div><div class=\"slideshow_view\">\r\n\t\t\t\t<div class=\"slideshow_slide slideshow_slide_image\">\r\n\t\t\t\t\t\t\t\t\t\t\t<img src=\"https:\/\/agora.xtec.cat\/iesjplafarreras\/wp-content\/uploads\/usu2960\/2024\/11\/IMG_20220930_123737-1024x577-1.jpg\" alt=\"IMG_20220930_123737-1024x577\" width=\"1024\" height=\"577\" \/>\r\n\t\t\t\t\t\t\t\t\t\t<div class=\"slideshow_description_box slideshow_transparent\">\r\n\t\t\t\t\t\t<div class=\"slideshow_title\">IMG_20220930_123737-1024x577<\/div>\t\t\t\t\t\t\t\t\t\t\t<\/div>\r\n\t\t\t\t<\/div>\r\n\r\n\t\t\t\t\t\t<div style=\"clear: both;\"><\/div><\/div><div class=\"slideshow_view\">\r\n\t\t\t\t<div class=\"slideshow_slide slideshow_slide_image\">\r\n\t\t\t\t\t\t\t\t\t\t\t<img src=\"https:\/\/agora.xtec.cat\/iesjplafarreras\/wp-content\/uploads\/usu2960\/2024\/11\/IMG_20220930_124451-1024x577-1.jpg\" alt=\"IMG_20220930_124451-1024x577\" width=\"1024\" height=\"577\" \/>\r\n\t\t\t\t\t\t\t\t\t\t<div class=\"slideshow_description_box slideshow_transparent\">\r\n\t\t\t\t\t\t<div class=\"slideshow_title\">IMG_20220930_124451-1024x577<\/div>\t\t\t\t\t\t\t\t\t\t\t<\/div>\r\n\t\t\t\t<\/div>\r\n\r\n\t\t\t\t\t\t<div style=\"clear: both;\"><\/div><\/div><div class=\"slideshow_view\">\r\n\t\t\t\t<div class=\"slideshow_slide slideshow_slide_image\">\r\n\t\t\t\t\t\t\t\t\t\t\t<img src=\"https:\/\/agora.xtec.cat\/iesjplafarreras\/wp-content\/uploads\/usu2960\/2024\/11\/IMG_20220930_124549-1024x577-1.jpg\" alt=\"IMG_20220930_124549-1024x577\" width=\"1024\" height=\"577\" \/>\r\n\t\t\t\t\t\t\t\t\t\t<div class=\"slideshow_description_box slideshow_transparent\">\r\n\t\t\t\t\t\t<div class=\"slideshow_title\">IMG_20220930_124549-1024x577<\/div>\t\t\t\t\t\t\t\t\t\t\t<\/div>\r\n\t\t\t\t<\/div>\r\n\r\n\t\t\t\t\t\t<div style=\"clear: both;\"><\/div><\/div><div class=\"slideshow_view\">\r\n\t\t\t\t<div class=\"slideshow_slide slideshow_slide_image\">\r\n\t\t\t\t\t\t\t\t\t\t\t<img src=\"https:\/\/agora.xtec.cat\/iesjplafarreras\/wp-content\/uploads\/usu2960\/2024\/11\/IMG_20220930_124518-1024x577-1.jpg\" alt=\"IMG_20220930_124518-1024x577\" width=\"1024\" height=\"577\" \/>\r\n\t\t\t\t\t\t\t\t\t\t<div class=\"slideshow_description_box slideshow_transparent\">\r\n\t\t\t\t\t\t<div class=\"slideshow_title\">IMG_20220930_124518-1024x577<\/div>\t\t\t\t\t\t\t\t\t\t\t<\/div>\r\n\t\t\t\t<\/div>\r\n\r\n\t\t\t\t\t\t<div style=\"clear: both;\"><\/div><\/div><div class=\"slideshow_view\">\r\n\t\t\t\t<div class=\"slideshow_slide slideshow_slide_image\">\r\n\t\t\t\t\t\t\t\t\t\t\t<img src=\"https:\/\/agora.xtec.cat\/iesjplafarreras\/wp-content\/uploads\/usu2960\/2024\/11\/IMG_20220930_124846-1024x577-1.jpg\" alt=\"IMG_20220930_124846-1024x577\" width=\"1024\" height=\"577\" \/>\r\n\t\t\t\t\t\t\t\t\t\t<div class=\"slideshow_description_box slideshow_transparent\">\r\n\t\t\t\t\t\t<div class=\"slideshow_title\">IMG_20220930_124846-1024x577<\/div>\t\t\t\t\t\t\t\t\t\t\t<\/div>\r\n\t\t\t\t<\/div>\r\n\r\n\t\t\t\t\t\t<div style=\"clear: both;\"><\/div><\/div><div class=\"slideshow_view\">\r\n\t\t\t\t<div class=\"slideshow_slide slideshow_slide_image\">\r\n\t\t\t\t\t\t\t\t\t\t\t<img src=\"https:\/\/agora.xtec.cat\/iesjplafarreras\/wp-content\/uploads\/usu2960\/2024\/11\/IMG_20220930_124759-1024x577-1.jpg\" alt=\"IMG_20220930_124759-1024x577\" width=\"1024\" height=\"577\" \/>\r\n\t\t\t\t\t\t\t\t\t\t<div class=\"slideshow_description_box slideshow_transparent\">\r\n\t\t\t\t\t\t<div class=\"slideshow_title\">IMG_20220930_124759-1024x577<\/div>\t\t\t\t\t\t\t\t\t\t\t<\/div>\r\n\t\t\t\t<\/div>\r\n\r\n\t\t\t\t\t\t<div style=\"clear: both;\"><\/div><\/div><div class=\"slideshow_view\">\r\n\t\t\t\t<div class=\"slideshow_slide slideshow_slide_image\">\r\n\t\t\t\t\t\t\t\t\t\t\t<img src=\"https:\/\/agora.xtec.cat\/iesjplafarreras\/wp-content\/uploads\/usu2960\/2024\/11\/IMG_20220930_131826-1024x577-1.jpg\" alt=\"IMG_20220930_131826-1024x577\" width=\"1024\" height=\"577\" \/>\r\n\t\t\t\t\t\t\t\t\t\t<div class=\"slideshow_description_box slideshow_transparent\">\r\n\t\t\t\t\t\t<div class=\"slideshow_title\">IMG_20220930_131826-1024x577<\/div>\t\t\t\t\t\t\t\t\t\t\t<\/div>\r\n\t\t\t\t<\/div>\r\n\r\n\t\t\t\t\t\t<div style=\"clear: both;\"><\/div><\/div><div class=\"slideshow_view\">\r\n\t\t\t\t<div class=\"slideshow_slide slideshow_slide_image\">\r\n\t\t\t\t\t\t\t\t\t\t\t<img src=\"https:\/\/agora.xtec.cat\/iesjplafarreras\/wp-content\/uploads\/usu2960\/2024\/11\/IMG_20220930_125318-1024x577-1.jpg\" alt=\"IMG_20220930_125318-1024x577\" width=\"1024\" height=\"577\" \/>\r\n\t\t\t\t\t\t\t\t\t\t<div class=\"slideshow_description_box slideshow_transparent\">\r\n\t\t\t\t\t\t<div class=\"slideshow_title\">IMG_20220930_125318-1024x577<\/div>\t\t\t\t\t\t\t\t\t\t\t<\/div>\r\n\t\t\t\t<\/div>\r\n\r\n\t\t\t\t\t\t<div style=\"clear: both;\"><\/div><\/div><div class=\"slideshow_view\">\r\n\t\t\t\t<div class=\"slideshow_slide slideshow_slide_image\">\r\n\t\t\t\t\t\t\t\t\t\t\t<img src=\"https:\/\/agora.xtec.cat\/iesjplafarreras\/wp-content\/uploads\/usu2960\/2024\/11\/IMG_20220930_132002-1024x577-1.jpg\" alt=\"IMG_20220930_132002-1024x577\" width=\"1024\" height=\"577\" \/>\r\n\t\t\t\t\t\t\t\t\t\t<div class=\"slideshow_description_box slideshow_transparent\">\r\n\t\t\t\t\t\t<div class=\"slideshow_title\">IMG_20220930_132002-1024x577<\/div>\t\t\t\t\t\t\t\t\t\t\t<\/div>\r\n\t\t\t\t<\/div>\r\n\r\n\t\t\t\t\t\t<div style=\"clear: both;\"><\/div><\/div><div class=\"slideshow_view\">\r\n\t\t\t\t<div class=\"slideshow_slide slideshow_slide_image\">\r\n\t\t\t\t\t\t\t\t\t\t\t<img src=\"https:\/\/agora.xtec.cat\/iesjplafarreras\/wp-content\/uploads\/usu2960\/2024\/11\/IMG_20220930_132530-1024x577-1.jpg\" alt=\"IMG_20220930_132530-1024x577\" width=\"1024\" height=\"577\" \/>\r\n\t\t\t\t\t\t\t\t\t\t<div class=\"slideshow_description_box slideshow_transparent\">\r\n\t\t\t\t\t\t<div class=\"slideshow_title\">IMG_20220930_132530-1024x577<\/div>\t\t\t\t\t\t\t\t\t\t\t<\/div>\r\n\t\t\t\t<\/div>\r\n\r\n\t\t\t\t\t\t<div style=\"clear: both;\"><\/div><\/div><div class=\"slideshow_view\">\r\n\t\t\t\t<div class=\"slideshow_slide slideshow_slide_image\">\r\n\t\t\t\t\t\t\t\t\t\t\t<img src=\"https:\/\/agora.xtec.cat\/iesjplafarreras\/wp-content\/uploads\/usu2960\/2024\/11\/IMG_20220930_132045-1024x577-1.jpg\" alt=\"IMG_20220930_132045-1024x577\" width=\"1024\" height=\"577\" \/>\r\n\t\t\t\t\t\t\t\t\t\t<div class=\"slideshow_description_box slideshow_transparent\">\r\n\t\t\t\t\t\t<div class=\"slideshow_title\">IMG_20220930_132045-1024x577<\/div>\t\t\t\t\t\t\t\t\t\t\t<\/div>\r\n\t\t\t\t<\/div>\r\n\r\n\t\t\t\t\t\t<div style=\"clear: both;\"><\/div><\/div><div class=\"slideshow_view\">\r\n\t\t\t\t<div class=\"slideshow_slide slideshow_slide_image\">\r\n\t\t\t\t\t\t\t\t\t\t\t<img src=\"https:\/\/agora.xtec.cat\/iesjplafarreras\/wp-content\/uploads\/usu2960\/2024\/11\/IMG_20220930_132347-1024x577-1.jpg\" alt=\"IMG_20220930_132347-1024x577\" width=\"1024\" height=\"577\" \/>\r\n\t\t\t\t\t\t\t\t\t\t<div class=\"slideshow_description_box slideshow_transparent\">\r\n\t\t\t\t\t\t<div class=\"slideshow_title\">IMG_20220930_132347-1024x577<\/div>\t\t\t\t\t\t\t\t\t\t\t<\/div>\r\n\t\t\t\t<\/div>\r\n\r\n\t\t\t\t\t\t<div style=\"clear: both;\"><\/div><\/div><div class=\"slideshow_view\">\r\n\t\t\t\t<div class=\"slideshow_slide slideshow_slide_image\">\r\n\t\t\t\t\t\t\t\t\t\t\t<img src=\"https:\/\/agora.xtec.cat\/iesjplafarreras\/wp-content\/uploads\/usu2960\/2024\/11\/20191203_100031-1024x768-1.jpg\" alt=\"20191203_100031-1024x768 (1)\" width=\"1024\" height=\"768\" \/>\r\n\t\t\t\t\t\t\t\t\t\t<div class=\"slideshow_description_box slideshow_transparent\">\r\n\t\t\t\t\t\t<div class=\"slideshow_title\">20191203_100031-1024x768 (1)<\/div>\t\t\t\t\t\t\t\t\t\t\t<\/div>\r\n\t\t\t\t<\/div>\r\n\r\n\t\t\t\t\t\t<div style=\"clear: both;\"><\/div><\/div><div class=\"slideshow_view\">\r\n\t\t\t\t<div class=\"slideshow_slide slideshow_slide_image\">\r\n\t\t\t\t\t\t\t\t\t\t\t<img src=\"https:\/\/agora.xtec.cat\/iesjplafarreras\/wp-content\/uploads\/usu2960\/2024\/11\/IMG-20190608-WA0001-1024x768-1.jpg\" alt=\"IMG-20190608-WA0001-1024x768\" width=\"1024\" height=\"768\" \/>\r\n\t\t\t\t\t\t\t\t\t\t<div class=\"slideshow_description_box slideshow_transparent\">\r\n\t\t\t\t\t\t<div class=\"slideshow_title\">IMG-20190608-WA0001-1024x768<\/div>\t\t\t\t\t\t\t\t\t\t\t<\/div>\r\n\t\t\t\t<\/div>\r\n\r\n\t\t\t\t\t\t<div style=\"clear: both;\"><\/div><\/div><div class=\"slideshow_view\">\r\n\t\t\t\t<div class=\"slideshow_slide slideshow_slide_image\">\r\n\t\t\t\t\t\t\t\t\t\t\t<img src=\"https:\/\/agora.xtec.cat\/iesjplafarreras\/wp-content\/uploads\/usu2960\/2024\/11\/20191203_100031-1024x768-2.jpg\" alt=\"20191203_100031-1024x768\" width=\"1024\" height=\"768\" \/>\r\n\t\t\t\t\t\t\t\t\t\t<div class=\"slideshow_description_box slideshow_transparent\">\r\n\t\t\t\t\t\t<div class=\"slideshow_title\">20191203_100031-1024x768<\/div>\t\t\t\t\t\t\t\t\t\t\t<\/div>\r\n\t\t\t\t<\/div>\r\n\r\n\t\t\t\t\t\t<div style=\"clear: both;\"><\/div><\/div><div class=\"slideshow_view\">\r\n\t\t\t\t<div class=\"slideshow_slide slideshow_slide_image\">\r\n\t\t\t\t\t\t\t\t\t\t\t<img src=\"https:\/\/agora.xtec.cat\/iesjplafarreras\/wp-content\/uploads\/usu2960\/2024\/11\/20191203_095725-1024x768-1.jpg\" alt=\"20191203_095725-1024x768\" width=\"1024\" height=\"768\" \/>\r\n\t\t\t\t\t\t\t\t\t\t<div class=\"slideshow_description_box slideshow_transparent\">\r\n\t\t\t\t\t\t<div class=\"slideshow_title\">20191203_095725-1024x768<\/div>\t\t\t\t\t\t\t\t\t\t\t<\/div>\r\n\t\t\t\t<\/div>\r\n\r\n\t\t\t\t\t\t<div style=\"clear: both;\"><\/div><\/div><div class=\"slideshow_view\">\r\n\t\t\t\t<div class=\"slideshow_slide slideshow_slide_image\">\r\n\t\t\t\t\t\t\t\t\t\t\t<img src=\"https:\/\/agora.xtec.cat\/iesjplafarreras\/wp-content\/uploads\/usu2960\/2024\/11\/20191008_143425-1024x576-1.jpg\" alt=\"20191008_143425-1024x576\" width=\"1024\" height=\"576\" \/>\r\n\t\t\t\t\t\t\t\t\t\t<div class=\"slideshow_description_box slideshow_transparent\">\r\n\t\t\t\t\t\t<div class=\"slideshow_title\">20191008_143425-1024x576<\/div>\t\t\t\t\t\t\t\t\t\t\t<\/div>\r\n\t\t\t\t<\/div>\r\n\r\n\t\t\t\t\t\t<div style=\"clear: both;\"><\/div><\/div><div class=\"slideshow_view\">\r\n\t\t\t\t<div class=\"slideshow_slide slideshow_slide_image\">\r\n\t\t\t\t\t\t\t\t\t\t\t<img src=\"https:\/\/agora.xtec.cat\/iesjplafarreras\/wp-content\/uploads\/usu2960\/2024\/11\/20191008_143436-1024x576-1.jpg\" alt=\"20191008_143436-1024x576\" width=\"1024\" height=\"576\" \/>\r\n\t\t\t\t\t\t\t\t\t\t<div class=\"slideshow_description_box slideshow_transparent\">\r\n\t\t\t\t\t\t<div class=\"slideshow_title\">20191008_143436-1024x576<\/div>\t\t\t\t\t\t\t\t\t\t\t<\/div>\r\n\t\t\t\t<\/div>\r\n\r\n\t\t\t\t\t\t<div style=\"clear: both;\"><\/div><\/div><div class=\"slideshow_view\">\r\n\t\t\t\t<div class=\"slideshow_slide slideshow_slide_image\">\r\n\t\t\t\t\t\t\t\t\t\t\t<img src=\"https:\/\/agora.xtec.cat\/iesjplafarreras\/wp-content\/uploads\/usu2960\/2024\/11\/20191008_142217-1024x576-1.jpg\" alt=\"20191008_142217-1024x576\" width=\"1024\" height=\"576\" \/>\r\n\t\t\t\t\t\t\t\t\t\t<div class=\"slideshow_description_box slideshow_transparent\">\r\n\t\t\t\t\t\t<div class=\"slideshow_title\">20191008_142217-1024x576<\/div>\t\t\t\t\t\t\t\t\t\t\t<\/div>\r\n\t\t\t\t<\/div>\r\n\r\n\t\t\t\t\t\t<div style=\"clear: both;\"><\/div><\/div><div class=\"slideshow_view\">\r\n\t\t\t\t<div class=\"slideshow_slide slideshow_slide_image\">\r\n\t\t\t\t\t\t\t\t\t\t\t<img src=\"https:\/\/agora.xtec.cat\/iesjplafarreras\/wp-content\/uploads\/usu2960\/2024\/11\/20191008_143338-1024x576-1.jpg\" alt=\"20191008_143338-1024x576\" width=\"1024\" height=\"576\" \/>\r\n\t\t\t\t\t\t\t\t\t\t<div class=\"slideshow_description_box slideshow_transparent\">\r\n\t\t\t\t\t\t<div class=\"slideshow_title\">20191008_143338-1024x576<\/div>\t\t\t\t\t\t\t\t\t\t\t<\/div>\r\n\t\t\t\t<\/div>\r\n\r\n\t\t\t\t\t\t<div style=\"clear: both;\"><\/div><\/div><div class=\"slideshow_view\">\r\n\t\t\t\t<div class=\"slideshow_slide slideshow_slide_image\">\r\n\t\t\t\t\t\t\t\t\t\t\t<img src=\"https:\/\/agora.xtec.cat\/iesjplafarreras\/wp-content\/uploads\/usu2960\/2024\/11\/20191008_142214-1024x576-1.jpg\" alt=\"20191008_142214-1024x576\" width=\"1024\" height=\"576\" \/>\r\n\t\t\t\t\t\t\t\t\t\t<div class=\"slideshow_description_box slideshow_transparent\">\r\n\t\t\t\t\t\t<div class=\"slideshow_title\">20191008_142214-1024x576<\/div>\t\t\t\t\t\t\t\t\t\t\t<\/div>\r\n\t\t\t\t<\/div>\r\n\r\n\t\t\t\t\t\t<div style=\"clear: both;\"><\/div><\/div><div class=\"slideshow_view\">\r\n\t\t\t\t<div class=\"slideshow_slide slideshow_slide_image\">\r\n\t\t\t\t\t\t\t\t\t\t\t<img src=\"https:\/\/agora.xtec.cat\/iesjplafarreras\/wp-content\/uploads\/usu2960\/2024\/11\/20191203_100229-1024x768-1.jpg\" alt=\"20191203_100229-1024x768\" width=\"1024\" height=\"768\" \/>\r\n\t\t\t\t\t\t\t\t\t\t<div class=\"slideshow_description_box slideshow_transparent\">\r\n\t\t\t\t\t\t<div class=\"slideshow_title\">20191203_100229-1024x768<\/div>\t\t\t\t\t\t\t\t\t\t\t<\/div>\r\n\t\t\t\t<\/div>\r\n\r\n\t\t\t\t\t\t<div style=\"clear: both;\"><\/div><\/div><div class=\"slideshow_view\">\r\n\t\t\t\t<div class=\"slideshow_slide slideshow_slide_image\">\r\n\t\t\t\t\t\t\t\t\t\t\t<img src=\"https:\/\/agora.xtec.cat\/iesjplafarreras\/wp-content\/uploads\/usu2960\/2024\/11\/IMG_20220930_123737-1024x577-2.jpg\" alt=\"IMG_20220930_123737-1024x577\" width=\"1024\" height=\"577\" \/>\r\n\t\t\t\t\t\t\t\t\t\t<div class=\"slideshow_description_box slideshow_transparent\">\r\n\t\t\t\t\t\t<div class=\"slideshow_title\">IMG_20220930_123737-1024x577<\/div>\t\t\t\t\t\t\t\t\t\t\t<\/div>\r\n\t\t\t\t<\/div>\r\n\r\n\t\t\t\t\t\t<div style=\"clear: both;\"><\/div><\/div>\r\n\t\t<\/div>\r\n\r\n\t\t<div class=\"slideshow_controlPanel slideshow_transparent\" style=\"display: none;\"><ul><li class=\"slideshow_togglePlay\" data-play-text=\"Visualitza\" data-pause-text=\"Pausa\"><\/li><\/ul><\/div>\r\n\r\n\t\t<div class=\"slideshow_button slideshow_previous slideshow_transparent\" role=\"button\" data-previous-text=\"Anterior\" style=\"display: none;\"><\/div>\r\n\t\t<div class=\"slideshow_button slideshow_next slideshow_transparent\" role=\"button\" data-next-text=\"Seg\u00fcent\" style=\"display: none;\"><\/div>\r\n\r\n\t\t<div class=\"slideshow_pagination\" style=\"display: none;\" data-go-to-text=\"V\u00e9s a la diapositiva\"><div class=\"slideshow_pagination_center\"><\/div><\/div>\r\n\r\n\t\t<!-- WordPress Slideshow Version 2.3.1 -->\r\n\r\n\t\t\t<\/div>\r\n\r\n\n<p>&nbsp;<\/p>\n<p>El centre compta amb diverses topologies d&#8217;aula: aula normal de classe, aules polivalents, aula de m\u00fasica, aula de visual i pl\u00e0stica, laboratoris,&#8230;Tamb\u00e9 hi ha gimn\u00e0s\/sala d&#8217;actes, dos pistes poliesportives, una vinya (La vinya de la Quima), <em>foodtrack<\/em> i espais d&#8217;\u00fas lliure. En podeu veure imatges en el carroussel.<\/p>\n<p>&nbsp;<\/p>\n<h4>EQUIPAMENTS<\/h4>\n<p>Tot l&#8217;Institut est\u00e0 adaptat.<br \/>\nTotes les depend\u00e8ncies del centre disposen de connexi\u00f3 a la xarxa.<br \/>\nTotes les aules estan equipades amb material audiovisual (can\u00f3, pantalla, pissarra digital,&#8230;)<\/p>\n<p>Els equipaments del centre s\u00f3n els seg\u00fcents:<\/p>\n<p>\u25ba 23 aules per a ESO i Batxillerat<br \/>\n\u25ba Aules de desdoblament per treballar amb grups redu\u00efts<br \/>\n\u25ba 3 Aules Imagin@<br \/>\n\u25ba 2 laboratoris equipats amb les darreres tecnologies: f\u00edsica i geologia, qu\u00edmica i biologia<br \/>\n\u25ba Aula de m\u00fasica<br \/>\n\u25ba Aula d\u2019ed. Visual i Pl\u00e0stica<br \/>\n\u25ba Biblioteca<br \/>\n\u25ba Gimn\u00e0s i pistes esportives<br \/>\n\u25ba Zones de lleure (patis)<br \/>\n\u25ba Servei de Menjador<br \/>\n\u25ba Ascensor<br \/>\n\u25ba Armariets de lloguer per l\u2019alumnat<\/p>\n<div class=\"lsow-panel lsow-active\">\n<div class=\"lsow-panel-content\">\n<h3><\/h3>\n<h3>QUOTES<\/h3>\n<p>Podeu consultar les quotes previstes pel curs 2025-2026 en aquest <a href=\"https:\/\/agora.xtec.cat\/iesjplafarreras\/docs\/quotes-curs-2025-2026\/?bp-attachment=Quotes-25-26-.pdf\" target=\"_blank\" rel=\"noopener\"><strong>enlla\u00e7<\/strong><\/a>.<\/p>\n<\/div>\n<\/div>\n<p>&nbsp;<\/p>\n<h3>DOCUMENTS DE CENTRE<\/h3>\n<p><a href=\"https:\/\/agora.xtec.cat\/iesjplafarreras\/docs\/projecte-educatiu-de-centre-2\/?bp-attachment=PEC_PlaFa.pdf\">\u2588 Projecte Educatiu<\/a><\/p>\n<p><a href=\"https:\/\/agora.xtec.cat\/iesjplafarreras\/docs\/projecte-linguistic-del-centre\/?bp-attachment=PLC-INS-Joaquima-Pla-i-Farreras-06-27-2011.pdf\">\u2592 <\/a><a href=\"https:\/\/agora.xtec.cat\/iesjplafarreras\/docs\/projecte-de-direccio\/\">Projecte de Direcci\u00f3<\/a>, pel per\u00edode 2032-2027<\/p>\n<p><a href=\"https:\/\/agora.xtec.cat\/iesjplafarreras\/docs\/projecte-educatiu-de-centre-2\/?bp-attachment=PEC_PlaFa.pdf\">\u2588<\/a><a href=\"https:\/\/agora.xtec.cat\/iesjplafarreras\/docs\/projecte-linguistic-del-centre\/?bp-attachment=PLC-INS-Joaquima-Pla-i-Farreras-06-27-2011.pdf\"> Projecte Ling\u00fc\u00edstic<\/a>: dissenyat i aprovat durant el curs 2011-2012 i t\u00e9 com a objectius:<\/p>\n<ul>\n<li style=\"list-style-type: none;\">\n<ul style=\"list-style-type: square;\">\n<li><span style=\"font-family: inherit; font-size: 1em;\">El tractament de la llengua catalana com a llengua vehicular, llengua d\u2019aprenentatge i habitual de comunicaci\u00f3 en totes les activitats del centre.<\/span><\/li>\n<li class=\"normal\">La immersi\u00f3 ling\u00fc\u00edstica dels alumnes d\u2019incorporaci\u00f3 tardana.<\/li>\n<li class=\"normal\">El tractament de la llengua castellana. La llengua castellana \u00e9s la llengua materna d\u2019una part del nostre alumnat i es garanteix el seu correcte aprenentatge a trav\u00e9s de les mat\u00e8ries impartides pel professorat del departament de llengua i literatura castellana.<\/li>\n<li class=\"normal\">El tractament de les lleng\u00fces estrangeres. La llengua anglesa i francesa s\u00f3n les primeres lleng\u00fces estrangeres tant a l&#8217;ESO com al Batxillerat. En les franges hor\u00e0ries d\u2019optativitat a l\u2019ESO s\u2019ofereixen, com a segones lleng\u00fces estrangeres, alemany i franc\u00e8s.<\/li>\n<\/ul>\n<\/li>\n<\/ul>\n<p><a href=\"https:\/\/agora.xtec.cat\/iesjplafarreras\/docs\/projecte-linguistic-del-centre\/?bp-attachment=PLC-INS-Joaquima-Pla-i-Farreras-06-27-2011.pdf\">\u2592 <\/a><a href=\"https:\/\/agora.xtec.cat\/iesjplafarreras\/docs\/nofc\/\">Normes d&#8217;Organitzaci\u00f3 i Funcionament del Centre (NOFC)<\/a>, actualitzades.<\/p>\n<p><a href=\"https:\/\/agora.xtec.cat\/iesjplafarreras\/docs\/carta-de-compromis-educatiu\/?bp-attachment=Carta-compromis-educatiu-2025-26.pdf\" target=\"_blank\" rel=\"noopener\">\u2588 <\/a><a href=\"https:\/\/agora.xtec.cat\/iesjplafarreras\/docs\/projecte-linguistic-del-centre\/?bp-attachment=PLC-INS-Joaquima-Pla-i-Farreras-06-27-2011.pdf\">\u00a0<\/a><a href=\"https:\/\/agora.xtec.cat\/iesjplafarreras\/docs\/carta-de-compromis-educatiu\/?bp-attachment=Carta-compromis-educatiu-2025-26.pdf\" target=\"_blank\" rel=\"noopener\">Carta de comprom\u00eds educatiu<\/a><\/p>\n<p><a href=\"https:\/\/agora.xtec.cat\/iesjplafarreras\/docs\/pressupost\/?bp-attachment=Dades-del-pressupost.pdf\">\u2592 <\/a><a href=\"https:\/\/agora.xtec.cat\/iesjplafarreras\/docs\/pressupost\/?bp-attachment=Dades-del-pressupost.pdf\" target=\"_blank\" rel=\"noopener\">Pressupost<\/a><\/p>\n<p><a href=\"https:\/\/agora.xtec.cat\/iesjplafarreras\/docs\/acords-del-consell-escolar\/?bp-attachment=Certificat-dacords-CE-29-setembre-2025.pdf\" target=\"_blank\" rel=\"noopener\">\u2588 Acords del Consell Escolar<\/a><\/p>\n<p><a href=\"https:\/\/agora.xtec.cat\/iesjplafarreras\/docs\/relacio-de-convenis-de-collaboracio\/?bp-attachment=Carta-relacio-convenis-de-collaboracio.pdf\" target=\"_blank\" rel=\"noopener\">\u2592 Relaci\u00f3 de convenis de col\u00b7laboraci\u00f3<\/a><\/p>\n<p>&nbsp;<\/p>\n<p><!----comment node----><!--a=1--><\/p>\n<p><!----comment node----><!--a=1--><!--a=1--><!--a=1--><\/p>\n<p><!----comment node----><!--a=1--><!--a=1--><!--a=1--><!--a=1--><\/p>\n<p><!----comment node----><!--a=1--><\/p>\n<p><!----comment node----><!--a=1--><\/p>\n<p><!----comment node----><!--a=1--><\/p>\n","protected":false},"excerpt":{"rendered":"<p>PRESENTACI\u00d3<br \/>\nL\u2019Institut Joaquima Pla i Farreras ofereix un servei educatiu p\u00fablic que respon a\u00a0 les necessitats i aspiracions de l\u2019alumnat i de les seves fam\u00edlies, impartint una formaci\u00f3 integrada de qualitat en coneixements i en valors.<\/p>\n<p>Aquesta formaci\u00f3 est\u00e0 oberta a les innovacions i requisits de la&hellip;  <a href=\"https:\/\/agora.xtec.cat\/iesjplafarreras\/linstitut\/on-som\/\" title=\"Read El nostre centre\">Llegeix m\u00e9s\u00bb<\/a><\/p>\n","protected":false},"author":1,"featured_media":0,"parent":19,"menu_order":10,"comment_status":"closed","ping_status":"closed","template":"page-templates\/side-menu.php","meta":{"_bbp_topic_count":0,"_bbp_reply_count":0,"_bbp_total_topic_count":0,"_bbp_total_reply_count":0,"_bbp_voice_count":0,"_bbp_anonymous_reply_count":0,"_bbp_topic_count_hidden":0,"_bbp_reply_count_hidden":0,"_bbp_forum_subforum_count":0,"footnotes":""},"class_list":["post-21","page","type-page","status-publish","hentry"],"post_mailing_queue_ids":[],"_links":{"self":[{"href":"https:\/\/agora.xtec.cat\/iesjplafarreras\/wp-json\/wp\/v2\/pages\/21","targetHints":{"allow":["GET"]}}],"collection":[{"href":"https:\/\/agora.xtec.cat\/iesjplafarreras\/wp-json\/wp\/v2\/pages"}],"about":[{"href":"https:\/\/agora.xtec.cat\/iesjplafarreras\/wp-json\/wp\/v2\/types\/page"}],"author":[{"embeddable":true,"href":"https:\/\/agora.xtec.cat\/iesjplafarreras\/wp-json\/wp\/v2\/users\/1"}],"replies":[{"embeddable":true,"href":"https:\/\/agora.xtec.cat\/iesjplafarreras\/wp-json\/wp\/v2\/comments?post=21"}],"version-history":[{"count":9,"href":"https:\/\/agora.xtec.cat\/iesjplafarreras\/wp-json\/wp\/v2\/pages\/21\/revisions"}],"predecessor-version":[{"id":1053,"href":"https:\/\/agora.xtec.cat\/iesjplafarreras\/wp-json\/wp\/v2\/pages\/21\/revisions\/1053"}],"up":[{"embeddable":true,"href":"https:\/\/agora.xtec.cat\/iesjplafarreras\/wp-json\/wp\/v2\/pages\/19"}],"wp:attachment":[{"href":"https:\/\/agora.xtec.cat\/iesjplafarreras\/wp-json\/wp\/v2\/media?parent=21"}],"curies":[{"name":"wp","href":"https:\/\/api.w.org\/{rel}","templated":true}]}}