{"id":9846,"date":"2025-02-24T12:06:30","date_gmt":"2025-02-24T11:06:30","guid":{"rendered":"https:\/\/agora.xtec.cat\/iesjpla\/?page_id=9846"},"modified":"2025-07-15T12:17:40","modified_gmt":"2025-07-15T10:17:40","slug":"preinscripcio-eso-25-26","status":"publish","type":"page","link":"https:\/\/agora.xtec.cat\/iesjpla\/preinscripcio-eso-25-26\/","title":{"rendered":"PREINSCRIPCI\u00d3 ESO 25-26"},"content":{"rendered":"<p><a href=\"https:\/\/agora.xtec.cat\/iesjpla\/wp-content\/uploads\/usu1249\/2025\/02\/GENE_CONSTRUIM-FUTURS_BANNER_832x468_V03_Text.jpg\"><img loading=\"lazy\" decoding=\"async\" class=\"wp-image-9844 aligncenter\" src=\"https:\/\/agora.xtec.cat\/iesjpla\/wp-content\/uploads\/usu1249\/2025\/02\/GENE_CONSTRUIM-FUTURS_BANNER_832x468_V03_Text.jpg\" alt=\"\" width=\"477\" height=\"269\" srcset=\"https:\/\/agora.xtec.cat\/iesjpla\/wp-content\/uploads\/usu1249\/2025\/02\/GENE_CONSTRUIM-FUTURS_BANNER_832x468_V03_Text.jpg 833w, https:\/\/agora.xtec.cat\/iesjpla\/wp-content\/uploads\/usu1249\/2025\/02\/GENE_CONSTRUIM-FUTURS_BANNER_832x468_V03_Text-300x169.jpg 300w, https:\/\/agora.xtec.cat\/iesjpla\/wp-content\/uploads\/usu1249\/2025\/02\/GENE_CONSTRUIM-FUTURS_BANNER_832x468_V03_Text-768x432.jpg 768w\" sizes=\"auto, (max-width: 477px) 100vw, 477px\" \/><\/a><\/p>\n<p style=\"text-align: justify;\">Aqu\u00ed trobareu tota la informaci\u00f3 rellevant sobre la preinscripci\u00f3 per l\u2019alumnat d\u2019Educaci\u00f3 Secund\u00e0ria Obligat\u00f2ria.<\/p>\n<p>Heu de tenir molt en compte que hi ha centres educatius de prim\u00e0ria\u00a0<strong>adscrits<\/strong>\u00a0a determinats centres educatius d&#8217;ESO per establir una continu\u00eftat pedag\u00f2gica en el seu alumnat. <span style=\"text-decoration: underline;\">Les sol\u00b7licituds de centres adscrits s\u00f3n un criteri preferent a l&#8217;hora d&#8217;assignar les places<\/span> i, per tant, un element fonamental per fer la tria de centres.<\/p>\n<p><strong>Publicaci\u00f3 del nombre de places escolars per centre i curs: <\/strong>11 de mar\u00e7 del 2025.<\/p>\n<p style=\"text-align: justify;\">En aquest <span style=\"text-decoration: underline;\"><em><strong><a href=\"https:\/\/agora.xtec.cat\/iesjpla\/wp-content\/uploads\/usu1249\/2025\/03\/INFORME_OFERTA_OME_INFORME_OFERTA.pdf\">enlla\u00e7<\/a><\/strong><\/em><\/span>\u00a0podeu consultar l\u2019oferta inicial de places del nostre centre.<\/p>\n<ul style=\"text-align: justify;\">\n<li><strong>Presentaci\u00f3 de sol\u00b7licituds de la preinscripci\u00f3:\u00a0<\/strong>del 14 al 26 de mar\u00e7 del 2025.<\/li>\n<\/ul>\n<p style=\"text-align: justify;\">Totes les sol\u00b7licituds que es presentin fora d\u2019aquest termini perdran qualsevol prioritat a l\u2019hora d\u2019obtenir la pla\u00e7a. Cal presentar la sol\u00b7licitud i adjuntar-hi la documentaci\u00f3 d\u2019identificaci\u00f3 o de criteris que correspongui. La presentaci\u00f3 de la documentaci\u00f3 \u00e9s fins al 28 de mar\u00e7 del 2025.<\/p>\n<ul style=\"text-align: justify;\">\n<li><strong>Publicaci\u00f3 de la llista de sol\u00b7licituds de preinscripci\u00f3 al centre amb la puntuaci\u00f3 provisional:<\/strong> 24 d\u2019abril de 2025.<\/li>\n<\/ul>\n<p style=\"text-align: justify;\">En aquesta llista hi ha les sol\u00b7licituds ordenades alfab\u00e8ticament amb la puntuaci\u00f3 que ha rebut cada sol\u00b7licitud en aplicar-hi el barem, segons les dades, els criteris de prioritat que les fam\u00edlies demanen que es tinguin en compte, i tamb\u00e9 els documents justificatius. Podreu consultar aquest <span style=\"text-decoration: underline;\"><strong><a href=\"https:\/\/agora.xtec.cat\/iesjpla\/wp-content\/uploads\/usu1249\/2025\/04\/INFORME_BAREM_PROVISIONAL_BAREM.pdf\">enlla\u00e7.<\/a><\/strong><\/span><\/p>\n<ul style=\"text-align: justify;\">\n<li><strong>Termini de reclamaci\u00f3 de la puntuaci\u00f3 provisional:<\/strong> del 24 al 29 d\u2019abril del 2025.<\/li>\n<\/ul>\n<p style=\"text-align: justify;\">Durant aquest per\u00edode, si detectes alguna errada o anomalia en el barem assignat, pots presentar una reclamaci\u00f3 (utilitzant l\u2019eina electr\u00f2nica per adjuntar reclamacions).<\/p>\n<ul style=\"text-align: justify;\">\n<li><strong>Publicaci\u00f3 de la llista de sol\u00b7licituds un cop resoltes les reclamacions:<\/strong> 5 de maig del 2025.<\/li>\n<\/ul>\n<p style=\"text-align: justify;\">Un cop resoltes totes les reclamacions presentades, el centre publica la llista de sol\u00b7licituds amb la puntuaci\u00f3 definitiva i el n\u00famero de desempat corresponent. Podreu consultar aquest <strong><span style=\"text-decoration: underline;\"><em><a href=\"https:\/\/agora.xtec.cat\/iesjpla\/wp-content\/uploads\/usu1249\/2025\/05\/INFORME_BAREM_RESOLTES_BAREM.pdf\">enlla\u00e7<\/a><\/em><\/span>.<\/strong><\/p>\n<ul style=\"text-align: justify;\">\n<li><strong>Sorteig del n\u00famero de desempat:<\/strong> 8 de maig del 2025 (a les 11\u202fh).<\/li>\n<\/ul>\n<p style=\"text-align: justify;\">Si el nombre de peticions supera el d\u2019alumnes que l\u2019escola pot acollir, cal aplicar un sistema de desempat entre les sol\u00b7licituds que tenen la mateixa puntuaci\u00f3. Per fer-ho, s\u2019obt\u00e9 un n\u00famero per sorteig a partir del qual s\u2019ordenen totes les peticions empatades en punts, tenint en compte el n\u00famero de desempat que s\u2019ha assignat a cada sol\u00b7licitud. Aquest tr\u00e0mit es far\u00e0 als serveis centrals del Departament d\u2019Educaci\u00f3 (Via Augusta, 202-226, Barcelona).<\/p>\n<ul style=\"text-align: justify;\">\n<li><strong>Publicaci\u00f3 de la llista ordenada:<\/strong> 9 de maig del 2025.<\/li>\n<\/ul>\n<p style=\"text-align: justify;\">Despr\u00e9s del sorteig, s\u2019elabora la llista de sol\u00b7licituds per a l\u2019assignaci\u00f3 de places. Per fer aquesta llista, en primer lloc, es t\u00e9 en compte les adscripcions, despr\u00e9s la puntuaci\u00f3 de criteris prioritaris, de m\u00e9s a menys, i en cas d\u2019empat primer la puntuaci\u00f3 pels criteris complementaris i despr\u00e9s el n\u00famero de desempat. Podeu consultar-la en aquest <strong><span style=\"text-decoration: underline;\"><em><a href=\"https:\/\/agora.xtec.cat\/iesjpla\/wp-content\/uploads\/usu1249\/2025\/05\/INFORME_BAREM_DEFINITIU_BAREM.pdf\">enlla\u00e7<\/a><\/em><\/span>.<\/strong><\/p>\n<ul style=\"text-align: justify;\">\n<li><strong>Per\u00edode d\u2019ampliaci\u00f3 de peticions per a les sol\u00b7licituds de preinscripci\u00f3 sense assignaci\u00f3 (assignaci\u00f3 d\u2019ofici):<\/strong><strong style=\"font-family: inherit; font-size: 1em;\">\u00a0<\/strong><span style=\"font-family: inherit; font-size: 1em;\">del 4 al 6 de juny del 2025.<\/span><\/li>\n<\/ul>\n<p style=\"text-align: justify;\">Si no s\u2019ha obtingut cap pla\u00e7a en els centres demanats i es tracta de sol\u00b7licituds per a 1r d\u2019ESO, es poden ampliar les peticions originals i demanar places en centres que en tinguin de disponibles, un cop feta la primera fase d\u2019assignaci\u00f3 de places.<\/p>\n<ul style=\"text-align: justify;\">\n<li><strong>Oferta final de places escolars:<\/strong> 16 de juny del 2025.<\/li>\n<\/ul>\n<p style=\"text-align: justify;\">Publicaci\u00f3 del nombre definitiu de places escolars per centre i curs que \u00e9s el que s\u2019utilitza per a l\u2019assignaci\u00f3 de places.<\/p>\n<ul style=\"text-align: justify;\">\n<li><strong>Publicaci\u00f3 de les llistes d\u2019alumnes admesos i, si escau, de la llista d\u2019espera:<\/strong> 16 de juny del 2025.<\/li>\n<\/ul>\n<p style=\"text-align: justify;\">Finalment, es publica la llista d\u2019alumnes admesos al centre, podeu consultar-la en aquest <span style=\"text-decoration: underline;\"><em><strong><a href=\"https:\/\/agora.xtec.cat\/iesjpla\/wp-content\/uploads\/usu1249\/2025\/06\/INFORME_ASSIGNADES_INFORME_ASSIGNADES.pdf\">enlla\u00e7<\/a><\/strong><\/em><\/span><span style=\"text-decoration: underline;\"><em><strong>.<\/strong><\/em><\/span> I tamb\u00e9 la llista d\u2019espera, podeu consultar-la en aquest <span style=\"text-decoration: underline;\"><em><strong><a href=\"https:\/\/agora.xtec.cat\/iesjpla\/wp-content\/uploads\/usu1249\/2025\/06\/INFORME_LLISTA_ESPERA_OME_LLISTA_ESPERA.pdf\">enlla\u00e7<\/a><\/strong><\/em><\/span><\/p>\n<ul style=\"text-align: justify;\">\n<li><strong>Matr\u00edcula:<\/strong> del 25 de juny al 3 de juliol del 2025.<\/li>\n<\/ul>\n<p style=\"text-align: justify;\">Un cop s\u2019ha publicat la llista final d\u2019alumnes admesos en cada centre, comen\u00e7a el per\u00edode de matriculaci\u00f3 dels preinscrits amb pla\u00e7a assignada.<\/p>\n<p style=\"text-align: justify;\">Per a informaci\u00f3 m\u00e9s detallada, podeu consultar el seg\u00fcent\u00a0<a href=\"https:\/\/preinscripcio.gencat.cat\/ca\/estudis\/eso\/informat\/calendari\/\"><strong>enlla\u00e7<\/strong><\/a>.<\/p>\n","protected":false},"excerpt":{"rendered":"<p>Aqu\u00ed trobareu tota la informaci\u00f3 rellevant sobre la preinscripci\u00f3 per l\u2019alumnat d\u2019Educaci\u00f3 Secund\u00e0ria Obligat\u00f2ria. Heu de tenir molt en compte que hi ha centres educatius de prim\u00e0ria\u00a0adscrits\u00a0a determinats centres educatius d&#8217;ESO per establir una continu\u00eftat pedag\u00f2gica en el seu alumnat. Les sol\u00b7licituds de centres adscrits s\u00f3n un criteri preferent a l&#8217;hora d&#8217;assignar les places i, [&hellip;]<\/p>\n","protected":false},"author":1,"featured_media":0,"parent":0,"menu_order":0,"comment_status":"closed","ping_status":"closed","template":"","meta":{"_bbp_topic_count":0,"_bbp_reply_count":0,"_bbp_total_topic_count":0,"_bbp_total_reply_count":0,"_bbp_voice_count":0,"_bbp_anonymous_reply_count":0,"_bbp_topic_count_hidden":0,"_bbp_reply_count_hidden":0,"_bbp_forum_subforum_count":0,"site-sidebar-layout":"default","site-content-layout":"","ast-site-content-layout":"","site-content-style":"default","site-sidebar-style":"default","ast-global-header-display":"","ast-banner-title-visibility":"","ast-main-header-display":"","ast-hfb-above-header-display":"","ast-hfb-below-header-display":"","ast-hfb-mobile-header-display":"","site-post-title":"","ast-breadcrumbs-content":"","ast-featured-img":"","footer-sml-layout":"","theme-transparent-header-meta":"","adv-header-id-meta":"","stick-header-meta":"","header-above-stick-meta":"","header-main-stick-meta":"","header-below-stick-meta":"","astra-migrate-meta-layouts":"default","ast-page-background-enabled":"default","ast-page-background-meta":{"desktop":{"background-color":"var(--ast-global-color-4)","background-image":"","background-repeat":"repeat","background-position":"center center","background-size":"auto","background-attachment":"scroll","background-type":"","background-media":"","overlay-type":"","overlay-color":"","overlay-opacity":"","overlay-gradient":""},"tablet":{"background-color":"","background-image":"","background-repeat":"repeat","background-position":"center center","background-size":"auto","background-attachment":"scroll","background-type":"","background-media":"","overlay-type":"","overlay-color":"","overlay-opacity":"","overlay-gradient":""},"mobile":{"background-color":"","background-image":"","background-repeat":"repeat","background-position":"center center","background-size":"auto","background-attachment":"scroll","background-type":"","background-media":"","overlay-type":"","overlay-color":"","overlay-opacity":"","overlay-gradient":""}},"ast-content-background-meta":{"desktop":{"background-color":"var(--ast-global-color-5)","background-image":"","background-repeat":"repeat","background-position":"center center","background-size":"auto","background-attachment":"scroll","background-type":"","background-media":"","overlay-type":"","overlay-color":"","overlay-opacity":"","overlay-gradient":""},"tablet":{"background-color":"var(--ast-global-color-5)","background-image":"","background-repeat":"repeat","background-position":"center center","background-size":"auto","background-attachment":"scroll","background-type":"","background-media":"","overlay-type":"","overlay-color":"","overlay-opacity":"","overlay-gradient":""},"mobile":{"background-color":"var(--ast-global-color-5)","background-image":"","background-repeat":"repeat","background-position":"center center","background-size":"auto","background-attachment":"scroll","background-type":"","background-media":"","overlay-type":"","overlay-color":"","overlay-opacity":"","overlay-gradient":""}},"footnotes":""},"class_list":["post-9846","page","type-page","status-publish","hentry"],"post_mailing_queue_ids":[],"_links":{"self":[{"href":"https:\/\/agora.xtec.cat\/iesjpla\/wp-json\/wp\/v2\/pages\/9846","targetHints":{"allow":["GET"]}}],"collection":[{"href":"https:\/\/agora.xtec.cat\/iesjpla\/wp-json\/wp\/v2\/pages"}],"about":[{"href":"https:\/\/agora.xtec.cat\/iesjpla\/wp-json\/wp\/v2\/types\/page"}],"author":[{"embeddable":true,"href":"https:\/\/agora.xtec.cat\/iesjpla\/wp-json\/wp\/v2\/users\/1"}],"replies":[{"embeddable":true,"href":"https:\/\/agora.xtec.cat\/iesjpla\/wp-json\/wp\/v2\/comments?post=9846"}],"version-history":[{"count":6,"href":"https:\/\/agora.xtec.cat\/iesjpla\/wp-json\/wp\/v2\/pages\/9846\/revisions"}],"predecessor-version":[{"id":10299,"href":"https:\/\/agora.xtec.cat\/iesjpla\/wp-json\/wp\/v2\/pages\/9846\/revisions\/10299"}],"wp:attachment":[{"href":"https:\/\/agora.xtec.cat\/iesjpla\/wp-json\/wp\/v2\/media?parent=9846"}],"curies":[{"name":"wp","href":"https:\/\/api.w.org\/{rel}","templated":true}]}}