{"id":944,"date":"2017-02-26T16:07:58","date_gmt":"2017-02-26T15:07:58","guid":{"rendered":"http:\/\/agora.xtec.cat\/iesjpla\/?page_id=944"},"modified":"2025-09-12T16:13:25","modified_gmt":"2025-09-12T14:13:25","slug":"biblioteca","status":"publish","type":"page","link":"https:\/\/agora.xtec.cat\/iesjpla\/projecte-educatiu\/biblioteca\/","title":{"rendered":"Biblioteca"},"content":{"rendered":"<p><span style=\"font-weight: 400;\"><a href=\"http:\/\/agora.xtec.cat\/iesjpla\/wp-content\/uploads\/usu1249\/2017\/02\/pujadobiblio_1.jpg\"><img loading=\"lazy\" decoding=\"async\" class=\"wp-image-941 aligncenter\" src=\"http:\/\/agora.xtec.cat\/iesjpla\/wp-content\/uploads\/usu1249\/2017\/02\/pujadobiblio_1-1024x575.jpg\" alt=\"pujadobiblio_1\" width=\"479\" height=\"269\" srcset=\"https:\/\/agora.xtec.cat\/iesjpla\/wp-content\/uploads\/usu1249\/2017\/02\/pujadobiblio_1-1024x575.jpg 1024w, https:\/\/agora.xtec.cat\/iesjpla\/wp-content\/uploads\/usu1249\/2017\/02\/pujadobiblio_1-300x169.jpg 300w, https:\/\/agora.xtec.cat\/iesjpla\/wp-content\/uploads\/usu1249\/2017\/02\/pujadobiblio_1-768x431.jpg 768w, https:\/\/agora.xtec.cat\/iesjpla\/wp-content\/uploads\/usu1249\/2017\/02\/pujadobiblio_1.jpg 1200w\" sizes=\"auto, (max-width: 479px) 100vw, 479px\" \/><\/a><\/span><\/p>\n<p style=\"text-align: justify;\"><span style=\"font-weight: 400;\">La biblioteca del centre \u00e9s un espai multidisciplinari ubicat a la planta baixa, adequat per a l&#8217;estudi i per al treball individual i grupal.<\/span><\/p>\n<p style=\"text-align: justify;\"><span style=\"font-weight: 400;\">Disposa d\u2019un ampli fons bibliogr\u00e0fic (m\u00e9s de 5.000 volums catalogats), compost per obres de consulta general i especialitzada; literatura universal i juvenil, treballs de recerca; v\u00eddeos, DVD i un ampli equipament inform\u00e0tic. La biblioteca, a m\u00e9s, col\u00b7labora amb els departaments did\u00e0ctics en la dinamitzaci\u00f3 d&#8217;activitats al voltant de la lectura i de la recerca. Es realitza assessorament a l&#8217;alumnat i al professorat (a partir de les activitats formatives i altres activitats).<\/span><\/p>\n<p style=\"text-align: justify;\"><span style=\"font-weight: 400;\">Els usuaris poden consultar el cat\u00e0leg per internet a trav\u00e9s del programa <strong><a href=\"https:\/\/aplicacions.gestioeducativa.gencat.cat\/epergam\/web\/biblioteca.jsp\"><span style=\"text-decoration: underline;\">eP\u00e8rgam<\/span><\/a> <\/strong>i demanar-ho en pr\u00e9stec al correu electr\u00f2nic: <strong>bibliotecapla@insjpla.cat<\/strong>. Tota la comunitat educativa pot demanar documents en pr\u00e9stec: els treballadors del centre, els estudiants i tamb\u00e9 les fam\u00edlies, que poden dur a terme aquest tr\u00e0mit a trav\u00e9s dels seus fills i filles.<\/span><\/p>\n<p style=\"text-align: justify;\"><strong>El blog:<\/strong><\/p>\n<p style=\"text-align: justify;\">Per a m\u00e9s informaci\u00f3 es pot consultar tamb\u00e9 el <a href=\"http:\/\/agora.xtec.cat\/iesjpla\/categoria\/biblioteca-jpla\/\" target=\"_blank\" rel=\"noopener noreferrer\">blog de la biblioteca<\/a> on es parla de fons, novetats, recomanacions de llibres, activitats i informaci\u00f3 que arriba al centre (principalment de les biblioteques p\u00fabliques).<\/p>\n<p style=\"text-align: justify;\"><b>Horari de la biblioteca:<\/b><\/p>\n<p style=\"text-align: justify;\"><span style=\"font-weight: 400;\">De dilluns a divendres: d&#8217;11:00 a 11:30 h (esbarjo)<\/span><\/p>\n<p style=\"text-align: justify;\"><strong>Normes b\u00e0siques:\u00a0\u00a0<\/strong><\/p>\n<p style=\"text-align: justify;\">La biblioteca \u00e9s un servei p\u00fablic obert a tota la comunitat educativa de l\u2019INS Josep Pla, en els dies i els horaris establerts. La biblioteca, en general, i les activitats que s\u2019hi organitzen, tenen un aforament limitat. El personal de la biblioteca t\u00e9 potestat per limitar l\u2019entrada en el cas que se superi aquesta capacitat.<\/p>\n<p style=\"text-align: justify;\">Aquestes s\u00f3n les normes principals pels usuaris de la biblioteca:<br \/>\n&#8211; L\u2019alumnat ha d\u2019estudiar i treballar en silenci.<br \/>\n&#8211; Cal respectar i seguir en tot moment les indicacions de la persona responsable de la biblioteca.<br \/>\n&#8211; Cal respectar el mobiliari i el material.<br \/>\n&#8211; Est\u00e0 completament prohibit menjar o beure a la biblioteca.<br \/>\n&#8211; La biblioteca no es fa responsable dels objectes personals dels usuaris. Els objectes de valor trobats a la biblioteca es portaran a consergeria.<br \/>\n&#8211; No es pot entrar a la biblioteca amb animals, excepte amb gossos d\u2019assist\u00e8ncia.<\/p>\n","protected":false},"excerpt":{"rendered":"<p>La biblioteca del centre \u00e9s un espai multidisciplinari ubicat a la planta baixa, adequat per a l&#8217;estudi i per al treball individual i grupal. Disposa d\u2019un ampli fons bibliogr\u00e0fic (m\u00e9s de 5.000 volums catalogats), compost per obres de consulta general i especialitzada; literatura universal i juvenil, treballs de recerca; v\u00eddeos, DVD i un ampli equipament [&hellip;]<\/p>\n","protected":false},"author":1,"featured_media":0,"parent":57,"menu_order":20,"comment_status":"closed","ping_status":"closed","template":"","meta":{"_bbp_topic_count":0,"_bbp_reply_count":0,"_bbp_total_topic_count":0,"_bbp_total_reply_count":0,"_bbp_voice_count":0,"_bbp_anonymous_reply_count":0,"_bbp_topic_count_hidden":0,"_bbp_reply_count_hidden":0,"_bbp_forum_subforum_count":0,"site-sidebar-layout":"default","site-content-layout":"","ast-site-content-layout":"","site-content-style":"default","site-sidebar-style":"default","ast-global-header-display":"","ast-banner-title-visibility":"","ast-main-header-display":"","ast-hfb-above-header-display":"","ast-hfb-below-header-display":"","ast-hfb-mobile-header-display":"","site-post-title":"","ast-breadcrumbs-content":"","ast-featured-img":"","footer-sml-layout":"","theme-transparent-header-meta":"","adv-header-id-meta":"","stick-header-meta":"","header-above-stick-meta":"","header-main-stick-meta":"","header-below-stick-meta":"","astra-migrate-meta-layouts":"default","ast-page-background-enabled":"default","ast-page-background-meta":{"desktop":{"background-color":"var(--ast-global-color-4)","background-image":"","background-repeat":"repeat","background-position":"center center","background-size":"auto","background-attachment":"scroll","background-type":"","background-media":"","overlay-type":"","overlay-color":"","overlay-opacity":"","overlay-gradient":""},"tablet":{"background-color":"","background-image":"","background-repeat":"repeat","background-position":"center center","background-size":"auto","background-attachment":"scroll","background-type":"","background-media":"","overlay-type":"","overlay-color":"","overlay-opacity":"","overlay-gradient":""},"mobile":{"background-color":"","background-image":"","background-repeat":"repeat","background-position":"center center","background-size":"auto","background-attachment":"scroll","background-type":"","background-media":"","overlay-type":"","overlay-color":"","overlay-opacity":"","overlay-gradient":""}},"ast-content-background-meta":{"desktop":{"background-color":"var(--ast-global-color-5)","background-image":"","background-repeat":"repeat","background-position":"center center","background-size":"auto","background-attachment":"scroll","background-type":"","background-media":"","overlay-type":"","overlay-color":"","overlay-opacity":"","overlay-gradient":""},"tablet":{"background-color":"var(--ast-global-color-5)","background-image":"","background-repeat":"repeat","background-position":"center center","background-size":"auto","background-attachment":"scroll","background-type":"","background-media":"","overlay-type":"","overlay-color":"","overlay-opacity":"","overlay-gradient":""},"mobile":{"background-color":"var(--ast-global-color-5)","background-image":"","background-repeat":"repeat","background-position":"center center","background-size":"auto","background-attachment":"scroll","background-type":"","background-media":"","overlay-type":"","overlay-color":"","overlay-opacity":"","overlay-gradient":""}},"footnotes":""},"class_list":["post-944","page","type-page","status-publish","hentry"],"post_mailing_queue_ids":[],"_links":{"self":[{"href":"https:\/\/agora.xtec.cat\/iesjpla\/wp-json\/wp\/v2\/pages\/944","targetHints":{"allow":["GET"]}}],"collection":[{"href":"https:\/\/agora.xtec.cat\/iesjpla\/wp-json\/wp\/v2\/pages"}],"about":[{"href":"https:\/\/agora.xtec.cat\/iesjpla\/wp-json\/wp\/v2\/types\/page"}],"author":[{"embeddable":true,"href":"https:\/\/agora.xtec.cat\/iesjpla\/wp-json\/wp\/v2\/users\/1"}],"replies":[{"embeddable":true,"href":"https:\/\/agora.xtec.cat\/iesjpla\/wp-json\/wp\/v2\/comments?post=944"}],"version-history":[{"count":8,"href":"https:\/\/agora.xtec.cat\/iesjpla\/wp-json\/wp\/v2\/pages\/944\/revisions"}],"predecessor-version":[{"id":10480,"href":"https:\/\/agora.xtec.cat\/iesjpla\/wp-json\/wp\/v2\/pages\/944\/revisions\/10480"}],"up":[{"embeddable":true,"href":"https:\/\/agora.xtec.cat\/iesjpla\/wp-json\/wp\/v2\/pages\/57"}],"wp:attachment":[{"href":"https:\/\/agora.xtec.cat\/iesjpla\/wp-json\/wp\/v2\/media?parent=944"}],"curies":[{"name":"wp","href":"https:\/\/api.w.org\/{rel}","templated":true}]}}