{"id":931,"date":"2017-02-25T16:54:02","date_gmt":"2017-02-25T15:54:02","guid":{"rendered":"http:\/\/agora.xtec.cat\/iesjpla\/?page_id=931"},"modified":"2026-01-19T16:53:22","modified_gmt":"2026-01-19T15:53:22","slug":"xarxa-de-competencies-basiques","status":"publish","type":"page","link":"https:\/\/agora.xtec.cat\/iesjpla\/projecte-educatiu\/xarxa-de-competencies-basiques\/","title":{"rendered":"Xarxa de Compet\u00e8ncies B\u00e0siques"},"content":{"rendered":"<p style=\"text-align: justify;\"><a href=\"http:\/\/agora.xtec.cat\/iesjpla\/wp-content\/uploads\/usu1249\/2017\/01\/Logo_color_xarxa_CB.png\"><img loading=\"lazy\" decoding=\"async\" class=\"aligncenter size-full wp-image-719\" src=\"http:\/\/agora.xtec.cat\/iesjpla\/wp-content\/uploads\/usu1249\/2017\/01\/Logo_color_xarxa_CB.png\" alt=\"logo_color_xarxa_cb\" width=\"373\" height=\"125\" srcset=\"https:\/\/agora.xtec.cat\/iesjpla\/wp-content\/uploads\/usu1249\/2017\/01\/Logo_color_xarxa_CB.png 373w, https:\/\/agora.xtec.cat\/iesjpla\/wp-content\/uploads\/usu1249\/2017\/01\/Logo_color_xarxa_CB-300x101.png 300w\" sizes=\"auto, (max-width: 373px) 100vw, 373px\" \/><\/a><\/p>\n<p style=\"text-align: justify;\">Ja fa deu anys que el centre es va unir a la Xarxa de Compet\u00e8ncies B\u00e0siques del Departament d\u2019Educaci\u00f3 i Formaci\u00f3 Professional.<\/p>\n<p style=\"text-align: justify;\">La\u00a0<a href=\"https:\/\/xtec.gencat.cat\/ca\/curriculum\/xarxa-de-competencies\/\" target=\"_blank\" rel=\"noopener\" data-saferedirecturl=\"https:\/\/www.google.com\/url?q=https:\/\/xtec.gencat.cat\/ca\/curriculum\/xarxa-de-competencies\/&amp;source=gmail&amp;ust=1701337666389000&amp;usg=AOvVaw2RZE0TAgTlDC1GZWlvfrNj\"><strong>Xarxa CB<\/strong><\/a> del Departament d\u2019Educaci\u00f3 i Formaci\u00f3 Professional est\u00e0 formada per un equip de docents que treballen per millorar la tasca professional i plantejar accions que optimitzin l&#8217;organitzaci\u00f3 i les din\u00e0miques del centre. Aquest grup de docents, anomenat grup impulsor, es reuneixen diverses vegades durant el curs per assolir els objectius que es plantegen com a reptes a l&#8217;inici de l&#8217;any escolar.<\/p>\n<p style=\"text-align: justify;\">Durant els cursos 2015-2016, 2016-2017 i 2017-2018 el centre ja va formar part de la Xarxa afrontant l&#8217;objectiu de desenvolupar la metodologia del treball per projectes. Fruit d&#8217;aquesta participaci\u00f3 es van dissenyar i implementar diversos projectes, entre ells el cr\u00e8dit de s\u00edntesi de 1r d\u2019ESO i la franja de projectes a 1r d\u2019ESO que es va implantar el curs 2019-2020.<\/p>\n<p style=\"text-align: justify;\">Al llarg dels cursos 2021-2022, 2022-2023 i 2023-2024 el tema a treballar va ser el de l\u2019avaluaci\u00f3 per compet\u00e8ncies, posant especial \u00e8mfasi en estrat\u00e8gies d\u2019autoavaluaci\u00f3 de l&#8217;alumnat i de coavaluaci\u00f3 (avaluaci\u00f3 entre iguals). Fruit d&#8217;aquest treball\u00a0s&#8217;ha dissenyat un nou butllet\u00ed informatiu sobre els resultats acad\u00e8mics de cada alumne, amb comentaris personalitzats i amb les compet\u00e8ncies avaluades i desglossades en diversos \u00edtems avaluatius.<\/p>\n<p>Actualment el grup impulsor segueix disseny noves propostes organitzatives i de treball en el marc dels objectius de millora educativa fixats pel Departament d&#8217;Educaci\u00f3 i Formaci\u00f3 Professional, i avan\u00e7ar en la inclusi\u00f3 i l&#8217;acompanyament de tot l&#8217;alumnat.<\/p>\n","protected":false},"excerpt":{"rendered":"<p>Ja fa deu anys que el centre es va unir a la Xarxa de Compet\u00e8ncies B\u00e0siques del Departament d\u2019Educaci\u00f3 i Formaci\u00f3 Professional. La\u00a0Xarxa CB del Departament d\u2019Educaci\u00f3 i Formaci\u00f3 Professional est\u00e0 formada per un equip de docents que treballen per millorar la tasca professional i plantejar accions que optimitzin l&#8217;organitzaci\u00f3 i les din\u00e0miques del centre. [&hellip;]<\/p>\n","protected":false},"author":1,"featured_media":0,"parent":57,"menu_order":70,"comment_status":"closed","ping_status":"closed","template":"","meta":{"_bbp_topic_count":0,"_bbp_reply_count":0,"_bbp_total_topic_count":0,"_bbp_total_reply_count":0,"_bbp_voice_count":0,"_bbp_anonymous_reply_count":0,"_bbp_topic_count_hidden":0,"_bbp_reply_count_hidden":0,"_bbp_forum_subforum_count":0,"site-sidebar-layout":"default","site-content-layout":"","ast-site-content-layout":"default","site-content-style":"default","site-sidebar-style":"default","ast-global-header-display":"","ast-banner-title-visibility":"","ast-main-header-display":"","ast-hfb-above-header-display":"","ast-hfb-below-header-display":"","ast-hfb-mobile-header-display":"","site-post-title":"","ast-breadcrumbs-content":"","ast-featured-img":"","footer-sml-layout":"","theme-transparent-header-meta":"default","adv-header-id-meta":"","stick-header-meta":"","header-above-stick-meta":"","header-main-stick-meta":"","header-below-stick-meta":"","astra-migrate-meta-layouts":"set","ast-page-background-enabled":"default","ast-page-background-meta":{"desktop":{"background-color":"var(--ast-global-color-4)","background-image":"","background-repeat":"repeat","background-position":"center center","background-size":"auto","background-attachment":"scroll","background-type":"","background-media":"","overlay-type":"","overlay-color":"","overlay-opacity":"","overlay-gradient":""},"tablet":{"background-color":"","background-image":"","background-repeat":"repeat","background-position":"center center","background-size":"auto","background-attachment":"scroll","background-type":"","background-media":"","overlay-type":"","overlay-color":"","overlay-opacity":"","overlay-gradient":""},"mobile":{"background-color":"","background-image":"","background-repeat":"repeat","background-position":"center center","background-size":"auto","background-attachment":"scroll","background-type":"","background-media":"","overlay-type":"","overlay-color":"","overlay-opacity":"","overlay-gradient":""}},"ast-content-background-meta":{"desktop":{"background-color":"var(--ast-global-color-5)","background-image":"","background-repeat":"repeat","background-position":"center center","background-size":"auto","background-attachment":"scroll","background-type":"","background-media":"","overlay-type":"","overlay-color":"","overlay-opacity":"","overlay-gradient":""},"tablet":{"background-color":"var(--ast-global-color-5)","background-image":"","background-repeat":"repeat","background-position":"center center","background-size":"auto","background-attachment":"scroll","background-type":"","background-media":"","overlay-type":"","overlay-color":"","overlay-opacity":"","overlay-gradient":""},"mobile":{"background-color":"var(--ast-global-color-5)","background-image":"","background-repeat":"repeat","background-position":"center center","background-size":"auto","background-attachment":"scroll","background-type":"","background-media":"","overlay-type":"","overlay-color":"","overlay-opacity":"","overlay-gradient":""}},"footnotes":""},"class_list":["post-931","page","type-page","status-publish","hentry"],"post_mailing_queue_ids":[],"_links":{"self":[{"href":"https:\/\/agora.xtec.cat\/iesjpla\/wp-json\/wp\/v2\/pages\/931","targetHints":{"allow":["GET"]}}],"collection":[{"href":"https:\/\/agora.xtec.cat\/iesjpla\/wp-json\/wp\/v2\/pages"}],"about":[{"href":"https:\/\/agora.xtec.cat\/iesjpla\/wp-json\/wp\/v2\/types\/page"}],"author":[{"embeddable":true,"href":"https:\/\/agora.xtec.cat\/iesjpla\/wp-json\/wp\/v2\/users\/1"}],"replies":[{"embeddable":true,"href":"https:\/\/agora.xtec.cat\/iesjpla\/wp-json\/wp\/v2\/comments?post=931"}],"version-history":[{"count":6,"href":"https:\/\/agora.xtec.cat\/iesjpla\/wp-json\/wp\/v2\/pages\/931\/revisions"}],"predecessor-version":[{"id":10887,"href":"https:\/\/agora.xtec.cat\/iesjpla\/wp-json\/wp\/v2\/pages\/931\/revisions\/10887"}],"up":[{"embeddable":true,"href":"https:\/\/agora.xtec.cat\/iesjpla\/wp-json\/wp\/v2\/pages\/57"}],"wp:attachment":[{"href":"https:\/\/agora.xtec.cat\/iesjpla\/wp-json\/wp\/v2\/media?parent=931"}],"curies":[{"name":"wp","href":"https:\/\/api.w.org\/{rel}","templated":true}]}}