{"id":9020,"date":"2024-04-17T10:31:20","date_gmt":"2024-04-17T08:31:20","guid":{"rendered":"https:\/\/agora.xtec.cat\/iesjpla\/?page_id=9020"},"modified":"2024-06-20T09:19:54","modified_gmt":"2024-06-20T07:19:54","slug":"preinscripcio-batxillerat","status":"publish","type":"page","link":"https:\/\/agora.xtec.cat\/iesjpla\/preinscripcio-batxillerat\/","title":{"rendered":"PREINSCRIPCI\u00d3 BATXILLERAT"},"content":{"rendered":"<p><a href=\"https:\/\/agora.xtec.cat\/iesjpla\/wp-content\/uploads\/usu1249\/2024\/04\/Captura-2.png\"><img loading=\"lazy\" decoding=\"async\" class=\"wp-image-9026 aligncenter\" src=\"https:\/\/agora.xtec.cat\/iesjpla\/wp-content\/uploads\/usu1249\/2024\/04\/Captura-2-1024x468.png\" alt=\"\" width=\"517\" height=\"236\" srcset=\"https:\/\/agora.xtec.cat\/iesjpla\/wp-content\/uploads\/usu1249\/2024\/04\/Captura-2-1024x468.png 1024w, https:\/\/agora.xtec.cat\/iesjpla\/wp-content\/uploads\/usu1249\/2024\/04\/Captura-2-300x137.png 300w, https:\/\/agora.xtec.cat\/iesjpla\/wp-content\/uploads\/usu1249\/2024\/04\/Captura-2-768x351.png 768w, https:\/\/agora.xtec.cat\/iesjpla\/wp-content\/uploads\/usu1249\/2024\/04\/Captura-2.png 1327w\" sizes=\"auto, (max-width: 517px) 100vw, 517px\" \/><\/a><\/p>\n<p>Per accedir a qualsevol modalitat del batxillerat, aquestes s\u00f3n les dates rellevants de preinscripci\u00f3:<\/p>\n<ul>\n<li style=\"text-align: justify;\"><strong>Publicaci\u00f3 de l\u2019oferta inicial:<\/strong> 16 d\u2019abril de 2024.<\/li>\n<\/ul>\n<p>Avui s&#8217;ha fet p\u00fablica l&#8217;oferta inicial del nombre de places per centre i curs. Podeu consultar la del nostre centre <a href=\"https:\/\/agora.xtec.cat\/iesjpla\/wp-content\/uploads\/usu1249\/2024\/04\/INFORME_OFERTA_OME_INFORME_OFERTA-1.pdf\"><strong>aqu\u00ed<\/strong><\/a>.<\/p>\n<ul style=\"text-align: justify;\">\n<li style=\"text-align: justify;\"><strong>Per\u00edode de presentaci\u00f3 de sol\u00b7licituds: <\/strong>del 18 al 25 d\u2019abril de 2024, ambd\u00f3s inclosos.<\/li>\n<\/ul>\n<p style=\"text-align: justify;\">\u00c9s molt important respectar les dates de presentaci\u00f3, perqu\u00e8 per a aquests ensenyaments no s&#8217;accepten sol\u00b7licituds fora de termini.<\/p>\n<ul style=\"text-align: justify;\">\n<li style=\"text-align: justify;\"><strong>Presentaci\u00f3 de documentaci\u00f3:<\/strong> fins al 26 d&#8217;abril de 2024.<\/li>\n<\/ul>\n<p style=\"text-align: justify;\">Fins aquest dia es pot presentar la documentaci\u00f3 acreditativa que no s&#8217;hagi pogut adjuntar durant el per\u00edode de presentaci\u00f3 de sol\u00b7licituds.<\/p>\n<ul style=\"text-align: justify;\">\n<li style=\"text-align: justify;\"><strong>Llista de sol\u00b7licituds amb la puntuaci\u00f3 provisional: <\/strong>17 de maig del 2024.<\/li>\n<\/ul>\n<p>En aquesta llista hi ha les sol\u00b7licituds ordenades alfab\u00e8ticament amb la puntuaci\u00f3 que ha rebut cada sol\u00b7licitud en aplicar-hi el barem. Podeu consultar la del nostre centre <strong><a href=\"https:\/\/agora.xtec.cat\/iesjpla\/wp-content\/uploads\/usu1249\/2024\/05\/INFORME_BAREM_PROVISIONAL_BAREM.pdf\">aqu\u00ed<\/a>.<\/strong><\/p>\n<ul style=\"text-align: justify;\">\n<li style=\"text-align: justify;\"><strong>Presentaci\u00f3 de reclamacions: <\/strong>del 17 al 23 de maig de 2024.<\/li>\n<\/ul>\n<p style=\"text-align: justify;\">Per\u00edode en qu\u00e8 es recullen les reclamacions que les fam\u00edlies puguin presentar, si \u00e9s que es detecta alguna errada o anomalia en la puntuaci\u00f3 assignada.<\/p>\n<ul style=\"text-align: justify;\">\n<li style=\"text-align: justify;\"><strong>Llista de sol\u00b7licituds amb la puntuaci\u00f3 un cop resoltes les reclamacions: <\/strong>29 de maig de 2024.<\/li>\n<\/ul>\n<p style=\"text-align: justify;\">Un cop resoltes totes les reclamacions presentades, el centre publica la llista de sol\u00b7licituds amb la puntuaci\u00f3 corresponent i el n\u00famero de desempat. Podeu consultar la del nostre centre <strong><a href=\"https:\/\/agora.xtec.cat\/iesjpla\/wp-content\/uploads\/usu1249\/2024\/05\/INFORME_BAREM_RESOLTES_BAREM.pdf\">aqu\u00ed<\/a><\/strong><strong>.<\/strong><\/p>\n<ul style=\"text-align: justify;\">\n<li style=\"text-align: justify;\"><strong>Sorteig per resoldre les sol\u00b7licituds de preinscripci\u00f3 empatades en punts: <\/strong>29 de maig de 2024.<\/li>\n<\/ul>\n<p style=\"text-align: justify;\">Si el nombre de peticions supera el d&#8217;alumnes que l&#8217;institut pot acollir, cal aplicar un sistema de desempat entre les sol\u00b7licituds amb la mateixa puntuaci\u00f3. Per fer-ho, s&#8217;obt\u00e9 un n\u00famero per sorteig a partir del qual s&#8217;ordenen totes les peticions empatades en punts, tenint en compte el n\u00famero de desempat que s&#8217;ha assignat a cada sol\u00b7licitud. El sorteig tindr\u00e0 lloc a les 11 hores, als serveis centrals del Departament d&#8217;Educaci\u00f3 (Via Augusta, 202-226, Barcelona).<\/p>\n<ul style=\"text-align: justify;\">\n<li style=\"text-align: justify;\"><strong>Llista ordenada: <\/strong>3 de juny de 2024.<\/li>\n<\/ul>\n<p style=\"text-align: justify;\">En aquest cas, la llista ja no s&#8217;ordena alfab\u00e8ticament, sin\u00f3 tenint en compte la puntuaci\u00f3 de cada sol\u00b7licitud, de m\u00e9s a menys. Podeu consultar la del nostre centre <a href=\"https:\/\/agora.xtec.cat\/iesjpla\/wp-content\/uploads\/usu1249\/2024\/06\/INFORME_BAREM_DEFINITIU_BAREM.pdf\">aqu\u00ed<\/a><\/p>\n<ul style=\"text-align: justify;\">\n<li style=\"text-align: justify;\"><strong>Oferta final de places escolars: <\/strong>20 de juny de 2024.<\/li>\n<\/ul>\n<p style=\"text-align: justify;\">Publicaci\u00f3 del nombre de places educatives per centre i curs.<\/p>\n<p><a href=\"https:\/\/agora.xtec.cat\/iesjpla\/wp-content\/uploads\/usu1249\/2024\/06\/INFORME_OFERTA_OME_INFORME_OFERTA.pdf\">INFORME_OFERTA_OME_INFORME_OFERTA<\/a><\/p>\n<ul style=\"text-align: justify;\">\n<li style=\"text-align: justify;\"><strong>Llista d\u2019alumnes admesos i llista d\u2019espera: <\/strong>20 de juny de 2024.<\/li>\n<\/ul>\n<p style=\"text-align: justify;\">El mateix dia, es fa la publicaci\u00f3 de la llista d&#8217;alumnes admesos al centre i de la llista d&#8217;espera.<\/p>\n<p><a href=\"https:\/\/agora.xtec.cat\/iesjpla\/wp-content\/uploads\/usu1249\/2024\/06\/INFORME_ASSIGNADES_INFORME_ASSIGNADES-1.pdf\">INFORME_ASSIGNADES_INFORME_ASSIGNADES<\/a><\/p>\n<p><a href=\"https:\/\/agora.xtec.cat\/iesjpla\/wp-content\/uploads\/usu1249\/2024\/06\/INFORME_PREINSCRITES_OME_INFORME_PREINSCRITES_OME-1.pdf\">INFORME_PREINSCRITES_OME_INFORME_PREINSCRITES_OME<\/a><\/p>\n<ul>\n<li style=\"text-align: justify;\"><strong>Matr\u00edcula:<\/strong>\u00a0del 21 de juny a l\u20191 de juliol de 2024.<\/li>\n<\/ul>\n<p>Un cop s&#8217;ha publicat la llista final d&#8217;alumnes admesos en cada centre, comen\u00e7a el per\u00edode de matriculaci\u00f3 dels preinscrits amb pla\u00e7a assignada.<\/p>\n<p>Per a informaci\u00f3 m\u00e9s detallada, podeu consultar aquest<a href=\"https:\/\/preinscripcio.gencat.cat\/ca\/estudis\/batxillerat\/inici\/\"><strong> enlla\u00e7<\/strong><\/a>\u00a0i aquest <a href=\"https:\/\/preinscripcio.gencat.cat\/ca\/estudis\/batxillerat\/informat\/calendari\/\"><strong>calendari<\/strong><\/a>.<\/p>\n","protected":false},"excerpt":{"rendered":"<p>Per accedir a qualsevol modalitat del batxillerat, aquestes s\u00f3n les dates rellevants de preinscripci\u00f3: Publicaci\u00f3 de l\u2019oferta inicial: 16 d\u2019abril de 2024. Avui s&#8217;ha fet p\u00fablica l&#8217;oferta inicial del nombre de places per centre i curs. Podeu consultar la del nostre centre aqu\u00ed. Per\u00edode de presentaci\u00f3 de sol\u00b7licituds: del 18 al 25 d\u2019abril de 2024, [&hellip;]<\/p>\n","protected":false},"author":1,"featured_media":0,"parent":0,"menu_order":0,"comment_status":"closed","ping_status":"closed","template":"","meta":{"_bbp_topic_count":0,"_bbp_reply_count":0,"_bbp_total_topic_count":0,"_bbp_total_reply_count":0,"_bbp_voice_count":0,"_bbp_anonymous_reply_count":0,"_bbp_topic_count_hidden":0,"_bbp_reply_count_hidden":0,"_bbp_forum_subforum_count":0,"site-sidebar-layout":"default","site-content-layout":"","ast-site-content-layout":"","site-content-style":"default","site-sidebar-style":"default","ast-global-header-display":"","ast-banner-title-visibility":"","ast-main-header-display":"","ast-hfb-above-header-display":"","ast-hfb-below-header-display":"","ast-hfb-mobile-header-display":"","site-post-title":"","ast-breadcrumbs-content":"","ast-featured-img":"","footer-sml-layout":"","theme-transparent-header-meta":"","adv-header-id-meta":"","stick-header-meta":"","header-above-stick-meta":"","header-main-stick-meta":"","header-below-stick-meta":"","astra-migrate-meta-layouts":"default","ast-page-background-enabled":"default","ast-page-background-meta":{"desktop":{"background-color":"var(--ast-global-color-4)","background-image":"","background-repeat":"repeat","background-position":"center center","background-size":"auto","background-attachment":"scroll","background-type":"","background-media":"","overlay-type":"","overlay-color":"","overlay-opacity":"","overlay-gradient":""},"tablet":{"background-color":"","background-image":"","background-repeat":"repeat","background-position":"center center","background-size":"auto","background-attachment":"scroll","background-type":"","background-media":"","overlay-type":"","overlay-color":"","overlay-opacity":"","overlay-gradient":""},"mobile":{"background-color":"","background-image":"","background-repeat":"repeat","background-position":"center center","background-size":"auto","background-attachment":"scroll","background-type":"","background-media":"","overlay-type":"","overlay-color":"","overlay-opacity":"","overlay-gradient":""}},"ast-content-background-meta":{"desktop":{"background-color":"var(--ast-global-color-5)","background-image":"","background-repeat":"repeat","background-position":"center center","background-size":"auto","background-attachment":"scroll","background-type":"","background-media":"","overlay-type":"","overlay-color":"","overlay-opacity":"","overlay-gradient":""},"tablet":{"background-color":"var(--ast-global-color-5)","background-image":"","background-repeat":"repeat","background-position":"center center","background-size":"auto","background-attachment":"scroll","background-type":"","background-media":"","overlay-type":"","overlay-color":"","overlay-opacity":"","overlay-gradient":""},"mobile":{"background-color":"var(--ast-global-color-5)","background-image":"","background-repeat":"repeat","background-position":"center center","background-size":"auto","background-attachment":"scroll","background-type":"","background-media":"","overlay-type":"","overlay-color":"","overlay-opacity":"","overlay-gradient":""}},"footnotes":""},"class_list":["post-9020","page","type-page","status-publish","hentry"],"post_mailing_queue_ids":[],"_links":{"self":[{"href":"https:\/\/agora.xtec.cat\/iesjpla\/wp-json\/wp\/v2\/pages\/9020","targetHints":{"allow":["GET"]}}],"collection":[{"href":"https:\/\/agora.xtec.cat\/iesjpla\/wp-json\/wp\/v2\/pages"}],"about":[{"href":"https:\/\/agora.xtec.cat\/iesjpla\/wp-json\/wp\/v2\/types\/page"}],"author":[{"embeddable":true,"href":"https:\/\/agora.xtec.cat\/iesjpla\/wp-json\/wp\/v2\/users\/1"}],"replies":[{"embeddable":true,"href":"https:\/\/agora.xtec.cat\/iesjpla\/wp-json\/wp\/v2\/comments?post=9020"}],"version-history":[{"count":6,"href":"https:\/\/agora.xtec.cat\/iesjpla\/wp-json\/wp\/v2\/pages\/9020\/revisions"}],"predecessor-version":[{"id":9329,"href":"https:\/\/agora.xtec.cat\/iesjpla\/wp-json\/wp\/v2\/pages\/9020\/revisions\/9329"}],"wp:attachment":[{"href":"https:\/\/agora.xtec.cat\/iesjpla\/wp-json\/wp\/v2\/media?parent=9020"}],"curies":[{"name":"wp","href":"https:\/\/api.w.org\/{rel}","templated":true}]}}