{"id":891,"date":"2017-02-25T11:29:43","date_gmt":"2017-02-25T10:29:43","guid":{"rendered":"http:\/\/agora.xtec.cat\/iesjpla\/?page_id=891"},"modified":"2023-11-30T08:46:05","modified_gmt":"2023-11-30T07:46:05","slug":"atencio-a-la-diversitat","status":"publish","type":"page","link":"https:\/\/agora.xtec.cat\/iesjpla\/projecte-educatiu\/atencio-a-la-diversitat\/","title":{"rendered":"Atenci\u00f3 a la diversitat"},"content":{"rendered":"<p style=\"text-align: justify;\"><a href=\"http:\/\/agora.xtec.cat\/iesjpla\/wp-content\/uploads\/usu1249\/2017\/02\/teixim-la-diversitat.jpg\"><img loading=\"lazy\" decoding=\"async\" class=\" wp-image-892 aligncenter\" src=\"http:\/\/agora.xtec.cat\/iesjpla\/wp-content\/uploads\/usu1249\/2017\/02\/teixim-la-diversitat.jpg\" alt=\"teixim-la-diversitat\" width=\"593\" height=\"156\" srcset=\"https:\/\/agora.xtec.cat\/iesjpla\/wp-content\/uploads\/usu1249\/2017\/02\/teixim-la-diversitat.jpg 760w, https:\/\/agora.xtec.cat\/iesjpla\/wp-content\/uploads\/usu1249\/2017\/02\/teixim-la-diversitat-300x79.jpg 300w\" sizes=\"auto, (max-width: 593px) 100vw, 593px\" \/><\/a><\/p>\n<p style=\"text-align: justify;\">L&#8217;atenci\u00f3 a les necessitats educatives de tots els alumnes es plantegen des de la perspectiva global del centre, ja que s\u00f3n el resultat consensuat de les decisions i actuacions dels equips docents i dels departaments did\u00e0ctics. \u00a0A m\u00e9s de les mesures organitzatives, es contemplen, quan \u00e9s necessari, adaptacions de curr\u00edculum, estrat\u00e8gies did\u00e0ctiques i metodol\u00f2giques i criteris d&#8217;avaluaci\u00f3 diferenciats per a l&#8217;alumnat amb necessitats educatives especials i espec\u00edfiques.<\/p>\n<p style=\"text-align: justify;\">La Comissi\u00f3 d\u2019Atenci\u00f3 a la Diversitat (CAD) \u00e9s l\u2019\u00f2rgan catalitzador de totes aquestes mesures; les planifica, les promou i en fa el seguiment.<\/p>\n<p style=\"text-align: center;\"><a href=\"https:\/\/agora.xtec.cat\/iesjpla\/wp-content\/uploads\/usu1249\/2022\/01\/Captura-de-pantalla-2022-01-21-a-les-19.10.50.png\"><img loading=\"lazy\" decoding=\"async\" class=\"alignnone wp-image-6885\" src=\"https:\/\/agora.xtec.cat\/iesjpla\/wp-content\/uploads\/usu1249\/2022\/01\/Captura-de-pantalla-2022-01-21-a-les-19.10.50-825x1024.png\" alt=\"\" width=\"688\" height=\"854\" srcset=\"https:\/\/agora.xtec.cat\/iesjpla\/wp-content\/uploads\/usu1249\/2022\/01\/Captura-de-pantalla-2022-01-21-a-les-19.10.50-825x1024.png 825w, https:\/\/agora.xtec.cat\/iesjpla\/wp-content\/uploads\/usu1249\/2022\/01\/Captura-de-pantalla-2022-01-21-a-les-19.10.50-242x300.png 242w, https:\/\/agora.xtec.cat\/iesjpla\/wp-content\/uploads\/usu1249\/2022\/01\/Captura-de-pantalla-2022-01-21-a-les-19.10.50-768x954.png 768w, https:\/\/agora.xtec.cat\/iesjpla\/wp-content\/uploads\/usu1249\/2022\/01\/Captura-de-pantalla-2022-01-21-a-les-19.10.50.png 1076w\" sizes=\"auto, (max-width: 688px) 100vw, 688px\" \/><\/a><\/p>\n","protected":false},"excerpt":{"rendered":"<p>L&#8217;atenci\u00f3 a les necessitats educatives de tots els alumnes es plantegen des de la perspectiva global del centre, ja que s\u00f3n el resultat consensuat de les decisions i actuacions dels equips docents i dels departaments did\u00e0ctics. \u00a0A m\u00e9s de les mesures organitzatives, es contemplen, quan \u00e9s necessari, adaptacions de curr\u00edculum, estrat\u00e8gies did\u00e0ctiques i metodol\u00f2giques i [&hellip;]<\/p>\n","protected":false},"author":1,"featured_media":0,"parent":57,"menu_order":60,"comment_status":"closed","ping_status":"closed","template":"","meta":{"_bbp_topic_count":0,"_bbp_reply_count":0,"_bbp_total_topic_count":0,"_bbp_total_reply_count":0,"_bbp_voice_count":0,"_bbp_anonymous_reply_count":0,"_bbp_topic_count_hidden":0,"_bbp_reply_count_hidden":0,"_bbp_forum_subforum_count":0,"site-sidebar-layout":"default","site-content-layout":"","ast-site-content-layout":"","site-content-style":"default","site-sidebar-style":"default","ast-global-header-display":"","ast-banner-title-visibility":"","ast-main-header-display":"","ast-hfb-above-header-display":"","ast-hfb-below-header-display":"","ast-hfb-mobile-header-display":"","site-post-title":"","ast-breadcrumbs-content":"","ast-featured-img":"","footer-sml-layout":"","theme-transparent-header-meta":"","adv-header-id-meta":"","stick-header-meta":"","header-above-stick-meta":"","header-main-stick-meta":"","header-below-stick-meta":"","astra-migrate-meta-layouts":"default","ast-page-background-enabled":"default","ast-page-background-meta":{"desktop":{"background-color":"var(--ast-global-color-4)","background-image":"","background-repeat":"repeat","background-position":"center center","background-size":"auto","background-attachment":"scroll","background-type":"","background-media":"","overlay-type":"","overlay-color":"","overlay-opacity":"","overlay-gradient":""},"tablet":{"background-color":"","background-image":"","background-repeat":"repeat","background-position":"center center","background-size":"auto","background-attachment":"scroll","background-type":"","background-media":"","overlay-type":"","overlay-color":"","overlay-opacity":"","overlay-gradient":""},"mobile":{"background-color":"","background-image":"","background-repeat":"repeat","background-position":"center center","background-size":"auto","background-attachment":"scroll","background-type":"","background-media":"","overlay-type":"","overlay-color":"","overlay-opacity":"","overlay-gradient":""}},"ast-content-background-meta":{"desktop":{"background-color":"var(--ast-global-color-5)","background-image":"","background-repeat":"repeat","background-position":"center center","background-size":"auto","background-attachment":"scroll","background-type":"","background-media":"","overlay-type":"","overlay-color":"","overlay-opacity":"","overlay-gradient":""},"tablet":{"background-color":"var(--ast-global-color-5)","background-image":"","background-repeat":"repeat","background-position":"center center","background-size":"auto","background-attachment":"scroll","background-type":"","background-media":"","overlay-type":"","overlay-color":"","overlay-opacity":"","overlay-gradient":""},"mobile":{"background-color":"var(--ast-global-color-5)","background-image":"","background-repeat":"repeat","background-position":"center center","background-size":"auto","background-attachment":"scroll","background-type":"","background-media":"","overlay-type":"","overlay-color":"","overlay-opacity":"","overlay-gradient":""}},"footnotes":""},"class_list":["post-891","page","type-page","status-publish","hentry"],"post_mailing_queue_ids":[],"_links":{"self":[{"href":"https:\/\/agora.xtec.cat\/iesjpla\/wp-json\/wp\/v2\/pages\/891","targetHints":{"allow":["GET"]}}],"collection":[{"href":"https:\/\/agora.xtec.cat\/iesjpla\/wp-json\/wp\/v2\/pages"}],"about":[{"href":"https:\/\/agora.xtec.cat\/iesjpla\/wp-json\/wp\/v2\/types\/page"}],"author":[{"embeddable":true,"href":"https:\/\/agora.xtec.cat\/iesjpla\/wp-json\/wp\/v2\/users\/1"}],"replies":[{"embeddable":true,"href":"https:\/\/agora.xtec.cat\/iesjpla\/wp-json\/wp\/v2\/comments?post=891"}],"version-history":[{"count":4,"href":"https:\/\/agora.xtec.cat\/iesjpla\/wp-json\/wp\/v2\/pages\/891\/revisions"}],"predecessor-version":[{"id":8460,"href":"https:\/\/agora.xtec.cat\/iesjpla\/wp-json\/wp\/v2\/pages\/891\/revisions\/8460"}],"up":[{"embeddable":true,"href":"https:\/\/agora.xtec.cat\/iesjpla\/wp-json\/wp\/v2\/pages\/57"}],"wp:attachment":[{"href":"https:\/\/agora.xtec.cat\/iesjpla\/wp-json\/wp\/v2\/media?parent=891"}],"curies":[{"name":"wp","href":"https:\/\/api.w.org\/{rel}","templated":true}]}}