{"id":8835,"date":"2024-03-06T13:24:26","date_gmt":"2024-03-06T12:24:26","guid":{"rendered":"https:\/\/agora.xtec.cat\/iesjpla\/?page_id=8835"},"modified":"2024-06-10T10:43:26","modified_gmt":"2024-06-10T08:43:26","slug":"preinscripcio-eso","status":"publish","type":"page","link":"https:\/\/agora.xtec.cat\/iesjpla\/preinscripcio-eso\/","title":{"rendered":"PREINSCRIPCI\u00d3 ESO"},"content":{"rendered":"<p><a href=\"https:\/\/agora.xtec.cat\/iesjpla\/wp-content\/uploads\/usu1249\/2024\/03\/744x250-100_1-2.jpg\"><img loading=\"lazy\" decoding=\"async\" class=\"size-full wp-image-8848 aligncenter\" src=\"https:\/\/agora.xtec.cat\/iesjpla\/wp-content\/uploads\/usu1249\/2024\/03\/744x250-100_1-2.jpg\" alt=\"\" width=\"744\" height=\"251\" srcset=\"https:\/\/agora.xtec.cat\/iesjpla\/wp-content\/uploads\/usu1249\/2024\/03\/744x250-100_1-2.jpg 744w, https:\/\/agora.xtec.cat\/iesjpla\/wp-content\/uploads\/usu1249\/2024\/03\/744x250-100_1-2-300x101.jpg 300w\" sizes=\"auto, (max-width: 744px) 100vw, 744px\" \/><\/a><\/p>\n<p style=\"text-align: justify;\">Aqu\u00ed trobareu tota la informaci\u00f3 rellevant sobre la preinscripci\u00f3 per l&#8217;alumnat d&#8217;Educaci\u00f3 Secund\u00e0ria Obligat\u00f2ria.<\/p>\n<ul style=\"text-align: justify;\">\n<li><strong>Publicaci\u00f3 del\u00a0nombre de places escolars per centre i curs:\u00a0<\/strong>5 de mar\u00e7 de 2024.<\/li>\n<\/ul>\n<p style=\"text-align: justify;\">Ja s&#8217;ha fet p\u00fablica l&#8217;oferta inicial de places del nostre centre. Podeu consultar aquest <a style=\"font-family: inherit; font-size: 1em;\" href=\"https:\/\/agora.xtec.cat\/iesjpla\/wp-content\/uploads\/usu1249\/2020\/06\/INFORME_OFERTA_OME_INFORME_OFERTA-INICIAL.pdf\"><span style=\"text-decoration: underline;\"><strong>enlla\u00e7<\/strong><\/span><\/a><span style=\"font-family: inherit; font-size: 1em;\">.<\/span><\/p>\n<ul style=\"text-align: justify;\">\n<li><strong>Presentaci\u00f3 de sol\u00b7licituds de la preinscripci\u00f3: <\/strong>del 8 al 20 de mar\u00e7 de 2024.<\/li>\n<\/ul>\n<p style=\"text-align: justify;\">Totes les sol\u00b7licituds que es presentin fora d&#8217;aquest termini perdran qualsevol prioritat a l&#8217;hora d&#8217;obtenir la pla\u00e7a. Cal presentar la sol\u00b7licitud i adjuntar-hi la documentaci\u00f3 d&#8217;identificaci\u00f3 o de criteris que correspongui.<\/p>\n<ul style=\"text-align: justify;\">\n<li><strong>Publicaci\u00f3 de la llista de sol\u00b7licituds de preinscripci\u00f3 al centre amb la puntuaci\u00f3 provisional:<\/strong> 17 d\u2019abril de 2024.<\/li>\n<\/ul>\n<p style=\"text-align: justify;\">En aquesta llista hi ha les sol\u00b7licituds ordenades alfab\u00e8ticament amb la puntuaci\u00f3 que ha rebut cada sol\u00b7licitud en aplicar-hi el barem, segons les dades, els criteris de prioritat que les fam\u00edlies demanen que es tinguin en compte, i tamb\u00e9 els documents justificatius. Podeu consultar aquest <a href=\"https:\/\/agora.xtec.cat\/iesjpla\/wp-content\/uploads\/usu1249\/2024\/04\/INFORME_BAREM_PROVISIONAL_BAREM-5.pdf\"><span style=\"text-decoration: underline;\"><strong>enlla\u00e7<\/strong><\/span><\/a><\/p>\n<ul style=\"text-align: justify;\">\n<li><strong>Termini de reclamaci\u00f3 de la puntuaci\u00f3 provisional:<\/strong>\u00a0del 17 al 22 d\u2019abril de 2024.<\/li>\n<\/ul>\n<p style=\"text-align: justify;\">Durant aquest per\u00edode, si detectes alguna errada o anomalia en el barem assignat, pots presentar una reclamaci\u00f3 (utilitzant l\u2019eina electr\u00f2nica per adjuntar reclamacions).<\/p>\n<ul style=\"text-align: justify;\">\n<li><strong>Publicaci\u00f3 de la llista de sol\u00b7licituds un cop resoltes les reclamacions:<\/strong> 25 d\u2019abril de 2024.<\/li>\n<\/ul>\n<p style=\"text-align: justify;\">Un cop resoltes totes les reclamacions presentades, el centre publica la llista de sol\u00b7licituds amb la puntuaci\u00f3 definitiva i el n\u00famero de desempat corresponent. Podeu consultar aquest <span style=\"text-decoration: underline;\"><strong><a href=\"https:\/\/agora.xtec.cat\/iesjpla\/wp-content\/uploads\/usu1249\/2024\/04\/INFORME_BAREM_RESOLTES_BAREM-1.pdf\">enlla\u00e7<\/a><\/strong><\/span><\/p>\n<ul style=\"text-align: justify;\">\n<li><strong>Sorteig del n\u00famero de desempat:<\/strong> 30 d\u2019abril de 2024 (a les 11\u202fh).<\/li>\n<\/ul>\n<p style=\"text-align: justify;\">Si el nombre de peticions supera el d&#8217;alumnes que l&#8217;escola pot acollir, cal aplicar un sistema de desempat entre les sol\u00b7licituds que tenen la mateixa puntuaci\u00f3. Per fer-ho, s&#8217;obt\u00e9 un n\u00famero per sorteig a partir del qual s&#8217;ordenen totes les peticions empatades en punts, tenint en compte el n\u00famero de desempat que s&#8217;ha assignat a cada sol\u00b7licitud. Aquest tr\u00e0mit es far\u00e0 als serveis centrals del Departament d\u2019Educaci\u00f3 (Via Augusta, 202-226, Barcelona).<\/p>\n<ul style=\"text-align: justify;\">\n<li><strong>Publicaci\u00f3 de la llista ordenada:<\/strong>\u00a02 de maig de 2024.<\/li>\n<\/ul>\n<p style=\"text-align: justify;\">Despr\u00e9s del sorteig, s&#8217;elabora la llista de sol\u00b7licituds per a l&#8217;assignaci\u00f3 de places. Per fer aquesta llista, en primer lloc, es t\u00e9 en compte les adscripcions, despr\u00e9s la puntuaci\u00f3 de criteris prioritaris, de m\u00e9s a menys, i en cas d&#8217;empat primer la puntuaci\u00f3 pels criteris complementaris i despr\u00e9s el n\u00famero de desempat. Podeu consultar-la en aquest <strong><span style=\"text-decoration: underline;\"><a href=\"https:\/\/agora.xtec.cat\/iesjpla\/wp-content\/uploads\/usu1249\/2024\/05\/INFORME_BAREM_DEFINITIU_BAREM.pdf\">enlla\u00e7<\/a><\/span><\/strong><\/p>\n<ul style=\"text-align: justify;\">\n<li><strong>Per\u00edode d\u2019ampliaci\u00f3 de peticions per a les sol\u00b7licituds de preinscripci\u00f3 sense assignaci\u00f3 (assignaci\u00f3 d\u2019ofici):<\/strong><\/li>\n<\/ul>\n<p style=\"text-align: justify;\"><strong>a) NEE B: <\/strong>14 i 15 de maig de 2024.<\/p>\n<p style=\"text-align: justify;\"><strong>b) Ordin\u00e0ries: <\/strong>del 29 de maig al 31 de maig de 2024.<\/p>\n<p style=\"text-align: justify;\">Si no s&#8217;ha obtingut cap pla\u00e7a en els centres demanats i es tracta de sol\u00b7licituds per a 1r d&#8217;ESO, es poden ampliar les peticions originals i demanar places en centres que en tinguin de disponibles, un cop feta la primera fase d&#8217;assignaci\u00f3 de places.<\/p>\n<ul style=\"text-align: justify;\">\n<li><strong>Oferta final de places escolars:<\/strong>\u00a07 de juny de 2024.<\/li>\n<\/ul>\n<p style=\"text-align: justify;\">Publicaci\u00f3 del nombre definitiu de places escolars per centre i curs que \u00e9s el que s&#8217;utilitza per a l&#8217;assignaci\u00f3 de places.<a href=\"https:\/\/agora.xtec.cat\/iesjpla\/wp-content\/uploads\/usu1249\/2024\/06\/INFORME_OFERTA_DEFINITIVA.pdf\">enlla\u00e7<\/a><\/p>\n<ul style=\"text-align: justify;\">\n<li><strong>Publicaci\u00f3 de les llistes d\u2019alumnes admesos i, si escau, de la llista d\u2019espera:<\/strong>\u00a010 de juny de 2024.<\/li>\n<\/ul>\n<p style=\"text-align: justify;\">Finalment, es publica la llista d&#8217;alumnes admesos al centre i tamb\u00e9 la llista d&#8217;espera.<\/p>\n<p><a href=\"https:\/\/agora.xtec.cat\/iesjpla\/wp-content\/uploads\/usu1249\/2024\/06\/INFORME_ASSIGNADES_INFORME_ASSIGNADES.pdf\">ALUMNES ASSIGNATS AL NOSTRE CENTRE<\/a><\/p>\n<p><a href=\"https:\/\/agora.xtec.cat\/iesjpla\/wp-content\/uploads\/usu1249\/2024\/06\/INFORME_PREINSCRITES_OME_INFORME_PREINSCRITES_OME.pdf\">ALUMNES PREINSCRITS<\/a><\/p>\n<p><a href=\"https:\/\/agora.xtec.cat\/iesjpla\/wp-content\/uploads\/usu1249\/2024\/06\/INFORME_LLISTA_ESPERA_OME_LLISTA_ESPERA.pdf\">LLISTA ESPERA 4t D&#8217;ESO<\/a><\/p>\n<ul style=\"text-align: justify;\">\n<li><strong>Matr\u00edcula:<\/strong> del 18 al 26 de juny de 2024.<\/li>\n<\/ul>\n<p style=\"text-align: justify;\">Un cop s&#8217;ha publicat la llista final d&#8217;alumnes admesos en cada centre, comen\u00e7a el per\u00edode de matriculaci\u00f3 dels preinscrits amb pla\u00e7a assignada.<\/p>\n<p>&nbsp;<\/p>\n<p>Per a informaci\u00f3 m\u00e9s detallada, podeu consultar el seg\u00fcent <a href=\"https:\/\/preinscripcio.gencat.cat\/ca\/estudis\/eso\/informat\/calendari\/\"><span style=\"text-decoration: underline;\"><strong>enlla\u00e7<\/strong><\/span><\/a>.<\/p>\n","protected":false},"excerpt":{"rendered":"<p>Aqu\u00ed trobareu tota la informaci\u00f3 rellevant sobre la preinscripci\u00f3 per l&#8217;alumnat d&#8217;Educaci\u00f3 Secund\u00e0ria Obligat\u00f2ria. Publicaci\u00f3 del\u00a0nombre de places escolars per centre i curs:\u00a05 de mar\u00e7 de 2024. Ja s&#8217;ha fet p\u00fablica l&#8217;oferta inicial de places del nostre centre. Podeu consultar aquest enlla\u00e7. Presentaci\u00f3 de sol\u00b7licituds de la preinscripci\u00f3: del 8 al 20 de mar\u00e7 de [&hellip;]<\/p>\n","protected":false},"author":1,"featured_media":0,"parent":0,"menu_order":0,"comment_status":"closed","ping_status":"closed","template":"","meta":{"_bbp_topic_count":0,"_bbp_reply_count":0,"_bbp_total_topic_count":0,"_bbp_total_reply_count":0,"_bbp_voice_count":0,"_bbp_anonymous_reply_count":0,"_bbp_topic_count_hidden":0,"_bbp_reply_count_hidden":0,"_bbp_forum_subforum_count":0,"site-sidebar-layout":"default","site-content-layout":"","ast-site-content-layout":"","site-content-style":"default","site-sidebar-style":"default","ast-global-header-display":"","ast-banner-title-visibility":"","ast-main-header-display":"","ast-hfb-above-header-display":"","ast-hfb-below-header-display":"","ast-hfb-mobile-header-display":"","site-post-title":"","ast-breadcrumbs-content":"","ast-featured-img":"","footer-sml-layout":"","theme-transparent-header-meta":"","adv-header-id-meta":"","stick-header-meta":"","header-above-stick-meta":"","header-main-stick-meta":"","header-below-stick-meta":"","astra-migrate-meta-layouts":"default","ast-page-background-enabled":"default","ast-page-background-meta":{"desktop":{"background-color":"var(--ast-global-color-4)","background-image":"","background-repeat":"repeat","background-position":"center center","background-size":"auto","background-attachment":"scroll","background-type":"","background-media":"","overlay-type":"","overlay-color":"","overlay-opacity":"","overlay-gradient":""},"tablet":{"background-color":"","background-image":"","background-repeat":"repeat","background-position":"center center","background-size":"auto","background-attachment":"scroll","background-type":"","background-media":"","overlay-type":"","overlay-color":"","overlay-opacity":"","overlay-gradient":""},"mobile":{"background-color":"","background-image":"","background-repeat":"repeat","background-position":"center center","background-size":"auto","background-attachment":"scroll","background-type":"","background-media":"","overlay-type":"","overlay-color":"","overlay-opacity":"","overlay-gradient":""}},"ast-content-background-meta":{"desktop":{"background-color":"var(--ast-global-color-5)","background-image":"","background-repeat":"repeat","background-position":"center center","background-size":"auto","background-attachment":"scroll","background-type":"","background-media":"","overlay-type":"","overlay-color":"","overlay-opacity":"","overlay-gradient":""},"tablet":{"background-color":"var(--ast-global-color-5)","background-image":"","background-repeat":"repeat","background-position":"center center","background-size":"auto","background-attachment":"scroll","background-type":"","background-media":"","overlay-type":"","overlay-color":"","overlay-opacity":"","overlay-gradient":""},"mobile":{"background-color":"var(--ast-global-color-5)","background-image":"","background-repeat":"repeat","background-position":"center center","background-size":"auto","background-attachment":"scroll","background-type":"","background-media":"","overlay-type":"","overlay-color":"","overlay-opacity":"","overlay-gradient":""}},"footnotes":""},"class_list":["post-8835","page","type-page","status-publish","hentry"],"post_mailing_queue_ids":[],"_links":{"self":[{"href":"https:\/\/agora.xtec.cat\/iesjpla\/wp-json\/wp\/v2\/pages\/8835","targetHints":{"allow":["GET"]}}],"collection":[{"href":"https:\/\/agora.xtec.cat\/iesjpla\/wp-json\/wp\/v2\/pages"}],"about":[{"href":"https:\/\/agora.xtec.cat\/iesjpla\/wp-json\/wp\/v2\/types\/page"}],"author":[{"embeddable":true,"href":"https:\/\/agora.xtec.cat\/iesjpla\/wp-json\/wp\/v2\/users\/1"}],"replies":[{"embeddable":true,"href":"https:\/\/agora.xtec.cat\/iesjpla\/wp-json\/wp\/v2\/comments?post=8835"}],"version-history":[{"count":8,"href":"https:\/\/agora.xtec.cat\/iesjpla\/wp-json\/wp\/v2\/pages\/8835\/revisions"}],"predecessor-version":[{"id":9229,"href":"https:\/\/agora.xtec.cat\/iesjpla\/wp-json\/wp\/v2\/pages\/8835\/revisions\/9229"}],"wp:attachment":[{"href":"https:\/\/agora.xtec.cat\/iesjpla\/wp-json\/wp\/v2\/media?parent=8835"}],"curies":[{"name":"wp","href":"https:\/\/api.w.org\/{rel}","templated":true}]}}