{"id":825,"date":"2017-02-24T21:34:10","date_gmt":"2017-02-24T20:34:10","guid":{"rendered":"http:\/\/agora.xtec.cat\/iesjpla\/?page_id=825"},"modified":"2023-11-25T12:14:26","modified_gmt":"2023-11-25T11:14:26","slug":"llengues-estrangeres","status":"publish","type":"page","link":"https:\/\/agora.xtec.cat\/iesjpla\/projecte-educatiu\/llengues-estrangeres\/","title":{"rendered":"Lleng\u00fces estrangeres"},"content":{"rendered":"<p style=\"text-align: justify;\"><a href=\"http:\/\/agora.xtec.cat\/iesjpla\/wp-content\/uploads\/usu1249\/2017\/02\/llengues-estrangeres.png\"><img loading=\"lazy\" decoding=\"async\" class=\"aligncenter wp-image-845\" src=\"http:\/\/agora.xtec.cat\/iesjpla\/wp-content\/uploads\/usu1249\/2017\/02\/llengues-estrangeres.png\" alt=\"llengues-estrangeres\" width=\"563\" height=\"333\" srcset=\"https:\/\/agora.xtec.cat\/iesjpla\/wp-content\/uploads\/usu1249\/2017\/02\/llengues-estrangeres.png 880w, https:\/\/agora.xtec.cat\/iesjpla\/wp-content\/uploads\/usu1249\/2017\/02\/llengues-estrangeres-300x178.png 300w, https:\/\/agora.xtec.cat\/iesjpla\/wp-content\/uploads\/usu1249\/2017\/02\/llengues-estrangeres-768x455.png 768w\" sizes=\"auto, (max-width: 563px) 100vw, 563px\" \/><\/a><\/p>\n<p style=\"text-align: justify;\">Creiem que les LLENG\u00dcES ESTRANGERES s\u00f3n vitals en un m\u00f3n globalitzat i apostem per iniciatives que en potenci\u00efn l\u2019aprenentatge.<\/p>\n<p style=\"text-align: justify;\">El franc\u00e8s s\u2019ofereix com a segona llengua estrangera en tota l\u2019etapa de l\u2019ESO. Es pot triar com a optativa quadrimestral a 1r d\u2019ESO i com a optativa anual a 2n i 3r d\u2019ESO (2 hores setmanals) i a 4t d\u2019ESO (3 hores setmanals).<\/p>\n<p style=\"text-align: justify;\">Pel que fa a l\u2019angl\u00e8s el centre t\u00e9 diversos projectes en marxa:<\/p>\n<ul>\n<li style=\"text-align: justify;\">A 3r d&#8217;ESO s&#8217;ofereix la mat\u00e8ria optativa d&#8217;Emprenedoria en angl\u00e8s, on l&#8217;alumnat, en grups, crea un projecte d&#8217;empresa i el presenta en angl\u00e8s.<\/li>\n<li style=\"text-align: justify;\">Durant els cursos 2015-2016 i 2016-2017 l&#8217;institut va formar part del <a href=\"http:\/\/xtec.gencat.cat\/ca\/projectes\/plurilinguisme\/programes\/pluri\/gep\/\" target=\"_blank\" rel=\"noopener\">Grup d&#8217;Experimentaci\u00f3 pel Pluriling\u00fcisme (GEP)<\/a> i en aquest marc es van treballar alguns temes de certes mat\u00e8ries en angl\u00e8s mitjan\u00e7ant la metodologia del treball per projectes. Podeu veure els projectes del GEP del curs 2016-17 al <a href=\"http:\/\/agora.xtec.cat\/iesjpla\/categoria\/projectes\/\" target=\"_blank\" rel=\"noopener\">blog\u00a0de projectes<\/a> de la nostra web. Alguns d&#8217;aquests projectes i altres de semblants es continuen impartint.<\/li>\n<\/ul>\n<p style=\"text-align: center;\">\r\n\t<div class=\"slideshow_container slideshow_container_style-light\" style=\" \" data-slideshow-id=\"853\" data-style-name=\"style-light\" data-style-version=\"2.3.1\" >\r\n\r\n\t\t\t\t\t<div class=\"slideshow_loading_icon\"><\/div>\r\n\t\t\r\n\t\t<div class=\"slideshow_content\" style=\"display: none;\">\r\n\r\n\t\t\t<div class=\"slideshow_view\">\r\n\t<div class=\"slideshow_slide slideshow_slide_text\" style=\"background-color: #f9a70e;\">\r\n\t\t\t\t<div class=\"slideshow_title\" style=\"color: #316077;\">\r\n\t\t\t\t\t\t\tGEP matem\u00e0tiques curs 2015-16\t\t\t\t\t<\/div>\r\n\t\t\r\n\t\t\r\n\t\t<a  class=\"slideshow_background_anchor\"><\/a>\r\n\t<\/div>\r\n\r\n\t\t\t\t<div class=\"slideshow_slide slideshow_slide_image\">\r\n\t\t\t\t\t\t\t\t\t\t\t<img src=\"https:\/\/agora.xtec.cat\/iesjpla\/wp-content\/uploads\/usu1249\/2017\/02\/gepmates1516_1.jpg\" alt=\"gepmates1516_1\" width=\"1200\" height=\"900\" \/>\r\n\t\t\t\t\t\t\t\t\t\t<div class=\"slideshow_description_box slideshow_transparent\">\r\n\t\t\t\t\t\t<div class=\"slideshow_title\">gepmates1516_1<\/div>\t\t\t\t\t\t\t\t\t\t\t<\/div>\r\n\t\t\t\t<\/div>\r\n\r\n\t\t\t\t\t\t<div style=\"clear: both;\"><\/div><\/div><div class=\"slideshow_view\">\r\n\t<div class=\"slideshow_slide slideshow_slide_text\" style=\"background-color: #f7a902;\">\r\n\t\t\t\t<div class=\"slideshow_title\" style=\"color: #17617c;\">\r\n\t\t\t\t\t\t\tGEP Biologia curs 2015-16\t\t\t\t\t<\/div>\r\n\t\t\r\n\t\t\r\n\t\t<a  class=\"slideshow_background_anchor\"><\/a>\r\n\t<\/div>\r\n\r\n\t\t\t\t<div class=\"slideshow_slide slideshow_slide_image\">\r\n\t\t\t\t\t\t\t\t\t\t\t<img src=\"https:\/\/agora.xtec.cat\/iesjpla\/wp-content\/uploads\/usu1249\/2017\/02\/gepbio1516-3.jpg\" alt=\"gepbio1516-3\" width=\"1200\" height=\"900\" \/>\r\n\t\t\t\t\t\t\t\t\t\t<div class=\"slideshow_description_box slideshow_transparent\">\r\n\t\t\t\t\t\t<div class=\"slideshow_title\">gepbio1516-3<\/div>\t\t\t\t\t\t\t\t\t\t\t<\/div>\r\n\t\t\t\t<\/div>\r\n\r\n\t\t\t\t\t\t<div style=\"clear: both;\"><\/div><\/div><div class=\"slideshow_view\">\r\n\t\t\t\t<div class=\"slideshow_slide slideshow_slide_image\">\r\n\t\t\t\t\t\t\t\t\t\t\t<img src=\"https:\/\/agora.xtec.cat\/iesjpla\/wp-content\/uploads\/usu1249\/2017\/02\/gepbio_1516_2-1.jpg\" alt=\"gepbio_1516_2\" width=\"1200\" height=\"900\" \/>\r\n\t\t\t\t\t\t\t\t\t\t<div class=\"slideshow_description_box slideshow_transparent\">\r\n\t\t\t\t\t\t<div class=\"slideshow_title\">gepbio_1516_2<\/div>\t\t\t\t\t\t\t\t\t\t\t<\/div>\r\n\t\t\t\t<\/div>\r\n\r\n\t\t\t\t\t\t\r\n\t\t\t\t<div class=\"slideshow_slide slideshow_slide_image\">\r\n\t\t\t\t\t\t\t\t\t\t\t<img src=\"https:\/\/agora.xtec.cat\/iesjpla\/wp-content\/uploads\/usu1249\/2017\/02\/gepbio1516_2.jpg\" alt=\"gepbio1516_2\" width=\"1200\" height=\"900\" \/>\r\n\t\t\t\t\t\t\t\t\t\t<div class=\"slideshow_description_box slideshow_transparent\">\r\n\t\t\t\t\t\t<div class=\"slideshow_title\">gepbio1516_2<\/div>\t\t\t\t\t\t\t\t\t\t\t<\/div>\r\n\t\t\t\t<\/div>\r\n\r\n\t\t\t\t\t\t<div style=\"clear: both;\"><\/div><\/div>\r\n\t\t<\/div>\r\n\r\n\t\t<div class=\"slideshow_controlPanel slideshow_transparent\" style=\"display: none;\"><ul><li class=\"slideshow_togglePlay\" data-play-text=\"Visualitza\" data-pause-text=\"Pausa\"><\/li><\/ul><\/div>\r\n\r\n\t\t<div class=\"slideshow_button slideshow_previous slideshow_transparent\" role=\"button\" data-previous-text=\"Anterior\" style=\"display: none;\"><\/div>\r\n\t\t<div class=\"slideshow_button slideshow_next slideshow_transparent\" role=\"button\" data-next-text=\"Seg\u00fcent\" style=\"display: none;\"><\/div>\r\n\r\n\t\t<div class=\"slideshow_pagination\" style=\"display: none;\" data-go-to-text=\"V\u00e9s a la diapositiva\"><div class=\"slideshow_pagination_center\"><\/div><\/div>\r\n\r\n\t\t<!-- WordPress Slideshow Version 2.3.1 -->\r\n\r\n\t\t\t<\/div>\r\n\r\n<\/p>\n<ul>\n<li style=\"text-align: justify;\">Actualment, l&#8217;institut forma part d&#8217;un projecte Erasmus + KA2 From Good to Perfect (Aus gut wird perfekt \u2013 Wir gr\u00fcnden eine europ\u00e4ische AG) juntament amb 4 centres d\u2019educaci\u00f3 secund\u00e0ria de diferents pa\u00efsos europeus:\n<ul>\n<li><strong>Tallinna 21. Kool (Tallin, Est\u00f2nia), <\/strong><\/li>\n<li><strong>IIS Isa Conti Eller Vainicher (Lipari, Illes e\u00f2lies, It\u00e0lia), <\/strong><\/li>\n<li><strong>Vuosaaren Lukio (Helsinki, Finl\u00e0ndia) i<\/strong><\/li>\n<li><strong>Berufliche Oberschule Erding (Erding, Alemanya).<\/strong><\/li>\n<\/ul>\n<\/li>\n<\/ul>\n<p>L&#8217;alumnat participant fa un treball previ al nostre centre i despr\u00e9s fa un viatge d&#8217;una setmana a un dels nodes, on \u00e9s allotjat per una fam\u00edlia amfitriona, fa visites culturals a la ciutat d&#8217;acollida i treballa en conjunt amb alumnat dels altres pa\u00efsos. \u00a0El projecte havia de dur-se a terme durant el binomi 19-21, per\u00f2 la pand\u00e8mia va interrompre&#8217;l quan nom\u00e9s s&#8217;havia pogut fer el viatge a Tallin. Des de l&#8217;organitzaci\u00f3 de l&#8217;Erasmus + es va allargar el termini i la previsi\u00f3 actual \u00e9s reprendre el programa el curs 21-22 amb alumnat de 1r de Batxillerat.<\/p>\n","protected":false},"excerpt":{"rendered":"<p>Creiem que les LLENG\u00dcES ESTRANGERES s\u00f3n vitals en un m\u00f3n globalitzat i apostem per iniciatives que en potenci\u00efn l\u2019aprenentatge. El franc\u00e8s s\u2019ofereix com a segona llengua estrangera en tota l\u2019etapa de l\u2019ESO. Es pot triar com a optativa quadrimestral a 1r d\u2019ESO i com a optativa anual a 2n i 3r d\u2019ESO (2 hores setmanals) [&hellip;]<\/p>\n","protected":false},"author":1,"featured_media":0,"parent":57,"menu_order":10,"comment_status":"closed","ping_status":"closed","template":"","meta":{"_bbp_topic_count":0,"_bbp_reply_count":0,"_bbp_total_topic_count":0,"_bbp_total_reply_count":0,"_bbp_voice_count":0,"_bbp_anonymous_reply_count":0,"_bbp_topic_count_hidden":0,"_bbp_reply_count_hidden":0,"_bbp_forum_subforum_count":0,"site-sidebar-layout":"default","site-content-layout":"","ast-site-content-layout":"","site-content-style":"default","site-sidebar-style":"default","ast-global-header-display":"","ast-banner-title-visibility":"","ast-main-header-display":"","ast-hfb-above-header-display":"","ast-hfb-below-header-display":"","ast-hfb-mobile-header-display":"","site-post-title":"","ast-breadcrumbs-content":"","ast-featured-img":"","footer-sml-layout":"","theme-transparent-header-meta":"","adv-header-id-meta":"","stick-header-meta":"","header-above-stick-meta":"","header-main-stick-meta":"","header-below-stick-meta":"","astra-migrate-meta-layouts":"default","ast-page-background-enabled":"default","ast-page-background-meta":{"desktop":{"background-color":"var(--ast-global-color-4)","background-image":"","background-repeat":"repeat","background-position":"center center","background-size":"auto","background-attachment":"scroll","background-type":"","background-media":"","overlay-type":"","overlay-color":"","overlay-opacity":"","overlay-gradient":""},"tablet":{"background-color":"","background-image":"","background-repeat":"repeat","background-position":"center center","background-size":"auto","background-attachment":"scroll","background-type":"","background-media":"","overlay-type":"","overlay-color":"","overlay-opacity":"","overlay-gradient":""},"mobile":{"background-color":"","background-image":"","background-repeat":"repeat","background-position":"center center","background-size":"auto","background-attachment":"scroll","background-type":"","background-media":"","overlay-type":"","overlay-color":"","overlay-opacity":"","overlay-gradient":""}},"ast-content-background-meta":{"desktop":{"background-color":"var(--ast-global-color-5)","background-image":"","background-repeat":"repeat","background-position":"center center","background-size":"auto","background-attachment":"scroll","background-type":"","background-media":"","overlay-type":"","overlay-color":"","overlay-opacity":"","overlay-gradient":""},"tablet":{"background-color":"var(--ast-global-color-5)","background-image":"","background-repeat":"repeat","background-position":"center center","background-size":"auto","background-attachment":"scroll","background-type":"","background-media":"","overlay-type":"","overlay-color":"","overlay-opacity":"","overlay-gradient":""},"mobile":{"background-color":"var(--ast-global-color-5)","background-image":"","background-repeat":"repeat","background-position":"center center","background-size":"auto","background-attachment":"scroll","background-type":"","background-media":"","overlay-type":"","overlay-color":"","overlay-opacity":"","overlay-gradient":""}},"footnotes":""},"class_list":["post-825","page","type-page","status-publish","hentry"],"post_mailing_queue_ids":[],"_links":{"self":[{"href":"https:\/\/agora.xtec.cat\/iesjpla\/wp-json\/wp\/v2\/pages\/825","targetHints":{"allow":["GET"]}}],"collection":[{"href":"https:\/\/agora.xtec.cat\/iesjpla\/wp-json\/wp\/v2\/pages"}],"about":[{"href":"https:\/\/agora.xtec.cat\/iesjpla\/wp-json\/wp\/v2\/types\/page"}],"author":[{"embeddable":true,"href":"https:\/\/agora.xtec.cat\/iesjpla\/wp-json\/wp\/v2\/users\/1"}],"replies":[{"embeddable":true,"href":"https:\/\/agora.xtec.cat\/iesjpla\/wp-json\/wp\/v2\/comments?post=825"}],"version-history":[{"count":6,"href":"https:\/\/agora.xtec.cat\/iesjpla\/wp-json\/wp\/v2\/pages\/825\/revisions"}],"predecessor-version":[{"id":8412,"href":"https:\/\/agora.xtec.cat\/iesjpla\/wp-json\/wp\/v2\/pages\/825\/revisions\/8412"}],"up":[{"embeddable":true,"href":"https:\/\/agora.xtec.cat\/iesjpla\/wp-json\/wp\/v2\/pages\/57"}],"wp:attachment":[{"href":"https:\/\/agora.xtec.cat\/iesjpla\/wp-json\/wp\/v2\/media?parent=825"}],"curies":[{"name":"wp","href":"https:\/\/api.w.org\/{rel}","templated":true}]}}