{"id":796,"date":"2017-02-25T13:58:25","date_gmt":"2017-02-25T12:58:25","guid":{"rendered":"http:\/\/agora.xtec.cat\/iesjpla\/?page_id=796"},"modified":"2023-12-11T14:25:21","modified_gmt":"2023-12-11T13:25:21","slug":"agenda-21-escolar","status":"publish","type":"page","link":"https:\/\/agora.xtec.cat\/iesjpla\/projecte-educatiu\/agenda-21-escolar\/","title":{"rendered":"Escoles sostenibles"},"content":{"rendered":"<p>&nbsp;<\/p>\n<p class=\"Standard\" style=\"text-align: center;\" align=\"center\"><b><span style=\"font-size: 16.0pt; font-family: 'Arial',sans-serif;\">Escoles Sostenibles<\/span><\/b><\/p>\n<p class=\"Standard\" style=\"text-align: center;\" align=\"center\"><b><span style=\"font-size: 16.0pt; font-family: 'Arial',sans-serif;\">Treballem l&#8217;Hort i el jard\u00ed: per la salut, per la felicitat, pel nostre aire i pel canvi clim\u00e0tic!<\/span><\/b><\/p>\n<p>Aqu\u00ed trobareu el <a href=\"https:\/\/drive.google.com\/file\/d\/1ws_v05X5NoionYvPRnVBWoG8mhkDJWBP\/view?usp=sharing\"><span style=\"text-decoration: underline;\"><strong>resum del projecte<\/strong><\/span><\/a> i el\u00a0<a href=\"https:\/\/drive.google.com\/file\/d\/11zp43fUa2M0HHS3ef-pbSosDJORU6uKH\/view?usp=sharing\"><span style=\"text-decoration: underline;\"><strong>projecte oficial<\/strong><\/span><\/a> del curs d&#8217;enguany per si voleu obtenir la totalitat de la informaci\u00f3.<\/p>\n<p style=\"text-align: justify;\"><strong>Quins objectius d&#8217;aprenentatge ens plantegem aconseguir?<\/strong><\/p>\n<ol>\n<li style=\"text-align: justify;\"><a style=\"color: #2795b6;\" href=\"http:\/\/agora.xtec.cat\/iesjpla\/wp-content\/uploads\/usu1249\/2017\/02\/dia-mundial-del-medio-ambiente-2014-img_que_es_el_dia_mundial_del_medio_ambiente_y_como_celebrarlo_6940_orig.jpg\"><img loading=\"lazy\" decoding=\"async\" class=\"wp-image-897 alignright\" src=\"http:\/\/agora.xtec.cat\/iesjpla\/wp-content\/uploads\/usu1249\/2017\/02\/dia-mundial-del-medio-ambiente-2014-img_que_es_el_dia_mundial_del_medio_ambiente_y_como_celebrarlo_6940_orig.jpg\" alt=\"dia-mundial-del-medio-ambiente-2014-img_que_es_el_dia_mundial_del_medio_ambiente_y_como_celebrarlo_6940_orig\" width=\"285\" height=\"396\" srcset=\"https:\/\/agora.xtec.cat\/iesjpla\/wp-content\/uploads\/usu1249\/2017\/02\/dia-mundial-del-medio-ambiente-2014-img_que_es_el_dia_mundial_del_medio_ambiente_y_como_celebrarlo_6940_orig.jpg 647w, https:\/\/agora.xtec.cat\/iesjpla\/wp-content\/uploads\/usu1249\/2017\/02\/dia-mundial-del-medio-ambiente-2014-img_que_es_el_dia_mundial_del_medio_ambiente_y_como_celebrarlo_6940_orig-216x300.jpg 216w\" sizes=\"auto, (max-width: 285px) 100vw, 285px\" \/><\/a>Que els alumnes aprenguin que cultivar verdures i hortalisses ECO i de km 0 i consumir-les t\u00e9 molts beneficis per a la seva salut.<\/li>\n<li style=\"text-align: justify;\">Que experimentin que fer treball a l&#8217;hort a l&#8217;aire lliure \u00e9s un bon exercici f\u00edsic que t\u00e9 avantatges per la salut.<\/li>\n<li style=\"text-align: justify;\"><span style=\"font-family: inherit; font-size: 1em;\">Que els alumnes coneguin que treballar a l&#8217;aire lliure, a l&#8217;hort i al jard\u00ed, aporta una connexi\u00f3 amb la natura i ens aporta felicitat, benestar i pau interior.<\/span><\/li>\n<li style=\"text-align: justify;\">Que els alumnes aprenguin els noms de les principals plantes cultivades a l&#8217;hort i al jard\u00ed, per millorar el coneixement del m\u00f3n natural, el respecte i, per tant, la cura i valoraci\u00f3 de la natura.<\/li>\n<li style=\"text-align: justify;\">Que els alumnes aprenguin que el fet de cultivar l&#8217;hort i tenir una bona coberta verda pot ajudar a millorar la qualitat de l&#8217;aire de la nostra ciutat i que ho relacionin amb una capacitat d&#8217;absorci\u00f3 de <span class=\"hiddenGrammarError\">CO\u2082<\/span>, per part de les plantes, la qual cosa disminueix l&#8217;efecte hivernacle antr\u00f2pic.<\/li>\n<li style=\"text-align: justify;\"><span class=\"hiddenGreenError\" style=\"padding-bottom: 2px; background-image: url('..\/..\/..\/..\/..\/images\/squiggle_green.png'); background-repeat: repeat-x; background-position: left bottom; cursor: default; color: #000000; font-family: 'Open Sans', Helvetica, Arial, sans-serif; font-size: 16px; font-style: normal; font-variant-ligatures: normal; font-variant-caps: normal; font-weight: 300; letter-spacing: normal; orphans: 2; text-align: start; text-indent: 0px; text-transform: none; white-space: normal; widows: 2; word-spacing: 0px; -webkit-text-stroke-width: 0px; text-decoration-thickness: initial; text-decoration-style: initial; text-decoration-color: initial;\">Que<\/span>\u00a0aprenguin a fer queixes i propostes a l&#8217;administraci\u00f3, per pal\u00b7liar la contaminaci\u00f3, com a consumidors i ciutadans.<\/li>\n<\/ol>\n<p style=\"text-align: justify;\"><strong>Descripci\u00f3 dels processos i les accions projectades<\/strong><\/p>\n<ol>\n<li style=\"text-align: justify;\">Recollir, rentar i prendre verdures fresques recentment collides ECO i km 0 i introduir-les a l&#8217;esmorzar dels alumnes, per millorar la seva salut.<\/li>\n<li style=\"text-align: justify;\">Fer tasques a l&#8217;hort i jard\u00ed, duent a terme activitat f\u00edsica, com regar, llaurar, fer tasques de jardineria, adobar, etc. Tamb\u00e9 s&#8217;inclou fer caminades i passejos pels jardins locals del nostre barri.<\/li>\n<li style=\"text-align: justify;\">Fer accions de relaxaci\u00f3, conscienciaci\u00f3 i meditaci\u00f3 en les nostres zones verdes, per sentir la connexi\u00f3 amb la natura i sentir la pau, el respecte per la natura i conseq\u00fcentment la felicitat.<\/li>\n<li style=\"text-align: justify;\">Fer estudi bot\u00e0nic d&#8217;identificaci\u00f3 de les principals plantes per poder identificar-les, amb ajuda de guies bot\u00e0niques, suport del professorat, i finalment, elaborar etiquetes identificatives, per tal de crear un petit jard\u00ed bot\u00e0nic al centre (una petita col\u00b7lecci\u00f3 bot\u00e0nica), i aix\u00ed difondre aquest coneixement a la resta d&#8217;alumnes i professorat i altre personal PAS.<\/li>\n<li style=\"text-align: justify;\">Dur a terme una an\u00e0lisi de la qualitat de l&#8217;aire a la zona de l&#8217;hort o potser altres zones al voltant del centre, per comprovar el seu estat i poder extreure conclusions en relaci\u00f3 amb la contaminaci\u00f3 i el canvi clim\u00e0tic.<\/li>\n<\/ol>\n<p style=\"text-align: justify;\">\r\n\t<div class=\"slideshow_container slideshow_container_style-light\" style=\"height: 300px; \" data-slideshow-id=\"6825\" data-style-name=\"style-light\" data-style-version=\"2.3.1\" >\r\n\r\n\t\t\t\t\t<div class=\"slideshow_loading_icon\"><\/div>\r\n\t\t\r\n\t\t<div class=\"slideshow_content\" style=\"display: none;\">\r\n\r\n\t\t\t<div class=\"slideshow_view\">\r\n\t\t\t\t<div class=\"slideshow_slide slideshow_slide_image\">\r\n\t\t\t\t\t\t\t\t\t\t\t<img src=\"https:\/\/agora.xtec.cat\/iesjpla\/wp-content\/uploads\/usu1249\/2022\/01\/IMG_1714.jpg\" alt=\"\" width=\"640\" height=\"480\" \/>\r\n\t\t\t\t\t\t\t\t\t\t<div class=\"slideshow_description_box slideshow_transparent\">\r\n\t\t\t\t\t\t\t\t\t\t\t\t\t\t\t\t\t<\/div>\r\n\t\t\t\t<\/div>\r\n\r\n\t\t\t\t\t\t\r\n\t\t\t\t<div class=\"slideshow_slide slideshow_slide_image\">\r\n\t\t\t\t\t\t\t\t\t\t\t<img src=\"https:\/\/agora.xtec.cat\/iesjpla\/wp-content\/uploads\/usu1249\/2022\/01\/IMG_1672.jpg\" alt=\"IMG_1672\" width=\"640\" height=\"480\" \/>\r\n\t\t\t\t\t\t\t\t\t\t<div class=\"slideshow_description_box slideshow_transparent\">\r\n\t\t\t\t\t\t\t\t\t\t\t\t\t\t\t\t\t<\/div>\r\n\t\t\t\t<\/div>\r\n\r\n\t\t\t\t\t\t<div style=\"clear: both;\"><\/div><\/div><div class=\"slideshow_view\">\r\n\t\t\t\t<div class=\"slideshow_slide slideshow_slide_image\">\r\n\t\t\t\t\t\t\t\t\t\t\t<img src=\"https:\/\/agora.xtec.cat\/iesjpla\/wp-content\/uploads\/usu1249\/2022\/01\/20211106_104030.jpg\" alt=\"20211106_104030\" width=\"2304\" height=\"1064\" \/>\r\n\t\t\t\t\t\t\t\t\t\t<div class=\"slideshow_description_box slideshow_transparent\">\r\n\t\t\t\t\t\t\t\t\t\t\t\t\t\t\t\t\t<\/div>\r\n\t\t\t\t<\/div>\r\n\r\n\t\t\t\t\t\t\r\n\t\t\t\t<div class=\"slideshow_slide slideshow_slide_image\">\r\n\t\t\t\t\t\t\t\t\t\t\t<img src=\"https:\/\/agora.xtec.cat\/iesjpla\/wp-content\/uploads\/usu1249\/2022\/01\/20211102_075031.jpg\" alt=\"20211102_075031\" width=\"2304\" height=\"1064\" \/>\r\n\t\t\t\t\t\t\t\t\t\t<div class=\"slideshow_description_box slideshow_transparent\">\r\n\t\t\t\t\t\t\t\t\t\t\t\t\t\t\t\t\t<\/div>\r\n\t\t\t\t<\/div>\r\n\r\n\t\t\t\t\t\t<div style=\"clear: both;\"><\/div><\/div><div class=\"slideshow_view\">\r\n\t\t\t\t<div class=\"slideshow_slide slideshow_slide_image\">\r\n\t\t\t\t\t\t\t\t\t\t\t<img src=\"https:\/\/agora.xtec.cat\/iesjpla\/wp-content\/uploads\/usu1249\/2022\/01\/20211102_075013.jpg\" alt=\"20211102_075013\" width=\"2304\" height=\"1064\" \/>\r\n\t\t\t\t\t\t\t\t\t\t<div class=\"slideshow_description_box slideshow_transparent\">\r\n\t\t\t\t\t\t\t\t\t\t\t\t\t\t\t\t\t<\/div>\r\n\t\t\t\t<\/div>\r\n\r\n\t\t\t\t\t\t\r\n\t\t\t\t<div class=\"slideshow_slide slideshow_slide_image\">\r\n\t\t\t\t\t\t\t\t\t\t\t<img src=\"https:\/\/agora.xtec.cat\/iesjpla\/wp-content\/uploads\/usu1249\/2022\/01\/20211025_104431.jpg\" alt=\"20211025_104431\" width=\"2304\" height=\"1064\" \/>\r\n\t\t\t\t\t\t\t\t\t\t<div class=\"slideshow_description_box slideshow_transparent\">\r\n\t\t\t\t\t\t\t\t\t\t\t\t\t\t\t\t\t<\/div>\r\n\t\t\t\t<\/div>\r\n\r\n\t\t\t\t\t\t<div style=\"clear: both;\"><\/div><\/div>\r\n\t\t<\/div>\r\n\r\n\t\t<div class=\"slideshow_controlPanel slideshow_transparent\" style=\"display: none;\"><ul><li class=\"slideshow_togglePlay\" data-play-text=\"Visualitza\" data-pause-text=\"Pausa\"><\/li><\/ul><\/div>\r\n\r\n\t\t<div class=\"slideshow_button slideshow_previous slideshow_transparent\" role=\"button\" data-previous-text=\"Anterior\" style=\"display: none;\"><\/div>\r\n\t\t<div class=\"slideshow_button slideshow_next slideshow_transparent\" role=\"button\" data-next-text=\"Seg\u00fcent\" style=\"display: none;\"><\/div>\r\n\r\n\t\t<div class=\"slideshow_pagination\" style=\"display: none;\" data-go-to-text=\"V\u00e9s a la diapositiva\"><div class=\"slideshow_pagination_center\"><\/div><\/div>\r\n\r\n\t\t<!-- WordPress Slideshow Version 2.3.1 -->\r\n\r\n\t\t\t<\/div>\r\n\r\n<\/p>\n<p style=\"text-align: justify;\"><strong>Quines millores volem aconseguir en el centre?<\/strong><\/p>\n<ol>\n<li class=\"Standard\" style=\"text-align: justify;\"><span style=\"font-family: 'Arial',sans-serif;\">Volem millorar els espais verds de l&#8217;hort, en extensi\u00f3 i en biodiversitat.<\/span><\/li>\n<li class=\"Standard\" style=\"text-align: justify;\">Millorar la salut dels alumnes: f\u00edsica i mental. Aix\u00ed com la felicitat i l&#8217;equilibri emocional.<\/li>\n<li class=\"Standard\" style=\"text-align: justify;\">Millorar la qualitat de l&#8217;aire que respirem a l&#8217;INS Josep Pla, mitjan\u00e7ant el control i mesura dels par\u00e0metres contaminants.<\/li>\n<li class=\"Standard\" style=\"text-align: justify;\">Volem donar als alumnes la capacitat de millorar com a ciutadans i consumidors responsables, confiats de qu\u00e8 amb les seves accions individuals, poden lluitar per fer grans canvis i millorar el nostre entorn, barri, ciutat i m\u00f3n.<\/li>\n<\/ol>\n","protected":false},"excerpt":{"rendered":"<p>&nbsp; Escoles Sostenibles Treballem l&#8217;Hort i el jard\u00ed: per la salut, per la felicitat, pel nostre aire i pel canvi clim\u00e0tic! Aqu\u00ed trobareu el resum del projecte i el\u00a0projecte oficial del curs d&#8217;enguany per si voleu obtenir la totalitat de la informaci\u00f3. Quins objectius d&#8217;aprenentatge ens plantegem aconseguir? Que els alumnes aprenguin que cultivar verdures [&hellip;]<\/p>\n","protected":false},"author":1,"featured_media":0,"parent":57,"menu_order":30,"comment_status":"closed","ping_status":"closed","template":"","meta":{"_bbp_topic_count":0,"_bbp_reply_count":0,"_bbp_total_topic_count":0,"_bbp_total_reply_count":0,"_bbp_voice_count":0,"_bbp_anonymous_reply_count":0,"_bbp_topic_count_hidden":0,"_bbp_reply_count_hidden":0,"_bbp_forum_subforum_count":0,"site-sidebar-layout":"default","site-content-layout":"","ast-site-content-layout":"","site-content-style":"default","site-sidebar-style":"default","ast-global-header-display":"","ast-banner-title-visibility":"","ast-main-header-display":"","ast-hfb-above-header-display":"","ast-hfb-below-header-display":"","ast-hfb-mobile-header-display":"","site-post-title":"","ast-breadcrumbs-content":"","ast-featured-img":"","footer-sml-layout":"","theme-transparent-header-meta":"","adv-header-id-meta":"","stick-header-meta":"","header-above-stick-meta":"","header-main-stick-meta":"","header-below-stick-meta":"","astra-migrate-meta-layouts":"default","ast-page-background-enabled":"default","ast-page-background-meta":{"desktop":{"background-color":"var(--ast-global-color-4)","background-image":"","background-repeat":"repeat","background-position":"center center","background-size":"auto","background-attachment":"scroll","background-type":"","background-media":"","overlay-type":"","overlay-color":"","overlay-opacity":"","overlay-gradient":""},"tablet":{"background-color":"","background-image":"","background-repeat":"repeat","background-position":"center center","background-size":"auto","background-attachment":"scroll","background-type":"","background-media":"","overlay-type":"","overlay-color":"","overlay-opacity":"","overlay-gradient":""},"mobile":{"background-color":"","background-image":"","background-repeat":"repeat","background-position":"center center","background-size":"auto","background-attachment":"scroll","background-type":"","background-media":"","overlay-type":"","overlay-color":"","overlay-opacity":"","overlay-gradient":""}},"ast-content-background-meta":{"desktop":{"background-color":"var(--ast-global-color-5)","background-image":"","background-repeat":"repeat","background-position":"center center","background-size":"auto","background-attachment":"scroll","background-type":"","background-media":"","overlay-type":"","overlay-color":"","overlay-opacity":"","overlay-gradient":""},"tablet":{"background-color":"var(--ast-global-color-5)","background-image":"","background-repeat":"repeat","background-position":"center center","background-size":"auto","background-attachment":"scroll","background-type":"","background-media":"","overlay-type":"","overlay-color":"","overlay-opacity":"","overlay-gradient":""},"mobile":{"background-color":"var(--ast-global-color-5)","background-image":"","background-repeat":"repeat","background-position":"center center","background-size":"auto","background-attachment":"scroll","background-type":"","background-media":"","overlay-type":"","overlay-color":"","overlay-opacity":"","overlay-gradient":""}},"footnotes":""},"class_list":["post-796","page","type-page","status-publish","hentry"],"post_mailing_queue_ids":[],"_links":{"self":[{"href":"https:\/\/agora.xtec.cat\/iesjpla\/wp-json\/wp\/v2\/pages\/796","targetHints":{"allow":["GET"]}}],"collection":[{"href":"https:\/\/agora.xtec.cat\/iesjpla\/wp-json\/wp\/v2\/pages"}],"about":[{"href":"https:\/\/agora.xtec.cat\/iesjpla\/wp-json\/wp\/v2\/types\/page"}],"author":[{"embeddable":true,"href":"https:\/\/agora.xtec.cat\/iesjpla\/wp-json\/wp\/v2\/users\/1"}],"replies":[{"embeddable":true,"href":"https:\/\/agora.xtec.cat\/iesjpla\/wp-json\/wp\/v2\/comments?post=796"}],"version-history":[{"count":6,"href":"https:\/\/agora.xtec.cat\/iesjpla\/wp-json\/wp\/v2\/pages\/796\/revisions"}],"predecessor-version":[{"id":8500,"href":"https:\/\/agora.xtec.cat\/iesjpla\/wp-json\/wp\/v2\/pages\/796\/revisions\/8500"}],"up":[{"embeddable":true,"href":"https:\/\/agora.xtec.cat\/iesjpla\/wp-json\/wp\/v2\/pages\/57"}],"wp:attachment":[{"href":"https:\/\/agora.xtec.cat\/iesjpla\/wp-json\/wp\/v2\/media?parent=796"}],"curies":[{"name":"wp","href":"https:\/\/api.w.org\/{rel}","templated":true}]}}