{"id":754,"date":"2017-01-28T20:04:09","date_gmt":"2017-01-28T19:04:09","guid":{"rendered":"http:\/\/agora.xtec.cat\/iesjpla\/?page_id=754"},"modified":"2025-10-09T09:59:49","modified_gmt":"2025-10-09T07:59:49","slug":"ampa","status":"publish","type":"page","link":"https:\/\/agora.xtec.cat\/iesjpla\/ampa\/","title":{"rendered":"AFA"},"content":{"rendered":"<p style=\"text-align: justify;\"><a href=\"https:\/\/agora.xtec.cat\/iesjpla\/wp-content\/uploads\/usu1249\/2025\/10\/IMG-20250926-WA0014-scaled-e1759995536332.jpg\"><img loading=\"lazy\" decoding=\"async\" class=\"alignnone size-large wp-image-10581\" src=\"https:\/\/agora.xtec.cat\/iesjpla\/wp-content\/uploads\/usu1249\/2025\/10\/IMG-20250926-WA0014-1024x292.jpg\" alt=\"\" width=\"1024\" height=\"292\" \/><\/a><\/p>\n<p style=\"text-align: justify;\">L&#8217;AFA de l&#8217;Institut Josep Pla t\u00e9 una <a href=\"https:\/\/afajoseppla.cat\/\">p\u00e0gina web<\/a> on trobareu informaci\u00f3 sobre el seu funcionament i objectius, la reutilitzaci\u00f3 del llibres de text, les activitats extraescolars que gestiona, el menjador i moltes d&#8217;altres informacions d&#8217;inter\u00e8s per a les fam\u00edlies del nostre institut.<\/p>\n<p style=\"text-align: justify;\">Us podeu comunicar amb l&#8217;AFA a trav\u00e9s del seu correu: <a href=\"mailto:afa@insjpla.cat\">afa@insjpla.cat<\/a><\/p>\n","protected":false},"excerpt":{"rendered":"<p>L&#8217;AFA de l&#8217;Institut Josep Pla t\u00e9 una p\u00e0gina web on trobareu informaci\u00f3 sobre el seu funcionament i objectius, la reutilitzaci\u00f3 del llibres de text, les activitats extraescolars que gestiona, el menjador i moltes d&#8217;altres informacions d&#8217;inter\u00e8s per a les fam\u00edlies del nostre institut. Us podeu comunicar amb l&#8217;AFA a trav\u00e9s del seu correu: afa@insjpla.cat<\/p>\n","protected":false},"author":1,"featured_media":0,"parent":0,"menu_order":0,"comment_status":"closed","ping_status":"closed","template":"","meta":{"_bbp_topic_count":0,"_bbp_reply_count":0,"_bbp_total_topic_count":0,"_bbp_total_reply_count":0,"_bbp_voice_count":0,"_bbp_anonymous_reply_count":0,"_bbp_topic_count_hidden":0,"_bbp_reply_count_hidden":0,"_bbp_forum_subforum_count":0,"site-sidebar-layout":"default","site-content-layout":"","ast-site-content-layout":"default","site-content-style":"default","site-sidebar-style":"default","ast-global-header-display":"","ast-banner-title-visibility":"","ast-main-header-display":"","ast-hfb-above-header-display":"","ast-hfb-below-header-display":"","ast-hfb-mobile-header-display":"","site-post-title":"","ast-breadcrumbs-content":"","ast-featured-img":"","footer-sml-layout":"","theme-transparent-header-meta":"default","adv-header-id-meta":"","stick-header-meta":"","header-above-stick-meta":"","header-main-stick-meta":"","header-below-stick-meta":"","astra-migrate-meta-layouts":"set","ast-page-background-enabled":"default","ast-page-background-meta":{"desktop":{"background-color":"var(--ast-global-color-4)","background-image":"","background-repeat":"repeat","background-position":"center center","background-size":"auto","background-attachment":"scroll","background-type":"","background-media":"","overlay-type":"","overlay-color":"","overlay-opacity":"","overlay-gradient":""},"tablet":{"background-color":"","background-image":"","background-repeat":"repeat","background-position":"center center","background-size":"auto","background-attachment":"scroll","background-type":"","background-media":"","overlay-type":"","overlay-color":"","overlay-opacity":"","overlay-gradient":""},"mobile":{"background-color":"","background-image":"","background-repeat":"repeat","background-position":"center center","background-size":"auto","background-attachment":"scroll","background-type":"","background-media":"","overlay-type":"","overlay-color":"","overlay-opacity":"","overlay-gradient":""}},"ast-content-background-meta":{"desktop":{"background-color":"var(--ast-global-color-5)","background-image":"","background-repeat":"repeat","background-position":"center center","background-size":"auto","background-attachment":"scroll","background-type":"","background-media":"","overlay-type":"","overlay-color":"","overlay-opacity":"","overlay-gradient":""},"tablet":{"background-color":"var(--ast-global-color-5)","background-image":"","background-repeat":"repeat","background-position":"center center","background-size":"auto","background-attachment":"scroll","background-type":"","background-media":"","overlay-type":"","overlay-color":"","overlay-opacity":"","overlay-gradient":""},"mobile":{"background-color":"var(--ast-global-color-5)","background-image":"","background-repeat":"repeat","background-position":"center center","background-size":"auto","background-attachment":"scroll","background-type":"","background-media":"","overlay-type":"","overlay-color":"","overlay-opacity":"","overlay-gradient":""}},"footnotes":""},"class_list":["post-754","page","type-page","status-publish","hentry"],"post_mailing_queue_ids":[],"_links":{"self":[{"href":"https:\/\/agora.xtec.cat\/iesjpla\/wp-json\/wp\/v2\/pages\/754","targetHints":{"allow":["GET"]}}],"collection":[{"href":"https:\/\/agora.xtec.cat\/iesjpla\/wp-json\/wp\/v2\/pages"}],"about":[{"href":"https:\/\/agora.xtec.cat\/iesjpla\/wp-json\/wp\/v2\/types\/page"}],"author":[{"embeddable":true,"href":"https:\/\/agora.xtec.cat\/iesjpla\/wp-json\/wp\/v2\/users\/1"}],"replies":[{"embeddable":true,"href":"https:\/\/agora.xtec.cat\/iesjpla\/wp-json\/wp\/v2\/comments?post=754"}],"version-history":[{"count":6,"href":"https:\/\/agora.xtec.cat\/iesjpla\/wp-json\/wp\/v2\/pages\/754\/revisions"}],"predecessor-version":[{"id":10588,"href":"https:\/\/agora.xtec.cat\/iesjpla\/wp-json\/wp\/v2\/pages\/754\/revisions\/10588"}],"wp:attachment":[{"href":"https:\/\/agora.xtec.cat\/iesjpla\/wp-json\/wp\/v2\/media?parent=754"}],"curies":[{"name":"wp","href":"https:\/\/api.w.org\/{rel}","templated":true}]}}