{"id":75,"date":"2014-09-18T10:21:02","date_gmt":"2014-09-18T09:21:02","guid":{"rendered":"http:\/\/agora.xtec.cat\/iesjpla\/?page_id=75"},"modified":"2025-09-25T12:33:06","modified_gmt":"2025-09-25T10:33:06","slug":"activitats-extraescolars","status":"publish","type":"page","link":"https:\/\/agora.xtec.cat\/iesjpla\/serveis\/activitats-extraescolars\/","title":{"rendered":"Activitats extraescolars"},"content":{"rendered":"<p>&nbsp;<\/p>\n<p style=\"text-align: justify;\"><strong>ANGL\u00c8S AMB\u00a0 <img loading=\"lazy\" decoding=\"async\" class=\"\" src=\"https:\/\/startupestudis.com\/wp-content\/uploads\/2023\/07\/logo.png\" width=\"78\" height=\"20\" \/>\u00a0 A L&#8217;INSTITUT<\/strong><\/p>\n<p style=\"text-align: justify;\"><strong>Horaris:<\/strong> dilluns 15:30-17:00 h i dimecres 15:00-16:30 h.<\/p>\n<p style=\"text-align: justify;\">Aqu\u00ed trobareu el <a href=\"https:\/\/agora.xtec.cat\/iesjpla\/wp-content\/uploads\/usu1249\/2023\/12\/Flyer-Escoles-2023-ESO-mon-wed_compressed.pdf\"><span style=\"text-decoration: underline;\"><strong>fullet\u00f3 extraescolar<\/strong><\/span><\/a> amb m\u00e9s informaci\u00f3.<\/p>\n<p>&nbsp;<\/p>\n<p style=\"text-align: justify;\"><strong><a href=\"http:\/\/agora.xtec.cat\/iesjpla\/wp-content\/uploads\/usu1249\/2014\/09\/volei.jpg\"><img loading=\"lazy\" decoding=\"async\" class=\"wp-image-569 alignright\" src=\"http:\/\/agora.xtec.cat\/iesjpla\/wp-content\/uploads\/usu1249\/2014\/09\/volei.jpg\" alt=\"SONY DSC\" width=\"372\" height=\"249\" srcset=\"https:\/\/agora.xtec.cat\/iesjpla\/wp-content\/uploads\/usu1249\/2014\/09\/volei.jpg 448w, https:\/\/agora.xtec.cat\/iesjpla\/wp-content\/uploads\/usu1249\/2014\/09\/volei-300x201.jpg 300w\" sizes=\"auto, (max-width: 372px) 100vw, 372px\" \/><\/a>VOLEIBOL<\/strong><\/p>\n<p><strong>Horaris<\/strong><\/p>\n<p>1r d\u2019ESO: dimarts i dijous de 17.15 a 18.45h<br \/>\n2n d\u2019ESO: dilluns i dimecres de 17.15h a 18.45h<br \/>\n3r i 4t d\u2019ESO: dimarts i dijous de 18.45 a 20.15h<br \/>\n1r i 2n curs de batxillerat: dilluns i dimecres de 18.45 a 20.15 h.<\/p>\n<p>Poden haver-hi alguns ajustaments en cas de tenir m\u00e9s d\u2019un equip per categoria (m\u00e0xim 15 jugadores i jugadors).<\/p>\n<p style=\"text-align: left;\">Aquesta activitat l\u2019organitza l\u2019Associaci\u00f3 AEE Josep Pla. Aqu\u00ed trobareu el <strong><a href=\"https:\/\/agora.xtec.cat\/iesjpla\/wp-content\/uploads\/usu1249\/2025\/09\/Volei_Presentacio-AEE_25-26.pdf\">fullet\u00f3 informatiu<\/a><\/strong> i la <strong><a href=\"https:\/\/agora.xtec.cat\/iesjpla\/wp-content\/uploads\/usu1249\/2025\/09\/Volei_carta-families.pdf\">carta a les fam\u00edlies<\/a><\/strong>. Per qualsevol dubte podeu escriure a <strong><a href=\"mailto:aee.josep.pla@gmail.com\" target=\"_blank\" rel=\"noopener\">aee.josep.pla@gmail.com<\/a><\/strong>.<\/p>\n<p>&nbsp;<\/p>\n<p style=\"text-align: justify;\"><strong>B\u00c0SQUET AMB EL CLUB B\u00c0SQUET TUR\u00d3 DE LA PEIRA<\/strong><\/p>\n<p><strong>Horaris:<\/strong> dilluns i dimecres 18:30 h 20:30h<\/p>\n<p>Aqu\u00ed trobareu m\u00e9s <a href=\"https:\/\/agora.xtec.cat\/iesjpla\/wp-content\/uploads\/usu1249\/2023\/12\/Informacio-basquet-2022-josep-pla.pdf\"><span style=\"text-decoration: underline;\"><strong>informaci\u00f3<\/strong><\/span><\/a> sobre aquesta extraescolar.<\/p>\n<p>&nbsp;<\/p>\n<p>&nbsp;<\/p>\n","protected":false},"excerpt":{"rendered":"<p>&nbsp; ANGL\u00c8S AMB\u00a0 \u00a0 A L&#8217;INSTITUT Horaris: dilluns 15:30-17:00 h i dimecres 15:00-16:30 h. Aqu\u00ed trobareu el fullet\u00f3 extraescolar amb m\u00e9s informaci\u00f3. &nbsp; VOLEIBOL Horaris 1r d\u2019ESO: dimarts i dijous de 17.15 a 18.45h 2n d\u2019ESO: dilluns i dimecres de 17.15h a 18.45h 3r i 4t d\u2019ESO: dimarts i dijous de 18.45 a 20.15h 1r [&hellip;]<\/p>\n","protected":false},"author":1,"featured_media":0,"parent":63,"menu_order":30,"comment_status":"closed","ping_status":"closed","template":"","meta":{"_bbp_topic_count":0,"_bbp_reply_count":0,"_bbp_total_topic_count":0,"_bbp_total_reply_count":0,"_bbp_voice_count":0,"_bbp_anonymous_reply_count":0,"_bbp_topic_count_hidden":0,"_bbp_reply_count_hidden":0,"_bbp_forum_subforum_count":0,"site-sidebar-layout":"default","site-content-layout":"","ast-site-content-layout":"default","site-content-style":"default","site-sidebar-style":"default","ast-global-header-display":"","ast-banner-title-visibility":"","ast-main-header-display":"","ast-hfb-above-header-display":"","ast-hfb-below-header-display":"","ast-hfb-mobile-header-display":"","site-post-title":"","ast-breadcrumbs-content":"","ast-featured-img":"","footer-sml-layout":"","theme-transparent-header-meta":"default","adv-header-id-meta":"","stick-header-meta":"","header-above-stick-meta":"","header-main-stick-meta":"","header-below-stick-meta":"","astra-migrate-meta-layouts":"set","ast-page-background-enabled":"default","ast-page-background-meta":{"desktop":{"background-color":"var(--ast-global-color-4)","background-image":"","background-repeat":"repeat","background-position":"center center","background-size":"auto","background-attachment":"scroll","background-type":"","background-media":"","overlay-type":"","overlay-color":"","overlay-opacity":"","overlay-gradient":""},"tablet":{"background-color":"","background-image":"","background-repeat":"repeat","background-position":"center center","background-size":"auto","background-attachment":"scroll","background-type":"","background-media":"","overlay-type":"","overlay-color":"","overlay-opacity":"","overlay-gradient":""},"mobile":{"background-color":"","background-image":"","background-repeat":"repeat","background-position":"center center","background-size":"auto","background-attachment":"scroll","background-type":"","background-media":"","overlay-type":"","overlay-color":"","overlay-opacity":"","overlay-gradient":""}},"ast-content-background-meta":{"desktop":{"background-color":"var(--ast-global-color-5)","background-image":"","background-repeat":"repeat","background-position":"center center","background-size":"auto","background-attachment":"scroll","background-type":"","background-media":"","overlay-type":"","overlay-color":"","overlay-opacity":"","overlay-gradient":""},"tablet":{"background-color":"var(--ast-global-color-5)","background-image":"","background-repeat":"repeat","background-position":"center center","background-size":"auto","background-attachment":"scroll","background-type":"","background-media":"","overlay-type":"","overlay-color":"","overlay-opacity":"","overlay-gradient":""},"mobile":{"background-color":"var(--ast-global-color-5)","background-image":"","background-repeat":"repeat","background-position":"center center","background-size":"auto","background-attachment":"scroll","background-type":"","background-media":"","overlay-type":"","overlay-color":"","overlay-opacity":"","overlay-gradient":""}},"footnotes":""},"class_list":["post-75","page","type-page","status-publish","hentry"],"post_mailing_queue_ids":[],"_links":{"self":[{"href":"https:\/\/agora.xtec.cat\/iesjpla\/wp-json\/wp\/v2\/pages\/75","targetHints":{"allow":["GET"]}}],"collection":[{"href":"https:\/\/agora.xtec.cat\/iesjpla\/wp-json\/wp\/v2\/pages"}],"about":[{"href":"https:\/\/agora.xtec.cat\/iesjpla\/wp-json\/wp\/v2\/types\/page"}],"author":[{"embeddable":true,"href":"https:\/\/agora.xtec.cat\/iesjpla\/wp-json\/wp\/v2\/users\/1"}],"replies":[{"embeddable":true,"href":"https:\/\/agora.xtec.cat\/iesjpla\/wp-json\/wp\/v2\/comments?post=75"}],"version-history":[{"count":9,"href":"https:\/\/agora.xtec.cat\/iesjpla\/wp-json\/wp\/v2\/pages\/75\/revisions"}],"predecessor-version":[{"id":10545,"href":"https:\/\/agora.xtec.cat\/iesjpla\/wp-json\/wp\/v2\/pages\/75\/revisions\/10545"}],"up":[{"embeddable":true,"href":"https:\/\/agora.xtec.cat\/iesjpla\/wp-json\/wp\/v2\/pages\/63"}],"wp:attachment":[{"href":"https:\/\/agora.xtec.cat\/iesjpla\/wp-json\/wp\/v2\/media?parent=75"}],"curies":[{"name":"wp","href":"https:\/\/api.w.org\/{rel}","templated":true}]}}