{"id":702,"date":"2017-01-01T13:17:27","date_gmt":"2017-01-01T12:17:27","guid":{"rendered":"http:\/\/agora.xtec.cat\/iesjpla\/?page_id=702"},"modified":"2025-09-23T10:46:31","modified_gmt":"2025-09-23T08:46:31","slug":"tutories","status":"publish","type":"page","link":"https:\/\/agora.xtec.cat\/iesjpla\/tutories\/","title":{"rendered":"Tutories"},"content":{"rendered":"<p style=\"text-align: justify;\">En cas de voler demanar cita amb el tutor o tutora, \u00e9s imprescindible demanar-ho per correu electr\u00f2nic.<\/p>\n<p><span style=\"text-decoration: underline;\"><strong>EDUCACI\u00d3 SECUND\u00c0RIA OBLIGAT\u00d2RIA (ESO)<\/strong><\/span><\/p>\n<table style=\"width: 84.9713%; height: 356px;\">\n<tbody>\n<tr style=\"height: 96px;\">\n<td style=\"height: 10px; width: 18.0906%; text-align: left;\" width=\"66\"><strong>GRUP<\/strong><\/td>\n<td style=\"height: 10px; width: 27.6304%; text-align: left;\" width=\"142\"><strong>TUTORS I TUTORES<\/strong><\/td>\n<td style=\"height: 10px; width: 26.6371%; text-align: left;\" width=\"209\"><strong>HORARI DE VISITA\u00a0<\/strong><\/td>\n<td style=\"width: 77.8032%; height: 10px; text-align: left;\"><strong>CORREU ELECTR\u00d2NIC<\/strong><\/td>\n<\/tr>\n<tr style=\"height: 10px;\">\n<td style=\"height: 10px; width: 18.0906%;\" width=\"66\">\u00a01r A<\/td>\n<td style=\"height: 10px; width: 27.6304%;\" width=\"142\">Majo Teruel<\/td>\n<td style=\"height: 10px; width: 26.6371%;\" width=\"209\">DJ 10:00 &#8211; 11:00<\/td>\n<td style=\"width: 77.8032%; height: 74px;\" rowspan=\"2\"><a href=\"mailto:tut.eso1a.jpla@insjpla.cat\">tut.eso1a.jpla@insjpla.cat<\/a><\/td>\n<\/tr>\n<tr style=\"height: 32px;\">\n<td style=\"width: 18.0906%; height: 64px;\">1r A &#8211; Cotutoria<\/td>\n<td style=\"height: 64px; width: 27.6304%;\" width=\"142\">Francesc Esp\u00edn<\/td>\n<td style=\"width: 26.6371%; height: 64px;\">DM 13:30 &#8211; 14:30<\/td>\n<\/tr>\n<tr style=\"height: 32px;\">\n<td style=\"height: 32px; width: 18.0906%;\" width=\"66\">\u00a01r B<\/td>\n<td style=\"height: 32px; width: 27.6304%;\" width=\"142\">\u00c1lex Mar\u00edn<\/td>\n<td style=\"width: 26.6371%; height: 32px;\">DM 11:30 &#8211; 12:30<\/td>\n<td style=\"width: 77.8032%; height: 96px;\" rowspan=\"2\"><a href=\"mailto:tut.eso1a.jpla@insjpla.cat\">tut.eso1b.jpla@insjpla.cat<\/a><\/td>\n<\/tr>\n<tr style=\"height: 64px;\">\n<td style=\"width: 18.0906%; height: 64px;\">1r B &#8211; Cotutoria<\/td>\n<td style=\"width: 27.6304%; height: 64px;\">Montse Navarro<\/td>\n<td style=\"width: 26.6371%; height: 64px;\">DJ 12:30 &#8211; 13:30<\/td>\n<\/tr>\n<tr style=\"height: 48px;\">\n<td style=\"width: 18.0906%; height: 48px;\">1r C<\/td>\n<td style=\"width: 27.6304%; height: 48px;\">Isabel S\u00e1nchez<\/td>\n<td style=\"width: 26.6371%; height: 48px;\">DM 9:00 &#8211; 10:00<\/td>\n<td style=\"width: 77.8032%; height: 96px;\" rowspan=\"2\"><a href=\"mailto:tut.eso1a.jpla@insjpla.cat\">tut.eso1c.jpla@insjpla.cat<\/a><\/td>\n<\/tr>\n<tr style=\"height: 48px;\">\n<td style=\"width: 18.0906%; height: 48px;\">1r C &#8211; Cotutoria<\/td>\n<td style=\"width: 27.6304%; height: 48px;\">Mireia Miralles<\/td>\n<td style=\"width: 26.6371%; height: 48px;\">DM 11:30 &#8211; 12:30<\/td>\n<\/tr>\n<tr style=\"height: 32px;\">\n<td style=\"width: 18.0906%; height: 32px;\">1r D<\/td>\n<td style=\"width: 27.6304%; height: 32px;\">Ferran Vital<\/td>\n<td style=\"width: 26.6371%; height: 32px;\">DLL 11:30 &#8211; 12:30<\/td>\n<td style=\"width: 77.8032%; height: 32px;\" rowspan=\"2\"><a href=\"mailto:tut.eso1a.jpla@insjpla.cat\">tut.eso1d.jpla@insjpla.cat<\/a><\/td>\n<\/tr>\n<tr style=\"height: 48px;\">\n<td style=\"width: 18.0906%; height: 48px;\">1r D- Cotutoria<\/td>\n<td style=\"width: 27.6304%; height: 48px;\">Lourdes Nevado<\/td>\n<td style=\"width: 26.6371%; height: 48px;\">DLL 12:30 &#8211; 13:30<\/td>\n<\/tr>\n<\/tbody>\n<\/table>\n<table style=\"width: 85.1169%; height: 134px;\">\n<tbody>\n<tr style=\"height: 97px;\">\n<td style=\"width: 16.6074%; height: 10px;\" width=\"66\"><strong>GRUP<\/strong><\/td>\n<td style=\"width: 25.3926%; height: 10px;\" width=\"142\"><strong>TUTORS I TUTORES<\/strong><\/td>\n<td style=\"width: 24.7085%; height: 10px;\" width=\"189\"><strong>HORARI DE VISITA\u00a0<\/strong><\/td>\n<td style=\"width: 28.2531%; height: 10px;\" width=\"189\"><strong>CORREU ELECTR\u00d2NIC<\/strong><\/td>\n<\/tr>\n<tr style=\"height: 10px;\">\n<td style=\"width: 16.6074%; height: 10px;\" width=\"66\">\u00a02n A<\/td>\n<td style=\"width: 25.3926%; height: 10px;\" width=\"142\">Arnau Moro<\/td>\n<td style=\"height: 10px; width: 24.7085%;\" width=\"189\">DM 11:30 &#8211; 12:30<\/td>\n<td style=\"width: 28.2531%; height: 10px;\" rowspan=\"2\" width=\"189\"><a href=\"mailto:tut.eso2a.jpla@insjpla.cat\">tut.eso2a.jpla@insjpla.cat<\/a><\/td>\n<\/tr>\n<tr>\n<td style=\"width: 16.6074%;\">2n A &#8211; Cotutoria<\/td>\n<td style=\"width: 25.3926%;\">Maribel Calvo (substitut David Sol\u00e9)<\/td>\n<td style=\"width: 24.7085%;\">DV 11:30 &#8211; 12:30<\/td>\n<\/tr>\n<tr style=\"height: 33px;\">\n<td style=\"width: 16.6074%; height: 33px;\" width=\"66\">\u00a02n B<\/td>\n<td style=\"width: 25.3926%; height: 33px;\" width=\"142\">Elsa Peris<\/td>\n<td style=\"width: 24.7085%; height: 33px;\">DLL 9:00 &#8211; 10:00<\/td>\n<td style=\"width: 28.2531%; height: 33px;\" rowspan=\"2\" width=\"189\"><a href=\"mailto:tut.eso2b.jpla@insjpla.cat\">tut.eso2b.jpla@insjpla.cat<\/a><\/td>\n<\/tr>\n<tr>\n<td style=\"width: 16.6074%;\">2n B &#8211; Cotutoria<\/td>\n<td style=\"width: 25.3926%;\">Carmen Mel\u00e9ndez (substituta Montse Chavinet)<\/td>\n<td style=\"width: 24.7085%;\">DM 11:30 &#8211; 12:30<\/td>\n<\/tr>\n<tr style=\"height: 33px;\">\n<td style=\"width: 16.6074%; height: 33px;\" width=\"66\">\u00a02n C<\/td>\n<td style=\"width: 25.3926%; height: 33px;\" width=\"142\">Sara Matons (substituta Rosa Mart\u00ednez)<\/td>\n<td style=\"width: 24.7085%; height: 33px;\">DM 11:30 &#8211; 12:30<\/td>\n<td style=\"width: 28.2531%; height: 33px;\" rowspan=\"2\" width=\"189\"><a href=\"mailto:tut.eso2c.jpla@insjpla.cat\">tut.eso2c.jpla@insjpla.cat<\/a><\/td>\n<\/tr>\n<tr style=\"height: 48px;\">\n<td style=\"width: 16.6074%; height: 48px;\">2n C &#8211; Cotutoria<\/td>\n<td style=\"width: 25.3926%; height: 48px;\">Neus Riera<\/td>\n<td style=\"width: 24.7085%; height: 48px;\">DM 10:00 &#8211; 11:00<\/td>\n<\/tr>\n<\/tbody>\n<\/table>\n<table style=\"width: 85.331%; height: 141px;\" width=\"633\">\n<tbody>\n<tr style=\"height: 96px;\">\n<td style=\"width: 17.8355%; height: 10px;\" width=\"76\"><strong>GRUP<\/strong><\/td>\n<td style=\"width: 27.3946%; height: 10px;\" width=\"161\"><strong>TUTORS I TUTORES<\/strong><\/td>\n<td style=\"width: 26.7167%; height: 10px;\" width=\"189\"><strong>HORARI DE VISITA\u00a0<\/strong><\/td>\n<td style=\"width: 92.5513%; height: 10px;\"><strong>CORREU ELECTR\u00d2NIC<\/strong><\/td>\n<\/tr>\n<tr style=\"height: 10px;\">\n<td style=\"width: 17.8355%; height: 10px;\" width=\"76\">\u00a03r A<\/td>\n<td style=\"width: 27.3946%; height: 10px;\" width=\"161\">Eli Salvador<\/td>\n<td style=\"height: 10px; width: 26.7167%;\" width=\"189\">DM 8:00 &#8211; 9:00<\/td>\n<td style=\"width: 92.5513%; height: 10px;\" rowspan=\"2\" width=\"208\"><a href=\"mailto:tut.eso3a.jpla@insjpla.cat\">tut.eso3a.jpla@insjpla.cat<\/a><\/td>\n<\/tr>\n<tr>\n<td style=\"width: 17.8355%;\">3r A &#8211; Cotutoria<\/td>\n<td style=\"width: 27.3946%;\">Ernesto Albareda<\/td>\n<td style=\"width: 26.7167%;\">DM 11:30 &#8211; 12:30<\/td>\n<\/tr>\n<tr style=\"height: 32px;\">\n<td style=\"width: 17.8355%; height: 32px;\" width=\"76\">\u00a03r B<\/td>\n<td style=\"width: 27.3946%; height: 32px;\" width=\"161\">\u00c1ngel Monge<\/td>\n<td style=\"width: 26.7167%; height: 32px;\">DJ 12:30 &#8211; 13:30<\/td>\n<td style=\"width: 92.5513%; height: 32px;\" rowspan=\"2\" width=\"208\"><a href=\"mailto:tut.eso3b.jpla@insjpla.cat\">tut.eso3b.jpla@insjpla.cat<\/a><\/td>\n<\/tr>\n<tr>\n<td style=\"width: 17.8355%;\">3r B &#8211; Cotutoria<\/td>\n<td style=\"width: 27.3946%;\">N\u00faria Sala (substitut V\u00edctor Villaplana)<\/td>\n<td style=\"width: 26.7167%;\">DV 9:00 &#8211; 10:00<\/td>\n<\/tr>\n<tr style=\"height: 32px;\">\n<td style=\"width: 17.8355%; height: 32px;\" width=\"76\">\u00a03r C<\/td>\n<td style=\"width: 27.3946%; height: 32px;\" width=\"161\">Elisa Rodr\u00edguez<\/td>\n<td style=\"width: 26.7167%; height: 32px;\">DV 10:00 &#8211; 11:00<\/td>\n<td style=\"width: 92.5513%; height: 32px;\" rowspan=\"2\" width=\"208\"><a href=\"mailto:tut.eso3c.jpla@insjpla.cat\">tut.eso3c.jpla@insjpla.cat<\/a><\/td>\n<\/tr>\n<tr style=\"height: 57px;\">\n<td style=\"width: 17.8355%; height: 57px;\">3r C &#8211; Cotutoria<\/td>\n<td style=\"width: 27.3946%; height: 57px;\">Carmen Colomer<\/td>\n<td style=\"width: 26.7167%; height: 57px;\">DV 11:30 &#8211; 12:30<\/td>\n<\/tr>\n<\/tbody>\n<\/table>\n<table style=\"width: 85.5072%; height: 264px;\" width=\"624\">\n<tbody>\n<tr style=\"height: 97px;\">\n<td style=\"width: 17.3455%; height: 10px;\" width=\"66\"><strong>GRUP<\/strong><\/td>\n<td style=\"width: 26.3899%; height: 10px;\" width=\"170\"><strong>TUTORS I TUTORES<\/strong><\/td>\n<td style=\"width: 25.8075%; height: 10px;\" width=\"180\"><strong>HORARI DE VISITA\u00a0<\/strong><\/td>\n<td style=\"width: 29.4054%; height: 10px;\" width=\"208\"><strong>CORREU ELECTR\u00d2NIC <\/strong><\/td>\n<\/tr>\n<tr style=\"height: 33px;\">\n<td style=\"width: 17.3455%; height: 33px;\" width=\"66\">\u00a04t A (diversificaci\u00f3)<\/td>\n<td style=\"width: 26.3899%; height: 33px;\" width=\"170\">Eva Crespo<\/td>\n<td style=\"width: 25.8075%; height: 33px;\" width=\"180\">DJ 11:30 &#8211; 12:30<\/td>\n<td style=\"width: 29.4054%; height: 33px;\" width=\"208\"><a href=\"mailto:tut.eso4a.jpla@insjpla.cat\">tut.eso4a.jpla@insjpla.cat<\/a><\/td>\n<\/tr>\n<tr style=\"height: 33px;\">\n<td style=\"width: 17.3455%; height: 13px;\" width=\"66\">\u00a04t B<\/td>\n<td style=\"width: 26.3899%; height: 13px;\" width=\"170\">Elena Gasc\u00f3n<\/td>\n<td style=\"width: 25.8075%; height: 13px;\">DLL 12:30 &#8211; 13:30<\/td>\n<td style=\"width: 29.4054%; height: 61px;\" rowspan=\"2\" width=\"208\"><a href=\"mailto:tut.eso4b.jpla@insjpla.cat\">tut.eso4b.jpla@insjpla.cat<\/a><\/td>\n<\/tr>\n<tr style=\"height: 48px;\">\n<td style=\"width: 17.3455%; height: 48px;\">4t B &#8211; Cotutoria<\/td>\n<td style=\"width: 26.3899%; height: 48px;\">Susana Castro<\/td>\n<td style=\"width: 25.8075%; height: 48px;\">DM 11:30 &#8211; 12:30<\/td>\n<\/tr>\n<tr style=\"height: 33px;\">\n<td style=\"width: 17.3455%; height: 10px;\" width=\"66\">\u00a04t C<\/td>\n<td style=\"width: 26.3899%; height: 10px;\" width=\"170\">Ram\u00f3n G\u00f3mez<\/td>\n<td style=\"width: 25.8075%; height: 10px;\">DM 10:00 &#8211; 11:00<\/td>\n<td style=\"width: 29.4054%; height: 55px;\" rowspan=\"2\" width=\"208\"><a href=\"mailto:tut.eso4c.jpla@insjpla.cat\">tut.eso4c.jpla@insjpla.cat<\/a><\/td>\n<\/tr>\n<tr style=\"height: 45px;\">\n<td style=\"width: 17.3455%; height: 45px;\">4t C &#8211; Cotutoria<\/td>\n<td style=\"width: 26.3899%; height: 45px;\">S\u00f2nia Gumbau<\/td>\n<td style=\"width: 25.8075%; height: 45px;\">DLL 11:30 &#8211; 12:30<\/td>\n<\/tr>\n<tr style=\"height: 57px;\">\n<td style=\"width: 17.3455%; height: 57px;\">4t D<\/td>\n<td style=\"width: 26.3899%; height: 57px;\">Assumpta Dur\u00e0<\/td>\n<td style=\"width: 25.8075%; height: 57px;\">DJ 11:30 &#8211; 12:30<\/td>\n<td style=\"width: 29.4054%; height: 57px;\" rowspan=\"2\"><a href=\"mailto:tut.eso4d.jpla@insjpla.cat\">tut.eso4d.jpla@insjpla.cat<\/a><\/td>\n<\/tr>\n<tr style=\"height: 48px;\">\n<td style=\"width: 17.3455%; height: 48px;\">4t D &#8211; Cotutoria<\/td>\n<td style=\"width: 26.3899%; height: 48px;\">Rosa Su\u00f1er<\/td>\n<td style=\"width: 25.8075%; height: 48px;\">DJ 11:30 &#8211; 12:30<\/td>\n<\/tr>\n<\/tbody>\n<\/table>\n<table style=\"width: 85.6396%; height: 101px;\">\n<tbody>\n<tr>\n<td style=\"width: 17.2597%;\" width=\"66\"><strong>GRUP<\/strong><\/td>\n<td style=\"width: 26.1519%;\" width=\"170\"><strong>TUTORS I TUTORES<\/strong><\/td>\n<td style=\"width: 25.6133%;\" width=\"180\"><strong>HORARI DE VISITA\u00a0<\/strong><\/td>\n<td style=\"width: 29.1433%;\" width=\"208\"><strong>CORREU ELECTR\u00d2NIC <\/strong><\/td>\n<\/tr>\n<tr>\n<td style=\"width: 17.2597%;\" width=\"66\">SIEI<\/td>\n<td style=\"width: 26.1519%;\" width=\"170\">Montse Mart\u00edn<\/td>\n<td style=\"width: 25.6133%;\" width=\"180\">DLL 11:30 &#8211; 12:30<\/td>\n<td style=\"width: 29.1433%;\" width=\"208\"><a href=\"mailto:sieijoseppla@insjpla.cat\">sieijoseppla@insjpla.cat<\/a><\/td>\n<\/tr>\n<\/tbody>\n<\/table>\n<p><span style=\"text-decoration: underline;\"><strong>BATXILLERAT<\/strong><\/span><\/p>\n<table style=\"width: 85.4501%; height: 74px;\" width=\"622\">\n<tbody>\n<tr style=\"height: 96px;\">\n<td style=\"height: 10px; width: 16.6698%;\" width=\"83\"><strong>GRUP<\/strong><\/td>\n<td style=\"height: 10px; width: 25.1264%;\" width=\"161\"><strong>TUTORS I TUTORES<\/strong><\/td>\n<td style=\"height: 10px; width: 24.795%;\" width=\"189\"><strong>HORARI DE VISITA\u00a0 <\/strong><\/td>\n<td style=\"height: 10px; width: 27.8261%;\" width=\"189\"><strong>CORREU ELECTR\u00d2NIC<\/strong><\/td>\n<\/tr>\n<tr style=\"height: 32px;\">\n<td style=\"height: 32px; width: 16.6698%;\" width=\"83\">BAT 1r A<\/td>\n<td style=\"height: 32px; width: 25.1264%;\" width=\"161\">Marina Pi\u00f1ol<\/td>\n<td style=\"height: 32px; width: 24.795%;\" width=\"189\">DM 9:00 &#8211; 10:00<\/td>\n<td style=\"height: 32px; width: 27.8261%;\" width=\"189\"><a href=\"mailto:tut.bat1a.jpla@insjpla.cat\">tut.bat1a.jpla@insjpla.cat<\/a><\/td>\n<\/tr>\n<tr style=\"height: 32px;\">\n<td style=\"height: 32px; width: 16.6698%;\" width=\"83\">BAT 1r B<\/td>\n<td style=\"height: 32px; width: 25.1264%;\" width=\"161\">Catalina G\u00f3mez<\/td>\n<td style=\"width: 24.795%; height: 32px;\">DLL 12:30 &#8211; 13:30<\/td>\n<td style=\"height: 32px; width: 27.8261%;\" width=\"189\"><a href=\"mailto:tut.bat1b.jpla@insjpla.cat\">tut.bat1b.jpla<span class=\"\">@insjpla.cat<\/span><\/a><\/td>\n<\/tr>\n<\/tbody>\n<\/table>\n<table style=\"width: 85.9177%; height: 52px;\" width=\"622\">\n<tbody>\n<tr style=\"height: 96px;\">\n<td style=\"height: 10px; width: 17.8902%;\" width=\"83\"><strong>GRUP<\/strong><\/td>\n<td style=\"height: 10px; width: 27.3078%;\" width=\"161\"><strong>TUTORS I TUTORES<\/strong><\/td>\n<td style=\"height: 10px; width: 26.7055%;\" width=\"189\"><strong>HORARI DE VISITA\u00a0 <\/strong><\/td>\n<td style=\"height: 10px; width: 67.2653%;\" width=\"189\"><strong>CORREU ELECTR\u00d2NIC<\/strong><\/td>\n<\/tr>\n<tr style=\"height: 14px;\">\n<td style=\"height: 10px; width: 17.8902%;\" width=\"83\">BAT 2n A<\/td>\n<td style=\"height: 10px; width: 27.3078%;\" width=\"161\">Roser Mart\u00ed<\/td>\n<td style=\"height: 10px; width: 26.7055%;\" width=\"189\">DX 12:30 &#8211; 13:30<\/td>\n<td style=\"height: 10px; width: 67.2653%;\" width=\"189\"><a href=\"mailto:tut.bat2a.jpla@insjpla.cat\">tut.bat2a.jpla@insjpla.cat<\/a><\/td>\n<\/tr>\n<tr style=\"height: 32px;\">\n<td style=\"height: 32px; width: 17.8902%;\" width=\"83\">BAT 2n B<\/td>\n<td style=\"height: 32px; width: 27.3078%;\" width=\"161\">Ana Deblas<\/td>\n<td style=\"width: 26.7055%; height: 32px;\">DLL 11:30 &#8211; 12:30<\/td>\n<td style=\"height: 32px; width: 67.2653%;\" width=\"189\"><a href=\"mailto:tut.bat1b.jpla@insjpla.cat\">tut.bat2b.jpla@insjpla.cat<\/a><\/td>\n<\/tr>\n<\/tbody>\n<\/table>\n","protected":false},"excerpt":{"rendered":"<p>En cas de voler demanar cita amb el tutor o tutora, \u00e9s imprescindible demanar-ho per correu electr\u00f2nic. EDUCACI\u00d3 SECUND\u00c0RIA OBLIGAT\u00d2RIA (ESO) GRUP TUTORS I TUTORES HORARI DE VISITA\u00a0 CORREU ELECTR\u00d2NIC \u00a01r A Majo Teruel DJ 10:00 &#8211; 11:00 tut.eso1a.jpla@insjpla.cat 1r A &#8211; Cotutoria Francesc Esp\u00edn DM 13:30 &#8211; 14:30 \u00a01r B \u00c1lex Mar\u00edn DM 11:30 [&hellip;]<\/p>\n","protected":false},"author":1,"featured_media":0,"parent":0,"menu_order":56,"comment_status":"closed","ping_status":"closed","template":"","meta":{"_bbp_topic_count":0,"_bbp_reply_count":0,"_bbp_total_topic_count":0,"_bbp_total_reply_count":0,"_bbp_voice_count":0,"_bbp_anonymous_reply_count":0,"_bbp_topic_count_hidden":0,"_bbp_reply_count_hidden":0,"_bbp_forum_subforum_count":0,"site-sidebar-layout":"default","site-content-layout":"","ast-site-content-layout":"","site-content-style":"default","site-sidebar-style":"default","ast-global-header-display":"","ast-banner-title-visibility":"","ast-main-header-display":"","ast-hfb-above-header-display":"","ast-hfb-below-header-display":"","ast-hfb-mobile-header-display":"","site-post-title":"","ast-breadcrumbs-content":"","ast-featured-img":"","footer-sml-layout":"","theme-transparent-header-meta":"","adv-header-id-meta":"","stick-header-meta":"","header-above-stick-meta":"","header-main-stick-meta":"","header-below-stick-meta":"","astra-migrate-meta-layouts":"default","ast-page-background-enabled":"default","ast-page-background-meta":{"desktop":{"background-color":"var(--ast-global-color-4)","background-image":"","background-repeat":"repeat","background-position":"center center","background-size":"auto","background-attachment":"scroll","background-type":"","background-media":"","overlay-type":"","overlay-color":"","overlay-opacity":"","overlay-gradient":""},"tablet":{"background-color":"","background-image":"","background-repeat":"repeat","background-position":"center center","background-size":"auto","background-attachment":"scroll","background-type":"","background-media":"","overlay-type":"","overlay-color":"","overlay-opacity":"","overlay-gradient":""},"mobile":{"background-color":"","background-image":"","background-repeat":"repeat","background-position":"center center","background-size":"auto","background-attachment":"scroll","background-type":"","background-media":"","overlay-type":"","overlay-color":"","overlay-opacity":"","overlay-gradient":""}},"ast-content-background-meta":{"desktop":{"background-color":"var(--ast-global-color-5)","background-image":"","background-repeat":"repeat","background-position":"center center","background-size":"auto","background-attachment":"scroll","background-type":"","background-media":"","overlay-type":"","overlay-color":"","overlay-opacity":"","overlay-gradient":""},"tablet":{"background-color":"var(--ast-global-color-5)","background-image":"","background-repeat":"repeat","background-position":"center center","background-size":"auto","background-attachment":"scroll","background-type":"","background-media":"","overlay-type":"","overlay-color":"","overlay-opacity":"","overlay-gradient":""},"mobile":{"background-color":"var(--ast-global-color-5)","background-image":"","background-repeat":"repeat","background-position":"center center","background-size":"auto","background-attachment":"scroll","background-type":"","background-media":"","overlay-type":"","overlay-color":"","overlay-opacity":"","overlay-gradient":""}},"footnotes":""},"class_list":["post-702","page","type-page","status-publish","hentry"],"post_mailing_queue_ids":[],"_links":{"self":[{"href":"https:\/\/agora.xtec.cat\/iesjpla\/wp-json\/wp\/v2\/pages\/702","targetHints":{"allow":["GET"]}}],"collection":[{"href":"https:\/\/agora.xtec.cat\/iesjpla\/wp-json\/wp\/v2\/pages"}],"about":[{"href":"https:\/\/agora.xtec.cat\/iesjpla\/wp-json\/wp\/v2\/types\/page"}],"author":[{"embeddable":true,"href":"https:\/\/agora.xtec.cat\/iesjpla\/wp-json\/wp\/v2\/users\/1"}],"replies":[{"embeddable":true,"href":"https:\/\/agora.xtec.cat\/iesjpla\/wp-json\/wp\/v2\/comments?post=702"}],"version-history":[{"count":10,"href":"https:\/\/agora.xtec.cat\/iesjpla\/wp-json\/wp\/v2\/pages\/702\/revisions"}],"predecessor-version":[{"id":10534,"href":"https:\/\/agora.xtec.cat\/iesjpla\/wp-json\/wp\/v2\/pages\/702\/revisions\/10534"}],"wp:attachment":[{"href":"https:\/\/agora.xtec.cat\/iesjpla\/wp-json\/wp\/v2\/media?parent=702"}],"curies":[{"name":"wp","href":"https:\/\/api.w.org\/{rel}","templated":true}]}}