{"id":672,"date":"2016-12-31T20:34:50","date_gmt":"2016-12-31T19:34:50","guid":{"rendered":"http:\/\/agora.xtec.cat\/iesjpla\/?page_id=672"},"modified":"2025-04-07T11:48:59","modified_gmt":"2025-04-07T09:48:59","slug":"orientacio-batxillerat","status":"publish","type":"page","link":"https:\/\/agora.xtec.cat\/iesjpla\/estudis\/orientacio-batxillerat\/","title":{"rendered":"Orientaci\u00f3 batxillerat"},"content":{"rendered":"<p><a href=\"http:\/\/agora.xtec.cat\/iesjpla\/wp-content\/uploads\/usu1249\/2016\/12\/Orientaci\u00f3n-Vocacional-1.jpg\"><img loading=\"lazy\" decoding=\"async\" class=\"aligncenter wp-image-614\" src=\"http:\/\/agora.xtec.cat\/iesjpla\/wp-content\/uploads\/usu1249\/2016\/12\/Orientaci\u00f3n-Vocacional-1.jpg\" alt=\"orientacion-vocacional-1\" width=\"239\" height=\"139\" srcset=\"https:\/\/agora.xtec.cat\/iesjpla\/wp-content\/uploads\/usu1249\/2016\/12\/Orientaci\u00f3n-Vocacional-1.jpg 792w, https:\/\/agora.xtec.cat\/iesjpla\/wp-content\/uploads\/usu1249\/2016\/12\/Orientaci\u00f3n-Vocacional-1-300x175.jpg 300w, https:\/\/agora.xtec.cat\/iesjpla\/wp-content\/uploads\/usu1249\/2016\/12\/Orientaci\u00f3n-Vocacional-1-768x447.jpg 768w\" sizes=\"auto, (max-width: 239px) 100vw, 239px\" \/><\/a><\/p>\n<p>En aquest <a href=\"https:\/\/sites.google.com\/insjpla.cat\/idespresdebatxilleratque\/inici\"><strong>SITE<\/strong><\/a> trobareu tota la informaci\u00f3 que us pot resultar d&#8217;inter\u00e8s.<\/p>\n<h4>Recull de recursos d&#8217;orientaci\u00f3 per a l&#8217;alumnat de batxillerat<\/h4>\n<p style=\"text-align: justify;\"><a href=\"http:\/\/agora.xtec.cat\/iesjpla\/wp-content\/uploads\/usu1249\/2016\/12\/informat.jpg\"><img loading=\"lazy\" decoding=\"async\" class=\" wp-image-622 alignleft\" src=\"http:\/\/agora.xtec.cat\/iesjpla\/wp-content\/uploads\/usu1249\/2016\/12\/informat.jpg\" alt=\"informat\" width=\"319\" height=\"188\" srcset=\"https:\/\/agora.xtec.cat\/iesjpla\/wp-content\/uploads\/usu1249\/2016\/12\/informat.jpg 748w, https:\/\/agora.xtec.cat\/iesjpla\/wp-content\/uploads\/usu1249\/2016\/12\/informat-300x177.jpg 300w\" sizes=\"auto, (max-width: 319px) 100vw, 319px\" \/><\/a><\/p>\n<p>&nbsp;<\/p>\n<p style=\"text-align: justify;\">A la web de l\u2019Ajuntament <a href=\"http:\/\/www.informat.cat\/\" target=\"_blank\" rel=\"noopener noreferrer\">Informa\u2019t<\/a> hi ha diferents apartats \u00fatils per a l\u2019orientaci\u00f3 sobre els estudis postobligatoris.<\/p>\n<p>&nbsp;<\/p>\n<p>&nbsp;<\/p>\n<p>Unportal:\u00a0<a href=\"https:\/\/www.unportal.net\/\">Web de l&#8217;Educaci\u00f3 Postobligatoria a Catalunya <\/a><a href=\"http:\/\/agora.xtec.cat\/iesjpla\/wp-content\/uploads\/usu1249\/2016\/12\/univ-1.jpg\"><img loading=\"lazy\" decoding=\"async\" class=\"size-full wp-image-681 alignleft\" src=\"http:\/\/agora.xtec.cat\/iesjpla\/wp-content\/uploads\/usu1249\/2016\/12\/univ-1.jpg\" alt=\"univ\" width=\"327\" height=\"233\" srcset=\"https:\/\/agora.xtec.cat\/iesjpla\/wp-content\/uploads\/usu1249\/2016\/12\/univ-1.jpg 327w, https:\/\/agora.xtec.cat\/iesjpla\/wp-content\/uploads\/usu1249\/2016\/12\/univ-1-300x214.jpg 300w\" sizes=\"auto, (max-width: 327px) 100vw, 327px\" \/><\/a><\/p>\n<p><a href=\"http:\/\/web.gencat.cat\/ca\/temes\/universitat\/\" target=\"_blank\" rel=\"noopener noreferrer\">Web de la Generalitat sobre les universitats catalanes<\/a><\/p>\n<p style=\"text-align: justify;\">A la web <a href=\"https:\/\/universitats.gencat.cat\/ca\/inici\" target=\"_blank\" rel=\"noopener noreferrer\">Estudiar a la universitat<\/a>\u00a0hi ha informaci\u00f3 sobre els requisits per accedir a la universitat, centres universitaris, estudis, beques i ajuts.<\/p>\n<p style=\"text-align: justify;\">La p\u00e0gina web\u00a0<a href=\"http:\/\/aplicacions.universitats.gencat.cat\/qpq\/AppJava\/real\/iniciar.do\" target=\"_blank\" rel=\"noopener noreferrer\">Qu\u00e8 i per qu\u00e8 estudiar a les universitats catalanes?\u00a0(QPQ)<\/a> posa a l\u2019abast de l\u2019alumnat la informaci\u00f3 i les eines necess\u00e0ries per planificar el seu futur acad\u00e8mic. Es troben totes les dades permanentment actualitzades dels estudis oficials de grau i m\u00e0ster universitari que s&#8217;imparteixen a Catalunya. Tamb\u00e9 hi ha un\u00a0simulador de notes\u00a0per calcular, d&#8217;una forma aproximada, la nota d&#8217;admissi\u00f3, per a cadascun dels estudis de grau. Es pot rebre informaci\u00f3 puntual a trav\u00e9s de la p\u00e0gina de\u00a0<a href=\"https:\/\/www.facebook.com\/universitats\" target=\"_blank\" rel=\"noopener noreferrer\">Facebook<\/a>\u00a0i del perfil de\u00a0<a href=\"https:\/\/twitter.com\/universitatscat\" target=\"_blank\" rel=\"noopener noreferrer\">Twitter<\/a>\u00a0d&#8217;Universitats.<br \/>\nSi es vol accedir a un grau des d&#8217;un CFGS, des <a href=\"http:\/\/aplicacions.universitats.gencat.cat\/qpq\/AppJava\/real\/llistarGrauPerAcces.do?idioma=ca\" target=\"_blank\" rel=\"noopener noreferrer\">d&#8217;aquesta web<\/a> es pot consultar quins graus tenen acc\u00e9s des de cada CFGS.<\/p>\n<h5 style=\"text-align: justify;\">Jornades de portes obertes a les universitats p\u00fabliques<\/h5>\n<p><a href=\"http:\/\/agora.xtec.cat\/iesjpla\/wp-content\/uploads\/usu1249\/2016\/12\/Visites-Campus.jpg\"><img loading=\"lazy\" decoding=\"async\" class=\" wp-image-676 alignleft\" src=\"http:\/\/agora.xtec.cat\/iesjpla\/wp-content\/uploads\/usu1249\/2016\/12\/Visites-Campus.jpg\" alt=\"visites-campus\" width=\"314\" height=\"209\" srcset=\"https:\/\/agora.xtec.cat\/iesjpla\/wp-content\/uploads\/usu1249\/2016\/12\/Visites-Campus.jpg 398w, https:\/\/agora.xtec.cat\/iesjpla\/wp-content\/uploads\/usu1249\/2016\/12\/Visites-Campus-300x200.jpg 300w\" sizes=\"auto, (max-width: 314px) 100vw, 314px\" \/><\/a><a href=\"https:\/\/www.ub.edu\/futurs\/\" target=\"_blank\" rel=\"noopener noreferrer\">Universitat de Barcelona (UB<\/a><a href=\"https:\/\/www.ub.edu\/futurs\/\">)<\/a><br \/>\n<a href=\"https:\/\/www.uab.cat\/web\/estudiar\/visita-la-uab\/totes-les-activitats-del-programa-visita-la-uab-1345664606230.html\" target=\"_blank\" rel=\"noopener noreferrer\">Universitat Aut\u00f2noma de Barcelona (UAB)<\/a><br \/>\n<a href=\"https:\/\/www.upc.edu\/ca\/futurs-estudiants\" target=\"_blank\" rel=\"noopener noreferrer\">Universitat Polit\u00e8cnica de Catalunya (UPC)<\/a><br \/>\n<a href=\"https:\/\/www.upf.edu\/estudis\" target=\"_blank\" rel=\"noopener noreferrer\">Universitat Pompeu Fabra (UPF)<\/a><\/p>\n<h5 style=\"text-align: justify;\"><\/h5>\n<p>&nbsp;<\/p>\n<p>&nbsp;<\/p>\n<h5 style=\"text-align: justify;\">Informaci\u00f3 sobre les PAU<\/h5>\n<p style=\"text-align: justify;\"><a href=\"http:\/\/agora.xtec.cat\/iesjpla\/wp-content\/uploads\/usu1249\/2016\/12\/PAU_1.jpg\"><img loading=\"lazy\" decoding=\"async\" class=\" wp-image-683 alignleft\" src=\"http:\/\/agora.xtec.cat\/iesjpla\/wp-content\/uploads\/usu1249\/2016\/12\/PAU_1.jpg\" alt=\"pau_1\" width=\"211\" height=\"336\" srcset=\"https:\/\/agora.xtec.cat\/iesjpla\/wp-content\/uploads\/usu1249\/2016\/12\/PAU_1.jpg 274w, https:\/\/agora.xtec.cat\/iesjpla\/wp-content\/uploads\/usu1249\/2016\/12\/PAU_1-189x300.jpg 189w\" sizes=\"auto, (max-width: 211px) 100vw, 211px\" \/><\/a><a href=\"http:\/\/universitats.gencat.cat\/ca\/pau\/\" target=\"_blank\" rel=\"noopener noreferrer\">Web de la Generalitat<\/a> amb informaci\u00f3 sobre les PAU<br \/>\n<a href=\"https:\/\/universitats.gencat.cat\/web\/.content\/01_acces_i_admissio\/preinscripcions\/documentacio\/Ponderacions-2023-Resta.pdf\" target=\"_blank\" rel=\"noopener\">Quadre de ponderacions de 2023<\/a><\/p>\n<p style=\"text-align: justify;\"><a href=\"https:\/\/universitats.gencat.cat\/ca\/preinscripcions\/sobre-preinscripcio\/notes-tall\/#bloc1\" target=\"_blank\" rel=\"noopener noreferrer\">Notes de tall <\/a><br \/>\n<a href=\"https:\/\/accesuniversitat.gencat.cat\/accesuniversitat\/\" target=\"_blank\" rel=\"noopener noreferrer\">Matriculaci\u00f3 \/ lloc PAU: accesnet<\/a><\/p>\n<h5 style=\"text-align: justify;\"><\/h5>\n<p>&nbsp;<\/p>\n<p>&nbsp;<\/p>\n<p>&nbsp;<\/p>\n<p>&nbsp;<\/p>\n<h5>Preinscripci\u00f3 a les universitats catalanes<\/h5>\n<p style=\"text-align: justify;\"><a href=\"http:\/\/agora.xtec.cat\/iesjpla\/wp-content\/uploads\/usu1249\/2016\/12\/accesnet.png\"><img loading=\"lazy\" decoding=\"async\" class=\" wp-image-677 alignleft\" src=\"http:\/\/agora.xtec.cat\/iesjpla\/wp-content\/uploads\/usu1249\/2016\/12\/accesnet.png\" alt=\"accesnet\" width=\"271\" height=\"125\" srcset=\"https:\/\/agora.xtec.cat\/iesjpla\/wp-content\/uploads\/usu1249\/2016\/12\/accesnet.png 726w, https:\/\/agora.xtec.cat\/iesjpla\/wp-content\/uploads\/usu1249\/2016\/12\/accesnet-300x138.png 300w\" sizes=\"auto, (max-width: 271px) 100vw, 271px\" \/><\/a><a href=\"http:\/\/universitats.gencat.cat\/ca\/preinscripcio\/\" target=\"_blank\" rel=\"noopener noreferrer\">Web de la Generalitat<\/a> amb informaci\u00f3 sobre la preinscripci\u00f3 universit\u00e0ria<br \/>\n<a href=\"https:\/\/accesuniversitat.gencat.cat\/accesuniversitat\/\" target=\"_blank\" rel=\"noopener noreferrer\">Accesnet<\/a>: web per realitzar la preinscripci\u00f3 telem\u00e0tica a la universitat.<\/p>\n<p>&nbsp;<\/p>\n<p>&nbsp;<\/p>\n<p><a href=\"http:\/\/agora.xtec.cat\/iesjpla\/wp-content\/uploads\/usu1249\/2016\/12\/cfgm_s.jpg\"><img loading=\"lazy\" decoding=\"async\" class=\" wp-image-627 alignleft\" src=\"http:\/\/agora.xtec.cat\/iesjpla\/wp-content\/uploads\/usu1249\/2016\/12\/cfgm_s.jpg\" alt=\"cfgm_s\" width=\"282\" height=\"225\" srcset=\"https:\/\/agora.xtec.cat\/iesjpla\/wp-content\/uploads\/usu1249\/2016\/12\/cfgm_s.jpg 427w, https:\/\/agora.xtec.cat\/iesjpla\/wp-content\/uploads\/usu1249\/2016\/12\/cfgm_s-300x239.jpg 300w\" sizes=\"auto, (max-width: 282px) 100vw, 282px\" \/><\/a><br \/>\n<a href=\"https:\/\/triaeducativa.gencat.cat\/ca\/fp\/\" target=\"_blank\" rel=\"noopener noreferrer\">Tria educativa (Gencat). Formaci\u00f3 Professional<\/a><br \/>\n<a href=\"http:\/\/www.gencat.cat\/ensenyament\/eac\/pdf\/CFP_CGGM_CA.pdf\" target=\"_blank\" rel=\"noopener noreferrer\">Formaci\u00f3 professional. Grau mitj\u00e0: Guia informativa<\/a> (Darrera revisi\u00f3 mar\u00e7 2023. PDF)<br \/>\n<a href=\"http:\/\/www.gencat.cat\/ensenyament\/eac\/pdf\/CFP_CGGS_CA.pdf\" target=\"_blank\" rel=\"noopener noreferrer\">Formaci\u00f3 professional. Grau superior: Guia informativa<\/a> (Darrera revisi\u00f3 mar\u00e7 2023. PDF)<br \/>\n<a href=\"http:\/\/ensenyament.gencat.cat\/ca\/arees-actuacio\/empreses-fpdual\/\" target=\"_blank\" rel=\"noopener noreferrer\">Formaci\u00f3 professional dual<\/a><br \/>\n<a href=\"http:\/\/www.edubcn.cat\/ca\/alumnat_i_familia\/etapes_educatives_i_ensenyaments\/fp_per_families\" target=\"_blank\" rel=\"noopener noreferrer\">Les fam\u00edlies professionals<\/a> (Consorci d&#8217;Educaci\u00f3 de Barcelona)<\/p>\n<p>&nbsp;<\/p>\n<p>&nbsp;<\/p>\n<p style=\"text-align: left;\"><a href=\"http:\/\/www.fundaciobcnfp.cat\/index.php\/ca\/\" target=\"_blank\" rel=\"noopener noreferrer\"><img loading=\"lazy\" decoding=\"async\" class=\" wp-image-629 alignleft\" src=\"http:\/\/agora.xtec.cat\/iesjpla\/wp-content\/uploads\/usu1249\/2016\/12\/fundacioFP.jpg\" alt=\"fundaciofp\" width=\"298\" height=\"190\" srcset=\"https:\/\/agora.xtec.cat\/iesjpla\/wp-content\/uploads\/usu1249\/2016\/12\/fundacioFP.jpg 559w, https:\/\/agora.xtec.cat\/iesjpla\/wp-content\/uploads\/usu1249\/2016\/12\/fundacioFP-300x191.jpg 300w\" sizes=\"auto, (max-width: 298px) 100vw, 298px\" \/><\/a><br \/>\n<a href=\"http:\/\/www.fundaciobcnfp.cat\/index.php\/ca\/\" target=\"_blank\" rel=\"noopener noreferrer\">Fundaci\u00f3 BCN. Formaci\u00f3 Professional<\/a>. Web amb molta informaci\u00f3 sobre la formaci\u00f3 professional, una p\u00e0gina amb <a href=\"https:\/\/www.fundaciobcnfp.cat\/alumnat\/\" target=\"_blank\" rel=\"noopener\">recursos d&#8217;orientaci\u00f3<\/a> i una <a href=\"http:\/\/guiafp.fundaciobcnfp.cat\/\" target=\"_blank\" rel=\"noopener noreferrer\">guia<\/a> que es renova cada any on es troba tota la informaci\u00f3 sobre Barcelona<\/p>\n<p>&nbsp;<\/p>\n<p>&nbsp;<\/p>\n<p>&nbsp;<\/p>\n<p style=\"text-align: justify;\"><a href=\"http:\/\/agora.xtec.cat\/iesjpla\/wp-content\/uploads\/usu1249\/2016\/12\/acces_CFGS.jpg\"><img loading=\"lazy\" decoding=\"async\" class=\" wp-image-686 alignleft\" src=\"http:\/\/agora.xtec.cat\/iesjpla\/wp-content\/uploads\/usu1249\/2016\/12\/acces_CFGS.jpg\" alt=\"acces_cfgs\" width=\"259\" height=\"330\" srcset=\"https:\/\/agora.xtec.cat\/iesjpla\/wp-content\/uploads\/usu1249\/2016\/12\/acces_CFGS.jpg 240w, https:\/\/agora.xtec.cat\/iesjpla\/wp-content\/uploads\/usu1249\/2016\/12\/acces_CFGS-235x300.jpg 235w\" sizes=\"auto, (max-width: 259px) 100vw, 259px\" \/><\/a>La prova d\u2019acc\u00e9s als Cicles Formatius de Grau Superior (CFGS) s\u2019adre\u00e7a a les persones que volen accedir a un cicle formatiu de grau superior de formaci\u00f3 professional, per\u00f2 no tenen el t\u00edtol de batxillerat (o equivalent).<br \/>\nPer presentar-se a la prova cal haver complert els 19 anys o complir-los durant l\u2019any en qu\u00e8 es fa la prova.<br \/>\nLa convocat\u00f2ria es publica en comen\u00e7ar l\u2019any i la prova t\u00e9 lloc durant el mes de maig, abans que comenci la preinscripci\u00f3 als centres de formaci\u00f3 professional.<\/p>\n<p style=\"text-align: justify;\"><a href=\"http:\/\/ensenyament.gencat.cat\/ca\/serveis-tramits\/proves\/proves-acces\/gm-fp\/\" target=\"_blank\" rel=\"noopener noreferrer\">Informaci\u00f3 sobre la prova d&#8217;acc\u00e9s de CFGM<\/a><br \/>\n<a href=\"http:\/\/ensenyament.gencat.cat\/ca\/serveis-tramits\/proves\/proves-acces\/gs-fp\/\" target=\"_blank\" rel=\"noopener noreferrer\">Informaci\u00f3 sobre la prova d&#8217;acc\u00e9s de CFGS<\/a><\/p>\n<p>&nbsp;<\/p>\n","protected":false},"excerpt":{"rendered":"<p>En aquest SITE trobareu tota la informaci\u00f3 que us pot resultar d&#8217;inter\u00e8s. Recull de recursos d&#8217;orientaci\u00f3 per a l&#8217;alumnat de batxillerat &nbsp; A la web de l\u2019Ajuntament Informa\u2019t hi ha diferents apartats \u00fatils per a l\u2019orientaci\u00f3 sobre els estudis postobligatoris. &nbsp; &nbsp; Unportal:\u00a0Web de l&#8217;Educaci\u00f3 Postobligatoria a Catalunya Web de la Generalitat sobre les universitats [&hellip;]<\/p>\n","protected":false},"author":1,"featured_media":0,"parent":195,"menu_order":70,"comment_status":"closed","ping_status":"closed","template":"","meta":{"_bbp_topic_count":0,"_bbp_reply_count":0,"_bbp_total_topic_count":0,"_bbp_total_reply_count":0,"_bbp_voice_count":0,"_bbp_anonymous_reply_count":0,"_bbp_topic_count_hidden":0,"_bbp_reply_count_hidden":0,"_bbp_forum_subforum_count":0,"site-sidebar-layout":"default","site-content-layout":"","ast-site-content-layout":"","site-content-style":"default","site-sidebar-style":"default","ast-global-header-display":"","ast-banner-title-visibility":"","ast-main-header-display":"","ast-hfb-above-header-display":"","ast-hfb-below-header-display":"","ast-hfb-mobile-header-display":"","site-post-title":"","ast-breadcrumbs-content":"","ast-featured-img":"","footer-sml-layout":"","theme-transparent-header-meta":"","adv-header-id-meta":"","stick-header-meta":"","header-above-stick-meta":"","header-main-stick-meta":"","header-below-stick-meta":"","astra-migrate-meta-layouts":"default","ast-page-background-enabled":"default","ast-page-background-meta":{"desktop":{"background-color":"var(--ast-global-color-4)","background-image":"","background-repeat":"repeat","background-position":"center center","background-size":"auto","background-attachment":"scroll","background-type":"","background-media":"","overlay-type":"","overlay-color":"","overlay-opacity":"","overlay-gradient":""},"tablet":{"background-color":"","background-image":"","background-repeat":"repeat","background-position":"center center","background-size":"auto","background-attachment":"scroll","background-type":"","background-media":"","overlay-type":"","overlay-color":"","overlay-opacity":"","overlay-gradient":""},"mobile":{"background-color":"","background-image":"","background-repeat":"repeat","background-position":"center center","background-size":"auto","background-attachment":"scroll","background-type":"","background-media":"","overlay-type":"","overlay-color":"","overlay-opacity":"","overlay-gradient":""}},"ast-content-background-meta":{"desktop":{"background-color":"var(--ast-global-color-5)","background-image":"","background-repeat":"repeat","background-position":"center center","background-size":"auto","background-attachment":"scroll","background-type":"","background-media":"","overlay-type":"","overlay-color":"","overlay-opacity":"","overlay-gradient":""},"tablet":{"background-color":"var(--ast-global-color-5)","background-image":"","background-repeat":"repeat","background-position":"center center","background-size":"auto","background-attachment":"scroll","background-type":"","background-media":"","overlay-type":"","overlay-color":"","overlay-opacity":"","overlay-gradient":""},"mobile":{"background-color":"var(--ast-global-color-5)","background-image":"","background-repeat":"repeat","background-position":"center center","background-size":"auto","background-attachment":"scroll","background-type":"","background-media":"","overlay-type":"","overlay-color":"","overlay-opacity":"","overlay-gradient":""}},"footnotes":""},"class_list":["post-672","page","type-page","status-publish","hentry"],"post_mailing_queue_ids":[],"_links":{"self":[{"href":"https:\/\/agora.xtec.cat\/iesjpla\/wp-json\/wp\/v2\/pages\/672","targetHints":{"allow":["GET"]}}],"collection":[{"href":"https:\/\/agora.xtec.cat\/iesjpla\/wp-json\/wp\/v2\/pages"}],"about":[{"href":"https:\/\/agora.xtec.cat\/iesjpla\/wp-json\/wp\/v2\/types\/page"}],"author":[{"embeddable":true,"href":"https:\/\/agora.xtec.cat\/iesjpla\/wp-json\/wp\/v2\/users\/1"}],"replies":[{"embeddable":true,"href":"https:\/\/agora.xtec.cat\/iesjpla\/wp-json\/wp\/v2\/comments?post=672"}],"version-history":[{"count":8,"href":"https:\/\/agora.xtec.cat\/iesjpla\/wp-json\/wp\/v2\/pages\/672\/revisions"}],"predecessor-version":[{"id":10065,"href":"https:\/\/agora.xtec.cat\/iesjpla\/wp-json\/wp\/v2\/pages\/672\/revisions\/10065"}],"up":[{"embeddable":true,"href":"https:\/\/agora.xtec.cat\/iesjpla\/wp-json\/wp\/v2\/pages\/195"}],"wp:attachment":[{"href":"https:\/\/agora.xtec.cat\/iesjpla\/wp-json\/wp\/v2\/media?parent=672"}],"curies":[{"name":"wp","href":"https:\/\/api.w.org\/{rel}","templated":true}]}}