{"id":6607,"date":"2021-11-19T12:23:17","date_gmt":"2021-11-19T11:23:17","guid":{"rendered":"https:\/\/agora.xtec.cat\/iesjpla\/?page_id=6607"},"modified":"2022-02-02T12:45:44","modified_gmt":"2022-02-02T11:45:44","slug":"projecte-educatiu-2","status":"publish","type":"page","link":"https:\/\/agora.xtec.cat\/iesjpla\/projecte-educatiu-2\/","title":{"rendered":"Projecte educatiu"},"content":{"rendered":"<p>Aquest \u00e9s encara el Projecte Educatiu de Centre en vigor: <a href=\"https:\/\/agora.xtec.cat\/iesjpla\/wp-content\/uploads\/usu1249\/2022\/02\/PEC-JOSEP-PLA_2012-16.pdf\">PEC JOSEP PLA_2012-16<\/a>. Hi ha tamb\u00e9 una <a href=\"https:\/\/agora.xtec.cat\/iesjpla\/wp-content\/uploads\/usu1249\/2022\/02\/Addenda-al-PEC-i-al-Projecte-de-direccio.doc\">Addenda al PEC i al Projecte de direcci\u00f3<\/a> del 2013.<\/p>\n<p>Els dos Projectes de Direcci\u00f3 posteriors, partint d&#8217;aquest PEC han anat introduint canvis i millores a la pr\u00e0ctica educativa del centre (pel que fa a la tutoria, el pla de lectura, etc.)<\/p>\n<p>Tanmateix aquest curs s&#8217;ha iniciat el proc\u00e9s per a la redacci\u00f3 d&#8217;un nou Projecte Educatiu de Centre. Aquest proc\u00e9s, que s&#8217;estendr\u00e0 al curs 2022-23, preveur\u00e0 la participaci\u00f3 dels diversos sectors de la comunitat educativa.<\/p>\n<p>&nbsp;<\/p>\n<p>Podeu consultar tamb\u00e9 els altres documents d&#8217;organitzaci\u00f3 de centre:<\/p>\n<ul>\n<li><a href=\"https:\/\/app.box.com\/s\/l5cx12nclh8o6rayjkij86szwym2kjhe\">Normes d&#8217;organitzaci\u00f3 i funcionament de centre (NOFC)<\/a><\/li>\n<li><a href=\"https:\/\/app.box.com\/s\/9q9xbps07whtgac61zey4tqh9xn72mzp\" target=\"_blank\" rel=\"noopener\">Projecte ling\u00fc\u00edstic<\/a><\/li>\n<\/ul>\n","protected":false},"excerpt":{"rendered":"<p>Aquest \u00e9s encara el Projecte Educatiu de Centre en vigor: PEC JOSEP PLA_2012-16. Hi ha tamb\u00e9 una Addenda al PEC i al Projecte de direcci\u00f3 del 2013. Els dos Projectes de Direcci\u00f3 posteriors, partint d&#8217;aquest PEC han anat introduint canvis i millores a la pr\u00e0ctica educativa del centre (pel que fa a la tutoria, el [&hellip;]<\/p>\n","protected":false},"author":1,"featured_media":0,"parent":0,"menu_order":0,"comment_status":"closed","ping_status":"closed","template":"","meta":{"_bbp_topic_count":0,"_bbp_reply_count":0,"_bbp_total_topic_count":0,"_bbp_total_reply_count":0,"_bbp_voice_count":0,"_bbp_anonymous_reply_count":0,"_bbp_topic_count_hidden":0,"_bbp_reply_count_hidden":0,"_bbp_forum_subforum_count":0,"site-sidebar-layout":"default","site-content-layout":"","ast-site-content-layout":"","site-content-style":"default","site-sidebar-style":"default","ast-global-header-display":"","ast-banner-title-visibility":"","ast-main-header-display":"","ast-hfb-above-header-display":"","ast-hfb-below-header-display":"","ast-hfb-mobile-header-display":"","site-post-title":"","ast-breadcrumbs-content":"","ast-featured-img":"","footer-sml-layout":"","theme-transparent-header-meta":"","adv-header-id-meta":"","stick-header-meta":"","header-above-stick-meta":"","header-main-stick-meta":"","header-below-stick-meta":"","astra-migrate-meta-layouts":"default","ast-page-background-enabled":"default","ast-page-background-meta":{"desktop":{"background-color":"var(--ast-global-color-4)","background-image":"","background-repeat":"repeat","background-position":"center center","background-size":"auto","background-attachment":"scroll","background-type":"","background-media":"","overlay-type":"","overlay-color":"","overlay-opacity":"","overlay-gradient":""},"tablet":{"background-color":"","background-image":"","background-repeat":"repeat","background-position":"center center","background-size":"auto","background-attachment":"scroll","background-type":"","background-media":"","overlay-type":"","overlay-color":"","overlay-opacity":"","overlay-gradient":""},"mobile":{"background-color":"","background-image":"","background-repeat":"repeat","background-position":"center center","background-size":"auto","background-attachment":"scroll","background-type":"","background-media":"","overlay-type":"","overlay-color":"","overlay-opacity":"","overlay-gradient":""}},"ast-content-background-meta":{"desktop":{"background-color":"var(--ast-global-color-5)","background-image":"","background-repeat":"repeat","background-position":"center center","background-size":"auto","background-attachment":"scroll","background-type":"","background-media":"","overlay-type":"","overlay-color":"","overlay-opacity":"","overlay-gradient":""},"tablet":{"background-color":"var(--ast-global-color-5)","background-image":"","background-repeat":"repeat","background-position":"center center","background-size":"auto","background-attachment":"scroll","background-type":"","background-media":"","overlay-type":"","overlay-color":"","overlay-opacity":"","overlay-gradient":""},"mobile":{"background-color":"var(--ast-global-color-5)","background-image":"","background-repeat":"repeat","background-position":"center center","background-size":"auto","background-attachment":"scroll","background-type":"","background-media":"","overlay-type":"","overlay-color":"","overlay-opacity":"","overlay-gradient":""}},"footnotes":""},"class_list":["post-6607","page","type-page","status-publish","hentry"],"post_mailing_queue_ids":[],"_links":{"self":[{"href":"https:\/\/agora.xtec.cat\/iesjpla\/wp-json\/wp\/v2\/pages\/6607","targetHints":{"allow":["GET"]}}],"collection":[{"href":"https:\/\/agora.xtec.cat\/iesjpla\/wp-json\/wp\/v2\/pages"}],"about":[{"href":"https:\/\/agora.xtec.cat\/iesjpla\/wp-json\/wp\/v2\/types\/page"}],"author":[{"embeddable":true,"href":"https:\/\/agora.xtec.cat\/iesjpla\/wp-json\/wp\/v2\/users\/1"}],"replies":[{"embeddable":true,"href":"https:\/\/agora.xtec.cat\/iesjpla\/wp-json\/wp\/v2\/comments?post=6607"}],"version-history":[{"count":2,"href":"https:\/\/agora.xtec.cat\/iesjpla\/wp-json\/wp\/v2\/pages\/6607\/revisions"}],"predecessor-version":[{"id":6917,"href":"https:\/\/agora.xtec.cat\/iesjpla\/wp-json\/wp\/v2\/pages\/6607\/revisions\/6917"}],"wp:attachment":[{"href":"https:\/\/agora.xtec.cat\/iesjpla\/wp-json\/wp\/v2\/media?parent=6607"}],"curies":[{"name":"wp","href":"https:\/\/api.w.org\/{rel}","templated":true}]}}