{"id":651,"date":"2016-12-30T13:55:56","date_gmt":"2016-12-30T12:55:56","guid":{"rendered":"http:\/\/agora.xtec.cat\/iesjpla\/?page_id=651"},"modified":"2023-02-15T13:23:56","modified_gmt":"2023-02-15T12:23:56","slug":"estudis-postobligatoris-sense-el-graduat-deso","status":"publish","type":"page","link":"https:\/\/agora.xtec.cat\/iesjpla\/estudis\/estudis-postobligatoris-sense-el-graduat-deso\/","title":{"rendered":"Estudis postobligatoris sense el graduat d&#8217;ESO"},"content":{"rendered":"<p><a href=\"http:\/\/agora.xtec.cat\/iesjpla\/wp-content\/uploads\/usu1249\/2016\/12\/itineraris-futur.jpg\"><img loading=\"lazy\" decoding=\"async\" class=\"aligncenter wp-image-615\" src=\"http:\/\/agora.xtec.cat\/iesjpla\/wp-content\/uploads\/usu1249\/2016\/12\/itineraris-futur.jpg\" alt=\"itineraris-futur\" width=\"640\" height=\"347\" srcset=\"https:\/\/agora.xtec.cat\/iesjpla\/wp-content\/uploads\/usu1249\/2016\/12\/itineraris-futur.jpg 1000w, https:\/\/agora.xtec.cat\/iesjpla\/wp-content\/uploads\/usu1249\/2016\/12\/itineraris-futur-300x163.jpg 300w, https:\/\/agora.xtec.cat\/iesjpla\/wp-content\/uploads\/usu1249\/2016\/12\/itineraris-futur-768x416.jpg 768w\" sizes=\"auto, (max-width: 640px) 100vw, 640px\" \/><\/a><\/p>\n<p style=\"text-align: justify;\">Per a l&#8217;alumnat que pot acabar l&#8217;ESO sense obtenir el graduat hi ha diverses possibilitats:<\/p>\n<ul style=\"list-style-type: disc;\">\n<li style=\"text-align: justify;\">Si l&#8217;alumne t\u00e9 16 anys pot seguir els <strong>Programes\u00a0de Formaci\u00f3 i Inserci\u00f3 (PFI)<\/strong> i si els aprofita adequadament pot accedir \u00a0a una formaci\u00f3 complement\u00e0ria per obtenir el graduat en ESO o accedir als cicles Formatius de Grau Mitj\u00e0.<\/li>\n<li style=\"text-align: justify;\">Si l&#8217;alumne fa 17 anys abans que acabi el curs pot presentar-se a la <strong>prova d&#8217;acc\u00e9s als cicles formatius de grau mitj\u00e0<\/strong>. Si la supera pot cursar un cicle formatiu encara que no obtingui el graduat.<\/li>\n<li style=\"text-align: justify;\">\u00c9s imprescindible ser at\u00e8s per les persones t\u00e8cniques del <strong>Pla Jove<\/strong> de Nou barris que \u00e9s el referent de l&#8217;Institut Josep Pla.<\/li>\n<\/ul>\n<p style=\"text-align: justify;\"><a href=\"http:\/\/agora.xtec.cat\/iesjpla\/wp-content\/uploads\/usu1249\/2016\/12\/plajove.jpg\"><img loading=\"lazy\" decoding=\"async\" class=\" wp-image-665 alignleft\" src=\"http:\/\/agora.xtec.cat\/iesjpla\/wp-content\/uploads\/usu1249\/2016\/12\/plajove.jpg\" alt=\"plajove\" width=\"278\" height=\"280\" srcset=\"https:\/\/agora.xtec.cat\/iesjpla\/wp-content\/uploads\/usu1249\/2016\/12\/plajove.jpg 342w, https:\/\/agora.xtec.cat\/iesjpla\/wp-content\/uploads\/usu1249\/2016\/12\/plajove-150x150.jpg 150w, https:\/\/agora.xtec.cat\/iesjpla\/wp-content\/uploads\/usu1249\/2016\/12\/plajove-298x300.jpg 298w\" sizes=\"auto, (max-width: 278px) 100vw, 278px\" \/><\/a>El <a href=\"https:\/\/www.edubcn.cat\/ca\/centres_serveis_educatius\/servei_orientacio\/que_es_el_servei_orientacio\" target=\"_blank\" rel=\"noopener noreferrer\">Pla Jove<\/a> \u00e9s un programa del Consorci d\u2019Educaci\u00f3 de Barcelona que ofereix suport als centres de secund\u00e0ria, als joves i les seves fam\u00edlies en els moments de transici\u00f3 d\u2019aquell alumnat que acaba l\u2019Educaci\u00f3 Secund\u00e0ria Obligat\u00f2ria sense obtenir el graduat.<br \/>\nUn equip de t\u00e8cnics del programa orienta sobre els itineraris formatius m\u00e9s adients per a la transici\u00f3 al m\u00f3n laboral o el retorn al sistema educatiu reglat d\u2019aquests joves.<br \/>\nA Barcelona hi ha t\u00e8cnics responsables del programa a cada districte que inicien amb cada jove interessat o interessada un proc\u00e9s d\u2019informaci\u00f3, assessorament i acompanyament individualitzat mitjan\u00e7ant un acord respecte l\u2019itinerari m\u00e9s adequat per a cada cas.<br \/>\nEl servei de Pla Jove que correspon al nostre institut \u00e9s el de <a href=\"http:\/\/lesbasses.org\/formacio-ocupacio\/pla-jove-9barris\/\" target=\"_blank\" rel=\"noopener noreferrer\">Nou Barris<\/a> que est\u00e0 situat a l&#8217;Espai Jove Les Basses ( C\/ Teide, 20)<\/p>\n<p>&nbsp;<\/p>\n<p>&nbsp;<\/p>\n<p>&nbsp;<\/p>\n<p style=\"text-align: justify;\"><a href=\"http:\/\/agora.xtec.cat\/iesjpla\/wp-content\/uploads\/usu1249\/2016\/12\/PFI.jpg\"><img loading=\"lazy\" decoding=\"async\" class=\" wp-image-652 alignleft\" src=\"http:\/\/agora.xtec.cat\/iesjpla\/wp-content\/uploads\/usu1249\/2016\/12\/PFI.jpg\" alt=\"pfi\" width=\"196\" height=\"195\" srcset=\"https:\/\/agora.xtec.cat\/iesjpla\/wp-content\/uploads\/usu1249\/2016\/12\/PFI.jpg 173w, https:\/\/agora.xtec.cat\/iesjpla\/wp-content\/uploads\/usu1249\/2016\/12\/PFI-150x150.jpg 150w\" sizes=\"auto, (max-width: 196px) 100vw, 196px\" \/><\/a>Estan adre\u00e7ats als joves que compleixin 16 anys d&#8217;edat i en l&#8217;any d&#8217;inici del programa, i que no tinguin el t\u00edtol de graduat en secund\u00e0ria.<br \/>\nS\u00f3n cursos formatius que\u00a0 han de permetre a joves introduir-se de nou en el sistema educatiu per prosseguir estudis de formaci\u00f3 professional. Han de\u00a0facilitar, tamb\u00e9, l&#8217;aprenentatge imprescindible per accedir al mercat de treball amb millors possibilitats d&#8217;obtenir una ocupaci\u00f3 qualificada i duradora.<br \/>\nLa durada dels programes\u00a0de formaci\u00f3 i inserci\u00f3\u00a0\u00e9s d&#8217;un curs i amb una durada total de 1.000 hores.<\/p>\n<p style=\"text-align: justify;\"><a href=\"https:\/\/www.gencat.cat\/ensenyament\/eac\/pdf\/ETAPA_PFI_CA.pdf\" target=\"_blank\" rel=\"noopener noreferrer\">Resum informatiu sobre els PFI<\/a> (Darrera revisi\u00f3: Gener 2023 PDF)<\/p>\n<p style=\"text-align: justify;\"><a style=\"font-family: inherit; font-size: 1em;\" href=\"http:\/\/ensenyament.gencat.cat\/web\/.content\/home\/departament\/publicacions\/guies-estudis\/guia_pfi_centres.pdf\" target=\"_blank\" rel=\"noopener noreferrer\">Oferta formativa p\u00fablica PFI 2022-23<\/a><\/p>\n<p style=\"text-align: justify;\">Trobareu la informaci\u00f3 completa a la web del <a href=\"http:\/\/www.edubcn.cat\/ca\/alumnat_i_familia\/etapes_educatives_i_ensenyaments\/programes_de_formacio_i_insercio\" target=\"_blank\" rel=\"noopener noreferrer\">Consorci d&#8217;Educaci\u00f3 de Barcelona <\/a>i a la web de <a href=\"https:\/\/triaeducativa.gencat.cat\/ca\/fp\/pfi\/\" target=\"_blank\" rel=\"noopener\">Tria educativa de la Generalitat de Catalunya<\/a><a href=\"http:\/\/queestudiar.gencat.cat\/ca\/estudis\/pfi\/info-general\/\" target=\"_blank\" rel=\"noopener noreferrer\">.<\/a><\/p>\n<p>&nbsp;<\/p>\n<p style=\"text-align: justify;\"><a href=\"http:\/\/agora.xtec.cat\/iesjpla\/wp-content\/uploads\/usu1249\/2016\/12\/acces_CFGM.jpg\"><img loading=\"lazy\" decoding=\"async\" class=\"size-full wp-image-661 alignleft\" src=\"http:\/\/agora.xtec.cat\/iesjpla\/wp-content\/uploads\/usu1249\/2016\/12\/acces_CFGM.jpg\" alt=\"acces_cfgm\" width=\"236\" height=\"322\" srcset=\"https:\/\/agora.xtec.cat\/iesjpla\/wp-content\/uploads\/usu1249\/2016\/12\/acces_CFGM.jpg 236w, https:\/\/agora.xtec.cat\/iesjpla\/wp-content\/uploads\/usu1249\/2016\/12\/acces_CFGM-220x300.jpg 220w\" sizes=\"auto, (max-width: 236px) 100vw, 236px\" \/><\/a>La prova d&#8217;acc\u00e9s als Cicles Formatius de Grau Mitj\u00e0 (CFGM) s\u2019adre\u00e7a a les persones que volen accedir a un cicle formatiu de grau mitj\u00e0 de formaci\u00f3 professional, per\u00f2 no tenen el t\u00edtol de graduat en educaci\u00f3 secund\u00e0ria (o equivalent).<br \/>\nPer presentar-se a la prova cal haver complert els 17 anys o complir-los durant l\u2019any en qu\u00e8 es fa la prova.<br \/>\nLa convocat\u00f2ria es publica en comen\u00e7ar l\u2019any i la prova t\u00e9 lloc durant el mes de maig, abans que comenci la preinscripci\u00f3 als centres de formaci\u00f3 professional.<\/p>\n<p style=\"text-align: justify;\"><a href=\"http:\/\/ensenyament.gencat.cat\/ca\/serveis-tramits\/proves\/proves-acces\/gm-fp\/\" target=\"_blank\" rel=\"noopener\">Informaci\u00f3 de les proves d&#8217;acc\u00e9s a CFGM<\/a><\/p>\n<p>&nbsp;<\/p>\n<p>&nbsp;<\/p>\n<p>&nbsp;<\/p>\n<p>&nbsp;<\/p>\n<p>&nbsp;<\/p>\n<p style=\"text-align: justify;\">A la web del <a href=\"http:\/\/ensenyament.gencat.cat\/ca\/serveis-tramits\/proves\/\" target=\"_blank\" rel=\"noopener noreferrer\">Departament d&#8217; Ensenyament<\/a> trobareu tota la informaci\u00f3 sobre les proves d&#8217;acc\u00e9s. <a href=\"https:\/\/educacio.gencat.cat\/ca\/serveis-tramits\/proves\/proves-acces\/gm-fp\/\" target=\"_blank\" rel=\"noopener\">Aquesta p\u00e0gina de Tria educativa<\/a> de la Generalitat de Catalunya\u00a0completa la informaci\u00f3 anterior amb l&#8217;explicaci\u00f3 sobre els\u00a0cursos per preparar les proves d&#8217;acc\u00e9s.<\/p>\n<p style=\"text-align: justify;\"><a href=\"http:\/\/agora.xtec.cat\/iesjpla\/wp-content\/uploads\/usu1249\/2016\/12\/cam.jpg\"><img loading=\"lazy\" decoding=\"async\" class=\" wp-image-663 alignleft\" src=\"http:\/\/agora.xtec.cat\/iesjpla\/wp-content\/uploads\/usu1249\/2016\/12\/cam.jpg\" alt=\"cam\" width=\"167\" height=\"141\" \/><\/a>El curs espec\u00edfic d&#8217;acc\u00e9s per accedir als Cicles Formatius de Grau Mitj\u00e0\u00a0 s\u2019adre\u00e7a a les persones que volen accedir a un cicle formatiu de grau mitj\u00e0 de formaci\u00f3 professional, per\u00f2 no tenen el t\u00edtol de graduat en educaci\u00f3 secund\u00e0ria (o equivalent). Per poder cursar aquests estudis cal complir 17 anys en l&#8217;any de matriculaci\u00f3.<\/p>\n<p style=\"text-align: justify;\"><a href=\"https:\/\/triaeducativa.gencat.cat\/ca\/cursos-acces-cicles\/curs-especific-acces-cicles-gm\/\" target=\"_blank\" rel=\"noopener noreferrer\">Informaci\u00f3 sobre els cursos espec\u00edfics d&#8217;acc\u00e9s als CFGM<\/a><\/p>\n<p style=\"text-align: justify;\">\n","protected":false},"excerpt":{"rendered":"<p>Per a l&#8217;alumnat que pot acabar l&#8217;ESO sense obtenir el graduat hi ha diverses possibilitats: Si l&#8217;alumne t\u00e9 16 anys pot seguir els Programes\u00a0de Formaci\u00f3 i Inserci\u00f3 (PFI) i si els aprofita adequadament pot accedir \u00a0a una formaci\u00f3 complement\u00e0ria per obtenir el graduat en ESO o accedir als cicles Formatius de Grau Mitj\u00e0. Si l&#8217;alumne [&hellip;]<\/p>\n","protected":false},"author":1,"featured_media":0,"parent":195,"menu_order":34,"comment_status":"closed","ping_status":"closed","template":"","meta":{"_bbp_topic_count":0,"_bbp_reply_count":0,"_bbp_total_topic_count":0,"_bbp_total_reply_count":0,"_bbp_voice_count":0,"_bbp_anonymous_reply_count":0,"_bbp_topic_count_hidden":0,"_bbp_reply_count_hidden":0,"_bbp_forum_subforum_count":0,"site-sidebar-layout":"default","site-content-layout":"","ast-site-content-layout":"","site-content-style":"default","site-sidebar-style":"default","ast-global-header-display":"","ast-banner-title-visibility":"","ast-main-header-display":"","ast-hfb-above-header-display":"","ast-hfb-below-header-display":"","ast-hfb-mobile-header-display":"","site-post-title":"","ast-breadcrumbs-content":"","ast-featured-img":"","footer-sml-layout":"","theme-transparent-header-meta":"","adv-header-id-meta":"","stick-header-meta":"","header-above-stick-meta":"","header-main-stick-meta":"","header-below-stick-meta":"","astra-migrate-meta-layouts":"default","ast-page-background-enabled":"default","ast-page-background-meta":{"desktop":{"background-color":"var(--ast-global-color-4)","background-image":"","background-repeat":"repeat","background-position":"center center","background-size":"auto","background-attachment":"scroll","background-type":"","background-media":"","overlay-type":"","overlay-color":"","overlay-opacity":"","overlay-gradient":""},"tablet":{"background-color":"","background-image":"","background-repeat":"repeat","background-position":"center center","background-size":"auto","background-attachment":"scroll","background-type":"","background-media":"","overlay-type":"","overlay-color":"","overlay-opacity":"","overlay-gradient":""},"mobile":{"background-color":"","background-image":"","background-repeat":"repeat","background-position":"center center","background-size":"auto","background-attachment":"scroll","background-type":"","background-media":"","overlay-type":"","overlay-color":"","overlay-opacity":"","overlay-gradient":""}},"ast-content-background-meta":{"desktop":{"background-color":"var(--ast-global-color-5)","background-image":"","background-repeat":"repeat","background-position":"center center","background-size":"auto","background-attachment":"scroll","background-type":"","background-media":"","overlay-type":"","overlay-color":"","overlay-opacity":"","overlay-gradient":""},"tablet":{"background-color":"var(--ast-global-color-5)","background-image":"","background-repeat":"repeat","background-position":"center center","background-size":"auto","background-attachment":"scroll","background-type":"","background-media":"","overlay-type":"","overlay-color":"","overlay-opacity":"","overlay-gradient":""},"mobile":{"background-color":"var(--ast-global-color-5)","background-image":"","background-repeat":"repeat","background-position":"center center","background-size":"auto","background-attachment":"scroll","background-type":"","background-media":"","overlay-type":"","overlay-color":"","overlay-opacity":"","overlay-gradient":""}},"footnotes":""},"class_list":["post-651","page","type-page","status-publish","hentry"],"post_mailing_queue_ids":[],"_links":{"self":[{"href":"https:\/\/agora.xtec.cat\/iesjpla\/wp-json\/wp\/v2\/pages\/651","targetHints":{"allow":["GET"]}}],"collection":[{"href":"https:\/\/agora.xtec.cat\/iesjpla\/wp-json\/wp\/v2\/pages"}],"about":[{"href":"https:\/\/agora.xtec.cat\/iesjpla\/wp-json\/wp\/v2\/types\/page"}],"author":[{"embeddable":true,"href":"https:\/\/agora.xtec.cat\/iesjpla\/wp-json\/wp\/v2\/users\/1"}],"replies":[{"embeddable":true,"href":"https:\/\/agora.xtec.cat\/iesjpla\/wp-json\/wp\/v2\/comments?post=651"}],"version-history":[{"count":4,"href":"https:\/\/agora.xtec.cat\/iesjpla\/wp-json\/wp\/v2\/pages\/651\/revisions"}],"predecessor-version":[{"id":7605,"href":"https:\/\/agora.xtec.cat\/iesjpla\/wp-json\/wp\/v2\/pages\/651\/revisions\/7605"}],"up":[{"embeddable":true,"href":"https:\/\/agora.xtec.cat\/iesjpla\/wp-json\/wp\/v2\/pages\/195"}],"wp:attachment":[{"href":"https:\/\/agora.xtec.cat\/iesjpla\/wp-json\/wp\/v2\/media?parent=651"}],"curies":[{"name":"wp","href":"https:\/\/api.w.org\/{rel}","templated":true}]}}