{"id":65,"date":"2014-09-18T10:12:22","date_gmt":"2014-09-18T10:12:22","guid":{"rendered":"http:\/\/agora.xtec.cat\/iesjpla\/?page_id=65"},"modified":"2025-09-16T12:18:39","modified_gmt":"2025-09-16T10:18:39","slug":"serveis-digitals","status":"publish","type":"page","link":"https:\/\/agora.xtec.cat\/iesjpla\/serveis\/serveis-digitals\/","title":{"rendered":"Serveis digitals"},"content":{"rendered":"<p style=\"text-align: justify;\"><a href=\"http:\/\/agora.xtec.cat\/iesjpla\/wp-content\/uploads\/usu1249\/2014\/09\/xarxa-blava.jpg\"><img loading=\"lazy\" decoding=\"async\" class=\"aligncenter wp-image-1022\" src=\"http:\/\/agora.xtec.cat\/iesjpla\/wp-content\/uploads\/usu1249\/2014\/09\/xarxa-blava.jpg\" alt=\"xarxa-blava\" width=\"650\" height=\"150\" srcset=\"https:\/\/agora.xtec.cat\/iesjpla\/wp-content\/uploads\/usu1249\/2014\/09\/xarxa-blava.jpg 650w, https:\/\/agora.xtec.cat\/iesjpla\/wp-content\/uploads\/usu1249\/2014\/09\/xarxa-blava-300x69.jpg 300w\" sizes=\"auto, (max-width: 650px) 100vw, 650px\" \/><\/a><\/p>\n<p style=\"text-align: justify;\"><img loading=\"lazy\" decoding=\"async\" class=\"aligncenter\" src=\"https:\/\/www.ieduca.com\/wp-content\/uploads\/2021\/03\/logo.png\" width=\"238\" height=\"58\" \/><\/p>\n<p style=\"text-align: justify;\">La <a href=\"https:\/\/www.ieduca.com\/\">plataforma escolar iEduca<\/a>, \u00e9s la eina de gesti\u00f3 d&#8217;incid\u00e8ncies, abs\u00e8ncies i retards del centre, i tot l&#8217;alumnat i les fam\u00edlies hi tenen acc\u00e9s. Tamb\u00e9 s&#8217;hi realitzen els butlletins de notes de les avaluacions parcials i s&#8217;hi envien els parts dels correus i els sms per a les fam\u00edlies. Hi podeu consultar en qualsevol moment les abs\u00e8ncies i retards dels vostres fills i filles aix\u00ed com introduir avisos d&#8217;abs\u00e8ncies justificades.<\/p>\n<p>&nbsp;<\/p>\n<p><img loading=\"lazy\" decoding=\"async\" class=\"aligncenter\" src=\"https:\/\/www.muycomputerpro.com\/wp-content\/uploads\/2018\/09\/Google_GSuite.jpg\" alt=\"Google sube el precio de la suite empresarial G Suite\" width=\"356\" height=\"214\" \/><\/p>\n<p>El centre fa servir les eines de Gsuite amb el domini @insjpla.cat. Tot l&#8217;alumnat i el professorat del centre t\u00e9 un correu electr\u00f2nic d&#8217;aquest domini, fet que permet una comunicaci\u00f3 f\u00e0cil i r\u00e0pida amb qualsevol persona del centre. L&#8217;alumnat tamb\u00e9 pot fer servir el Drive aix\u00ed com les eines habituals de Google i totes les mat\u00e8ries tenen un Classroom associat que permet compartir material did\u00e0ctic amb l&#8217;alumnat, l&#8217;entrega telem\u00e0tica de tasques i, en cas de confinament o quarantena, la realitzaci\u00f3 de sessions virtuals s\u00edncrones a trav\u00e9s del Meet. En aquests casos cal que l&#8217;alumnat connecti la c\u00e0mera (pot difuminar o alterar el fons per preservar la pr\u00f2pia intimitat i la de la fam\u00edlia), llevat de casos justificats.<\/p>\n<h3 style=\"text-align: justify;\">Blogs de centre<\/h3>\n<p style=\"text-align: justify;\"><a href=\"http:\/\/agora.xtec.cat\/iesjpla\/categoria\/biblioteca-jpla\/\" target=\"_blank\" rel=\"noopener\">Blog de la Biblioteca Josep Pla<\/a><\/p>\n<h3 style=\"text-align: justify;\">Blogs d&#8217;aula<\/h3>\n<p style=\"text-align: justify;\"><a href=\"http:\/\/iesjpla.blogspot.com.es\/\" target=\"_blank\" rel=\"noopener\">Cultura i Valors E4<\/a><\/p>\n<h5 style=\"text-align: justify;\"><a href=\"http:\/\/agora.xtec.cat\/iesjpla\/wp-content\/uploads\/usu1249\/2014\/09\/www-lupa.png\"><img loading=\"lazy\" decoding=\"async\" class=\"aligncenter wp-image-1030\" src=\"http:\/\/agora.xtec.cat\/iesjpla\/wp-content\/uploads\/usu1249\/2014\/09\/www-lupa-1024x640.png\" alt=\"www-lupa\" width=\"339\" height=\"212\" srcset=\"https:\/\/agora.xtec.cat\/iesjpla\/wp-content\/uploads\/usu1249\/2014\/09\/www-lupa-1024x640.png 1024w, https:\/\/agora.xtec.cat\/iesjpla\/wp-content\/uploads\/usu1249\/2014\/09\/www-lupa-300x188.png 300w, https:\/\/agora.xtec.cat\/iesjpla\/wp-content\/uploads\/usu1249\/2014\/09\/www-lupa-768x480.png 768w, https:\/\/agora.xtec.cat\/iesjpla\/wp-content\/uploads\/usu1249\/2014\/09\/www-lupa.png 1600w\" sizes=\"auto, (max-width: 339px) 100vw, 339px\" \/><\/a><\/h5>\n<h3 style=\"text-align: justify;\">Enlla\u00e7os d&#8217;inter\u00e8s<\/h3>\n<h6 style=\"text-align: justify;\"><a href=\"http:\/\/agora.xtec.cat\/iesjpla\/diccionaris-i-conjugadors\/\" target=\"_blank\" rel=\"noopener\">Diccionaris i conjugadors<\/a><\/h6>\n<p>&nbsp;<\/p>\n","protected":false},"excerpt":{"rendered":"<p>La plataforma escolar iEduca, \u00e9s la eina de gesti\u00f3 d&#8217;incid\u00e8ncies, abs\u00e8ncies i retards del centre, i tot l&#8217;alumnat i les fam\u00edlies hi tenen acc\u00e9s. Tamb\u00e9 s&#8217;hi realitzen els butlletins de notes de les avaluacions parcials i s&#8217;hi envien els parts dels correus i els sms per a les fam\u00edlies. Hi podeu consultar en qualsevol moment [&hellip;]<\/p>\n","protected":false},"author":1,"featured_media":0,"parent":63,"menu_order":10,"comment_status":"closed","ping_status":"closed","template":"","meta":{"_bbp_topic_count":0,"_bbp_reply_count":0,"_bbp_total_topic_count":0,"_bbp_total_reply_count":0,"_bbp_voice_count":0,"_bbp_anonymous_reply_count":0,"_bbp_topic_count_hidden":0,"_bbp_reply_count_hidden":0,"_bbp_forum_subforum_count":0,"site-sidebar-layout":"default","site-content-layout":"","ast-site-content-layout":"","site-content-style":"default","site-sidebar-style":"default","ast-global-header-display":"","ast-banner-title-visibility":"","ast-main-header-display":"","ast-hfb-above-header-display":"","ast-hfb-below-header-display":"","ast-hfb-mobile-header-display":"","site-post-title":"","ast-breadcrumbs-content":"","ast-featured-img":"","footer-sml-layout":"","theme-transparent-header-meta":"","adv-header-id-meta":"","stick-header-meta":"","header-above-stick-meta":"","header-main-stick-meta":"","header-below-stick-meta":"","astra-migrate-meta-layouts":"default","ast-page-background-enabled":"default","ast-page-background-meta":{"desktop":{"background-color":"var(--ast-global-color-4)","background-image":"","background-repeat":"repeat","background-position":"center center","background-size":"auto","background-attachment":"scroll","background-type":"","background-media":"","overlay-type":"","overlay-color":"","overlay-opacity":"","overlay-gradient":""},"tablet":{"background-color":"","background-image":"","background-repeat":"repeat","background-position":"center center","background-size":"auto","background-attachment":"scroll","background-type":"","background-media":"","overlay-type":"","overlay-color":"","overlay-opacity":"","overlay-gradient":""},"mobile":{"background-color":"","background-image":"","background-repeat":"repeat","background-position":"center center","background-size":"auto","background-attachment":"scroll","background-type":"","background-media":"","overlay-type":"","overlay-color":"","overlay-opacity":"","overlay-gradient":""}},"ast-content-background-meta":{"desktop":{"background-color":"var(--ast-global-color-5)","background-image":"","background-repeat":"repeat","background-position":"center center","background-size":"auto","background-attachment":"scroll","background-type":"","background-media":"","overlay-type":"","overlay-color":"","overlay-opacity":"","overlay-gradient":""},"tablet":{"background-color":"var(--ast-global-color-5)","background-image":"","background-repeat":"repeat","background-position":"center center","background-size":"auto","background-attachment":"scroll","background-type":"","background-media":"","overlay-type":"","overlay-color":"","overlay-opacity":"","overlay-gradient":""},"mobile":{"background-color":"var(--ast-global-color-5)","background-image":"","background-repeat":"repeat","background-position":"center center","background-size":"auto","background-attachment":"scroll","background-type":"","background-media":"","overlay-type":"","overlay-color":"","overlay-opacity":"","overlay-gradient":""}},"footnotes":""},"class_list":["post-65","page","type-page","status-publish","hentry"],"post_mailing_queue_ids":[],"_links":{"self":[{"href":"https:\/\/agora.xtec.cat\/iesjpla\/wp-json\/wp\/v2\/pages\/65","targetHints":{"allow":["GET"]}}],"collection":[{"href":"https:\/\/agora.xtec.cat\/iesjpla\/wp-json\/wp\/v2\/pages"}],"about":[{"href":"https:\/\/agora.xtec.cat\/iesjpla\/wp-json\/wp\/v2\/types\/page"}],"author":[{"embeddable":true,"href":"https:\/\/agora.xtec.cat\/iesjpla\/wp-json\/wp\/v2\/users\/1"}],"replies":[{"embeddable":true,"href":"https:\/\/agora.xtec.cat\/iesjpla\/wp-json\/wp\/v2\/comments?post=65"}],"version-history":[{"count":6,"href":"https:\/\/agora.xtec.cat\/iesjpla\/wp-json\/wp\/v2\/pages\/65\/revisions"}],"predecessor-version":[{"id":10513,"href":"https:\/\/agora.xtec.cat\/iesjpla\/wp-json\/wp\/v2\/pages\/65\/revisions\/10513"}],"up":[{"embeddable":true,"href":"https:\/\/agora.xtec.cat\/iesjpla\/wp-json\/wp\/v2\/pages\/63"}],"wp:attachment":[{"href":"https:\/\/agora.xtec.cat\/iesjpla\/wp-json\/wp\/v2\/media?parent=65"}],"curies":[{"name":"wp","href":"https:\/\/api.w.org\/{rel}","templated":true}]}}