{"id":613,"date":"2016-12-30T14:06:57","date_gmt":"2016-12-30T13:06:57","guid":{"rendered":"http:\/\/agora.xtec.cat\/iesjpla\/?page_id=613"},"modified":"2025-04-07T11:47:24","modified_gmt":"2025-04-07T09:47:24","slug":"orientacio-eso","status":"publish","type":"page","link":"https:\/\/agora.xtec.cat\/iesjpla\/estudis\/orientacio-eso\/","title":{"rendered":"Orientaci\u00f3 ESO"},"content":{"rendered":"<p style=\"text-align: justify;\">Us hem preparat aquest <a href=\"https:\/\/sites.google.com\/insjpla.cat\/institut-jose-pla-orientat\/inici\"><strong>SITE<\/strong><\/a> amb tota la informaci\u00f3 que us pot resultar d&#8217;inter\u00e8s.<\/p>\n<h4 style=\"text-align: justify;\">3r d&#8217;ESO<\/h4>\n<p style=\"text-align: justify;\">Al 3r trimestre de 3r d&#8217;ESO l&#8217;alumnat ha de triar 3 mat\u00e8ries optatives que cursar\u00e0 a 4t d&#8217;ESO. S\u00f3n mat\u00e8ries lligades a les diferents sortides que hi ha un cop s&#8217;acaba l&#8217;ESO: batxillerat (ci\u00e8ncies i tecnologia, humanitats i ci\u00e8ncies socials, arts), cicles formatius, PFI i m\u00f3n laboral. Per aquesta ra\u00f3 a tutories es desenvolupa un pla d&#8217;orientaci\u00f3 perqu\u00e8 l&#8217;alumnat\u00a0conegui\u00a0les opcions que podr\u00e0 triar un cop acabi l&#8217;ESO i l&#8217;organitzaci\u00f3 de les mat\u00e8ries de 4t al nostre centre. Tamb\u00e9 es fa una reuni\u00f3 amb les fam\u00edlies de 3r per informar-les de l&#8217;organitzaci\u00f3 d&#8217;aquestes mat\u00e8ries al nostre centre.<\/p>\n<h4>4t d&#8217;ESO<\/h4>\n<p>L&#8217;orientaci\u00f3 \u00e9s un apartat fonamental del PAT de 4t d&#8217;ESO. A part del treball que es\u00a0desenvolupar\u00e0\u00a0a les sessions de tutoria\u00a0durant\u00a0el 2n i 3r\u00a0trimestre, l&#8217;alumnat participar\u00e0 en el\u00a0Projecte de Vida Professional\u00a0organitzat \u00a0per\u00a0<a href=\"http:\/\/w27.bcn.cat\/porta22\/cat\/\">Porta22- Barcelona Activa<\/a>. Tamb\u00e9 hi ha una reuni\u00f3 per a les fam\u00edlies de 4t per informar de\u00a0l&#8217;organitzaci\u00f3\u00a0del batxillerat del nostre centre i de les altres opcions de formaci\u00f3 postobligat\u00f2ries.<\/p>\n<p><a href=\"http:\/\/agora.xtec.cat\/iesjpla\/wp-content\/uploads\/usu1249\/2016\/12\/ITINERARIS-DEL-SISTEMA-EDUCATIU.jpg\"><img loading=\"lazy\" decoding=\"async\" class=\"alignnone size-large wp-image-2678\" src=\"http:\/\/agora.xtec.cat\/iesjpla\/wp-content\/uploads\/usu1249\/2016\/12\/ITINERARIS-DEL-SISTEMA-EDUCATIU-1024x732.jpg\" alt=\"\" width=\"1024\" height=\"732\" srcset=\"https:\/\/agora.xtec.cat\/iesjpla\/wp-content\/uploads\/usu1249\/2016\/12\/ITINERARIS-DEL-SISTEMA-EDUCATIU-1024x732.jpg 1024w, https:\/\/agora.xtec.cat\/iesjpla\/wp-content\/uploads\/usu1249\/2016\/12\/ITINERARIS-DEL-SISTEMA-EDUCATIU-300x214.jpg 300w, https:\/\/agora.xtec.cat\/iesjpla\/wp-content\/uploads\/usu1249\/2016\/12\/ITINERARIS-DEL-SISTEMA-EDUCATIU-768x549.jpg 768w, https:\/\/agora.xtec.cat\/iesjpla\/wp-content\/uploads\/usu1249\/2016\/12\/ITINERARIS-DEL-SISTEMA-EDUCATIU.jpg 1089w\" sizes=\"auto, (max-width: 1024px) 100vw, 1024px\" \/><\/a><\/p>\n<p>&nbsp;<\/p>\n<h4>Recull de recursos d&#8217;orientaci\u00f3 per a l&#8217;alumnat de 2n cicle d&#8217;ESO:<\/h4>\n<h6>Orientaci\u00f3 general<\/h6>\n<p style=\"text-align: justify;\"><a href=\"http:\/\/queestudiar.gencat.cat\/ca\/\" target=\"_blank\" rel=\"noopener noreferrer\"><img loading=\"lazy\" decoding=\"async\" class=\" wp-image-616 alignleft\" src=\"http:\/\/agora.xtec.cat\/iesjpla\/wp-content\/uploads\/usu1249\/2016\/12\/orientacio1.jpg\" alt=\"orientacio1\" width=\"299\" height=\"184\" srcset=\"https:\/\/agora.xtec.cat\/iesjpla\/wp-content\/uploads\/usu1249\/2016\/12\/orientacio1.jpg 357w, https:\/\/agora.xtec.cat\/iesjpla\/wp-content\/uploads\/usu1249\/2016\/12\/orientacio1-300x185.jpg 300w\" sizes=\"auto, (max-width: 299px) 100vw, 299px\" \/><\/a><a href=\"http:\/\/queestudiar.gencat.cat\/ca\/\" target=\"_blank\" rel=\"noopener noreferrer\">Estudiar a Catalunya<\/a> \u00e9s una web b\u00e0sica en el proc\u00e9s d&#8217;orientaci\u00f3 i en la tria d&#8217;estudis i de centres educatius.<br \/>\nS&#8217;explica el sistema educatiu, els diferents itineraris, entorns professionals, estudis i \u00a0s&#8217;informa sobre el m\u00f3n laboral.<br \/>\nA l&#8217;apartat <a href=\"https:\/\/triaeducativa.gencat.cat\/ca\/orientacio\/\" target=\"_blank\" rel=\"noopener noreferrer\">Orientaci\u00f3<\/a> hi ha un q\u00fcestionari \u00a0d&#8217;autoconeixement amb un suport espec\u00edfic per a l&#8217;alumnat, el professorat i les fam\u00edlies.<\/p>\n<p>&nbsp;<\/p>\n<p>&nbsp;<\/p>\n<p>&nbsp;<\/p>\n<p style=\"text-align: justify;\"><a href=\"http:\/\/jovecat.gencat.cat\/ca\/temes\/educacio_i_formacio\/que_pots_fer_quan_acabis_l_eso\/\" target=\"_blank\" rel=\"noopener noreferrer\"><img loading=\"lazy\" decoding=\"async\" class=\" wp-image-619 alignleft\" src=\"http:\/\/agora.xtec.cat\/iesjpla\/wp-content\/uploads\/usu1249\/2016\/12\/jovecat.jpg\" alt=\"jovecat\" width=\"300\" height=\"146\" srcset=\"https:\/\/agora.xtec.cat\/iesjpla\/wp-content\/uploads\/usu1249\/2016\/12\/jovecat.jpg 746w, https:\/\/agora.xtec.cat\/iesjpla\/wp-content\/uploads\/usu1249\/2016\/12\/jovecat-300x146.jpg 300w\" sizes=\"auto, (max-width: 300px) 100vw, 300px\" \/><\/a><\/p>\n<p style=\"text-align: justify;\">A <a href=\"https:\/\/jovecat.gencat.cat\/ca\/temes\/educacio_i_formacio\/que-pots-fer-quan-acabis-l-eso\/\" target=\"_blank\" rel=\"noopener noreferrer\">Jove.cat \/ Educaci\u00f3 i formaci\u00f3 \/ Qu\u00e8 pots fer quans acabis l&#8217;ESO?<\/a> hi ha informaci\u00f3 de diverses p\u00e0gines institucionals.<\/p>\n<p>&nbsp;<\/p>\n<p>&nbsp;<\/p>\n<p>&nbsp;<\/p>\n<p style=\"text-align: justify;\"><a href=\"http:\/\/www.informat.cat\/\" target=\"_blank\" rel=\"noopener noreferrer\"><img loading=\"lazy\" decoding=\"async\" class=\"wp-image-622 alignleft\" src=\"http:\/\/agora.xtec.cat\/iesjpla\/wp-content\/uploads\/usu1249\/2016\/12\/informat.jpg\" alt=\"informat\" width=\"318\" height=\"187\" srcset=\"https:\/\/agora.xtec.cat\/iesjpla\/wp-content\/uploads\/usu1249\/2016\/12\/informat.jpg 748w, https:\/\/agora.xtec.cat\/iesjpla\/wp-content\/uploads\/usu1249\/2016\/12\/informat-300x177.jpg 300w\" sizes=\"auto, (max-width: 318px) 100vw, 318px\" \/><\/a><\/p>\n<p style=\"text-align: justify;\">A la web de l&#8217;Ajuntament <a href=\"http:\/\/www.informat.cat\/\" target=\"_blank\" rel=\"noopener noreferrer\">Informa&#8217;t<\/a> hi ha diferents apartats \u00fatils per a l&#8217;orientaci\u00f3 sobre els estudis postobligatoris.<\/p>\n<p>&nbsp;<\/p>\n<p>&nbsp;<\/p>\n<p>&nbsp;<\/p>\n<p style=\"text-align: justify;\"><a href=\"https:\/\/www.oficinadetreball.gencat.cat\/socweb\/opencms\/socweb_ca\/ciutadans\/orientacioTrobarFeina\/orientacio_professional.html\" target=\"_blank\" rel=\"noopener noreferrer\"><img loading=\"lazy\" decoding=\"async\" class=\" wp-image-623 alignleft\" src=\"http:\/\/agora.xtec.cat\/iesjpla\/wp-content\/uploads\/usu1249\/2016\/12\/soc.jpg\" alt=\"soc\" width=\"321\" height=\"121\" srcset=\"https:\/\/agora.xtec.cat\/iesjpla\/wp-content\/uploads\/usu1249\/2016\/12\/soc.jpg 673w, https:\/\/agora.xtec.cat\/iesjpla\/wp-content\/uploads\/usu1249\/2016\/12\/soc-300x113.jpg 300w\" sizes=\"auto, (max-width: 321px) 100vw, 321px\" \/><\/a><\/p>\n<p style=\"text-align: justify;\">El <a href=\"https:\/\/serveiocupacio.gencat.cat\/ca\/soc\/ambits-actuacio\/orientacio-professional\/\" target=\"_blank\" rel=\"noopener noreferrer\">Servei d&#8217;orientaci\u00f3 Professional del SOC<\/a> (Servei d&#8217;Ocupaci\u00f3 de Catalunya) \u00e9s \u00fatil per con\u00e8ixer \u00a0ocupacions adequades a les caracter\u00edstiques personals i professionals de cada individu.<\/p>\n<p>&nbsp;<\/p>\n<p>&nbsp;<\/p>\n<p style=\"text-align: justify;\"><a href=\"http:\/\/agora.xtec.cat\/iesjpla\/wp-content\/uploads\/usu1249\/2016\/12\/saloensenyament.jpg\"><img loading=\"lazy\" decoding=\"async\" class=\" wp-image-669 alignleft\" src=\"http:\/\/agora.xtec.cat\/iesjpla\/wp-content\/uploads\/usu1249\/2016\/12\/saloensenyament.jpg\" alt=\"saloensenyament\" width=\"314\" height=\"229\" srcset=\"https:\/\/agora.xtec.cat\/iesjpla\/wp-content\/uploads\/usu1249\/2016\/12\/saloensenyament.jpg 399w, https:\/\/agora.xtec.cat\/iesjpla\/wp-content\/uploads\/usu1249\/2016\/12\/saloensenyament-300x219.jpg 300w\" sizes=\"auto, (max-width: 314px) 100vw, 314px\" \/><\/a>\u00c9s molt recomanable que l&#8217;alumnat de 2n cicle d&#8217;ESO visiti el<a href=\"http:\/\/www.ensenyament.com\/\">\u00a0<\/a><a href=\"http:\/\/www.ensenyament.com\/ca\/home\" target=\"_blank\" rel=\"noopener noreferrer\">Sal\u00f3 de l&#8217;Ensenyament<\/a>\u00a0amb la seva fam\u00edlia. A m\u00e9s de l&#8217;\u00e0rea d&#8217;informaci\u00f3 sobre tot tipus d&#8217;estudis que es poden realitzar amb o sense el graduat d&#8217;ESO, hi ha una \u00e0rea d&#8217;orientaci\u00f3 on persones expertes en orientaci\u00f3 assessoren l&#8217;alumnat i les seves fam\u00edlies. Tamb\u00e9 hi ha una \u00e0rea de consulta amb ordinadors.<\/p>\n","protected":false},"excerpt":{"rendered":"<p>Us hem preparat aquest SITE amb tota la informaci\u00f3 que us pot resultar d&#8217;inter\u00e8s. 3r d&#8217;ESO Al 3r trimestre de 3r d&#8217;ESO l&#8217;alumnat ha de triar 3 mat\u00e8ries optatives que cursar\u00e0 a 4t d&#8217;ESO. S\u00f3n mat\u00e8ries lligades a les diferents sortides que hi ha un cop s&#8217;acaba l&#8217;ESO: batxillerat (ci\u00e8ncies i tecnologia, humanitats i ci\u00e8ncies [&hellip;]<\/p>\n","protected":false},"author":1,"featured_media":0,"parent":195,"menu_order":30,"comment_status":"closed","ping_status":"closed","template":"","meta":{"_bbp_topic_count":0,"_bbp_reply_count":0,"_bbp_total_topic_count":0,"_bbp_total_reply_count":0,"_bbp_voice_count":0,"_bbp_anonymous_reply_count":0,"_bbp_topic_count_hidden":0,"_bbp_reply_count_hidden":0,"_bbp_forum_subforum_count":0,"site-sidebar-layout":"default","site-content-layout":"","ast-site-content-layout":"","site-content-style":"default","site-sidebar-style":"default","ast-global-header-display":"","ast-banner-title-visibility":"","ast-main-header-display":"","ast-hfb-above-header-display":"","ast-hfb-below-header-display":"","ast-hfb-mobile-header-display":"","site-post-title":"","ast-breadcrumbs-content":"","ast-featured-img":"","footer-sml-layout":"","theme-transparent-header-meta":"","adv-header-id-meta":"","stick-header-meta":"","header-above-stick-meta":"","header-main-stick-meta":"","header-below-stick-meta":"","astra-migrate-meta-layouts":"default","ast-page-background-enabled":"default","ast-page-background-meta":{"desktop":{"background-color":"var(--ast-global-color-4)","background-image":"","background-repeat":"repeat","background-position":"center center","background-size":"auto","background-attachment":"scroll","background-type":"","background-media":"","overlay-type":"","overlay-color":"","overlay-opacity":"","overlay-gradient":""},"tablet":{"background-color":"","background-image":"","background-repeat":"repeat","background-position":"center center","background-size":"auto","background-attachment":"scroll","background-type":"","background-media":"","overlay-type":"","overlay-color":"","overlay-opacity":"","overlay-gradient":""},"mobile":{"background-color":"","background-image":"","background-repeat":"repeat","background-position":"center center","background-size":"auto","background-attachment":"scroll","background-type":"","background-media":"","overlay-type":"","overlay-color":"","overlay-opacity":"","overlay-gradient":""}},"ast-content-background-meta":{"desktop":{"background-color":"var(--ast-global-color-5)","background-image":"","background-repeat":"repeat","background-position":"center center","background-size":"auto","background-attachment":"scroll","background-type":"","background-media":"","overlay-type":"","overlay-color":"","overlay-opacity":"","overlay-gradient":""},"tablet":{"background-color":"var(--ast-global-color-5)","background-image":"","background-repeat":"repeat","background-position":"center center","background-size":"auto","background-attachment":"scroll","background-type":"","background-media":"","overlay-type":"","overlay-color":"","overlay-opacity":"","overlay-gradient":""},"mobile":{"background-color":"var(--ast-global-color-5)","background-image":"","background-repeat":"repeat","background-position":"center center","background-size":"auto","background-attachment":"scroll","background-type":"","background-media":"","overlay-type":"","overlay-color":"","overlay-opacity":"","overlay-gradient":""}},"footnotes":""},"class_list":["post-613","page","type-page","status-publish","hentry"],"post_mailing_queue_ids":[],"_links":{"self":[{"href":"https:\/\/agora.xtec.cat\/iesjpla\/wp-json\/wp\/v2\/pages\/613","targetHints":{"allow":["GET"]}}],"collection":[{"href":"https:\/\/agora.xtec.cat\/iesjpla\/wp-json\/wp\/v2\/pages"}],"about":[{"href":"https:\/\/agora.xtec.cat\/iesjpla\/wp-json\/wp\/v2\/types\/page"}],"author":[{"embeddable":true,"href":"https:\/\/agora.xtec.cat\/iesjpla\/wp-json\/wp\/v2\/users\/1"}],"replies":[{"embeddable":true,"href":"https:\/\/agora.xtec.cat\/iesjpla\/wp-json\/wp\/v2\/comments?post=613"}],"version-history":[{"count":8,"href":"https:\/\/agora.xtec.cat\/iesjpla\/wp-json\/wp\/v2\/pages\/613\/revisions"}],"predecessor-version":[{"id":10064,"href":"https:\/\/agora.xtec.cat\/iesjpla\/wp-json\/wp\/v2\/pages\/613\/revisions\/10064"}],"up":[{"embeddable":true,"href":"https:\/\/agora.xtec.cat\/iesjpla\/wp-json\/wp\/v2\/pages\/195"}],"wp:attachment":[{"href":"https:\/\/agora.xtec.cat\/iesjpla\/wp-json\/wp\/v2\/media?parent=613"}],"curies":[{"name":"wp","href":"https:\/\/api.w.org\/{rel}","templated":true}]}}