{"id":57,"date":"2014-09-17T17:01:07","date_gmt":"2014-09-17T17:01:07","guid":{"rendered":"http:\/\/agora.xtec.cat\/iesjpla\/?page_id=57"},"modified":"2025-09-26T13:51:43","modified_gmt":"2025-09-26T11:51:43","slug":"projecte-educatiu","status":"publish","type":"page","link":"https:\/\/agora.xtec.cat\/iesjpla\/projecte-educatiu\/","title":{"rendered":"Com treballem (PEC)"},"content":{"rendered":"<h4 style=\"text-align: justify;\"><a href=\"http:\/\/agora.xtec.cat\/iesjpla\/wp-content\/uploads\/usu1249\/2017\/09\/pec.jpg\"><img loading=\"lazy\" decoding=\"async\" class=\"aligncenter size-full wp-image-2007\" src=\"http:\/\/agora.xtec.cat\/iesjpla\/wp-content\/uploads\/usu1249\/2017\/09\/pec.jpg\" alt=\"\" width=\"364\" height=\"222\" srcset=\"https:\/\/agora.xtec.cat\/iesjpla\/wp-content\/uploads\/usu1249\/2017\/09\/pec.jpg 364w, https:\/\/agora.xtec.cat\/iesjpla\/wp-content\/uploads\/usu1249\/2017\/09\/pec-300x183.jpg 300w\" sizes=\"auto, (max-width: 364px) 100vw, 364px\" \/><\/a><\/h4>\n<h4 style=\"text-align: justify;\"><\/h4>\n<p>En el nostre <a href=\"https:\/\/drive.google.com\/file\/d\/16vnkXlHusEd8WsPM-Wrk-BYt8Jn4pCgw\/view?usp=sharing\"><span style=\"text-decoration: underline;\"><strong>Projecte Educatiu de Centre (PEC)<\/strong><\/span><\/a> detallem quin son els nostres objectius i el nostre tarann\u00e0 com a centre educatiu. Aquests s\u00f3n alguns dels punts m\u00e9s rellevants:<\/p>\n<ul>\n<li style=\"text-align: justify;\"><strong>Acompanyem: <\/strong>Educarem en un entorn agradable<strong>,<\/strong> on l\u2019alumnat se senti acollit i escoltat per tothom que l\u2019envolta.<\/li>\n<li style=\"text-align: justify;\"><strong>Assoliment de compet\u00e8ncies:<\/strong> Extraurem el millor de cada alumne, garantint que pot assolir les compet\u00e8ncies necess\u00e0ries per tenir \u00e8xit en els seus futurs reptes acad\u00e8mics, professionals i personals.<\/li>\n<li><strong>Educaci\u00f3 personalitzada:<\/strong> Oferirem a cada alumne les eines que necessiti per poder avan\u00e7ar en el seu creixement individual, desenvoluparem la seva creativitat i l&#8217;orientarem en l\u2019elecci\u00f3 del seu itinerari formatiu.<\/li>\n<li><strong>Esfor\u00e7, responsabilitat, respecte i solidaritat:<\/strong> Promourem entre l\u2019alumnat els valors de l\u2019esfor\u00e7, la responsabilitat, el respecte i la solidaritat<span style=\"font-family: inherit; font-size: 1em; text-align: justify;\"> aix\u00ed com difondrem els ideals d\u2019un <\/span>m\u00f3n m\u00e9s just i la protecci\u00f3 del medi ambient.<\/li>\n<li><strong>Implicaci\u00f3 i participaci\u00f3:<\/strong> Els joves de seguida sentiran que formen part del centre, i estimularem la seva participaci\u00f3 en les iniciatives per a la seva millora i la seva implicaci\u00f3 en accions solid\u00e0ries, celebracions de festes, activitats culturals o esportives, etc.<\/li>\n<\/ul>\n<p>&nbsp;<\/p>\n<p><strong>Eixos destacats<\/strong><\/p>\n<ul>\n<li><strong>Acollida i acci\u00f3 tutorial integral: <\/strong>Acollim als alumnes i vetllem pel seu creixement personal i el seu desenvolupament com a ciutadans del futur.<\/li>\n<\/ul>\n<ul>\n<li><strong>Atenci\u00f3 a la diversitat: <\/strong>Som un centre educatiu inclusiu i donem resposta a tots els alumnes segons les seves necessitats i caracter\u00edstiques amb l\u2019objectiu de l\u2019assoliment de les compet\u00e8ncies i el de la motivaci\u00f3 per al seu progr\u00e9s personal.<\/li>\n<\/ul>\n<ul>\n<li><strong>Metodologies diverses i excel\u00b7l\u00e8ncia: <\/strong>Ens esforcem per avan\u00e7ar amb nous projectes educatius i oferir la millor metodologia i la m\u00e9s adient per a cada grup i cada mat\u00e8ria, posant la tecnologia al servei de l\u2019educaci\u00f3.<\/li>\n<\/ul>\n<ul>\n<li><strong>\u00c8mfasi<\/strong><strong> en la lectura i les lleng\u00fces: <\/strong>El pla lector \u00e9s una eina essencial per a facilitar a l\u2019alumnat la millora de la seva compet\u00e8ncia lectora i per a estimular el gust per la literatura. Oferim mat\u00e8ries en llengua estrangera, i experi\u00e8ncies d\u2019aprenentatge de lleng\u00fces en immersi\u00f3 i en intercanvis ling\u00fc\u00edstics i projectes europeus.<\/li>\n<\/ul>\n<ul>\n<li><strong><strong>Formaci\u00f3 integral, valors, salut, medi ambient, cultura esfor\u00e7 i responsabilitat: <\/strong><\/strong>Transmetem\u00a0la cultura dels valors a trav\u00e9s de projectes com els d\u2019Aprenentatge i Servei Comunitari, Escoles + Sostenibles, Projecte de menjador, aix\u00ed com des de les tutories i les assemblees d\u2019alumnes.<\/li>\n<\/ul>\n<p>&nbsp;<\/p>\n<p><strong>Formaci\u00f3 acad\u00e8mica:<\/strong><strong>\u00a0<\/strong><\/p>\n<ul>\n<li><span style=\"font-family: inherit; font-size: 1em;\">Franja de projectes de 4 hores a 1r i 2n d\u2019ESO.<\/span><\/li>\n<li>Pla de lectura en tots els cursos.<\/li>\n<li>Grups redu\u00efts i flexibles de refor\u00e7 a les mat\u00e8ries instrumentals.<\/li>\n<li>Codoc\u00e8ncia a diverses mat\u00e8ries instrumentals.<\/li>\n<li>Segona llengua estrangera Franc\u00e8s a tota l\u2019ESO.<\/li>\n<li>Emprenedoria.<\/li>\n<li>\u00das de l\u2019angl\u00e8s com a llengua vehicular en activitats de diverses mat\u00e8ries d\u2019ESO.<\/li>\n<li><span style=\"font-family: inherit; font-size: 1em;\">Participaci\u00f3 en mostres, f\u00f2rums i concursos.<\/span><\/li>\n<\/ul>\n<p><strong>Creixement personal:<\/strong><\/p>\n<ul>\n<li>Trasp\u00e0s i col\u00b7laboraci\u00f3 amb les escoles de prim\u00e0ria.<\/li>\n<li>Tutoria entre iguals.<\/li>\n<li>Tutoria en petit grup (programa Escolta\u2019m).<\/li>\n<li>Programes de Salut dins l\u2019acci\u00f3 tutorial i atenci\u00f3 emocional individualitzada (programa Konsulta\u2019m).<\/li>\n<li>Projecte Apropa\u2019t (amb la Fundaci\u00f3 ADSIS; per a l\u2019Aprenentatge i servei comunitari).<\/li>\n<li>Projecte Escoles + Sostenibles.<\/li>\n<li>Activitats d\u2019orientaci\u00f3 de final d\u2019etapa.<\/li>\n<\/ul>\n","protected":false},"excerpt":{"rendered":"<p>En el nostre Projecte Educatiu de Centre (PEC) detallem quin son els nostres objectius i el nostre tarann\u00e0 com a centre educatiu. Aquests s\u00f3n alguns dels punts m\u00e9s rellevants: Acompanyem: Educarem en un entorn agradable, on l\u2019alumnat se senti acollit i escoltat per tothom que l\u2019envolta. Assoliment de compet\u00e8ncies: Extraurem el millor de cada alumne, [&hellip;]<\/p>\n","protected":false},"author":1,"featured_media":0,"parent":0,"menu_order":0,"comment_status":"closed","ping_status":"closed","template":"","meta":{"_bbp_topic_count":0,"_bbp_reply_count":0,"_bbp_total_topic_count":0,"_bbp_total_reply_count":0,"_bbp_voice_count":0,"_bbp_anonymous_reply_count":0,"_bbp_topic_count_hidden":0,"_bbp_reply_count_hidden":0,"_bbp_forum_subforum_count":0,"site-sidebar-layout":"default","site-content-layout":"","ast-site-content-layout":"default","site-content-style":"default","site-sidebar-style":"default","ast-global-header-display":"","ast-banner-title-visibility":"","ast-main-header-display":"","ast-hfb-above-header-display":"","ast-hfb-below-header-display":"","ast-hfb-mobile-header-display":"","site-post-title":"","ast-breadcrumbs-content":"","ast-featured-img":"","footer-sml-layout":"","theme-transparent-header-meta":"default","adv-header-id-meta":"","stick-header-meta":"","header-above-stick-meta":"","header-main-stick-meta":"","header-below-stick-meta":"","astra-migrate-meta-layouts":"set","ast-page-background-enabled":"default","ast-page-background-meta":{"desktop":{"background-color":"var(--ast-global-color-4)","background-image":"","background-repeat":"repeat","background-position":"center center","background-size":"auto","background-attachment":"scroll","background-type":"","background-media":"","overlay-type":"","overlay-color":"","overlay-opacity":"","overlay-gradient":""},"tablet":{"background-color":"","background-image":"","background-repeat":"repeat","background-position":"center center","background-size":"auto","background-attachment":"scroll","background-type":"","background-media":"","overlay-type":"","overlay-color":"","overlay-opacity":"","overlay-gradient":""},"mobile":{"background-color":"","background-image":"","background-repeat":"repeat","background-position":"center center","background-size":"auto","background-attachment":"scroll","background-type":"","background-media":"","overlay-type":"","overlay-color":"","overlay-opacity":"","overlay-gradient":""}},"ast-content-background-meta":{"desktop":{"background-color":"var(--ast-global-color-5)","background-image":"","background-repeat":"repeat","background-position":"center center","background-size":"auto","background-attachment":"scroll","background-type":"","background-media":"","overlay-type":"","overlay-color":"","overlay-opacity":"","overlay-gradient":""},"tablet":{"background-color":"var(--ast-global-color-5)","background-image":"","background-repeat":"repeat","background-position":"center center","background-size":"auto","background-attachment":"scroll","background-type":"","background-media":"","overlay-type":"","overlay-color":"","overlay-opacity":"","overlay-gradient":""},"mobile":{"background-color":"var(--ast-global-color-5)","background-image":"","background-repeat":"repeat","background-position":"center center","background-size":"auto","background-attachment":"scroll","background-type":"","background-media":"","overlay-type":"","overlay-color":"","overlay-opacity":"","overlay-gradient":""}},"footnotes":""},"class_list":["post-57","page","type-page","status-publish","hentry"],"post_mailing_queue_ids":[],"_links":{"self":[{"href":"https:\/\/agora.xtec.cat\/iesjpla\/wp-json\/wp\/v2\/pages\/57","targetHints":{"allow":["GET"]}}],"collection":[{"href":"https:\/\/agora.xtec.cat\/iesjpla\/wp-json\/wp\/v2\/pages"}],"about":[{"href":"https:\/\/agora.xtec.cat\/iesjpla\/wp-json\/wp\/v2\/types\/page"}],"author":[{"embeddable":true,"href":"https:\/\/agora.xtec.cat\/iesjpla\/wp-json\/wp\/v2\/users\/1"}],"replies":[{"embeddable":true,"href":"https:\/\/agora.xtec.cat\/iesjpla\/wp-json\/wp\/v2\/comments?post=57"}],"version-history":[{"count":8,"href":"https:\/\/agora.xtec.cat\/iesjpla\/wp-json\/wp\/v2\/pages\/57\/revisions"}],"predecessor-version":[{"id":10556,"href":"https:\/\/agora.xtec.cat\/iesjpla\/wp-json\/wp\/v2\/pages\/57\/revisions\/10556"}],"wp:attachment":[{"href":"https:\/\/agora.xtec.cat\/iesjpla\/wp-json\/wp\/v2\/media?parent=57"}],"curies":[{"name":"wp","href":"https:\/\/api.w.org\/{rel}","templated":true}]}}