{"id":501,"date":"2016-12-08T18:39:05","date_gmt":"2016-12-08T17:39:05","guid":{"rendered":"http:\/\/agora.xtec.cat\/iesjpla\/?page_id=501"},"modified":"2025-10-20T12:20:28","modified_gmt":"2025-10-20T10:20:28","slug":"lorganitzacio-del-batxillerat","status":"publish","type":"page","link":"https:\/\/agora.xtec.cat\/iesjpla\/estudis\/lorganitzacio-del-batxillerat\/","title":{"rendered":"L&#8217;organitzaci\u00f3 del batxillerat"},"content":{"rendered":"<p style=\"text-align: justify;\"><span style=\"color: #333333;\"><strong>CURR\u00cdCULUM<\/strong><\/span><br \/>\n<span style=\"color: #333333;\"> El Batxillerat consta de dos cursos i s&#8217;estructura en una part comuna, a cursar per tot l&#8217;alumnat, i en una part diversificada, amb assignatures de modalitat (depenen del Batxillerat triat) i assignatures optatives (es poden triar de qualsevol modalitat de Batxillerat). L&#8217;Institut Josep Pla ofereix el Batxillerat de Ci\u00e8ncies i Tecnologia i el d&#8217;Humanitats i Ci\u00e8ncies socials. Cada alumne\/a ha de cursar les mat\u00e8ries comunes i la mat\u00e8ria comuna d&#8217;opci\u00f3, que \u00e9s la mat\u00e8ria de modalitat obligat\u00f2ria. A m\u00e9s a m\u00e9s, ha de triar dues assignatures de la seva modalitat. Per completar el curr\u00edculum l&#8217;alumnat ha de triar tres assignatures optatives.<\/span><\/p>\n<p><a href=\"https:\/\/agora.xtec.cat\/iesjpla\/wp-content\/uploads\/usu1249\/2023\/02\/Distribucio-horaria-Batx.jpg\"><img loading=\"lazy\" decoding=\"async\" class=\"size-full wp-image-7581 aligncenter\" src=\"https:\/\/agora.xtec.cat\/iesjpla\/wp-content\/uploads\/usu1249\/2023\/02\/Distribucio-horaria-Batx.jpg\" alt=\"\" width=\"456\" height=\"610\" srcset=\"https:\/\/agora.xtec.cat\/iesjpla\/wp-content\/uploads\/usu1249\/2023\/02\/Distribucio-horaria-Batx.jpg 456w, https:\/\/agora.xtec.cat\/iesjpla\/wp-content\/uploads\/usu1249\/2023\/02\/Distribucio-horaria-Batx-224x300.jpg 224w\" sizes=\"auto, (max-width: 456px) 100vw, 456px\" \/><\/a><\/p>\n<p>Aquest \u00e9s l&#8217;itinerari del curs actual:<\/p>\n<p><a href=\"https:\/\/agora.xtec.cat\/iesjpla\/wp-content\/uploads\/usu1249\/2025\/04\/1r-Bat-curriculum.png\"><img loading=\"lazy\" decoding=\"async\" class=\"alignright size-full wp-image-10060\" src=\"https:\/\/agora.xtec.cat\/iesjpla\/wp-content\/uploads\/usu1249\/2025\/04\/1r-Bat-curriculum.png\" alt=\"\" width=\"988\" height=\"382\" srcset=\"https:\/\/agora.xtec.cat\/iesjpla\/wp-content\/uploads\/usu1249\/2025\/04\/1r-Bat-curriculum.png 988w, https:\/\/agora.xtec.cat\/iesjpla\/wp-content\/uploads\/usu1249\/2025\/04\/1r-Bat-curriculum-300x116.png 300w, https:\/\/agora.xtec.cat\/iesjpla\/wp-content\/uploads\/usu1249\/2025\/04\/1r-Bat-curriculum-768x297.png 768w\" sizes=\"auto, (max-width: 988px) 100vw, 988px\" \/><\/a><\/p>\n<p>&nbsp;<\/p>\n<p>&nbsp;<\/p>\n<p>&nbsp;<\/p>\n<p>&nbsp;<\/p>\n<p style=\"text-align: justify;\"><a href=\"https:\/\/agora.xtec.cat\/iesjpla\/wp-content\/uploads\/usu1249\/2025\/04\/2n-Bat-curriculum.png\"><img loading=\"lazy\" decoding=\"async\" class=\"alignright size-full wp-image-10062\" src=\"https:\/\/agora.xtec.cat\/iesjpla\/wp-content\/uploads\/usu1249\/2025\/04\/2n-Bat-curriculum.png\" alt=\"\" width=\"806\" height=\"365\" srcset=\"https:\/\/agora.xtec.cat\/iesjpla\/wp-content\/uploads\/usu1249\/2025\/04\/2n-Bat-curriculum.png 806w, https:\/\/agora.xtec.cat\/iesjpla\/wp-content\/uploads\/usu1249\/2025\/04\/2n-Bat-curriculum-300x136.png 300w, https:\/\/agora.xtec.cat\/iesjpla\/wp-content\/uploads\/usu1249\/2025\/04\/2n-Bat-curriculum-768x348.png 768w\" sizes=\"auto, (max-width: 806px) 100vw, 806px\" \/><\/a>En aquest quadre podeu veure l&#8217;assignatura comuna d&#8217;opci\u00f3 en funci\u00f3 de la modalitat de Batxillerat triada:<\/p>\n<p><a href=\"https:\/\/agora.xtec.cat\/iesjpla\/wp-content\/uploads\/usu1249\/2023\/02\/Comuna-dopcio.jpg\"><img loading=\"lazy\" decoding=\"async\" class=\"size-full wp-image-7582 aligncenter\" src=\"https:\/\/agora.xtec.cat\/iesjpla\/wp-content\/uploads\/usu1249\/2023\/02\/Comuna-dopcio.jpg\" alt=\"\" width=\"870\" height=\"284\" srcset=\"https:\/\/agora.xtec.cat\/iesjpla\/wp-content\/uploads\/usu1249\/2023\/02\/Comuna-dopcio.jpg 870w, https:\/\/agora.xtec.cat\/iesjpla\/wp-content\/uploads\/usu1249\/2023\/02\/Comuna-dopcio-300x98.jpg 300w, https:\/\/agora.xtec.cat\/iesjpla\/wp-content\/uploads\/usu1249\/2023\/02\/Comuna-dopcio-768x251.jpg 768w\" sizes=\"auto, (max-width: 870px) 100vw, 870px\" \/><\/a><\/p>\n<p>A m\u00e9s cal triar dues mat\u00e8ries de modalitat entre les seg\u00fcents:<\/p>\n<p><a href=\"https:\/\/agora.xtec.cat\/iesjpla\/wp-content\/uploads\/usu1249\/2023\/02\/Assignatures-de-modalitat.png\"><img loading=\"lazy\" decoding=\"async\" class=\"size-full wp-image-7583 aligncenter\" src=\"https:\/\/agora.xtec.cat\/iesjpla\/wp-content\/uploads\/usu1249\/2023\/02\/Assignatures-de-modalitat.png\" alt=\"\" width=\"932\" height=\"378\" srcset=\"https:\/\/agora.xtec.cat\/iesjpla\/wp-content\/uploads\/usu1249\/2023\/02\/Assignatures-de-modalitat.png 932w, https:\/\/agora.xtec.cat\/iesjpla\/wp-content\/uploads\/usu1249\/2023\/02\/Assignatures-de-modalitat-300x122.png 300w, https:\/\/agora.xtec.cat\/iesjpla\/wp-content\/uploads\/usu1249\/2023\/02\/Assignatures-de-modalitat-768x311.png 768w\" sizes=\"auto, (max-width: 932px) 100vw, 932px\" \/><\/a><\/p>\n<p>El curr\u00edculum es complementa amb les mat\u00e8ries optatives.<\/p>\n<p><a href=\"https:\/\/agora.xtec.cat\/iesjpla\/wp-content\/uploads\/usu1249\/2023\/02\/OPtatives.jpg\"><img loading=\"lazy\" decoding=\"async\" class=\"size-full wp-image-7600 aligncenter\" src=\"https:\/\/agora.xtec.cat\/iesjpla\/wp-content\/uploads\/usu1249\/2023\/02\/OPtatives.jpg\" alt=\"\" width=\"734\" height=\"266\" srcset=\"https:\/\/agora.xtec.cat\/iesjpla\/wp-content\/uploads\/usu1249\/2023\/02\/OPtatives.jpg 734w, https:\/\/agora.xtec.cat\/iesjpla\/wp-content\/uploads\/usu1249\/2023\/02\/OPtatives-300x109.jpg 300w\" sizes=\"auto, (max-width: 734px) 100vw, 734px\" \/><\/a><\/p>\n<p style=\"text-align: justify;\"><span style=\"color: #333333;\"><strong>Treball de recerca<\/strong><\/span><br \/>\n<span style=\"color: #333333;\"> El seu objectiu \u00e9s que l&#8217;alumnat faci servir conceptes i procediments apresos en un \u00e0mbit del seu inter\u00e8s i arribi a obtenir-ne conclusions.\u00a0Aquest treball el fa tutoritzat per un professor\/a i a m\u00e9s de presentar-lo per escrit ha de defensar-lo davant d&#8217;un tribunal. El treball s&#8217;inicia al primer curs i es presenta i defensa al segon curs.<\/span><\/p>\n<p style=\"text-align: justify;\"><strong>Avaluaci\u00f3 i promoci\u00f3 de curs<\/strong><br \/>\n<span style=\"color: #333333;\">Hi ha una avaluaci\u00f3 cada trimestre. Al final de cada avaluaci\u00f3, es dona a l&#8217;alumne\/a un butllet\u00ed de notes.<\/span><br \/>\n<span style=\"color: #333333;\"> A meitat del primer trimestre, l&#8217;equip docent realitza una preavaluaci\u00f3 per con\u00e8ixer millor la situaci\u00f3 de l&#8217;alumnat i poder fer un seguiment individual.<\/span><br \/>\n<span style=\"color: #333333;\"> Les proves extraordin\u00e0ries de 1r i 2n de Batxillerat, es realitzen al mes de juny.<\/span><br \/>\n<span style=\"color: #333333;\"> L&#8217;alumnat que en finalitzar el primer curs tingui suspeses una o dues mat\u00e8ries es podr\u00e0 matricular de segon, a m\u00e9s d\u2019aquestes mat\u00e8ries de primer.<\/span><br \/>\n<span style=\"color: #333333;\"> L&#8217;alumnat que en finalitzar el primer curs tingui suspeses entre tres i quatre mat\u00e8ries podr\u00e0 matricular-se&#8217;n sense necessitat de tornar a cursar les mat\u00e8ries ja superades. No obstant, l&#8217;alumnat que ho desitgi podr\u00e0 optar per tornar a matricular-se \u00edntegrament a primer curs de batxillerat renunciant a totes les qualificacions positives obtingudes.<\/span><br \/>\n<span style=\"color: #333333;\"> L&#8217;alumnat que en finalitzar el primer curs tingui suspeses cinc o m\u00e9s mat\u00e8ries haur\u00e0 de repetir tot el curs.<\/span><\/p>\n","protected":false},"excerpt":{"rendered":"<p>CURR\u00cdCULUM El Batxillerat consta de dos cursos i s&#8217;estructura en una part comuna, a cursar per tot l&#8217;alumnat, i en una part diversificada, amb assignatures de modalitat (depenen del Batxillerat triat) i assignatures optatives (es poden triar de qualsevol modalitat de Batxillerat). L&#8217;Institut Josep Pla ofereix el Batxillerat de Ci\u00e8ncies i Tecnologia i el d&#8217;Humanitats [&hellip;]<\/p>\n","protected":false},"author":1,"featured_media":0,"parent":195,"menu_order":40,"comment_status":"closed","ping_status":"closed","template":"","meta":{"_bbp_topic_count":0,"_bbp_reply_count":0,"_bbp_total_topic_count":0,"_bbp_total_reply_count":0,"_bbp_voice_count":0,"_bbp_anonymous_reply_count":0,"_bbp_topic_count_hidden":0,"_bbp_reply_count_hidden":0,"_bbp_forum_subforum_count":0,"site-sidebar-layout":"default","site-content-layout":"","ast-site-content-layout":"default","site-content-style":"default","site-sidebar-style":"default","ast-global-header-display":"","ast-banner-title-visibility":"","ast-main-header-display":"","ast-hfb-above-header-display":"","ast-hfb-below-header-display":"","ast-hfb-mobile-header-display":"","site-post-title":"","ast-breadcrumbs-content":"","ast-featured-img":"","footer-sml-layout":"","theme-transparent-header-meta":"default","adv-header-id-meta":"","stick-header-meta":"","header-above-stick-meta":"","header-main-stick-meta":"","header-below-stick-meta":"","astra-migrate-meta-layouts":"set","ast-page-background-enabled":"default","ast-page-background-meta":{"desktop":{"background-color":"var(--ast-global-color-4)","background-image":"","background-repeat":"repeat","background-position":"center center","background-size":"auto","background-attachment":"scroll","background-type":"","background-media":"","overlay-type":"","overlay-color":"","overlay-opacity":"","overlay-gradient":""},"tablet":{"background-color":"","background-image":"","background-repeat":"repeat","background-position":"center center","background-size":"auto","background-attachment":"scroll","background-type":"","background-media":"","overlay-type":"","overlay-color":"","overlay-opacity":"","overlay-gradient":""},"mobile":{"background-color":"","background-image":"","background-repeat":"repeat","background-position":"center center","background-size":"auto","background-attachment":"scroll","background-type":"","background-media":"","overlay-type":"","overlay-color":"","overlay-opacity":"","overlay-gradient":""}},"ast-content-background-meta":{"desktop":{"background-color":"var(--ast-global-color-5)","background-image":"","background-repeat":"repeat","background-position":"center center","background-size":"auto","background-attachment":"scroll","background-type":"","background-media":"","overlay-type":"","overlay-color":"","overlay-opacity":"","overlay-gradient":""},"tablet":{"background-color":"var(--ast-global-color-5)","background-image":"","background-repeat":"repeat","background-position":"center center","background-size":"auto","background-attachment":"scroll","background-type":"","background-media":"","overlay-type":"","overlay-color":"","overlay-opacity":"","overlay-gradient":""},"mobile":{"background-color":"var(--ast-global-color-5)","background-image":"","background-repeat":"repeat","background-position":"center center","background-size":"auto","background-attachment":"scroll","background-type":"","background-media":"","overlay-type":"","overlay-color":"","overlay-opacity":"","overlay-gradient":""}},"footnotes":""},"class_list":["post-501","page","type-page","status-publish","hentry"],"post_mailing_queue_ids":[],"_links":{"self":[{"href":"https:\/\/agora.xtec.cat\/iesjpla\/wp-json\/wp\/v2\/pages\/501","targetHints":{"allow":["GET"]}}],"collection":[{"href":"https:\/\/agora.xtec.cat\/iesjpla\/wp-json\/wp\/v2\/pages"}],"about":[{"href":"https:\/\/agora.xtec.cat\/iesjpla\/wp-json\/wp\/v2\/types\/page"}],"author":[{"embeddable":true,"href":"https:\/\/agora.xtec.cat\/iesjpla\/wp-json\/wp\/v2\/users\/1"}],"replies":[{"embeddable":true,"href":"https:\/\/agora.xtec.cat\/iesjpla\/wp-json\/wp\/v2\/comments?post=501"}],"version-history":[{"count":7,"href":"https:\/\/agora.xtec.cat\/iesjpla\/wp-json\/wp\/v2\/pages\/501\/revisions"}],"predecessor-version":[{"id":10429,"href":"https:\/\/agora.xtec.cat\/iesjpla\/wp-json\/wp\/v2\/pages\/501\/revisions\/10429"}],"up":[{"embeddable":true,"href":"https:\/\/agora.xtec.cat\/iesjpla\/wp-json\/wp\/v2\/pages\/195"}],"wp:attachment":[{"href":"https:\/\/agora.xtec.cat\/iesjpla\/wp-json\/wp\/v2\/media?parent=501"}],"curies":[{"name":"wp","href":"https:\/\/api.w.org\/{rel}","templated":true}]}}