{"id":496,"date":"2016-12-07T23:40:09","date_gmt":"2016-12-07T22:40:09","guid":{"rendered":"http:\/\/agora.xtec.cat\/iesjpla\/?page_id=496"},"modified":"2026-01-27T10:41:44","modified_gmt":"2026-01-27T09:41:44","slug":"escoles-adscrites","status":"publish","type":"page","link":"https:\/\/agora.xtec.cat\/iesjpla\/escoles-adscrites\/","title":{"rendered":"Escoles adscrites"},"content":{"rendered":"<p style=\"text-align: justify;\">Les escoles adscrites a l&#8217;Institut Josep Pla pertanyen al districte d&#8217;Horta-Guinard\u00f3: <img loading=\"lazy\" decoding=\"async\" class=\"alignright\" src=\"https:\/\/cdn.iconscout.com\/icon\/free\/png-256\/free-school-icon-download-in-svg-png-gif-file-formats--university-college-education-pack-icons-1794970.png\" alt=\"Free School Icon - Free Download School &amp; Education Icons | IconScout\" width=\"188\" height=\"188\" \/><\/p>\n<ul>\n<li><a href=\"https:\/\/agora.xtec.cat\/ceipelcarmel\/\">Escola El Carmel<\/a> (institut de refer\u00e8ncia)<\/li>\n<li><a href=\"https:\/\/agora.xtec.cat\/escola-heura\/\">Escola Heura<\/a> (institut de refer\u00e8ncia)<\/li>\n<li><a href=\"https:\/\/agora.xtec.cat\/ceip-marenostrum-barcelona\/\">Escola Mare Nostrum<\/a> (institut de refer\u00e8ncia)<\/li>\n<li><a href=\"https:\/\/agora.xtec.cat\/ceipcancarabassa\/\">Escola Torrent de Can Carabassa<\/a> (institut de refer\u00e8ncia)<\/li>\n<li><a href=\"https:\/\/agora.xtec.cat\/escolafontfargas\/\">Escola Font d&#8217;en Fargas<\/a><\/li>\n<li><a href=\"https:\/\/ieaoriolmartorell.cat\/\">IE Oriol Martorell (institut escola art\u00edstic)<\/a><\/li>\n<\/ul>\n","protected":false},"excerpt":{"rendered":"<p>Les escoles adscrites a l&#8217;Institut Josep Pla pertanyen al districte d&#8217;Horta-Guinard\u00f3: Escola El Carmel (institut de refer\u00e8ncia) Escola Heura (institut de refer\u00e8ncia) Escola Mare Nostrum (institut de refer\u00e8ncia) Escola Torrent de Can Carabassa (institut de refer\u00e8ncia) Escola Font d&#8217;en Fargas IE Oriol Martorell (institut escola art\u00edstic)<\/p>\n","protected":false},"author":1,"featured_media":0,"parent":0,"menu_order":30,"comment_status":"closed","ping_status":"closed","template":"","meta":{"_bbp_topic_count":0,"_bbp_reply_count":0,"_bbp_total_topic_count":0,"_bbp_total_reply_count":0,"_bbp_voice_count":0,"_bbp_anonymous_reply_count":0,"_bbp_topic_count_hidden":0,"_bbp_reply_count_hidden":0,"_bbp_forum_subforum_count":0,"site-sidebar-layout":"default","site-content-layout":"","ast-site-content-layout":"default","site-content-style":"default","site-sidebar-style":"default","ast-global-header-display":"","ast-banner-title-visibility":"","ast-main-header-display":"","ast-hfb-above-header-display":"","ast-hfb-below-header-display":"","ast-hfb-mobile-header-display":"","site-post-title":"","ast-breadcrumbs-content":"","ast-featured-img":"","footer-sml-layout":"","theme-transparent-header-meta":"default","adv-header-id-meta":"","stick-header-meta":"","header-above-stick-meta":"","header-main-stick-meta":"","header-below-stick-meta":"","astra-migrate-meta-layouts":"set","ast-page-background-enabled":"default","ast-page-background-meta":{"desktop":{"background-color":"var(--ast-global-color-4)","background-image":"","background-repeat":"repeat","background-position":"center center","background-size":"auto","background-attachment":"scroll","background-type":"","background-media":"","overlay-type":"","overlay-color":"","overlay-opacity":"","overlay-gradient":""},"tablet":{"background-color":"","background-image":"","background-repeat":"repeat","background-position":"center center","background-size":"auto","background-attachment":"scroll","background-type":"","background-media":"","overlay-type":"","overlay-color":"","overlay-opacity":"","overlay-gradient":""},"mobile":{"background-color":"","background-image":"","background-repeat":"repeat","background-position":"center center","background-size":"auto","background-attachment":"scroll","background-type":"","background-media":"","overlay-type":"","overlay-color":"","overlay-opacity":"","overlay-gradient":""}},"ast-content-background-meta":{"desktop":{"background-color":"var(--ast-global-color-5)","background-image":"","background-repeat":"repeat","background-position":"center center","background-size":"auto","background-attachment":"scroll","background-type":"","background-media":"","overlay-type":"","overlay-color":"","overlay-opacity":"","overlay-gradient":""},"tablet":{"background-color":"var(--ast-global-color-5)","background-image":"","background-repeat":"repeat","background-position":"center center","background-size":"auto","background-attachment":"scroll","background-type":"","background-media":"","overlay-type":"","overlay-color":"","overlay-opacity":"","overlay-gradient":""},"mobile":{"background-color":"var(--ast-global-color-5)","background-image":"","background-repeat":"repeat","background-position":"center center","background-size":"auto","background-attachment":"scroll","background-type":"","background-media":"","overlay-type":"","overlay-color":"","overlay-opacity":"","overlay-gradient":""}},"footnotes":""},"class_list":["post-496","page","type-page","status-publish","hentry"],"post_mailing_queue_ids":[],"_links":{"self":[{"href":"https:\/\/agora.xtec.cat\/iesjpla\/wp-json\/wp\/v2\/pages\/496","targetHints":{"allow":["GET"]}}],"collection":[{"href":"https:\/\/agora.xtec.cat\/iesjpla\/wp-json\/wp\/v2\/pages"}],"about":[{"href":"https:\/\/agora.xtec.cat\/iesjpla\/wp-json\/wp\/v2\/types\/page"}],"author":[{"embeddable":true,"href":"https:\/\/agora.xtec.cat\/iesjpla\/wp-json\/wp\/v2\/users\/1"}],"replies":[{"embeddable":true,"href":"https:\/\/agora.xtec.cat\/iesjpla\/wp-json\/wp\/v2\/comments?post=496"}],"version-history":[{"count":7,"href":"https:\/\/agora.xtec.cat\/iesjpla\/wp-json\/wp\/v2\/pages\/496\/revisions"}],"predecessor-version":[{"id":10919,"href":"https:\/\/agora.xtec.cat\/iesjpla\/wp-json\/wp\/v2\/pages\/496\/revisions\/10919"}],"wp:attachment":[{"href":"https:\/\/agora.xtec.cat\/iesjpla\/wp-json\/wp\/v2\/media?parent=496"}],"curies":[{"name":"wp","href":"https:\/\/api.w.org\/{rel}","templated":true}]}}