{"id":491,"date":"2016-12-06T21:54:54","date_gmt":"2016-12-06T20:54:54","guid":{"rendered":"http:\/\/agora.xtec.cat\/iesjpla\/?page_id=491"},"modified":"2026-03-04T19:01:30","modified_gmt":"2026-03-04T18:01:30","slug":"lorganitzacio-de-leso","status":"publish","type":"page","link":"https:\/\/agora.xtec.cat\/iesjpla\/estudis\/lorganitzacio-de-leso\/","title":{"rendered":"L&#8217;organitzaci\u00f3 de l&#8217;ESO"},"content":{"rendered":"<p style=\"text-align: justify;\"><strong>CURR\u00cdCULUM<\/strong><br \/>\nL&#8217;ESO s\u2019estructura en dos cicles de dos cursos cadascun. El Departament d\u2019Educaci\u00f3 i Formaci\u00f3 Professional, <a href=\"http:\/\/agora.xtec.cat\/iesjpla\/wp-content\/uploads\/usu1249\/2016\/12\/curriculum-eso.jpg\">mitjan\u00e7ant el Decret 175\/2022<\/a>, determina les \u00e0rees i mat\u00e8ries que s\u2019estudien a cada cicle, els objectius i el nombre d\u2019hores lectives.<\/p>\n<table style=\"height: 520px; width: 100%; border-collapse: collapse; border-color: #000000;\">\n<tbody>\n<tr style=\"height: 52px;\">\n<td style=\"width: 50%; height: 52px; text-align: center; border-style: solid;\"><strong>Mat\u00e8ries de 1r a 3r<\/strong><\/td>\n<td style=\"width: 50%; height: 52px; text-align: center; border-style: solid;\"><strong>Total d&#8217;hores\u00a0<\/strong><\/td>\n<\/tr>\n<tr style=\"height: 52px;\">\n<td style=\"width: 50%; height: 52px; border-style: solid;\">Biologia i Geologia (2)<\/td>\n<td style=\"width: 50%; height: 52px; text-align: right; border-style: solid;\">140<\/td>\n<\/tr>\n<tr style=\"height: 52px;\">\n<td style=\"width: 50%; height: 52px; border-style: solid;\">Ci\u00e8ncies Socials: Geografia i Hist\u00f2ria(1)<\/td>\n<td style=\"width: 50%; height: 52px; text-align: right; border-style: solid;\">280<\/td>\n<\/tr>\n<tr style=\"height: 52px;\">\n<td style=\"width: 50%; height: 52px; border-style: solid;\">Educaci\u00f3 F\u00edsica (1)<\/td>\n<td style=\"width: 50%; height: 52px; text-align: right; border-style: solid;\">210<\/td>\n<\/tr>\n<tr style=\"height: 52px;\">\n<td style=\"width: 50%; height: 52px; border-style: solid;\">Educaci\u00f3 Pl\u00e0stica, Visual i Audiovisual (3)<\/td>\n<td style=\"width: 50%; height: 52px; text-align: right; border-style: solid;\">140<\/td>\n<\/tr>\n<tr style=\"height: 52px;\">\n<td style=\"width: 50%; height: 52px; border-style: solid;\">F\u00edsica i Qu\u00edmica (2)<\/td>\n<td style=\"width: 50%; height: 52px; text-align: right; border-style: solid;\">140<\/td>\n<\/tr>\n<tr style=\"height: 52px;\">\n<td style=\"width: 50%; height: 52px; border-style: solid;\">Llengua Castellana i Literatura (1)<\/td>\n<td style=\"width: 50%; height: 52px; text-align: right; border-style: solid;\">245<\/td>\n<\/tr>\n<tr style=\"height: 52px;\">\n<td style=\"width: 50%; height: 52px; border-style: solid;\">Llengua Catalana i Literatura (1)<\/td>\n<td style=\"width: 50%; height: 52px; text-align: right; border-style: solid;\">245<\/td>\n<\/tr>\n<tr style=\"height: 52px;\">\n<td style=\"width: 50%; height: 52px; border-style: solid;\">Llengua Estrangera (1)<\/td>\n<td style=\"width: 50%; height: 52px; text-align: right; border-style: solid;\">280<\/td>\n<\/tr>\n<tr>\n<td style=\"width: 50%; border-style: solid;\">Matem\u00e0tiques (1)<\/td>\n<td style=\"width: 50%; text-align: right; border-style: solid;\">315<\/td>\n<\/tr>\n<tr style=\"height: 52px;\">\n<td style=\"width: 50%; height: 52px; border-style: solid;\">M\u00fasica (3)<\/td>\n<td style=\"width: 50%; height: 52px; text-align: right; border-style: solid;\">140<\/td>\n<\/tr>\n<tr>\n<td style=\"width: 50%; border-style: solid;\">Optatives (5)<\/td>\n<td style=\"width: 50%; text-align: right; border-style: solid;\">210<\/td>\n<\/tr>\n<tr>\n<td style=\"width: 50%; border-style: solid;\">Religi\u00f3 (1)<\/td>\n<td style=\"width: 50%; text-align: right; border-style: solid;\">105<\/td>\n<\/tr>\n<tr>\n<td style=\"width: 50%; border-style: solid;\">Tecnologia i Digitalitzaci\u00f3 (4)<\/td>\n<td style=\"width: 50%; text-align: right; border-style: solid;\">175<\/td>\n<\/tr>\n<tr>\n<td style=\"width: 50%; border-style: solid;\">Tutoria (1)<\/td>\n<td style=\"width: 50%; text-align: right; border-style: solid;\">105<\/td>\n<\/tr>\n<tr>\n<td style=\"width: 50%; border-style: solid;\">Hores de gesti\u00f3 aut\u00f2noma<\/td>\n<td style=\"width: 50%; text-align: right; border-style: solid;\">420<\/td>\n<\/tr>\n<tr>\n<td style=\"width: 50%; text-align: center; border-style: solid;\"><strong>Total d\u2019hores del cicle <\/strong><\/td>\n<td style=\"width: 50%; text-align: center; border-style: solid;\"><strong>3.150<\/strong><\/td>\n<\/tr>\n<\/tbody>\n<\/table>\n<p>1) Els continguts d\u2019aquestes mat\u00e8ries han d\u2019estar presents a tots els cursos.<br \/>\n(2) A cada curs s\u2019ha d\u2019oferir una d\u2019aquestes dues mat\u00e8ries com a m\u00ednim.<br \/>\n(3) A cada curs s\u2019ha d\u2019oferir una d\u2019aquestes dues mat\u00e8ries com a m\u00ednim.<br \/>\n(4) En almenys un dels tres cursos, tot l\u2019alumnat ha de cursar la mat\u00e8ria Tecnologia i<br \/>\nDigitalitzaci\u00f3.<br \/>\n(5) Entre aquestes mat\u00e8ries optatives, els centres han d\u2019oferir, com a m\u00ednim en un curs,<br \/>\nCultura Cl\u00e0ssica, Emprenedoria i Rob\u00f2tica i Programaci\u00f3. La Segona Llengua Estrangera<br \/>\ns\u2019ha d\u2019oferir a tots els cursos i se n\u2019ha de garantir la continu\u00eftat.<\/p>\n<table style=\"border-collapse: collapse; width: 100%; height: 676px;\">\n<tbody>\n<tr style=\"height: 52px;\">\n<td style=\"width: 50%; text-align: center; height: 52px; border-style: solid;\"><strong>Mat\u00e8ries de 4t\u00a0<\/strong><\/td>\n<td style=\"width: 50%; text-align: center; height: 52px; border-style: solid;\"><strong>\u00a0Totals hores 4t<\/strong><\/td>\n<\/tr>\n<tr style=\"height: 52px;\">\n<td style=\"width: 50%; height: 52px; border-style: solid;\">Ci\u00e8ncies Socials: Geografia i Hist\u00f2ria<\/td>\n<td style=\"width: 50%; text-align: right; height: 52px; border-style: solid;\">70<\/td>\n<\/tr>\n<tr style=\"height: 52px;\">\n<td style=\"width: 50%; height: 52px; border-style: solid;\">Educaci\u00f3 en Valors C\u00edvics i \u00c8tics<\/td>\n<td style=\"width: 50%; height: 52px; text-align: right; border-style: solid;\">35<\/td>\n<\/tr>\n<tr style=\"height: 52px;\">\n<td style=\"width: 50%; height: 52px; border-style: solid;\">Educaci\u00f3 F\u00edsica<\/td>\n<td style=\"width: 50%; height: 52px; text-align: right; border-style: solid;\">70<\/td>\n<\/tr>\n<tr style=\"height: 52px;\">\n<td style=\"width: 50%; height: 52px; border-style: solid;\">Llengua Castellana i Literatura<\/td>\n<td style=\"width: 50%; height: 52px; text-align: right; border-style: solid;\">105<\/td>\n<\/tr>\n<tr style=\"height: 52px;\">\n<td style=\"width: 50%; height: 52px; border-style: solid;\">Llengua Catalana i Literatura<\/td>\n<td style=\"width: 50%; height: 52px; text-align: right; border-style: solid;\">105<\/td>\n<\/tr>\n<tr style=\"height: 52px;\">\n<td style=\"width: 50%; height: 52px; border-style: solid;\">Llengua Estrangera<\/td>\n<td style=\"width: 50%; height: 52px; text-align: right; border-style: solid;\">105<\/td>\n<\/tr>\n<tr style=\"height: 52px;\">\n<td style=\"width: 50%; height: 52px; border-style: solid;\">Matem\u00e0tiques<\/td>\n<td style=\"width: 50%; height: 52px; text-align: right; border-style: solid;\">140<\/td>\n<\/tr>\n<tr style=\"height: 52px;\">\n<td style=\"width: 50%; height: 52px; border-style: solid;\">Optativa 1<\/td>\n<td style=\"width: 50%; height: 52px; text-align: right; border-style: solid;\">70<\/td>\n<\/tr>\n<tr style=\"height: 52px;\">\n<td style=\"width: 50%; height: 52px; border-style: solid;\">Optativa 2<\/td>\n<td style=\"width: 50%; height: 52px; text-align: right; border-style: solid;\">70<\/td>\n<\/tr>\n<tr style=\"height: 52px;\">\n<td style=\"width: 50%; height: 52px; border-style: solid;\">Optativa 3<\/td>\n<td style=\"width: 50%; height: 52px; text-align: right; border-style: solid;\">70<\/td>\n<\/tr>\n<tr style=\"height: 52px;\">\n<td style=\"width: 50%; height: 52px; border-style: solid;\">Religi\u00f3<\/td>\n<td style=\"width: 50%; height: 52px; text-align: right; border-style: solid;\">35<\/td>\n<\/tr>\n<tr style=\"height: 52px;\">\n<td style=\"width: 50%; height: 52px; border-style: solid;\">Tutoria<\/td>\n<td style=\"width: 50%; height: 52px; text-align: right; border-style: solid;\">35<\/td>\n<\/tr>\n<tr>\n<td style=\"width: 50%; border-style: solid;\">Hores de gesti\u00f3 aut\u00f2noma<\/td>\n<td style=\"width: 50%; text-align: right; border-style: solid;\">140<\/td>\n<\/tr>\n<tr>\n<td style=\"width: 50%; text-align: center; border-style: solid;\"><strong>Total\u00a0<\/strong><\/td>\n<td style=\"width: 50%; text-align: center; border-style: solid;\"><strong>1.050<\/strong><\/td>\n<\/tr>\n<\/tbody>\n<\/table>\n<p style=\"text-align: justify;\"><strong>Mat\u00e8ries comunes<\/strong><\/p>\n<p style=\"text-align: justify;\">En les mat\u00e8ries comunes es desenvolupa el curr\u00edculum establert per a la part comuna de les \u00e0rees. Es vetlla perqu\u00e8 el professorat de les mat\u00e8ries comunes sigui el mateix al llarg del cicle.<\/p>\n<p style=\"text-align: justify;\"><strong>Desdoblaments<\/strong><\/p>\n<p style=\"text-align: justify;\">En les \u00e0rees de Naturals (Biologia i Geologia i F\u00edsica i Qu\u00edmica) i Tecnologia es realitzen desdoblaments setmanals de classe, per atendre de manera m\u00e9s individualitzada les necessitats espec\u00edfiques i el proc\u00e9s d&#8217;aprenentatge de l&#8217;alumnat.<\/p>\n<p style=\"text-align: justify;\"><strong>Franja de projectes<\/strong><\/p>\n<p>Durant el 1r curs d&#8217;ESO l&#8217;alumnat realitza una franja de projectes anual de dues hores setmanals. En aquesta franja l&#8217;alumnat realitzar\u00e0 quatre projectes diferents anomenats &#8220;Art i M\u00fasica: t\u00e0ndem emocional&#8221;, &#8220;Projecte de l&#8217;aigua&#8221;, &#8220;Projecte de creaci\u00f3 liter\u00e0ria&#8221; i &#8220;Som il\u00b7lustradors&#8221;, on l&#8217;alumnat podr\u00e0 desenvolupar diferents compet\u00e8ncies espec\u00edfiques i transversals mitjan\u00e7ant una metodologia activa.<\/p>\n<p style=\"text-align: justify;\"><strong>Mat\u00e8ries optatives i grups de refor\u00e7<\/strong><br \/>\nLes mat\u00e8ries optatives dels 3 primers cursos s\u00f3n unitats educatives de 35 hores, a les quals l&#8217;alumnat opta seguint la recomanaci\u00f3 del tutor o tutora i amb el vistiplau de l&#8217;equip docent i de la fam\u00edlia. Estan distribu\u00efdes en una franja quadrimestral de dues hores a la setmana. A l&#8217;inici de curs es facilita un dossier a l&#8217;alumnat amb una explicaci\u00f3 de cada mat\u00e8ria optativa entre les que n&#8217;haur\u00e0 d&#8217;escollir una per quadrimestre.<\/p>\n<p>Les optatives a disposici\u00f3 de l&#8217;alumnat durant el curs 2025-26 als tres primers cursos de l&#8217;ESO s\u00f3n la segona llengua estrangera (Franc\u00e8s), blocs de refor\u00e7 o ampliaci\u00f3 (en funci\u00f3 de les necessitats dels alumnes) de Matem\u00e0tiques, Catal\u00e0 i \u00e0mbit STEM i optatives concretes de Cultura Cl\u00e0ssica a 1r, Rob\u00f2tica a 2n i Enginyeria a 3r curs d&#8217;ESO.<\/p>\n<p style=\"text-align: justify;\"><strong>Mat\u00e8ries optatives espec\u00edfiques<\/strong><br \/>\nA 4t curs l&#8217;alumnat ha de cursar un diverses mat\u00e8ries optatives espec\u00edfiques que s&#8217;organitzen per itineraris amb l&#8217;objectiu de consolidar aprenentatges i compet\u00e8ncies b\u00e0siques que puguin ser \u00fatils per estudis posteriors, ja siguin de batxillerat o de formaci\u00f3 professional.<\/p>\n<p style=\"text-align: justify;\"><strong>Treball de s\u00edntesi<\/strong><br \/>\nEl treball de s\u00edntesi es realitza de 1r a 3r d\u2019ESO i consisteix en la realitzaci\u00f3 d\u2019un projecte en grup i amb tasques individuals, en el qual s&#8217;apliquen els continguts treballats durant el curs. Es valora el treball en equip i el treball individual. A l&#8217;institut Josep Pla es realitzen a final de curs.<\/p>\n<p style=\"text-align: justify;\"><strong>Avaluaci\u00f3 i promoci\u00f3 de curs<\/strong><br \/>\nA meitat del primer trimestre, els equips docents realitzen preavaluacions per con\u00e8ixer millor la situaci\u00f3 de l&#8217;alumnat i poder fer-ne un seguiment individual. Tamb\u00e9 es lliura un butllet\u00ed amb informaci\u00f3 de la preavaluaci\u00f3 a les fam\u00edlies.<\/p>\n<p style=\"text-align: justify;\">Es fa una avaluaci\u00f3 en cada trimestre. Al primer cicle de l&#8217;ESO es realitza una franja hor\u00e0ria per atendre les fam\u00edlies i entregar de manera individual els butlletins de notes de cada avaluaci\u00f3 amb els corresponents comentaris de millora que es poden realitzar.<\/p>\n<p style=\"text-align: justify;\">A final de curs es donen qualificacions per \u00e0rees i, segons la normativa actual, per promocionar al curs seg\u00fcent cal no tenir m\u00e9s de dues \u00e0rees suspeses.<\/p>\n","protected":false},"excerpt":{"rendered":"<p>CURR\u00cdCULUM L&#8217;ESO s\u2019estructura en dos cicles de dos cursos cadascun. El Departament d\u2019Educaci\u00f3 i Formaci\u00f3 Professional, mitjan\u00e7ant el Decret 175\/2022, determina les \u00e0rees i mat\u00e8ries que s\u2019estudien a cada cicle, els objectius i el nombre d\u2019hores lectives. Mat\u00e8ries de 1r a 3r Total d&#8217;hores\u00a0 Biologia i Geologia (2) 140 Ci\u00e8ncies Socials: Geografia i Hist\u00f2ria(1) 280 [&hellip;]<\/p>\n","protected":false},"author":1,"featured_media":0,"parent":195,"menu_order":10,"comment_status":"closed","ping_status":"closed","template":"","meta":{"_bbp_topic_count":0,"_bbp_reply_count":0,"_bbp_total_topic_count":0,"_bbp_total_reply_count":0,"_bbp_voice_count":0,"_bbp_anonymous_reply_count":0,"_bbp_topic_count_hidden":0,"_bbp_reply_count_hidden":0,"_bbp_forum_subforum_count":0,"site-sidebar-layout":"default","site-content-layout":"","ast-site-content-layout":"default","site-content-style":"default","site-sidebar-style":"default","ast-global-header-display":"","ast-banner-title-visibility":"","ast-main-header-display":"","ast-hfb-above-header-display":"","ast-hfb-below-header-display":"","ast-hfb-mobile-header-display":"","site-post-title":"","ast-breadcrumbs-content":"","ast-featured-img":"","footer-sml-layout":"","theme-transparent-header-meta":"default","adv-header-id-meta":"","stick-header-meta":"","header-above-stick-meta":"","header-main-stick-meta":"","header-below-stick-meta":"","astra-migrate-meta-layouts":"set","ast-page-background-enabled":"default","ast-page-background-meta":{"desktop":{"background-color":"var(--ast-global-color-4)","background-image":"","background-repeat":"repeat","background-position":"center center","background-size":"auto","background-attachment":"scroll","background-type":"","background-media":"","overlay-type":"","overlay-color":"","overlay-opacity":"","overlay-gradient":""},"tablet":{"background-color":"","background-image":"","background-repeat":"repeat","background-position":"center center","background-size":"auto","background-attachment":"scroll","background-type":"","background-media":"","overlay-type":"","overlay-color":"","overlay-opacity":"","overlay-gradient":""},"mobile":{"background-color":"","background-image":"","background-repeat":"repeat","background-position":"center center","background-size":"auto","background-attachment":"scroll","background-type":"","background-media":"","overlay-type":"","overlay-color":"","overlay-opacity":"","overlay-gradient":""}},"ast-content-background-meta":{"desktop":{"background-color":"var(--ast-global-color-5)","background-image":"","background-repeat":"repeat","background-position":"center center","background-size":"auto","background-attachment":"scroll","background-type":"","background-media":"","overlay-type":"","overlay-color":"","overlay-opacity":"","overlay-gradient":""},"tablet":{"background-color":"var(--ast-global-color-5)","background-image":"","background-repeat":"repeat","background-position":"center center","background-size":"auto","background-attachment":"scroll","background-type":"","background-media":"","overlay-type":"","overlay-color":"","overlay-opacity":"","overlay-gradient":""},"mobile":{"background-color":"var(--ast-global-color-5)","background-image":"","background-repeat":"repeat","background-position":"center center","background-size":"auto","background-attachment":"scroll","background-type":"","background-media":"","overlay-type":"","overlay-color":"","overlay-opacity":"","overlay-gradient":""}},"footnotes":""},"class_list":["post-491","page","type-page","status-publish","hentry"],"post_mailing_queue_ids":[],"_links":{"self":[{"href":"https:\/\/agora.xtec.cat\/iesjpla\/wp-json\/wp\/v2\/pages\/491","targetHints":{"allow":["GET"]}}],"collection":[{"href":"https:\/\/agora.xtec.cat\/iesjpla\/wp-json\/wp\/v2\/pages"}],"about":[{"href":"https:\/\/agora.xtec.cat\/iesjpla\/wp-json\/wp\/v2\/types\/page"}],"author":[{"embeddable":true,"href":"https:\/\/agora.xtec.cat\/iesjpla\/wp-json\/wp\/v2\/users\/1"}],"replies":[{"embeddable":true,"href":"https:\/\/agora.xtec.cat\/iesjpla\/wp-json\/wp\/v2\/comments?post=491"}],"version-history":[{"count":6,"href":"https:\/\/agora.xtec.cat\/iesjpla\/wp-json\/wp\/v2\/pages\/491\/revisions"}],"predecessor-version":[{"id":11232,"href":"https:\/\/agora.xtec.cat\/iesjpla\/wp-json\/wp\/v2\/pages\/491\/revisions\/11232"}],"up":[{"embeddable":true,"href":"https:\/\/agora.xtec.cat\/iesjpla\/wp-json\/wp\/v2\/pages\/195"}],"wp:attachment":[{"href":"https:\/\/agora.xtec.cat\/iesjpla\/wp-json\/wp\/v2\/media?parent=491"}],"curies":[{"name":"wp","href":"https:\/\/api.w.org\/{rel}","templated":true}]}}