{"id":46,"date":"2014-09-17T16:53:45","date_gmt":"2014-09-17T16:53:45","guid":{"rendered":"http:\/\/agora.xtec.cat\/iesjpla\/?page_id=46"},"modified":"2026-03-04T19:04:51","modified_gmt":"2026-03-04T18:04:51","slug":"organigrama","status":"publish","type":"page","link":"https:\/\/agora.xtec.cat\/iesjpla\/organigrama\/","title":{"rendered":"Organigrama"},"content":{"rendered":"<p>\u00a0<\/p>\n<table style=\"border-color: #030000; width: 0%; height: 52px;\">\n<tbody>\n<tr style=\"height: 52px;\">\n<td style=\"width: 100%; height: 52px;\">\u00a0<\/td>\n<\/tr>\n<\/tbody>\n<\/table>\n<p><a href=\"http:\/\/agora.xtec.cat\/iesjpla\/wp-content\/uploads\/usu1249\/2014\/09\/orgchart.jpg\"><img loading=\"lazy\" decoding=\"async\" class=\"aligncenter wp-image-554\" src=\"http:\/\/agora.xtec.cat\/iesjpla\/wp-content\/uploads\/usu1249\/2014\/09\/orgchart.jpg\" alt=\"orgchart\" width=\"322\" height=\"318\" \/><\/a><\/p>\n<h4>Equip directiu i coordinacions de cicle<\/h4>\n<ul>\n<li>Direcci\u00f3: Jes\u00fas Pedr\u00f3s<\/li>\n<li>Cap d\u2019Estudis: Conchi Chill\u00f3n<\/li>\n<li>Secretaria: Maria Alonso<\/li>\n<li>Coordinaci\u00f3 pedag\u00f2gica: Emma Sol\u00e0<\/li>\n<li>Coordinaci\u00f3 de 1r d\u2019ESO: Alex Mar\u00edn<\/li>\n<li>Coordinaci\u00f3 de 2n d\u2019ESO: Arnau Moro<\/li>\n<li>Coordinaci\u00f3 de 3r d&#8217;ESO: Eli Salvador<\/li>\n<li>Coordinaci\u00f3 de 4t d&#8217;ESO: Elena Gasc\u00f3n<\/li>\n<li>Coordinaci\u00f3 de Batxillerat: Roser Mart\u00ed<\/li>\n<\/ul>\n<table style=\"height: 2776px; width: 102.068%; border-collapse: collapse; border-color: #000000;\">\n<tbody>\n<tr style=\"height: 255px;\">\n<td style=\"width: 33.3333%; height: 559px; border-color: #030000; border-style: solid;\" rowspan=\"6\">Departaments<\/td>\n<td style=\"width: 33.3333%; height: 255px; border-color: #030000; border-style: solid;\">Catal\u00e0<\/td>\n<td style=\"width: 33.3333%; height: 255px; border-color: #030000; border-style: solid;\">Marina Puente\n<p>Roser Mart\u00ed<\/p>\n<p>Elisabet Salvador<\/p>\n<p>Assumpta Dur\u00e0<\/p>\n<p>Marc Rovira<\/p>\n<p>Elsa Peris<\/p>\n<\/td>\n<\/tr>\n<tr style=\"height: 176px;\">\n<td style=\"width: 33.3333%; height: 176px; border-color: #030000; border-style: solid;\">Castell\u00e0<\/td>\n<td style=\"width: 33.3333%; height: 176px; border-color: #030000; border-style: solid;\">Carmen Mel\u00e9ndez\n<p>Ana Deblas<\/p>\n<p>Maria Alonso<\/p>\n<p>Catalina G\u00f3mez<\/p>\n<\/td>\n<\/tr>\n<tr style=\"height: 32px;\">\n<td style=\"width: 33.3333%; height: 32px; border-color: #030000; border-style: solid;\">Lleng\u00fces<\/td>\n<td style=\"width: 33.3333%; height: 32px; border-color: #030000; border-style: solid;\">Montse Planas\n<p>Sara Matons<\/p>\n<p>Isabel S\u00e1nchez<\/p>\n<p>Elena S\u00e1nchez<\/p>\n<p>Ma Jos\u00e9 Rodr\u00edguez<\/p>\n<p>Lourdes Nevado<\/p>\n<\/td>\n<\/tr>\n<tr style=\"height: 32px;\">\n<td style=\"width: 33.3333%; height: 32px; border-color: #030000; border-style: solid;\">\u00c0mbit STEM<\/td>\n<td style=\"width: 33.3333%; height: 32px; border-color: #030000; border-style: solid;\">Elisa Rodr\u00edguez\n<p>Francesc Esp\u00edn<\/p>\n<p>Jes\u00fas Pedr\u00f3s<\/p>\n<p>Jos\u00e9 Ceballos<\/p>\n<p>Bernat Dolz<\/p>\n<p>Joan M. Ochoa<\/p>\n<p>Ernesto Albareda<\/p>\n<p>Marta Vidallet<\/p>\n<p>Zoraida Pardo<\/p>\n<p>Ram\u00f3n G\u00f3mez<\/p>\n<p>Neus Riera<\/p>\n<p>S\u00f2nia Gombau<\/p>\n<p>Arnau Moro<\/p>\n<p>\u00c1ngel Monge<\/p>\n<p>Charo Mart\u00edn<\/p>\n<p>Laura Garc\u00eda<\/p>\n<\/td>\n<\/tr>\n<tr style=\"height: 32px;\">\n<td style=\"width: 33.3333%; height: 32px; border-color: #030000; border-style: solid;\">\u00c0mbit Ci\u00e8ncies Socials<\/td>\n<td style=\"width: 33.3333%; height: 32px; border-color: #030000; border-style: solid;\">Maribel Calvo\n<p>Elena Gasc\u00f3n<\/p>\n<p>Ferran Vital<\/p>\n<p>Conchi Chill\u00f3n<\/p>\n<p>N\u00faria Sala<\/p>\n<p>Xavier Chalmeta<\/p>\n<p>Marina Pi\u00f1ol<\/p>\n<p>Manuel Ju\u00e1rez<\/p>\n<p>Montse Navarro<\/p>\n<p>Susana Castro<\/p>\n<\/td>\n<\/tr>\n<tr style=\"height: 32px;\">\n<td style=\"width: 33.3333%; height: 32px; border-color: #030000; border-style: solid;\">\u00c0mbit expressi\u00f3<\/td>\n<td style=\"width: 33.3333%; height: 32px; border-color: #030000; border-style: solid;\">Juanma Mart\u00ednez\n<p>\u00c1lex Mar\u00edn<\/p>\n<p>Rosa Su\u00f1er<\/p>\n<p>Carme Colomer<\/p>\n<p>Mireia Miralles<\/p>\n<\/td>\n<\/tr>\n<\/tbody>\n<\/table>\n<table style=\"width: 100%; border-collapse: collapse; border-color: #000000;\">\n<tbody>\n<tr style=\"border-color: #030000;\">\n<td style=\"width: 33.3333%; border-color: #000000; border-style: solid;\" rowspan=\"7\">Comissions<\/td>\n<td style=\"width: 33.3333%; border-color: #000000; border-style: solid;\">Comissi\u00f3 de festes<\/td>\n<td style=\"width: 33.3333%; border-color: #000000; border-style: solid;\">Ana Deblas\n<p>Mireia Miralles<\/p>\n<p>Isabel S\u00e1nchez<\/p>\n<p>Maribel Calvo<\/p>\n<p>Arnau Moro<\/p>\n<p>Montse Planas<\/p>\n<p>Maria Carmen Colomer<\/p>\n<p>Juan Manuel Mart\u00ednez<\/p>\n<p>Roser Mart\u00ed<\/p>\n<\/td>\n<\/tr>\n<tr>\n<td style=\"width: 33.3333%; border-color: #000000; border-style: solid;\">Comissi\u00f3 de medi ambient i sostenibilitat<\/td>\n<td style=\"width: 33.3333%; border-color: #000000; border-style: solid;\">Francesc Esp\u00edn\n<p>Rosa Su\u00f1er<\/p>\n<p>\u00c1ngel Monge<\/p>\n<p>S\u00f2nia Gumbau<\/p>\n<p>Eva Crespo<\/p>\n<p>Sara Matons<\/p>\n<p>Ernesto Albareda<\/p>\n<p>Majo Teruel<\/p>\n<\/td>\n<\/tr>\n<tr>\n<td style=\"width: 33.3333%; border-color: #000000; border-style: solid;\">Equip impulsor de centres formadors<\/td>\n<td style=\"width: 33.3333%; border-color: #000000; border-style: solid;\">Emma Sol\u00e0\n<p>Elisa Rodr\u00edguez<\/p>\n<p>\u00c0lex Mar\u00edn<\/p>\n<p>Zoraida Pardo<\/p>\n<p>Ram\u00f3n G\u00f3mez<\/p>\n<p>Montse Navarro<\/p>\n<p>Ferran Vital<\/p>\n<\/td>\n<\/tr>\n<tr>\n<td style=\"width: 33.3333%; border-color: #000000; border-style: solid;\">Comissi\u00f3 LIC i pla de lleng\u00fces<\/td>\n<td style=\"width: 33.3333%; border-color: #000000; border-style: solid;\">Marina Puente\n<p>Maria Alonso<\/p>\n<p>Marc Rovira<\/p>\n<p>Charo Mart\u00edn<\/p>\n<p>Susana Castro<\/p>\n<p>Carmen Mel\u00e9ndez<\/p>\n<\/td>\n<\/tr>\n<tr>\n<td style=\"width: 33.3333%; border-color: #000000; border-style: solid;\">Comissi\u00f3 biblioteca i pla lector<\/td>\n<td style=\"width: 33.3333%; border-color: #000000; border-style: solid;\">Assumpta Duran\n<p>Catalina G\u00f3mez<\/p>\n<p>Montse Mart\u00edn<\/p>\n<p>Conchi Chill\u00f3n<\/p>\n<p>Eli Salvador<\/p>\n<p>Manuel Ju\u00e1rez<\/p>\n<p>Lourdes Nevado<\/p>\n<p>Neus Riera<\/p>\n<p>N\u00faria Sala<\/p>\n<\/td>\n<\/tr>\n<tr>\n<td style=\"width: 33.3333%; border-color: #000000; border-style: solid;\">Equip impulsor de compet\u00e8ncies b\u00e0siques\/consell de direcci\u00f3<\/td>\n<td style=\"width: 33.3333%; border-color: #000000; border-style: solid;\">Alex Mar\u00edn\n<p>Emma Sol\u00e0<\/p>\n<p>Elisa Rodr\u00edguez<\/p>\n<p>Maria Alonso<\/p>\n<p>Conchi Chill\u00f3n<\/p>\n<\/td>\n<\/tr>\n<tr>\n<td style=\"width: 33.3333%; border-color: #000000; border-style: solid;\">Comissi\u00f3 digital<\/td>\n<td style=\"width: 33.3333%; border-color: #000000; border-style: solid;\">Marta Vidallet\n<p>Ferran Vital<\/p>\n<p>Maria Alonso<\/p>\n<\/td>\n<\/tr>\n<\/tbody>\n<\/table>\n<table style=\"width: 100%; border-collapse: collapse; border-color: #000000; height: 110px;\">\n<tbody>\n<tr style=\"height: 18px;\">\n<td style=\"width: 33.3333%; border-color: #000000; height: 110px; border-style: solid;\" rowspan=\"5\"><strong>Altres<\/strong><br \/><strong>coordinacions<\/strong><br \/><strong>i tasques<\/strong><\/td>\n<td style=\"width: 33.3333%; border-color: #000000; height: 18px; border-style: solid;\">Coordinaci\u00f3 riscos laborals<\/td>\n<td style=\"width: 33.3333%; border-color: #000000; height: 18px; border-style: solid;\">Susana Castro<\/td>\n<\/tr>\n<tr style=\"height: 23px;\">\n<td style=\"width: 33.3333%; border-color: #000000; height: 23px; border-style: solid;\">Coordinadora digital<\/td>\n<td style=\"width: 33.3333%; border-color: #000000; height: 23px; border-style: solid;\">Marta Vidallet<\/td>\n<\/tr>\n<tr style=\"height: 23px;\">\n<td style=\"width: 33.3333%; border-color: #000000; height: 23px; border-style: solid;\">Responsable plataforma ieduca<\/td>\n<td style=\"width: 33.3333%; border-color: #000000; height: 23px; border-style: solid;\">Elisa Rodr\u00edguez<\/td>\n<\/tr>\n<tr style=\"height: 23px;\">\n<td style=\"width: 33.3333%; border-color: #000000; height: 23px; border-style: solid;\">Responsable comunicaci\u00f3<\/td>\n<td style=\"width: 33.3333%; border-color: #000000; height: 23px; border-style: solid;\">Ferran Vital<\/td>\n<\/tr>\n<tr style=\"height: 23px;\">\n<td style=\"width: 33.3333%; border-color: #000000; height: 23px; border-style: solid;\">Cocobe<\/td>\n<td style=\"width: 33.3333%; border-color: #000000; height: 23px; border-style: solid;\">Emma Sol\u00e0<\/td>\n<\/tr>\n<\/tbody>\n<\/table>\n<table style=\"height: 106px; width: 100%; border-collapse: collapse; border-color: #000000;\">\n<tbody>\n<tr style=\"height: 32px;\">\n<td style=\"width: 33.3333%; height: 106px; border-color: #000000; border-style: solid;\" rowspan=\"4\">PAS<\/td>\n<td style=\"width: 33.3333%; height: 64px; border-color: #000000; border-style: solid;\" rowspan=\"2\">Consergeria<\/td>\n<td style=\"width: 33.3333%; height: 32px; border-color: #000000; border-style: solid;\">N\u00faria Giralt<\/td>\n<\/tr>\n<tr style=\"height: 32px;\">\n<td style=\"width: 33.3333%; height: 32px; border-color: #000000; border-style: solid;\">Rosa Ma Abella<\/td>\n<\/tr>\n<tr style=\"height: 32px;\">\n<td style=\"width: 33.3333%; height: 42px; border-color: #000000; border-style: solid;\" rowspan=\"2\">Secretaria<\/td>\n<td style=\"width: 33.3333%; height: 10px; border-color: #000000; border-style: solid;\">Joan Pons<\/td>\n<\/tr>\n<tr style=\"height: 32px;\">\n<td style=\"width: 33.3333%; height: 32px; border-color: #000000; border-style: solid;\">Miguel Cuevas<\/td>\n<\/tr>\n<\/tbody>\n<\/table>\n<table style=\"height: 75px; width: 100%; border-collapse: collapse; border-color: #030000;\">\n<tbody>\n<tr style=\"height: 32px;\">\n<td style=\"width: 33.3333%; height: 75px; border-color: #030000; border-style: solid;\" rowspan=\"2\"><strong>Personal SIEI<\/strong><\/td>\n<td style=\"width: 33.3333%; height: 43px; border-color: #030000; border-style: solid;\">Orientadora<\/td>\n<td style=\"width: 33.3333%; height: 43px; border-color: #030000; border-style: solid;\">Montse Mart\u00edn<\/td>\n<\/tr>\n<tr style=\"height: 32px;\">\n<td style=\"width: 33.3333%; height: 32px; border-color: #030000; border-style: solid;\">PAE<\/td>\n<td style=\"width: 33.3333%; height: 32px; border-color: #030000; border-style: solid;\">Laura Hidalgo<\/td>\n<\/tr>\n<\/tbody>\n<\/table>\n<table style=\"height: 192px; width: 100%; border-collapse: collapse; border-color: #030000;\">\n<tbody>\n<tr style=\"height: 32px;\">\n<td style=\"width: 33.3333%; height: 192px; border-color: #000000; border-style: solid;\" rowspan=\"6\"><strong>Personal Orientaci\u00f3 Educativa<\/strong><\/td>\n<td style=\"width: 33.3333%; height: 32px; border-color: #000000; border-style: solid;\">Orientadora<\/td>\n<td style=\"width: 33.3333%; height: 32px; border-color: #030000; border-style: solid;\">Eva Crespo<\/td>\n<\/tr>\n<tr style=\"height: 32px;\">\n<td style=\"width: 33.3333%; height: 32px; border-color: #000000; border-style: solid;\">Orientadora<\/td>\n<td style=\"width: 33.3333%; height: 32px; border-color: #030000; border-style: solid;\">Majo Teruel<\/td>\n<\/tr>\n<tr style=\"height: 32px;\">\n<td style=\"width: 33.3333%; height: 32px; border-color: #000000; border-style: solid;\">Orientadora<\/td>\n<td style=\"width: 33.3333%; height: 32px; border-color: #030000; border-style: solid;\">Emma Sol\u00e0<\/td>\n<\/tr>\n<tr style=\"height: 32px;\">\n<td style=\"width: 33.3333%; height: 32px; border-color: #000000; border-style: solid;\">EAP<\/td>\n<td style=\"width: 33.3333%; height: 32px; border-color: #030000; border-style: solid;\">Mireia Rub\u00ed<\/td>\n<\/tr>\n<tr style=\"height: 32px;\">\n<td style=\"width: 33.3333%; height: 32px; border-color: #000000; border-style: solid;\">Vetllador<\/td>\n<td style=\"width: 33.3333%; height: 32px; border-color: #030000; border-style: solid;\">Claudio Frost<\/td>\n<\/tr>\n<tr style=\"height: 32px;\">\n<td style=\"width: 33.3333%; height: 32px; border-color: #000000; border-style: solid;\">TIS FP Dual<\/td>\n<td style=\"width: 33.3333%; height: 32px; border-color: #030000; border-style: solid;\">Luisa Fernanda Chilo<\/td>\n<\/tr>\n<\/tbody>\n<\/table>\n\n\n<p><\/p>\n","protected":false},"excerpt":{"rendered":"<p>\u00a0 \u00a0 Equip directiu i coordinacions de cicle Direcci\u00f3: Jes\u00fas Pedr\u00f3s Cap d\u2019Estudis: Conchi Chill\u00f3n Secretaria: Maria Alonso Coordinaci\u00f3 pedag\u00f2gica: Emma Sol\u00e0 Coordinaci\u00f3 de 1r d\u2019ESO: Alex Mar\u00edn Coordinaci\u00f3 de 2n d\u2019ESO: Arnau Moro Coordinaci\u00f3 de 3r d&#8217;ESO: Eli Salvador Coordinaci\u00f3 de 4t d&#8217;ESO: Elena Gasc\u00f3n Coordinaci\u00f3 de Batxillerat: Roser Mart\u00ed Departaments Catal\u00e0 Marina Puente [&hellip;]<\/p>\n","protected":false},"author":1,"featured_media":0,"parent":0,"menu_order":54,"comment_status":"closed","ping_status":"closed","template":"","meta":{"_bbp_topic_count":0,"_bbp_reply_count":0,"_bbp_total_topic_count":0,"_bbp_total_reply_count":0,"_bbp_voice_count":0,"_bbp_anonymous_reply_count":0,"_bbp_topic_count_hidden":0,"_bbp_reply_count_hidden":0,"_bbp_forum_subforum_count":0,"site-sidebar-layout":"default","site-content-layout":"","ast-site-content-layout":"default","site-content-style":"default","site-sidebar-style":"default","ast-global-header-display":"","ast-banner-title-visibility":"","ast-main-header-display":"","ast-hfb-above-header-display":"","ast-hfb-below-header-display":"","ast-hfb-mobile-header-display":"","site-post-title":"","ast-breadcrumbs-content":"","ast-featured-img":"","footer-sml-layout":"","theme-transparent-header-meta":"default","adv-header-id-meta":"","stick-header-meta":"","header-above-stick-meta":"","header-main-stick-meta":"","header-below-stick-meta":"","astra-migrate-meta-layouts":"set","ast-page-background-enabled":"default","ast-page-background-meta":{"desktop":{"background-color":"var(--ast-global-color-4)","background-image":"","background-repeat":"repeat","background-position":"center center","background-size":"auto","background-attachment":"scroll","background-type":"","background-media":"","overlay-type":"","overlay-color":"","overlay-opacity":"","overlay-gradient":""},"tablet":{"background-color":"","background-image":"","background-repeat":"repeat","background-position":"center center","background-size":"auto","background-attachment":"scroll","background-type":"","background-media":"","overlay-type":"","overlay-color":"","overlay-opacity":"","overlay-gradient":""},"mobile":{"background-color":"","background-image":"","background-repeat":"repeat","background-position":"center center","background-size":"auto","background-attachment":"scroll","background-type":"","background-media":"","overlay-type":"","overlay-color":"","overlay-opacity":"","overlay-gradient":""}},"ast-content-background-meta":{"desktop":{"background-color":"var(--ast-global-color-5)","background-image":"","background-repeat":"repeat","background-position":"center center","background-size":"auto","background-attachment":"scroll","background-type":"","background-media":"","overlay-type":"","overlay-color":"","overlay-opacity":"","overlay-gradient":""},"tablet":{"background-color":"var(--ast-global-color-5)","background-image":"","background-repeat":"repeat","background-position":"center center","background-size":"auto","background-attachment":"scroll","background-type":"","background-media":"","overlay-type":"","overlay-color":"","overlay-opacity":"","overlay-gradient":""},"mobile":{"background-color":"var(--ast-global-color-5)","background-image":"","background-repeat":"repeat","background-position":"center center","background-size":"auto","background-attachment":"scroll","background-type":"","background-media":"","overlay-type":"","overlay-color":"","overlay-opacity":"","overlay-gradient":""}},"footnotes":""},"class_list":["post-46","page","type-page","status-publish","hentry"],"post_mailing_queue_ids":[],"_links":{"self":[{"href":"https:\/\/agora.xtec.cat\/iesjpla\/wp-json\/wp\/v2\/pages\/46","targetHints":{"allow":["GET"]}}],"collection":[{"href":"https:\/\/agora.xtec.cat\/iesjpla\/wp-json\/wp\/v2\/pages"}],"about":[{"href":"https:\/\/agora.xtec.cat\/iesjpla\/wp-json\/wp\/v2\/types\/page"}],"author":[{"embeddable":true,"href":"https:\/\/agora.xtec.cat\/iesjpla\/wp-json\/wp\/v2\/users\/1"}],"replies":[{"embeddable":true,"href":"https:\/\/agora.xtec.cat\/iesjpla\/wp-json\/wp\/v2\/comments?post=46"}],"version-history":[{"count":9,"href":"https:\/\/agora.xtec.cat\/iesjpla\/wp-json\/wp\/v2\/pages\/46\/revisions"}],"predecessor-version":[{"id":11234,"href":"https:\/\/agora.xtec.cat\/iesjpla\/wp-json\/wp\/v2\/pages\/46\/revisions\/11234"}],"wp:attachment":[{"href":"https:\/\/agora.xtec.cat\/iesjpla\/wp-json\/wp\/v2\/media?parent=46"}],"curies":[{"name":"wp","href":"https:\/\/api.w.org\/{rel}","templated":true}]}}