{"id":27,"date":"2014-09-17T16:24:03","date_gmt":"2014-09-17T16:24:03","guid":{"rendered":"http:\/\/agora.xtec.cat\/iesjpla\/?page_id=27"},"modified":"2024-01-29T19:53:12","modified_gmt":"2024-01-29T18:53:12","slug":"historia","status":"publish","type":"page","link":"https:\/\/agora.xtec.cat\/iesjpla\/historia\/","title":{"rendered":"Hist\u00f2ria"},"content":{"rendered":"<p style=\"text-align: justify;\">L&#8217;institut Josep Pla es va crear com a\u00a0<span class=\"hiddenSpellError\">INS<\/span> el curs 1991-1992. Abans era una extensi\u00f3 i rebia alumnat del districte de Nou Barris per estudiar BUP i COU. Amb la implantaci\u00f3 de l&#8217;ESO (curs 1996-97) es va canviar el mapa escolar i l&#8217;institut va passar a tenir com a escoles de prim\u00e0ria adscrites a centres d&#8217;Horta, tals com \u00c0ngels Garriga, Arrel, Graciel\u00b7la, Heura\u00a0i Mare Nostrum.<\/p>\n<p style=\"text-align: justify;\">En el curs 2007-2008 hi va haver un nou canvi del mapa escolar. Com a conseq\u00fc\u00e8ncia, dues escoles de prim\u00e0ria de Nou Barris, Calder\u00f3n i El Tur\u00f3, van passar a ser adscrites a l&#8217;INS Josep Pla.<\/p>\n<p style=\"text-align: justify;\">Finalment, des del curs 2022-2023, el nostre centre ha passat a ser institut integrat en la xarxa de centres del districte d&#8217;Horta-Guinard\u00f3 i compta com a escoles de refer\u00e8ncia les escoles Torrent de Can Carabassa, Heura, El Carmel, Mare Nostrum i l&#8217;escola Font d&#8217;en Fargues com a escola adscrita.<\/p>\n<p style=\"text-align: justify;\">L&#8217;institut ofereix estudis d&#8217;Educaci\u00f3 Secund\u00e0ria Obligat\u00f2ria i Batxillerat human\u00edstic-social i cient\u00edfic-tecnol\u00f2gic. S&#8217;ofereixen tres l\u00ednies d&#8217;ESO i dues de Batxillerat amb un total aproximat d&#8217;uns 480 alumnes.<\/p>\n","protected":false},"excerpt":{"rendered":"<p>L&#8217;institut Josep Pla es va crear com a\u00a0INS el curs 1991-1992. Abans era una extensi\u00f3 i rebia alumnat del districte de Nou Barris per estudiar BUP i COU. Amb la implantaci\u00f3 de l&#8217;ESO (curs 1996-97) es va canviar el mapa escolar i l&#8217;institut va passar a tenir com a escoles de prim\u00e0ria adscrites a centres [&hellip;]<\/p>\n","protected":false},"author":1,"featured_media":0,"parent":0,"menu_order":20,"comment_status":"closed","ping_status":"closed","template":"","meta":{"_bbp_topic_count":0,"_bbp_reply_count":0,"_bbp_total_topic_count":0,"_bbp_total_reply_count":0,"_bbp_voice_count":0,"_bbp_anonymous_reply_count":0,"_bbp_topic_count_hidden":0,"_bbp_reply_count_hidden":0,"_bbp_forum_subforum_count":0,"site-sidebar-layout":"default","site-content-layout":"","ast-site-content-layout":"","site-content-style":"default","site-sidebar-style":"default","ast-global-header-display":"","ast-banner-title-visibility":"","ast-main-header-display":"","ast-hfb-above-header-display":"","ast-hfb-below-header-display":"","ast-hfb-mobile-header-display":"","site-post-title":"","ast-breadcrumbs-content":"","ast-featured-img":"","footer-sml-layout":"","theme-transparent-header-meta":"","adv-header-id-meta":"","stick-header-meta":"","header-above-stick-meta":"","header-main-stick-meta":"","header-below-stick-meta":"","astra-migrate-meta-layouts":"default","ast-page-background-enabled":"default","ast-page-background-meta":{"desktop":{"background-color":"var(--ast-global-color-4)","background-image":"","background-repeat":"repeat","background-position":"center center","background-size":"auto","background-attachment":"scroll","background-type":"","background-media":"","overlay-type":"","overlay-color":"","overlay-opacity":"","overlay-gradient":""},"tablet":{"background-color":"","background-image":"","background-repeat":"repeat","background-position":"center center","background-size":"auto","background-attachment":"scroll","background-type":"","background-media":"","overlay-type":"","overlay-color":"","overlay-opacity":"","overlay-gradient":""},"mobile":{"background-color":"","background-image":"","background-repeat":"repeat","background-position":"center center","background-size":"auto","background-attachment":"scroll","background-type":"","background-media":"","overlay-type":"","overlay-color":"","overlay-opacity":"","overlay-gradient":""}},"ast-content-background-meta":{"desktop":{"background-color":"var(--ast-global-color-5)","background-image":"","background-repeat":"repeat","background-position":"center center","background-size":"auto","background-attachment":"scroll","background-type":"","background-media":"","overlay-type":"","overlay-color":"","overlay-opacity":"","overlay-gradient":""},"tablet":{"background-color":"var(--ast-global-color-5)","background-image":"","background-repeat":"repeat","background-position":"center center","background-size":"auto","background-attachment":"scroll","background-type":"","background-media":"","overlay-type":"","overlay-color":"","overlay-opacity":"","overlay-gradient":""},"mobile":{"background-color":"var(--ast-global-color-5)","background-image":"","background-repeat":"repeat","background-position":"center center","background-size":"auto","background-attachment":"scroll","background-type":"","background-media":"","overlay-type":"","overlay-color":"","overlay-opacity":"","overlay-gradient":""}},"footnotes":""},"class_list":["post-27","page","type-page","status-publish","hentry"],"post_mailing_queue_ids":[],"_links":{"self":[{"href":"https:\/\/agora.xtec.cat\/iesjpla\/wp-json\/wp\/v2\/pages\/27","targetHints":{"allow":["GET"]}}],"collection":[{"href":"https:\/\/agora.xtec.cat\/iesjpla\/wp-json\/wp\/v2\/pages"}],"about":[{"href":"https:\/\/agora.xtec.cat\/iesjpla\/wp-json\/wp\/v2\/types\/page"}],"author":[{"embeddable":true,"href":"https:\/\/agora.xtec.cat\/iesjpla\/wp-json\/wp\/v2\/users\/1"}],"replies":[{"embeddable":true,"href":"https:\/\/agora.xtec.cat\/iesjpla\/wp-json\/wp\/v2\/comments?post=27"}],"version-history":[{"count":6,"href":"https:\/\/agora.xtec.cat\/iesjpla\/wp-json\/wp\/v2\/pages\/27\/revisions"}],"predecessor-version":[{"id":8695,"href":"https:\/\/agora.xtec.cat\/iesjpla\/wp-json\/wp\/v2\/pages\/27\/revisions\/8695"}],"wp:attachment":[{"href":"https:\/\/agora.xtec.cat\/iesjpla\/wp-json\/wp\/v2\/media?parent=27"}],"curies":[{"name":"wp","href":"https:\/\/api.w.org\/{rel}","templated":true}]}}