{"id":10504,"date":"2025-09-16T10:47:34","date_gmt":"2025-09-16T08:47:34","guid":{"rendered":"https:\/\/agora.xtec.cat\/iesjpla\/?page_id=10504"},"modified":"2025-09-16T10:50:04","modified_gmt":"2025-09-16T08:50:04","slug":"aee-josep-pla","status":"publish","type":"page","link":"https:\/\/agora.xtec.cat\/iesjpla\/serveis\/activitats-extraescolars\/aee-josep-pla\/","title":{"rendered":"Associaci\u00f3 Esportiva Escolar (AEE) Josep Pla"},"content":{"rendered":"<p style=\"text-align: left;\">L&#8217;Associaci\u00f3 Esportiva Escolar (AEE) Josep Pla som una entitat que des de l&#8217;any 2003 organitzem les activitats extraescolars que l&#8217;Institut Josep Pla ofereix als seus alumnes. Durant tot aquest temps, aquesta Associaci\u00f3 ha intentat promoure l&#8217;esport del voleibol entre l\u2019alumnat del nostre centre educatiu, per b\u00e9 que tamb\u00e9 est\u00e0 obert a la participaci\u00f3 de joves del barri que vulguin participar en aquest projecte.<\/p>\n<p style=\"text-align: left;\">La junta directiva est\u00e0 formada per un grup de pares i mares que tenen com a objectiu la continu\u00eftat de l&#8217;AEE amb la idea que els nostres fills\/es segueixin gaudint d&#8217;aquest esport a nivell escolar com a una activitat complement\u00e0ria al projecte educatiu del centre i alineada amb els objectius d\u2019aprenentatge, h\u00e0bits saludables i de consci\u00e8ncia ciutadana en un entorn segur, proper i amable. <a href=\"https:\/\/agora.xtec.cat\/iesjpla\/wp-content\/uploads\/usu1249\/2025\/09\/Volei_Presentacio-AEE_25-26.pdf\">Podeu descobrir-ne m\u00e9s en aquesta presentaci\u00f3<\/a>.<\/p>\n<p><a href=\"https:\/\/agora.xtec.cat\/iesjpla\/wp-content\/uploads\/usu1249\/2025\/09\/voley1-724x1024-1.jpg\"><img loading=\"lazy\" decoding=\"async\" class=\"alignnone size-full wp-image-10507\" src=\"https:\/\/agora.xtec.cat\/iesjpla\/wp-content\/uploads\/usu1249\/2025\/09\/voley1-724x1024-1.jpg\" alt=\"\" width=\"724\" height=\"1024\" srcset=\"https:\/\/agora.xtec.cat\/iesjpla\/wp-content\/uploads\/usu1249\/2025\/09\/voley1-724x1024-1.jpg 724w, https:\/\/agora.xtec.cat\/iesjpla\/wp-content\/uploads\/usu1249\/2025\/09\/voley1-724x1024-1-212x300.jpg 212w\" sizes=\"auto, (max-width: 724px) 100vw, 724px\" \/><\/a><\/p>\n<p style=\"text-align: left;\">Actualment comptem amb sis equips que estan formats per jugadores i jugadors de totes les categories i edats escolars, i un equip s\u00e8nior format per exalumnes del centre que volen seguir-hi vinculades. El nostre equip t\u00e8cnic est\u00e0 format per entrenadores i entrenadors degudament titulats, majorit\u00e0riament exalumnes i exjugadores del propi centre educatiu, que han realitzat la formaci\u00f3 corresponent.<\/p>\n<p style=\"text-align: left;\">Cada equip realitza dues sessions d&#8217;entrenament setmanals d&#8217;una durada d\u2019una hora i mitja (dimarts i dijous o dilluns i dimecres en funci\u00f3 de l\u2019edat i categoria) a m\u00e9s del dia del partit, que es jugar\u00e0 com a locals els divendres. A nivell informatiu, aquestes s\u00f3n les principals franges hor\u00e0ries:<\/p>\n<ul>\n<li style=\"text-align: left;\">1r d\u2019ESO: dimarts i dijous de 17.15 a 18.45h<\/li>\n<li style=\"text-align: left;\">2n d\u2019ESO: dilluns i dimecres de 17.15h a 18.45h<\/li>\n<li style=\"text-align: left;\">3r i 4t d\u2019ESO: dimarts i dijous de 18.45 a 20.15h<\/li>\n<li style=\"text-align: left;\">1r i 2n curs de batxillerat: dilluns i dimecres de 18.45 a 20.15 h.<\/li>\n<\/ul>\n<p style=\"text-align: left;\">Els nostres equips estan inscrits en les <a href=\"https:\/\/ceeb.cat\/\">competicions organitzades pel Consell de l&#8217;Esport Escolar de Barcelona (CEEB)<\/a> i per tant federats i coberts per l\u2019asseguran\u00e7a en cas de lesi\u00f3 o accidents. Com a club homologat pel CEEB, les fam\u00edlies poden sol\u00b7licitar beques l&#8217;\u00e0mbit individual familiar com ajuda per l&#8217;abonament de l&#8217;activitat. En tot cas es preveu ajustar al m\u00e0xim el preu total per temporada, que \u00e9s d\u2019entre 252 a 324 euros a l\u2019any (augmenta en funci\u00f3 de l\u2019edat de l\u2019esportista pel cost asseguran\u00e7a), que es pot pagar fraccionat en tres trimestres (uns 95 \u20ac cada trimestre aproximadament).<\/p>\n<p><a href=\"https:\/\/agora.xtec.cat\/iesjpla\/wp-content\/uploads\/usu1249\/2014\/09\/volei.jpg\"><img loading=\"lazy\" decoding=\"async\" class=\"size-full wp-image-569\" src=\"https:\/\/agora.xtec.cat\/iesjpla\/wp-content\/uploads\/usu1249\/2014\/09\/volei.jpg\" alt=\"\" width=\"448\" height=\"300\" srcset=\"https:\/\/agora.xtec.cat\/iesjpla\/wp-content\/uploads\/usu1249\/2014\/09\/volei.jpg 448w, https:\/\/agora.xtec.cat\/iesjpla\/wp-content\/uploads\/usu1249\/2014\/09\/volei-300x201.jpg 300w\" sizes=\"auto, (max-width: 448px) 100vw, 448px\" \/><\/a><\/p>\n<p style=\"text-align: left;\">Si esteu interessats en seguir el nostre progr\u00e9s, us informem que teniu un perfil a Instagram (@voleijoseppla) on informem regularment sobre les nostres activitats. Si voleu m\u00e9s informaci\u00f3 sobre la nostra Associaci\u00f3, no dubteu a sol\u00b7licitar-la al nostre correu electr\u00f2nic aee.josep.pla@gmail.com<\/p>\n<p>&nbsp;<\/p>\n","protected":false},"excerpt":{"rendered":"<p>L&#8217;Associaci\u00f3 Esportiva Escolar (AEE) Josep Pla som una entitat que des de l&#8217;any 2003 organitzem les activitats extraescolars que l&#8217;Institut Josep Pla ofereix als seus alumnes. Durant tot aquest temps, aquesta Associaci\u00f3 ha intentat promoure l&#8217;esport del voleibol entre l\u2019alumnat del nostre centre educatiu, per b\u00e9 que tamb\u00e9 est\u00e0 obert a la participaci\u00f3 de joves [&hellip;]<\/p>\n","protected":false},"author":151,"featured_media":0,"parent":75,"menu_order":0,"comment_status":"closed","ping_status":"closed","template":"","meta":{"_bbp_topic_count":0,"_bbp_reply_count":0,"_bbp_total_topic_count":0,"_bbp_total_reply_count":0,"_bbp_voice_count":0,"_bbp_anonymous_reply_count":0,"_bbp_topic_count_hidden":0,"_bbp_reply_count_hidden":0,"_bbp_forum_subforum_count":0,"site-sidebar-layout":"default","site-content-layout":"","ast-site-content-layout":"","site-content-style":"default","site-sidebar-style":"default","ast-global-header-display":"","ast-banner-title-visibility":"","ast-main-header-display":"","ast-hfb-above-header-display":"","ast-hfb-below-header-display":"","ast-hfb-mobile-header-display":"","site-post-title":"","ast-breadcrumbs-content":"","ast-featured-img":"","footer-sml-layout":"","theme-transparent-header-meta":"","adv-header-id-meta":"","stick-header-meta":"","header-above-stick-meta":"","header-main-stick-meta":"","header-below-stick-meta":"","astra-migrate-meta-layouts":"default","ast-page-background-enabled":"default","ast-page-background-meta":{"desktop":{"background-color":"var(--ast-global-color-4)","background-image":"","background-repeat":"repeat","background-position":"center center","background-size":"auto","background-attachment":"scroll","background-type":"","background-media":"","overlay-type":"","overlay-color":"","overlay-opacity":"","overlay-gradient":""},"tablet":{"background-color":"","background-image":"","background-repeat":"repeat","background-position":"center center","background-size":"auto","background-attachment":"scroll","background-type":"","background-media":"","overlay-type":"","overlay-color":"","overlay-opacity":"","overlay-gradient":""},"mobile":{"background-color":"","background-image":"","background-repeat":"repeat","background-position":"center center","background-size":"auto","background-attachment":"scroll","background-type":"","background-media":"","overlay-type":"","overlay-color":"","overlay-opacity":"","overlay-gradient":""}},"ast-content-background-meta":{"desktop":{"background-color":"var(--ast-global-color-5)","background-image":"","background-repeat":"repeat","background-position":"center center","background-size":"auto","background-attachment":"scroll","background-type":"","background-media":"","overlay-type":"","overlay-color":"","overlay-opacity":"","overlay-gradient":""},"tablet":{"background-color":"var(--ast-global-color-5)","background-image":"","background-repeat":"repeat","background-position":"center center","background-size":"auto","background-attachment":"scroll","background-type":"","background-media":"","overlay-type":"","overlay-color":"","overlay-opacity":"","overlay-gradient":""},"mobile":{"background-color":"var(--ast-global-color-5)","background-image":"","background-repeat":"repeat","background-position":"center center","background-size":"auto","background-attachment":"scroll","background-type":"","background-media":"","overlay-type":"","overlay-color":"","overlay-opacity":"","overlay-gradient":""}},"footnotes":""},"class_list":["post-10504","page","type-page","status-publish","hentry"],"post_mailing_queue_ids":[],"_links":{"self":[{"href":"https:\/\/agora.xtec.cat\/iesjpla\/wp-json\/wp\/v2\/pages\/10504","targetHints":{"allow":["GET"]}}],"collection":[{"href":"https:\/\/agora.xtec.cat\/iesjpla\/wp-json\/wp\/v2\/pages"}],"about":[{"href":"https:\/\/agora.xtec.cat\/iesjpla\/wp-json\/wp\/v2\/types\/page"}],"author":[{"embeddable":true,"href":"https:\/\/agora.xtec.cat\/iesjpla\/wp-json\/wp\/v2\/users\/151"}],"replies":[{"embeddable":true,"href":"https:\/\/agora.xtec.cat\/iesjpla\/wp-json\/wp\/v2\/comments?post=10504"}],"version-history":[{"count":5,"href":"https:\/\/agora.xtec.cat\/iesjpla\/wp-json\/wp\/v2\/pages\/10504\/revisions"}],"predecessor-version":[{"id":10510,"href":"https:\/\/agora.xtec.cat\/iesjpla\/wp-json\/wp\/v2\/pages\/10504\/revisions\/10510"}],"up":[{"embeddable":true,"href":"https:\/\/agora.xtec.cat\/iesjpla\/wp-json\/wp\/v2\/pages\/75"}],"wp:attachment":[{"href":"https:\/\/agora.xtec.cat\/iesjpla\/wp-json\/wp\/v2\/media?parent=10504"}],"curies":[{"name":"wp","href":"https:\/\/api.w.org\/{rel}","templated":true}]}}