{"id":10470,"date":"2025-09-10T19:40:20","date_gmt":"2025-09-10T17:40:20","guid":{"rendered":"https:\/\/agora.xtec.cat\/iesjpla\/?page_id=10470"},"modified":"2025-09-10T19:52:03","modified_gmt":"2025-09-10T17:52:03","slug":"centre-formador-mufps","status":"publish","type":"page","link":"https:\/\/agora.xtec.cat\/iesjpla\/projecte-educatiu\/centre-formador-mufps\/","title":{"rendered":"Centre Formador (MUFPS)"},"content":{"rendered":"<p>Des del curs 2025-26 el nostre centre educatiu forma part del <a href=\"https:\/\/xtec.gencat.cat\/ca\/innovacio\/programes_innovacio\/educacio-secundaria-obligatoria-i-batxillerat\/practiques-del-mufps-en-centres-formadors\/\">programa d&#8217;innovaci\u00f3 educativa de centres formadors (MUFPS)<\/a>. El fet de convertir-nos en centre formador de professorat ens permet repensar el centre com a espai d\u2019aprenentatge integral i professionalitzador, on els estudiants poden veure i practicar totes les dimensions de l\u2019acci\u00f3 educativa (programacions did\u00e0ctiques, avaluacions, disseny d\u2019activitats competencials, gesti\u00f3 d\u2019aula, treball cooperatiu, tutories grupals i individuals, treball amb l\u2019entorn, reunions amb les fam\u00edlies, etc.). Es tracta d\u2019un canvi de paradigma que dona rellev\u00e0ncia tant a la identitat del centre formador com a la funci\u00f3 professionalitzadora de la tasca docent i mentora, en estreta col\u00b7laboraci\u00f3 amb la instituci\u00f3 universit\u00e0ria.<\/p>\n<p><img loading=\"lazy\" decoding=\"async\" class=\"aligncenter\" src=\"https:\/\/projectes.xtec.cat\/centresformadors\/wp-content\/uploads\/usu1341\/2019\/12\/obj-prals-CF.png\" width=\"449\" height=\"334\" \/><\/p>\n<p><strong>Aquest programa t\u00e9 com a objectius<\/strong><\/p>\n<p><img loading=\"lazy\" decoding=\"async\" class=\"wp-image-8506 alignleft\" src=\"https:\/\/projectes.xtec.cat\/centresformadors\/wp-content\/uploads\/usu1341\/2019\/12\/diana.png\" alt=\"\" width=\"36\" height=\"36\" \/>Assignar valor als centres formadors com a institucions clau en la formaci\u00f3 inicial de la funci\u00f3 docent.<\/p>\n<p><a href=\"https:\/\/projectes.xtec.cat\/centresformadors\/acompanyament-2\/\"><img loading=\"lazy\" decoding=\"async\" class=\" wp-image-8505 alignleft\" src=\"https:\/\/projectes.xtec.cat\/centresformadors\/wp-content\/uploads\/usu1341\/2019\/12\/acompanyament.png\" alt=\"\" width=\"45\" height=\"43\" \/><\/a>Professionalitzar i recon\u00e8ixer la tasca d\u2019acompanyament dels mentors de centre i dels tutors de les universitats.<\/p>\n<p><a href=\"https:\/\/projectes.xtec.cat\/centresformadors\/icona3\/\"><img loading=\"lazy\" decoding=\"async\" class=\"wp-image-8507 alignleft\" src=\"https:\/\/projectes.xtec.cat\/centresformadors\/wp-content\/uploads\/usu1341\/2019\/12\/icona3.png\" alt=\"\" width=\"44\" height=\"46\" \/><\/a>Incorporar l\u2019estudiant universitari al centre formador com a agent actiu que col\u00b7labora en el\u00a0 desenvolupament del projecte educatiu de centre, alhora que es retroalimenta per millorar el desenvolupament professional i personal.<\/p>\n<p>Promoure la col\u00b7labo<a href=\"https:\/\/projectes.xtec.cat\/centresformadors\/icona4\/\"><img loading=\"lazy\" decoding=\"async\" class=\"wp-image-8508 alignleft\" src=\"https:\/\/projectes.xtec.cat\/centresformadors\/wp-content\/uploads\/usu1341\/2019\/12\/icona4.png\" alt=\"\" width=\"52\" height=\"47\" \/><\/a>raci\u00f3 en projectes de recerca i de transformaci\u00f3 educativa entre les universitats i els centres formadors.<\/p>\n","protected":false},"excerpt":{"rendered":"<p>Des del curs 2025-26 el nostre centre educatiu forma part del programa d&#8217;innovaci\u00f3 educativa de centres formadors (MUFPS). El fet de convertir-nos en centre formador de professorat ens permet repensar el centre com a espai d\u2019aprenentatge integral i professionalitzador, on els estudiants poden veure i practicar totes les dimensions de l\u2019acci\u00f3 educativa (programacions did\u00e0ctiques, avaluacions, [&hellip;]<\/p>\n","protected":false},"author":151,"featured_media":0,"parent":57,"menu_order":70,"comment_status":"closed","ping_status":"closed","template":"","meta":{"_bbp_topic_count":0,"_bbp_reply_count":0,"_bbp_total_topic_count":0,"_bbp_total_reply_count":0,"_bbp_voice_count":0,"_bbp_anonymous_reply_count":0,"_bbp_topic_count_hidden":0,"_bbp_reply_count_hidden":0,"_bbp_forum_subforum_count":0,"site-sidebar-layout":"default","site-content-layout":"","ast-site-content-layout":"","site-content-style":"default","site-sidebar-style":"default","ast-global-header-display":"","ast-banner-title-visibility":"","ast-main-header-display":"","ast-hfb-above-header-display":"","ast-hfb-below-header-display":"","ast-hfb-mobile-header-display":"","site-post-title":"","ast-breadcrumbs-content":"","ast-featured-img":"","footer-sml-layout":"","theme-transparent-header-meta":"","adv-header-id-meta":"","stick-header-meta":"","header-above-stick-meta":"","header-main-stick-meta":"","header-below-stick-meta":"","astra-migrate-meta-layouts":"default","ast-page-background-enabled":"default","ast-page-background-meta":{"desktop":{"background-color":"var(--ast-global-color-4)","background-image":"","background-repeat":"repeat","background-position":"center center","background-size":"auto","background-attachment":"scroll","background-type":"","background-media":"","overlay-type":"","overlay-color":"","overlay-opacity":"","overlay-gradient":""},"tablet":{"background-color":"","background-image":"","background-repeat":"repeat","background-position":"center center","background-size":"auto","background-attachment":"scroll","background-type":"","background-media":"","overlay-type":"","overlay-color":"","overlay-opacity":"","overlay-gradient":""},"mobile":{"background-color":"","background-image":"","background-repeat":"repeat","background-position":"center center","background-size":"auto","background-attachment":"scroll","background-type":"","background-media":"","overlay-type":"","overlay-color":"","overlay-opacity":"","overlay-gradient":""}},"ast-content-background-meta":{"desktop":{"background-color":"var(--ast-global-color-5)","background-image":"","background-repeat":"repeat","background-position":"center center","background-size":"auto","background-attachment":"scroll","background-type":"","background-media":"","overlay-type":"","overlay-color":"","overlay-opacity":"","overlay-gradient":""},"tablet":{"background-color":"var(--ast-global-color-5)","background-image":"","background-repeat":"repeat","background-position":"center center","background-size":"auto","background-attachment":"scroll","background-type":"","background-media":"","overlay-type":"","overlay-color":"","overlay-opacity":"","overlay-gradient":""},"mobile":{"background-color":"var(--ast-global-color-5)","background-image":"","background-repeat":"repeat","background-position":"center center","background-size":"auto","background-attachment":"scroll","background-type":"","background-media":"","overlay-type":"","overlay-color":"","overlay-opacity":"","overlay-gradient":""}},"footnotes":""},"class_list":["post-10470","page","type-page","status-publish","hentry"],"post_mailing_queue_ids":[],"_links":{"self":[{"href":"https:\/\/agora.xtec.cat\/iesjpla\/wp-json\/wp\/v2\/pages\/10470","targetHints":{"allow":["GET"]}}],"collection":[{"href":"https:\/\/agora.xtec.cat\/iesjpla\/wp-json\/wp\/v2\/pages"}],"about":[{"href":"https:\/\/agora.xtec.cat\/iesjpla\/wp-json\/wp\/v2\/types\/page"}],"author":[{"embeddable":true,"href":"https:\/\/agora.xtec.cat\/iesjpla\/wp-json\/wp\/v2\/users\/151"}],"replies":[{"embeddable":true,"href":"https:\/\/agora.xtec.cat\/iesjpla\/wp-json\/wp\/v2\/comments?post=10470"}],"version-history":[{"count":2,"href":"https:\/\/agora.xtec.cat\/iesjpla\/wp-json\/wp\/v2\/pages\/10470\/revisions"}],"predecessor-version":[{"id":10475,"href":"https:\/\/agora.xtec.cat\/iesjpla\/wp-json\/wp\/v2\/pages\/10470\/revisions\/10475"}],"up":[{"embeddable":true,"href":"https:\/\/agora.xtec.cat\/iesjpla\/wp-json\/wp\/v2\/pages\/57"}],"wp:attachment":[{"href":"https:\/\/agora.xtec.cat\/iesjpla\/wp-json\/wp\/v2\/media?parent=10470"}],"curies":[{"name":"wp","href":"https:\/\/api.w.org\/{rel}","templated":true}]}}