{"id":814,"date":"2016-11-29T12:11:34","date_gmt":"2016-11-29T11:11:34","guid":{"rendered":"http:\/\/agora.xtec.cat\/iesjonqueres\/?page_id=814"},"modified":"2023-02-08T16:42:58","modified_gmt":"2023-02-08T15:42:58","slug":"aula-oberta-3r-hort","status":"publish","type":"page","link":"https:\/\/agora.xtec.cat\/iesjonqueres\/projectes-de-centre\/aula-oberta-3r-hort\/","title":{"rendered":"Aula oberta 3r &#8211; Hort"},"content":{"rendered":"<p>L\u2019Institut ha comen\u00e7at el curs 2016-17 un nou projecte, l\u2019Hort. \u00c9s un projecte encarat a alumnes de tercer d&#8217;ESO per afavorir que assoleixin les compet\u00e8ncies d&#8217;una manera m\u00e9s pr\u00e0ctica.<\/p>\n<p>Des de l&#8217;inici hem tingut clar que el projecte \u00e9s dels alumnes, aix\u00f2 vol dir que s\u00f3n ells qui prenen totes les decisions d&#8217;on, com, quan fer l&#8217;hort i qu\u00e8 plantar-hi; el professorat implicat actua com a guia i instrument perqu\u00e8 assoleixin els coneixements de l&#8217;etapa.<\/p>\n<p><a href=\"https:\/\/agora.xtec.cat\/iesjonqueres\/wp-content\/uploads\/usu447\/2019\/10\/Webp.net-resizeimage-1-1.jpg\"><img loading=\"lazy\" decoding=\"async\" class=\"alignnone size-large wp-image-14254\" src=\"https:\/\/agora.xtec.cat\/iesjonqueres\/wp-content\/uploads\/usu447\/2019\/10\/Webp.net-resizeimage-1-1-1024x768.jpg\" alt=\"\" width=\"1024\" height=\"768\" srcset=\"https:\/\/agora.xtec.cat\/iesjonqueres\/wp-content\/uploads\/usu447\/2019\/10\/Webp.net-resizeimage-1-1-1024x768.jpg 1024w, https:\/\/agora.xtec.cat\/iesjonqueres\/wp-content\/uploads\/usu447\/2019\/10\/Webp.net-resizeimage-1-1-300x225.jpg 300w, https:\/\/agora.xtec.cat\/iesjonqueres\/wp-content\/uploads\/usu447\/2019\/10\/Webp.net-resizeimage-1-1-768x576.jpg 768w, https:\/\/agora.xtec.cat\/iesjonqueres\/wp-content\/uploads\/usu447\/2019\/10\/Webp.net-resizeimage-1-1-200x150.jpg 200w, https:\/\/agora.xtec.cat\/iesjonqueres\/wp-content\/uploads\/usu447\/2019\/10\/Webp.net-resizeimage-1-1.jpg 1581w\" sizes=\"auto, (max-width: 1024px) 100vw, 1024px\" \/><\/a><\/p>\n<div id=\"2AD31\" style=\"width: 600px; height: 400px; display: none;\"><img decoding=\"async\" src=\"https:\/\/lh3.googleusercontent.com\/7GXPQw22aFNpsh093Cfy5JeeYdqy5rUpn0-oURqPg7xjKATj3eZB83iPf8pKWletg9VVa4GrgITui7OlY18lEXL84EEwPXH8f5sELiESbGfJvINNKJYRVYOJegSsAPGD7Ag-zfNzAIFX06H_XRDvY8lkclV-nRRCED2ZR6qdkh025QBhybyC5ctpjM4Le9du-YpJMohvKoWhFfrCS6owiur7Y0TAOs9LZhqK7fnAfSmsqvQrLkJFn4a9qDUC_yuhzxL3LjhnZO62JZTyjCKWvI6F5CIakigvJSWPWYeQMBHot10niisJHuwr_mTgYTbupX5JySIEyW1x8CRlCiHp_3KKHDKPBh-dZ4wS52ONaqnJfknyf_PY3GSbWmITvp4Iwn0QSWHstsTGo4MKH3CLMEd6dF4V9vndVtIVTdSoFSESfXfg2L29o69_-U9Nx70hMbb0K-_qm7EZ9QL1X624qnR7LoZEeclFbhMU1pLjyGVn-DjxSZFIyybz6ypw496Blv4taE8C2XEvfc635ihPKEu8jQkLR5ldNRwRlJGi9FwxhwbR11EuF0Nx0Rceeo4aIfDqFKPB5Fo9AB24i5ZSYtkGUXm1Z-fwm8gZ7DPYuETG7TOGQCVE4NXMYra6027lnMI2eMQgeojI-P3eS3D5ekT8eKmOcpmhAcVIMkaE-Fwd=w800-h600-no\" data-link=\"https:\/\/photos.google.com\/u\/1\/share\/AF1QipPZEKKJK2ha5w78XIg8rV2hF-jypD3SZ16m7v5isrQlOaPUonG3jYBL7mF7OunnJA\/photo\/AF1QipP9WV7rtkRJ7x65hlCvtxMAqCek5xzKuV6k7axU?key=ZkhXcGF0UC1WX3R5MkFqTkl4azJuQk9NMmFmazV3\" \/><br \/>\n<img decoding=\"async\" src=\"https:\/\/lh3.googleusercontent.com\/LN1VdX_S4UPByvYdRR9VIDZdb8WmSNlsxMcmhm-l3QU9gAo_rINrQVp0_ik6zRCyz0PlZc7F9NzE3hhChg2gyOXcziPoOuzUjjU9Y4flMCG3pVYRugE_P_h7w0OrJYtih-t34jN_t2H4cxxamiP0Yc-PFK4u6vtSXlgh0WO8Oh7DJgat3cG8WSYCDyVY2YkzZr32P7NA7ymHPVxxxPmjOC_99qQ2a5xCSpBvO3KtXuOxTdjd_65LJYaPHqR8TnXRobjp3kh_PjWZLiZ4MVP6xXpb3SgV_O6Y5B7Zo--XSukWD4gxvS4deGjGA5slsA9MMTSfWQoDAs-lAqk5-TsRzW3UFCt9YvEfRh63avgHRZSBM_jy_bg1NGfzN8zXrxTZhDFtFNb808Jx1KSy93r7MGRiCt8gQWe-QFbbmyfc2UyleapW-lJ1bxBBRTLFcsDesD9qiAt43a6YcbCw8mMTFqSr_Lo1_gZiazfHn-bxoTfs5_wmNy0h9NKusFfwryjPLSreazgiCVI4Dgj6t0KzaPr4ctPfbSeYWnwaPlQnzB6yWgJmqJl2jhAsrlgBv7dujGT7TvRn-V8PYuMIf2np0VL0EjDoaU4kfhqel9fNCxj9KDb6GQPelhLjgNGFxVI_ej-YJaR2oZ4Kj_UgcrrKEcPzmDO9BLZAGwkJsC054MG9=w800-h600-no\" data-link=\"https:\/\/photos.google.com\/u\/1\/share\/AF1QipPZEKKJK2ha5w78XIg8rV2hF-jypD3SZ16m7v5isrQlOaPUonG3jYBL7mF7OunnJA\/photo\/AF1QipNui06D0ksXigHWwNEjpv0enHavLFXg4zva_LxV?key=ZkhXcGF0UC1WX3R5MkFqTkl4azJuQk9NMmFmazV3\" \/><br \/>\n<img decoding=\"async\" src=\"https:\/\/lh3.googleusercontent.com\/2CMXTtnM4xxJZomXfE6tjOy95mRl4jX4lB2hVLmCB8FJuFq-C7y9OGIAKYjybCtNXfQgiiwTicV8YDiu0ff0Hn6WlRuV9D2q6melTazknJd4EaWIk1U72UwN3pSmniB1X5xa_4DJKbyOVMDGu_zfjKQZNGn5viD2oxGmaOzeB8pqj2e9Lkk18gC8ccfT18PbdmoM_wHjl7q3lDN9lNIZ7dv6IpxVPqw9wtLACFuvMi06hMSAdCUPtW2Gga11OIlvZuVltB1zZ4Uss7EGAEkEBLQkgUWdjPu8NeMNzV0fOmvm0DmbtC9Aj256TpxGBy9kqQIrMkHM6DC26-EcOUOhAviuVuh0j4YP1K1wlpU5ehxf4xdsLQSGZ9RGxxWwJfKm513GjmaM13hMwOyJszA3aiWU3CIzsVTqQzsGlKC_Lr1LEhF7FSnfz5F7MkOIk8iMHLgALm76KKxVxTrmBfqxW_0KGoo0lKJqQ1-5eNP1wRk15bnfB9DswpbNRRvHQJ6_cg73BcpFGygVjXN2ixhhCCLE8tnUnqU11bx25ta-t9ByezJs1zsPTwG2goF1YGtF3AZGnK3VXAnxp5_JIIo9q-5XlhOMkOvyMxhgVIhyncEt-lXUBTHIiQlz2KzByFNNdGmB2hRhV7tkJcwXX75wDaxLqnr3Z5AyvZtkCHDfxC06=w800-h600-no\" data-link=\"https:\/\/photos.google.com\/u\/1\/share\/AF1QipPZEKKJK2ha5w78XIg8rV2hF-jypD3SZ16m7v5isrQlOaPUonG3jYBL7mF7OunnJA\/photo\/AF1QipOCkPcHIsCWA-Py3R98dVza-vckyOsnFcKkxSnQ?key=ZkhXcGF0UC1WX3R5MkFqTkl4azJuQk9NMmFmazV3\" \/><br \/>\n<img decoding=\"async\" src=\"https:\/\/lh3.googleusercontent.com\/SFmlgDUbokIGK35y5TkweEOMO1DvILgd_WjhdN563AkKaBv7HEyQXOf-CLTV1FaFieXyLjGAj0p46uVU7KZaluhtS9Bwp6MPfWKKVrdP5nDA26aXSDQI0QnIXBAPTmQStn58A-AOlymwglJPZQoQtmPUb9nHm28k5GToEhGY4gbUIqCY2ZD5oAYB6eQAhXccbjDq9d7Ky9Z2bKEL5Dc33aG1ZK3gJ96wQBXkdQKfFKzDtSaJ28OyCWo0_QBz92BZzSOxbFvc64DiiQHOrN4APH_keCr9IpS5WuHYTZSenohXpJD0zIVaJGV09b0_jEtV5XRyfPSgHH-ZSLkg_-Smbqa-FbT1bRDQmP3S03SvXDS0Ws5GY_LOF-m8ZcJtZo_GCnCXF_SeS1N9KAQGWh4weNZtzyOF_OIKcakhP5E8rBIx0KfI4znIi1xKfDeXeuy1G4h_xvRUNjMEn1G02m1yXCUcCHrOk6f16ceF4wxzse9UfvOZRJSlkUzZYDtB1sZw7JEmLuNaQ3akuVE0rHd0hjiF_dZqvjDkzaj2bNzXDGaoD8VPwDImPmsZx7ovQ6pnPS1U_le1TfIYszZI7hJdApNTaWeuj3YC7Kqh2Umbw08hqKpQh0BeSxwxLBrcbEHk3Qt3C4pIoBeFnwA0c01LhEWYQsql4S_dZdvkq2n_KQWe=w800-h600-no\" data-link=\"https:\/\/photos.google.com\/u\/1\/share\/AF1QipPZEKKJK2ha5w78XIg8rV2hF-jypD3SZ16m7v5isrQlOaPUonG3jYBL7mF7OunnJA\/photo\/AF1QipPFmxCv_ObNMAUHepfrM_nyIog3ON-2jvM_RAJH?key=ZkhXcGF0UC1WX3R5MkFqTkl4azJuQk9NMmFmazV3\" \/><br \/>\n<img decoding=\"async\" src=\"https:\/\/lh3.googleusercontent.com\/fJxI4ALW8VouQ1EGobu3xxe9ieKb7V_6MwuSE1njey7Tvc6c6sSae0XsTyyO0mwPI9olIjn8c8eOON5Ivb7_R_WELOD-pLhsHjxMUiu_DBClyNZnuVTqqPqcR5oSKvgmSs6mRcp1wNXL23u2Pwo7aijKSnU-b_GhnZ_4H_7IU2P5zSteGcVPgGtF66zdeWO8dNjwBm4LrXJT12Zie0JsIFkPfU5x2DgiXEsyexAvSCMoQmkmgmUuXooGPCN8RMwz5mMmgzNaRFmbFJvfrDIQ95kHAfHTTw01dw3aHKjqgGqDVeNNnLKH4-VK7eoaNio-idtBDP3AvEz0hLPa7XOK4K_89TGgApUTwAjak3T4yIAKlICqLqaHTugK_FKswPF1_j8lSF0rgkbJjQ-nbq94AM4GNJYwhAg7Nn-nkP8F-bXZuf4NWfE1O4DK8Pn4bQj3P8VNaTc9uw1cf1bqxaHQxBv0Ides3PyksP1LFRJLTd3k8ODGLYVr29dGbaGXQAyVfGT-mJVt33zeW4Qlyz7h6yJU0deUdC2HKaqqN2swUCG2qtZrpAL83bjKvUzQKZ2kPbXJKSREw3bajR8j5-Lvz1uT6fyFGSRSr1cLE09jWs-5AhYUhgGpjkWM8W_0GYhTUdit1WMiVLlWfL_kMcT4N60Nq5bjoxfm-PY7D3nc2oAr=w800-h600-no\" data-link=\"https:\/\/photos.google.com\/u\/1\/share\/AF1QipPZEKKJK2ha5w78XIg8rV2hF-jypD3SZ16m7v5isrQlOaPUonG3jYBL7mF7OunnJA\/photo\/AF1QipM8NSt13VpFmkcdo2_jIgJwFKxU4Sefs6a03smn?key=ZkhXcGF0UC1WX3R5MkFqTkl4azJuQk9NMmFmazV3\" \/><a href=\"https:\/\/agora.xtec.cat\/iesjonqueres\/wp-content\/uploads\/usu447\/2019\/10\/Webp.net-resizeimage-1-150x150-1.jpg\"><img loading=\"lazy\" decoding=\"async\" class=\"alignnone size-full wp-image-14249\" src=\"https:\/\/agora.xtec.cat\/iesjonqueres\/wp-content\/uploads\/usu447\/2019\/10\/Webp.net-resizeimage-1-150x150-1.jpg\" alt=\"\" width=\"150\" height=\"150\" \/><\/a><a href=\"https:\/\/agora.xtec.cat\/iesjonqueres\/wp-content\/uploads\/usu447\/2019\/10\/Webp.net-resizeimage-2-150x150-1.jpg\"><img loading=\"lazy\" decoding=\"async\" class=\"alignnone size-large wp-image-14250\" src=\"https:\/\/agora.xtec.cat\/iesjonqueres\/wp-content\/uploads\/usu447\/2019\/10\/Webp.net-resizeimage-2-150x150-1.jpg\" alt=\"\" width=\"150\" height=\"150\" \/><\/a><a href=\"https:\/\/agora.xtec.cat\/iesjonqueres\/wp-content\/uploads\/usu447\/2019\/10\/Webp.net-resizeimage-3-150x150-1.jpg\"><img loading=\"lazy\" decoding=\"async\" class=\"alignnone size-large wp-image-14251\" src=\"https:\/\/agora.xtec.cat\/iesjonqueres\/wp-content\/uploads\/usu447\/2019\/10\/Webp.net-resizeimage-3-150x150-1.jpg\" alt=\"\" width=\"150\" height=\"150\" \/><\/a><a href=\"https:\/\/agora.xtec.cat\/iesjonqueres\/wp-content\/uploads\/usu447\/2019\/10\/Webp.net-resizeimage-150x150-1.jpg\"><img loading=\"lazy\" decoding=\"async\" class=\"alignnone size-large wp-image-14252\" src=\"https:\/\/agora.xtec.cat\/iesjonqueres\/wp-content\/uploads\/usu447\/2019\/10\/Webp.net-resizeimage-150x150-1.jpg\" alt=\"\" width=\"150\" height=\"150\" \/><\/a><\/div>\n<p><a href=\"https:\/\/agora.xtec.cat\/iesjonqueres\/wp-content\/uploads\/usu447\/2019\/10\/Webp.net-resizeimage-2-1.jpg\"><img loading=\"lazy\" decoding=\"async\" class=\"alignnone size-large wp-image-14256\" src=\"https:\/\/agora.xtec.cat\/iesjonqueres\/wp-content\/uploads\/usu447\/2019\/10\/Webp.net-resizeimage-2-1-1024x768.jpg\" alt=\"\" width=\"1024\" height=\"768\" srcset=\"https:\/\/agora.xtec.cat\/iesjonqueres\/wp-content\/uploads\/usu447\/2019\/10\/Webp.net-resizeimage-2-1-1024x768.jpg 1024w, https:\/\/agora.xtec.cat\/iesjonqueres\/wp-content\/uploads\/usu447\/2019\/10\/Webp.net-resizeimage-2-1-300x225.jpg 300w, https:\/\/agora.xtec.cat\/iesjonqueres\/wp-content\/uploads\/usu447\/2019\/10\/Webp.net-resizeimage-2-1-768x576.jpg 768w, https:\/\/agora.xtec.cat\/iesjonqueres\/wp-content\/uploads\/usu447\/2019\/10\/Webp.net-resizeimage-2-1-200x150.jpg 200w, https:\/\/agora.xtec.cat\/iesjonqueres\/wp-content\/uploads\/usu447\/2019\/10\/Webp.net-resizeimage-2-1.jpg 1581w\" sizes=\"auto, (max-width: 1024px) 100vw, 1024px\" \/><\/a><\/p>\n<p><a href=\"https:\/\/agora.xtec.cat\/iesjonqueres\/wp-content\/uploads\/usu447\/2019\/10\/Webp.net-resizeimage-3-1.jpg\"><img loading=\"lazy\" decoding=\"async\" class=\"alignnone size-large wp-image-14257\" src=\"https:\/\/agora.xtec.cat\/iesjonqueres\/wp-content\/uploads\/usu447\/2019\/10\/Webp.net-resizeimage-3-1-1024x768.jpg\" alt=\"\" width=\"1024\" height=\"768\" srcset=\"https:\/\/agora.xtec.cat\/iesjonqueres\/wp-content\/uploads\/usu447\/2019\/10\/Webp.net-resizeimage-3-1-1024x768.jpg 1024w, https:\/\/agora.xtec.cat\/iesjonqueres\/wp-content\/uploads\/usu447\/2019\/10\/Webp.net-resizeimage-3-1-300x225.jpg 300w, https:\/\/agora.xtec.cat\/iesjonqueres\/wp-content\/uploads\/usu447\/2019\/10\/Webp.net-resizeimage-3-1-768x576.jpg 768w, https:\/\/agora.xtec.cat\/iesjonqueres\/wp-content\/uploads\/usu447\/2019\/10\/Webp.net-resizeimage-3-1-200x150.jpg 200w, https:\/\/agora.xtec.cat\/iesjonqueres\/wp-content\/uploads\/usu447\/2019\/10\/Webp.net-resizeimage-3-1.jpg 1581w\" sizes=\"auto, (max-width: 1024px) 100vw, 1024px\" \/><\/a><\/p>\n<p><a href=\"https:\/\/agora.xtec.cat\/iesjonqueres\/wp-content\/uploads\/usu447\/2019\/10\/Webp.net-resizeimage-5.jpg\"><img loading=\"lazy\" decoding=\"async\" class=\"alignnone size-large wp-image-14258\" src=\"https:\/\/agora.xtec.cat\/iesjonqueres\/wp-content\/uploads\/usu447\/2019\/10\/Webp.net-resizeimage-5-1024x768.jpg\" alt=\"\" width=\"1024\" height=\"768\" srcset=\"https:\/\/agora.xtec.cat\/iesjonqueres\/wp-content\/uploads\/usu447\/2019\/10\/Webp.net-resizeimage-5-1024x768.jpg 1024w, https:\/\/agora.xtec.cat\/iesjonqueres\/wp-content\/uploads\/usu447\/2019\/10\/Webp.net-resizeimage-5-300x225.jpg 300w, https:\/\/agora.xtec.cat\/iesjonqueres\/wp-content\/uploads\/usu447\/2019\/10\/Webp.net-resizeimage-5-768x576.jpg 768w, https:\/\/agora.xtec.cat\/iesjonqueres\/wp-content\/uploads\/usu447\/2019\/10\/Webp.net-resizeimage-5-200x150.jpg 200w, https:\/\/agora.xtec.cat\/iesjonqueres\/wp-content\/uploads\/usu447\/2019\/10\/Webp.net-resizeimage-5.jpg 1581w\" sizes=\"auto, (max-width: 1024px) 100vw, 1024px\" \/><\/a><\/p>\n","protected":false},"excerpt":{"rendered":"<p>L\u2019Institut ha comen\u00e7at el curs 2016-17 un nou projecte, l\u2019Hort. \u00c9s un projecte encarat a alumnes de tercer d&#8217;ESO per afavorir que assoleixin les compet\u00e8ncies d&#8217;una manera m\u00e9s pr\u00e0ctica. Des de l&#8217;inici hem tingut clar que el projecte \u00e9s dels alumnes, aix\u00f2 vol dir que s\u00f3n ells qui prenen totes les decisions d&#8217;on, com, quan [&hellip;]<\/p>\n","protected":false},"author":1,"featured_media":0,"parent":57,"menu_order":10,"comment_status":"closed","ping_status":"closed","template":"page-templates\/side-menu.php","meta":{"_bbp_topic_count":0,"_bbp_reply_count":0,"_bbp_total_topic_count":0,"_bbp_total_reply_count":0,"_bbp_voice_count":0,"_bbp_anonymous_reply_count":0,"_bbp_topic_count_hidden":0,"_bbp_reply_count_hidden":0,"_bbp_forum_subforum_count":0,"site-sidebar-layout":"default","site-content-layout":"","ast-site-content-layout":"","site-content-style":"default","site-sidebar-style":"default","ast-global-header-display":"","ast-banner-title-visibility":"","ast-main-header-display":"","ast-hfb-above-header-display":"","ast-hfb-below-header-display":"","ast-hfb-mobile-header-display":"","site-post-title":"","ast-breadcrumbs-content":"","ast-featured-img":"","footer-sml-layout":"","theme-transparent-header-meta":"","adv-header-id-meta":"","stick-header-meta":"","header-above-stick-meta":"","header-main-stick-meta":"","header-below-stick-meta":"","astra-migrate-meta-layouts":"default","ast-page-background-enabled":"default","ast-page-background-meta":{"desktop":{"background-color":"var(--ast-global-color-4)","background-image":"","background-repeat":"repeat","background-position":"center center","background-size":"auto","background-attachment":"scroll","background-type":"","background-media":"","overlay-type":"","overlay-color":"","overlay-opacity":"","overlay-gradient":""},"tablet":{"background-color":"","background-image":"","background-repeat":"repeat","background-position":"center center","background-size":"auto","background-attachment":"scroll","background-type":"","background-media":"","overlay-type":"","overlay-color":"","overlay-opacity":"","overlay-gradient":""},"mobile":{"background-color":"","background-image":"","background-repeat":"repeat","background-position":"center center","background-size":"auto","background-attachment":"scroll","background-type":"","background-media":"","overlay-type":"","overlay-color":"","overlay-opacity":"","overlay-gradient":""}},"ast-content-background-meta":{"desktop":{"background-color":"var(--ast-global-color-5)","background-image":"","background-repeat":"repeat","background-position":"center center","background-size":"auto","background-attachment":"scroll","background-type":"","background-media":"","overlay-type":"","overlay-color":"","overlay-opacity":"","overlay-gradient":""},"tablet":{"background-color":"var(--ast-global-color-5)","background-image":"","background-repeat":"repeat","background-position":"center center","background-size":"auto","background-attachment":"scroll","background-type":"","background-media":"","overlay-type":"","overlay-color":"","overlay-opacity":"","overlay-gradient":""},"mobile":{"background-color":"var(--ast-global-color-5)","background-image":"","background-repeat":"repeat","background-position":"center center","background-size":"auto","background-attachment":"scroll","background-type":"","background-media":"","overlay-type":"","overlay-color":"","overlay-opacity":"","overlay-gradient":""}},"footnotes":""},"class_list":["post-814","page","type-page","status-publish","hentry"],"post_mailing_queue_ids":[],"_links":{"self":[{"href":"https:\/\/agora.xtec.cat\/iesjonqueres\/wp-json\/wp\/v2\/pages\/814","targetHints":{"allow":["GET"]}}],"collection":[{"href":"https:\/\/agora.xtec.cat\/iesjonqueres\/wp-json\/wp\/v2\/pages"}],"about":[{"href":"https:\/\/agora.xtec.cat\/iesjonqueres\/wp-json\/wp\/v2\/types\/page"}],"author":[{"embeddable":true,"href":"https:\/\/agora.xtec.cat\/iesjonqueres\/wp-json\/wp\/v2\/users\/1"}],"replies":[{"embeddable":true,"href":"https:\/\/agora.xtec.cat\/iesjonqueres\/wp-json\/wp\/v2\/comments?post=814"}],"version-history":[{"count":4,"href":"https:\/\/agora.xtec.cat\/iesjonqueres\/wp-json\/wp\/v2\/pages\/814\/revisions"}],"predecessor-version":[{"id":16190,"href":"https:\/\/agora.xtec.cat\/iesjonqueres\/wp-json\/wp\/v2\/pages\/814\/revisions\/16190"}],"up":[{"embeddable":true,"href":"https:\/\/agora.xtec.cat\/iesjonqueres\/wp-json\/wp\/v2\/pages\/57"}],"wp:attachment":[{"href":"https:\/\/agora.xtec.cat\/iesjonqueres\/wp-json\/wp\/v2\/media?parent=814"}],"curies":[{"name":"wp","href":"https:\/\/api.w.org\/{rel}","templated":true}]}}