{"id":81,"date":"2014-09-18T10:38:05","date_gmt":"2014-09-18T08:38:05","guid":{"rendered":"http:\/\/agora.xtec.cat\/iesjonqueres\/?page_id=81"},"modified":"2026-03-11T10:47:08","modified_gmt":"2026-03-11T09:47:08","slug":"administracio","status":"publish","type":"page","link":"https:\/\/agora.xtec.cat\/iesjonqueres\/elcentre\/administracio\/","title":{"rendered":"Administraci\u00f3"},"content":{"rendered":"<h3><strong><span style=\"color: #4f4f4f;\">Horari d&#8217;atenci\u00f3 al p\u00fablic\u00a0<\/span><\/strong><\/h3>\n<p><!-- ADMINISTRACI\u00d3 --><\/p>\n<table style=\"border-collapse: collapse; width: 100%; height: 20px;\">\n<tbody>\n<tr style=\"height: 49px;\">\n<td style=\"width: 50%; height: 10px;\">\n<h5><span style=\"color: #000000;\">Horari d&#8217;atenci\u00f3 al p\u00fablic &#8211;<span style=\"color: #b03737;\"> General<\/span><\/span><\/h5>\n<\/td>\n<td style=\"width: 50%; height: 10px;\">\n<h5><span style=\"color: #000000;\">Horari d&#8217;atenci\u00f3 al p\u00fablic &#8211; <span style=\"color: #b03737;\">Estiu<\/span><\/span><\/h5>\n<\/td>\n<\/tr>\n<tr style=\"height: 61px;\">\n<td style=\"width: 50%; height: 10px;\">Matins: 9.00 a 13.30 hores<br \/>\nTardes: 16.00 a 17.30 hores (dilluns)<\/td>\n<td style=\"width: 50%; height: 10px;\">Matins: 9.00 a 13.30 hores<\/td>\n<\/tr>\n<\/tbody>\n<\/table>\n<h3><strong><span style=\"color: #4f4f4f;\">Tr\u00e0mits administratius<\/span><\/strong><\/h3>\n<p>Per tr\u00e0mits administratius cal:<\/p>\n<ol>\n<li style=\"list-style-type: none;\">\n<ol>\n<li>contactar preferentment per <strong>correu electr\u00f2nic<\/strong> a <a href=\"mailto:administracio@insjonqueres.cat\" target=\"_blank\" rel=\"noopener noreferrer\">administracio<span class=\"\">@insjonqueres.cat<\/span><\/a><\/li>\n<li>presentar el <strong>DNI, NIE <\/strong>o <strong>passaport<\/strong><\/li>\n<li>el document de <strong>sol\u00b7licitud<\/strong> degudament emplenat<\/li>\n<\/ol>\n<\/li>\n<\/ol>\n<h4><strong><span style=\"color: #4f4f4f;\">Documents de sol\u00b7licitud<\/span><\/strong><\/h4>\n<ul>\n<li>Sol\u00b7licitud de certificats <a href=\"https:\/\/agora.xtec.cat\/iesjonqueres\/wp-content\/uploads\/usu447\/2025\/07\/Model-sollicitud-certificat.docx\">aqu\u00ed\u00a0<\/a><\/li>\n<li>Sol\u00b7licitud de certificat de reconeixement de l\u2019equival\u00e8ncia del nivell B2\/C1 de llengua catalana <a href=\"https:\/\/agora.xtec.cat\/iesjonqueres\/wp-content\/uploads\/usu447\/2025\/07\/Sollicitud-equivalencia-catala.pdf\">aqu\u00ed<\/a><\/li>\n<li>Sol\u00b7licitud del t\u00edtol de Batxiller <a href=\"https:\/\/agora.xtec.cat\/iesjonqueres\/wp-content\/uploads\/usu447\/2026\/03\/Sollicitud-titol-BTX-duplicat-o-actualitzacio-web-1.pdf\">aqu\u00ed<\/a><\/li>\n<li>Sol\u00b7licitud de baixa acad\u00e8mica <a href=\"https:\/\/agora.xtec.cat\/iesjonqueres\/wp-content\/uploads\/usu447\/2025\/07\/Baixa-academica-renovada.docx\">aqu\u00ed<\/a><\/li>\n<li>Sol\u00b7licitud de revisi\u00f3 de notes <a href=\"https:\/\/agora.xtec.cat\/iesjonqueres\/wp-content\/uploads\/usu447\/2025\/07\/Full-de-revisio-de-notes.docx\">aqu\u00ed<\/a><\/li>\n<\/ul>\n<p><img loading=\"lazy\" decoding=\"async\" class=\"aligncenter wp-image-989\" src=\"http:\/\/agora.xtec.cat\/iesjonqueres\/wp-content\/uploads\/usu447\/2014\/09\/20120416_104121_resized2-1024x544.jpg\" alt=\"20120416_104121_resized2\" width=\"572\" height=\"304\" srcset=\"https:\/\/agora.xtec.cat\/iesjonqueres\/wp-content\/uploads\/usu447\/2014\/09\/20120416_104121_resized2-1024x544.jpg 1024w, https:\/\/agora.xtec.cat\/iesjonqueres\/wp-content\/uploads\/usu447\/2014\/09\/20120416_104121_resized2-300x159.jpg 300w, https:\/\/agora.xtec.cat\/iesjonqueres\/wp-content\/uploads\/usu447\/2014\/09\/20120416_104121_resized2-768x408.jpg 768w, https:\/\/agora.xtec.cat\/iesjonqueres\/wp-content\/uploads\/usu447\/2014\/09\/20120416_104121_resized2.jpg 2000w\" sizes=\"auto, (max-width: 572px) 100vw, 572px\" \/><\/p>\n","protected":false},"excerpt":{"rendered":"<p>Horari d&#8217;atenci\u00f3 al p\u00fablic\u00a0 Horari d&#8217;atenci\u00f3 al p\u00fablic &#8211; General Horari d&#8217;atenci\u00f3 al p\u00fablic &#8211; Estiu Matins: 9.00 a 13.30 hores Tardes: 16.00 a 17.30 hores (dilluns) Matins: 9.00 a 13.30 hores Tr\u00e0mits administratius Per tr\u00e0mits administratius cal: contactar preferentment per correu electr\u00f2nic a administracio@insjonqueres.cat presentar el DNI, NIE o passaport el document de sol\u00b7licitud [&hellip;]<\/p>\n","protected":false},"author":1,"featured_media":0,"parent":19,"menu_order":0,"comment_status":"closed","ping_status":"closed","template":"","meta":{"_bbp_topic_count":0,"_bbp_reply_count":0,"_bbp_total_topic_count":0,"_bbp_total_reply_count":0,"_bbp_voice_count":0,"_bbp_anonymous_reply_count":0,"_bbp_topic_count_hidden":0,"_bbp_reply_count_hidden":0,"_bbp_forum_subforum_count":0,"site-sidebar-layout":"default","site-content-layout":"","ast-site-content-layout":"default","site-content-style":"default","site-sidebar-style":"default","ast-global-header-display":"","ast-banner-title-visibility":"","ast-main-header-display":"","ast-hfb-above-header-display":"","ast-hfb-below-header-display":"","ast-hfb-mobile-header-display":"","site-post-title":"","ast-breadcrumbs-content":"","ast-featured-img":"","footer-sml-layout":"","theme-transparent-header-meta":"default","adv-header-id-meta":"","stick-header-meta":"","header-above-stick-meta":"","header-main-stick-meta":"","header-below-stick-meta":"","astra-migrate-meta-layouts":"set","ast-page-background-enabled":"default","ast-page-background-meta":{"desktop":{"background-color":"var(--ast-global-color-4)","background-image":"","background-repeat":"repeat","background-position":"center center","background-size":"auto","background-attachment":"scroll","background-type":"","background-media":"","overlay-type":"","overlay-color":"","overlay-opacity":"","overlay-gradient":""},"tablet":{"background-color":"","background-image":"","background-repeat":"repeat","background-position":"center center","background-size":"auto","background-attachment":"scroll","background-type":"","background-media":"","overlay-type":"","overlay-color":"","overlay-opacity":"","overlay-gradient":""},"mobile":{"background-color":"","background-image":"","background-repeat":"repeat","background-position":"center center","background-size":"auto","background-attachment":"scroll","background-type":"","background-media":"","overlay-type":"","overlay-color":"","overlay-opacity":"","overlay-gradient":""}},"ast-content-background-meta":{"desktop":{"background-color":"var(--ast-global-color-5)","background-image":"","background-repeat":"repeat","background-position":"center center","background-size":"auto","background-attachment":"scroll","background-type":"","background-media":"","overlay-type":"","overlay-color":"","overlay-opacity":"","overlay-gradient":""},"tablet":{"background-color":"var(--ast-global-color-5)","background-image":"","background-repeat":"repeat","background-position":"center center","background-size":"auto","background-attachment":"scroll","background-type":"","background-media":"","overlay-type":"","overlay-color":"","overlay-opacity":"","overlay-gradient":""},"mobile":{"background-color":"var(--ast-global-color-5)","background-image":"","background-repeat":"repeat","background-position":"center center","background-size":"auto","background-attachment":"scroll","background-type":"","background-media":"","overlay-type":"","overlay-color":"","overlay-opacity":"","overlay-gradient":""}},"footnotes":""},"class_list":["post-81","page","type-page","status-publish","hentry"],"post_mailing_queue_ids":[],"_links":{"self":[{"href":"https:\/\/agora.xtec.cat\/iesjonqueres\/wp-json\/wp\/v2\/pages\/81","targetHints":{"allow":["GET"]}}],"collection":[{"href":"https:\/\/agora.xtec.cat\/iesjonqueres\/wp-json\/wp\/v2\/pages"}],"about":[{"href":"https:\/\/agora.xtec.cat\/iesjonqueres\/wp-json\/wp\/v2\/types\/page"}],"author":[{"embeddable":true,"href":"https:\/\/agora.xtec.cat\/iesjonqueres\/wp-json\/wp\/v2\/users\/1"}],"replies":[{"embeddable":true,"href":"https:\/\/agora.xtec.cat\/iesjonqueres\/wp-json\/wp\/v2\/comments?post=81"}],"version-history":[{"count":8,"href":"https:\/\/agora.xtec.cat\/iesjonqueres\/wp-json\/wp\/v2\/pages\/81\/revisions"}],"predecessor-version":[{"id":17752,"href":"https:\/\/agora.xtec.cat\/iesjonqueres\/wp-json\/wp\/v2\/pages\/81\/revisions\/17752"}],"up":[{"embeddable":true,"href":"https:\/\/agora.xtec.cat\/iesjonqueres\/wp-json\/wp\/v2\/pages\/19"}],"wp:attachment":[{"href":"https:\/\/agora.xtec.cat\/iesjonqueres\/wp-json\/wp\/v2\/media?parent=81"}],"curies":[{"name":"wp","href":"https:\/\/api.w.org\/{rel}","templated":true}]}}